{"id":511,"date":"2018-11-13T16:25:06","date_gmt":"2018-11-13T15:25:06","guid":{"rendered":"https:\/\/agora.xtec.cat\/escolapau\/?page_id=511"},"modified":"2019-03-05T15:08:54","modified_gmt":"2019-03-05T14:08:54","slug":"recursos","status":"publish","type":"page","link":"https:\/\/agora.xtec.cat\/escolapau\/recursos\/","title":{"rendered":"RECURSOS"},"content":{"rendered":"<p>En aquest apartat trobareu diferents enlla\u00e7os a jocs i aplicacions educatives per a poder refor\u00e7ar, practicar o ampliar tot all\u00f2 que heu treballat a l&#8217;aula.<\/p>\n<p>&nbsp;<\/p>\n<h3 style=\"text-align: center;\">Qui ha dit que aprendre \u00e9s avorrit?<\/h3>\n","protected":false},"excerpt":{"rendered":"<p>En aquest apartat trobareu diferents enlla\u00e7os a jocs i aplicacions educatives per a poder refor\u00e7ar, practicar o ampliar tot all\u00f2 que heu treballat a l&#8217;aula.<br \/>\n&nbsp;<br \/>\nQui ha dit que aprendre \u00e9s avorrit?<\/p>\n","protected":false},"author":1,"featured_media":0,"parent":0,"menu_order":0,"comment_status":"closed","ping_status":"closed","template":"","meta":{"_bbp_topic_count":0,"_bbp_reply_count":0,"_bbp_total_topic_count":0,"_bbp_total_reply_count":0,"_bbp_voice_count":0,"_bbp_anonymous_reply_count":0,"_bbp_topic_count_hidden":0,"_bbp_reply_count_hidden":0,"_bbp_forum_subforum_count":0,"footnotes":""},"class_list":["post-511","page","type-page","status-publish","hentry"],"post_mailing_queue_ids":[],"_links":{"self":[{"href":"https:\/\/agora.xtec.cat\/escolapau\/wp-json\/wp\/v2\/pages\/511","targetHints":{"allow":["GET"]}}],"collection":[{"href":"https:\/\/agora.xtec.cat\/escolapau\/wp-json\/wp\/v2\/pages"}],"about":[{"href":"https:\/\/agora.xtec.cat\/escolapau\/wp-json\/wp\/v2\/types\/page"}],"author":[{"embeddable":true,"href":"https:\/\/agora.xtec.cat\/escolapau\/wp-json\/wp\/v2\/users\/1"}],"replies":[{"embeddable":true,"href":"https:\/\/agora.xtec.cat\/escolapau\/wp-json\/wp\/v2\/comments?post=511"}],"version-history":[{"count":4,"href":"https:\/\/agora.xtec.cat\/escolapau\/wp-json\/wp\/v2\/pages\/511\/revisions"}],"predecessor-version":[{"id":550,"href":"https:\/\/agora.xtec.cat\/escolapau\/wp-json\/wp\/v2\/pages\/511\/revisions\/550"}],"wp:attachment":[{"href":"https:\/\/agora.xtec.cat\/escolapau\/wp-json\/wp\/v2\/media?parent=511"}],"curies":[{"name":"wp","href":"https:\/\/api.w.org\/{rel}","templated":true}]}}