{"id":30,"date":"2014-09-18T12:30:23","date_gmt":"2014-09-18T11:30:23","guid":{"rendered":"http:\/\/agora.xtec.cat\/escolapau\/?page_id=30"},"modified":"2019-04-09T15:40:16","modified_gmt":"2019-04-09T13:40:16","slug":"instal%c2%b7lacions","status":"publish","type":"page","link":"https:\/\/agora.xtec.cat\/escolapau\/lescola\/instal%c2%b7lacions\/","title":{"rendered":"Instal\u00b7lacions"},"content":{"rendered":"<p style=\"text-align: justify;\">Escola rural d&#8217;estructura c\u00edclica amb molts anys d&#8217;experi\u00e8ncia. \u00c9s un centre p\u00fablic, laic i democr\u00e0tic que vetlla per la conviv\u00e8ncia, la pau, la igualtat, la solidaritat i el desenvolupament personal.<\/p>\n<p style=\"text-align: justify;\">L&#8217;organitzaci\u00f3 de grups al nostre centre pot variar d&#8217;un any a l&#8217;altre. Dependr\u00e0 del nombre d&#8217;alumnes que tinguem i de la disponibilitat de l&#8217;equip de mestres. El nostre criteri \u00e9s sempre de procurar fer l&#8217;organitzaci\u00f3 m\u00e9s afavoridora per als nostres alumnes.<\/p>\n<p style=\"text-align: justify;\">El centre est\u00e0 format per un edifici de quatre aules, dos lavabos, una aula de m\u00fasica i un despatx pel professorat. L&#8217;exterior el forma una gran pista pavimentada i un pati de sorra amb construccions de fusta per als m\u00e9s petits.<\/p>\n<p style=\"text-align: justify;\">Tamb\u00e9 disposem d&#8217;un m\u00f2dul on hi ha el menjador escolar, l&#8217;aula d&#8217;atenci\u00f3 a la diversitat i l&#8217;aula de Cicle Superior. S&#8217;utilitzen instal\u00b7lacions externes al centre en conveni amb l&#8217;Ajuntament com el pavell\u00f3 esportiu i el Centre C\u00edvic.<\/p>\n<p>&nbsp;<\/p>\n","protected":false},"excerpt":{"rendered":"<p>Escola rural d&#8217;estructura c\u00edclica amb molts anys d&#8217;experi\u00e8ncia. \u00c9s un centre p\u00fablic, laic i democr\u00e0tic que vetlla per la conviv\u00e8ncia, la pau, la igualtat, la solidaritat i el desenvolupament personal.<br \/>\nL&#8217;organitzaci\u00f3 de grups al nostre centre pot variar d&#8217;un any a l&#8217;altre. Dependr\u00e0 del nombre d&#8217;alumnes&hellip;  <a href=\"https:\/\/agora.xtec.cat\/escolapau\/lescola\/instal%c2%b7lacions\/\" title=\"Read Instal\u00b7lacions\">Llegeix m\u00e9s\u00bb<\/a><\/p>\n","protected":false},"author":1,"featured_media":0,"parent":22,"menu_order":4,"comment_status":"closed","ping_status":"closed","template":"page-templates\/side-menu.php","meta":{"_bbp_topic_count":0,"_bbp_reply_count":0,"_bbp_total_topic_count":0,"_bbp_total_reply_count":0,"_bbp_voice_count":0,"_bbp_anonymous_reply_count":0,"_bbp_topic_count_hidden":0,"_bbp_reply_count_hidden":0,"_bbp_forum_subforum_count":0,"footnotes":""},"class_list":["post-30","page","type-page","status-publish","hentry"],"post_mailing_queue_ids":[],"_links":{"self":[{"href":"https:\/\/agora.xtec.cat\/escolapau\/wp-json\/wp\/v2\/pages\/30","targetHints":{"allow":["GET"]}}],"collection":[{"href":"https:\/\/agora.xtec.cat\/escolapau\/wp-json\/wp\/v2\/pages"}],"about":[{"href":"https:\/\/agora.xtec.cat\/escolapau\/wp-json\/wp\/v2\/types\/page"}],"author":[{"embeddable":true,"href":"https:\/\/agora.xtec.cat\/escolapau\/wp-json\/wp\/v2\/users\/1"}],"replies":[{"embeddable":true,"href":"https:\/\/agora.xtec.cat\/escolapau\/wp-json\/wp\/v2\/comments?post=30"}],"version-history":[{"count":2,"href":"https:\/\/agora.xtec.cat\/escolapau\/wp-json\/wp\/v2\/pages\/30\/revisions"}],"predecessor-version":[{"id":498,"href":"https:\/\/agora.xtec.cat\/escolapau\/wp-json\/wp\/v2\/pages\/30\/revisions\/498"}],"up":[{"embeddable":true,"href":"https:\/\/agora.xtec.cat\/escolapau\/wp-json\/wp\/v2\/pages\/22"}],"wp:attachment":[{"href":"https:\/\/agora.xtec.cat\/escolapau\/wp-json\/wp\/v2\/media?parent=30"}],"curies":[{"name":"wp","href":"https:\/\/api.w.org\/{rel}","templated":true}]}}