{"id":2199,"date":"2022-01-14T20:00:10","date_gmt":"2022-01-14T19:00:10","guid":{"rendered":"https:\/\/agora.xtec.cat\/escolapau\/?page_id=2199"},"modified":"2022-01-14T21:21:59","modified_gmt":"2022-01-14T20:21:59","slug":"festival-de-nadal","status":"publish","type":"page","link":"https:\/\/agora.xtec.cat\/escolapau\/festival-de-nadal\/","title":{"rendered":"FESTIVAL DE NADAL"},"content":{"rendered":"<ol>\n<li><a href=\"https:\/\/agora.xtec.cat\/escolapau\/wp-content\/uploads\/usu1926\/2022\/01\/FESTIVAL-DE-NADAL-2.jpg\"><img loading=\"lazy\" decoding=\"async\" class=\"wp-image-2234 alignleft\" src=\"https:\/\/agora.xtec.cat\/escolapau\/wp-content\/uploads\/usu1926\/2022\/01\/FESTIVAL-DE-NADAL-2-1024x576.jpg\" alt=\"\" width=\"969\" height=\"545\" srcset=\"https:\/\/agora.xtec.cat\/escolapau\/wp-content\/uploads\/usu1926\/2022\/01\/FESTIVAL-DE-NADAL-2-1024x576.jpg 1024w, https:\/\/agora.xtec.cat\/escolapau\/wp-content\/uploads\/usu1926\/2022\/01\/FESTIVAL-DE-NADAL-2-300x169.jpg 300w, https:\/\/agora.xtec.cat\/escolapau\/wp-content\/uploads\/usu1926\/2022\/01\/FESTIVAL-DE-NADAL-2-768x432.jpg 768w, https:\/\/agora.xtec.cat\/escolapau\/wp-content\/uploads\/usu1926\/2022\/01\/FESTIVAL-DE-NADAL-2.jpg 1280w\" sizes=\"auto, (max-width: 969px) 100vw, 969px\" \/><\/a><\/li>\n<\/ol>\n<p>Benvolgudes fam\u00edlies, enguany celebrem el Festival de Nadal d&#8217;una manera diferent. L&#8217;actual situaci\u00f3 ens est\u00e0 ensenyant a reinventar-nos i adaptar-nos; a qu\u00e8 si les coses no es poden fer com es tenien previstes, no passa res, sempre hi haur\u00e0 una soluci\u00f3.<\/p>\n<p>&nbsp;<\/p>\n<p>Aix\u00ed doncs, us presentem el nostre Festival de Nadal que\u00a0 podeu veure en streaming a partir d&#8217;avui 14 d gener a les 20:00h.<\/p>\n<p>Gaudiu de l&#8217;espectacle!!!!<\/p>\n<p>(Cliqueu sobre el t\u00edtol per veure el v\u00eddeo)<\/p>\n<p>&nbsp;<\/p>\n<p>Aquest Nadal a l&#8217;escola no ha estat com havien previst, <strong>HEM TROBAT MOLT A FALTAR<\/strong> als companys i companyes confinats!!<\/p>\n<p>Quan\u00a0 tornem a estar tots i totes\u00a0 \u00a0farem el Ti\u00f3 i el Concert de Nadal (<strong>Practiqueu les can\u00e7ons!!!<\/strong>), per\u00f2 mentrestant hem fet l&#8217;AMIC INVISIBLE i una GIMCANA COOPERATIVA DE NADAL.<\/p>\n<p>Cada grup tenia un MAPA del poble, en paper, amb els llocs a on estaven les proves. Les proves les hem hagut de descobrir llegint el missatge amagat en un codi QR i en totes elles hem hagut de treballar plegats per assolir el nostre objectiu&#8230; fer un pessebre vivent, fer un dibuix tots a la vegada amb un sol llapis, fer una torre humana, cantar Nadales o fer una composici\u00f3 natural ef\u00edmera&#8230; I al final&#8230; un petit premi per desitjar-nos un BON NADAL!!!<\/p>\n<p>Aqu\u00ed teniu l&#8217;enlla\u00e7 de totes les fotos i la nostra selecci\u00f3 de Pessebres Vivents, s\u00f3n divertid\u00edssims!!<\/p>\n<p><a href=\"https:\/\/drive.google.com\/drive\/folders\/1HyAQNlpEPcp9bQVkTxDpao5OYxsht4N4?usp=sharing\">FOTOS GIMKANA COOPERATIVA<\/a><\/p>\n<p><a href=\"https:\/\/agora.xtec.cat\/escolapau\/wp-content\/uploads\/usu1926\/2021\/12\/WhatsApp-Image-2021-12-22-at-13.43.52-1.jpeg\"><img loading=\"lazy\" decoding=\"async\" class=\"wp-image-2219 alignleft\" src=\"https:\/\/agora.xtec.cat\/escolapau\/wp-content\/uploads\/usu1926\/2021\/12\/WhatsApp-Image-2021-12-22-at-13.43.52-1-768x1024.jpeg\" alt=\"\" width=\"330\" height=\"440\" srcset=\"https:\/\/agora.xtec.cat\/escolapau\/wp-content\/uploads\/usu1926\/2021\/12\/WhatsApp-Image-2021-12-22-at-13.43.52-1-768x1024.jpeg 768w, https:\/\/agora.xtec.cat\/escolapau\/wp-content\/uploads\/usu1926\/2021\/12\/WhatsApp-Image-2021-12-22-at-13.43.52-1-225x300.jpeg 225w, https:\/\/agora.xtec.cat\/escolapau\/wp-content\/uploads\/usu1926\/2021\/12\/WhatsApp-Image-2021-12-22-at-13.43.52-1-1152x1536.jpeg 1152w, https:\/\/agora.xtec.cat\/escolapau\/wp-content\/uploads\/usu1926\/2021\/12\/WhatsApp-Image-2021-12-22-at-13.43.52-1.jpeg 1200w\" sizes=\"auto, (max-width: 330px) 100vw, 330px\" \/><\/a><a href=\"https:\/\/agora.xtec.cat\/escolapau\/wp-content\/uploads\/usu1926\/2021\/12\/WhatsApp-Image-2021-12-28-at-20.03.18.jpeg\"><img loading=\"lazy\" decoding=\"async\" class=\"aligncenter wp-image-2217\" src=\"https:\/\/agora.xtec.cat\/escolapau\/wp-content\/uploads\/usu1926\/2021\/12\/WhatsApp-Image-2021-12-28-at-20.03.18-1024x768.jpeg\" alt=\"\" width=\"469\" height=\"352\" srcset=\"https:\/\/agora.xtec.cat\/escolapau\/wp-content\/uploads\/usu1926\/2021\/12\/WhatsApp-Image-2021-12-28-at-20.03.18-1024x768.jpeg 1024w, https:\/\/agora.xtec.cat\/escolapau\/wp-content\/uploads\/usu1926\/2021\/12\/WhatsApp-Image-2021-12-28-at-20.03.18-300x225.jpeg 300w, https:\/\/agora.xtec.cat\/escolapau\/wp-content\/uploads\/usu1926\/2021\/12\/WhatsApp-Image-2021-12-28-at-20.03.18-768x576.jpeg 768w, https:\/\/agora.xtec.cat\/escolapau\/wp-content\/uploads\/usu1926\/2021\/12\/WhatsApp-Image-2021-12-28-at-20.03.18-1536x1152.jpeg 1536w, https:\/\/agora.xtec.cat\/escolapau\/wp-content\/uploads\/usu1926\/2021\/12\/WhatsApp-Image-2021-12-28-at-20.03.18-200x150.jpeg 200w, https:\/\/agora.xtec.cat\/escolapau\/wp-content\/uploads\/usu1926\/2021\/12\/WhatsApp-Image-2021-12-28-at-20.03.18.jpeg 1600w\" sizes=\"auto, (max-width: 469px) 100vw, 469px\" \/><\/a><a href=\"https:\/\/agora.xtec.cat\/escolapau\/wp-content\/uploads\/usu1926\/2021\/12\/WhatsApp-Image-2021-12-22-at-22.33.49.jpeg\"><img loading=\"lazy\" decoding=\"async\" class=\"aligncenter size-large wp-image-2215\" src=\"https:\/\/agora.xtec.cat\/escolapau\/wp-content\/uploads\/usu1926\/2021\/12\/WhatsApp-Image-2021-12-22-at-22.33.49-1024x768.jpeg\" alt=\"\" width=\"1024\" height=\"768\" srcset=\"https:\/\/agora.xtec.cat\/escolapau\/wp-content\/uploads\/usu1926\/2021\/12\/WhatsApp-Image-2021-12-22-at-22.33.49-1024x768.jpeg 1024w, https:\/\/agora.xtec.cat\/escolapau\/wp-content\/uploads\/usu1926\/2021\/12\/WhatsApp-Image-2021-12-22-at-22.33.49-300x225.jpeg 300w, https:\/\/agora.xtec.cat\/escolapau\/wp-content\/uploads\/usu1926\/2021\/12\/WhatsApp-Image-2021-12-22-at-22.33.49-768x576.jpeg 768w, https:\/\/agora.xtec.cat\/escolapau\/wp-content\/uploads\/usu1926\/2021\/12\/WhatsApp-Image-2021-12-22-at-22.33.49-1536x1152.jpeg 1536w, https:\/\/agora.xtec.cat\/escolapau\/wp-content\/uploads\/usu1926\/2021\/12\/WhatsApp-Image-2021-12-22-at-22.33.49-200x150.jpeg 200w, https:\/\/agora.xtec.cat\/escolapau\/wp-content\/uploads\/usu1926\/2021\/12\/WhatsApp-Image-2021-12-22-at-22.33.49.jpeg 1600w\" sizes=\"auto, (max-width: 1024px) 100vw, 1024px\" \/><\/a> <a href=\"https:\/\/agora.xtec.cat\/escolapau\/wp-content\/uploads\/usu1926\/2021\/12\/WhatsApp-Image-2021-12-22-at-12.41.08-1.jpeg\"><img loading=\"lazy\" decoding=\"async\" class=\"aligncenter size-large wp-image-2220\" src=\"https:\/\/agora.xtec.cat\/escolapau\/wp-content\/uploads\/usu1926\/2021\/12\/WhatsApp-Image-2021-12-22-at-12.41.08-1-768x1024.jpeg\" alt=\"\" width=\"768\" height=\"1024\" srcset=\"https:\/\/agora.xtec.cat\/escolapau\/wp-content\/uploads\/usu1926\/2021\/12\/WhatsApp-Image-2021-12-22-at-12.41.08-1-768x1024.jpeg 768w, https:\/\/agora.xtec.cat\/escolapau\/wp-content\/uploads\/usu1926\/2021\/12\/WhatsApp-Image-2021-12-22-at-12.41.08-1-225x300.jpeg 225w, https:\/\/agora.xtec.cat\/escolapau\/wp-content\/uploads\/usu1926\/2021\/12\/WhatsApp-Image-2021-12-22-at-12.41.08-1-1152x1536.jpeg 1152w, https:\/\/agora.xtec.cat\/escolapau\/wp-content\/uploads\/usu1926\/2021\/12\/WhatsApp-Image-2021-12-22-at-12.41.08-1.jpeg 1536w\" sizes=\"auto, (max-width: 768px) 100vw, 768px\" \/><\/a><a href=\"https:\/\/agora.xtec.cat\/escolapau\/wp-content\/uploads\/usu1926\/2021\/12\/WhatsApp-Image-2021-12-28-at-20.03.18-1.jpeg\"><img loading=\"lazy\" decoding=\"async\" class=\"aligncenter wp-image-2216\" src=\"https:\/\/agora.xtec.cat\/escolapau\/wp-content\/uploads\/usu1926\/2021\/12\/WhatsApp-Image-2021-12-28-at-20.03.18-1-1024x768.jpeg\" alt=\"\" width=\"651\" height=\"488\" srcset=\"https:\/\/agora.xtec.cat\/escolapau\/wp-content\/uploads\/usu1926\/2021\/12\/WhatsApp-Image-2021-12-28-at-20.03.18-1-1024x768.jpeg 1024w, https:\/\/agora.xtec.cat\/escolapau\/wp-content\/uploads\/usu1926\/2021\/12\/WhatsApp-Image-2021-12-28-at-20.03.18-1-300x225.jpeg 300w, https:\/\/agora.xtec.cat\/escolapau\/wp-content\/uploads\/usu1926\/2021\/12\/WhatsApp-Image-2021-12-28-at-20.03.18-1-768x576.jpeg 768w, https:\/\/agora.xtec.cat\/escolapau\/wp-content\/uploads\/usu1926\/2021\/12\/WhatsApp-Image-2021-12-28-at-20.03.18-1-1536x1152.jpeg 1536w, https:\/\/agora.xtec.cat\/escolapau\/wp-content\/uploads\/usu1926\/2021\/12\/WhatsApp-Image-2021-12-28-at-20.03.18-1-200x150.jpeg 200w, https:\/\/agora.xtec.cat\/escolapau\/wp-content\/uploads\/usu1926\/2021\/12\/WhatsApp-Image-2021-12-28-at-20.03.18-1.jpeg 1600w\" sizes=\"auto, (max-width: 651px) 100vw, 651px\" \/><\/a><a href=\"https:\/\/agora.xtec.cat\/escolapau\/wp-content\/uploads\/usu1926\/2021\/12\/WhatsApp-Image-2021-12-22-at-16.18.40-1.jpeg\"><img loading=\"lazy\" decoding=\"async\" class=\"wp-image-2218 alignright\" src=\"https:\/\/agora.xtec.cat\/escolapau\/wp-content\/uploads\/usu1926\/2021\/12\/WhatsApp-Image-2021-12-22-at-16.18.40-1-1024x871.jpeg\" alt=\"\" width=\"333\" height=\"283\" srcset=\"https:\/\/agora.xtec.cat\/escolapau\/wp-content\/uploads\/usu1926\/2021\/12\/WhatsApp-Image-2021-12-22-at-16.18.40-1-1024x871.jpeg 1024w, https:\/\/agora.xtec.cat\/escolapau\/wp-content\/uploads\/usu1926\/2021\/12\/WhatsApp-Image-2021-12-22-at-16.18.40-1-300x255.jpeg 300w, https:\/\/agora.xtec.cat\/escolapau\/wp-content\/uploads\/usu1926\/2021\/12\/WhatsApp-Image-2021-12-22-at-16.18.40-1-768x653.jpeg 768w, https:\/\/agora.xtec.cat\/escolapau\/wp-content\/uploads\/usu1926\/2021\/12\/WhatsApp-Image-2021-12-22-at-16.18.40-1-1536x1307.jpeg 1536w, https:\/\/agora.xtec.cat\/escolapau\/wp-content\/uploads\/usu1926\/2021\/12\/WhatsApp-Image-2021-12-22-at-16.18.40-1.jpeg 2048w\" sizes=\"auto, (max-width: 333px) 100vw, 333px\" \/><\/a><\/p>\n<p>&nbsp;<\/p>\n<p>i si voleu m\u00e9s , els v\u00eddeos de les Nadales. BONES FESTES!!!!<\/p>\n<!--[if lt IE 9]><script>document.createElement('video');<\/script><![endif]-->\n\t<div class=\"wp-playlist wp-video-playlist wp-playlist-light\">\n\t\t<video controls=\"controls\" preload=\"none\" width=\"640\"\n\t\t height=\"362\"\t><\/video>\n\t<div class=\"wp-playlist-next\"><\/div>\n\t<div class=\"wp-playlist-prev\"><\/div>\n\t<noscript>\n\t<ol>\n\t\t<li><a href='https:\/\/agora.xtec.cat\/escolapau\/wp-content\/uploads\/usu1926\/2021\/12\/WhatsApp-Video-2021-12-28-at-22.17.54.mp4'>WhatsApp Video 2021-12-28 at 22.17.54<\/a><\/li><li><a href='https:\/\/agora.xtec.cat\/escolapau\/wp-content\/uploads\/usu1926\/2021\/12\/WhatsApp-Video-2021-12-28-at-21.59.05-2.mp4'>WhatsApp Video 2021-12-28 at 21.59.05<\/a><\/li><li><a href='https:\/\/agora.xtec.cat\/escolapau\/wp-content\/uploads\/usu1926\/2021\/12\/WhatsApp-Video-2021-12-22-at-12.41.07-2.mp4'>Cantada de Nadales<\/a><\/li>\t<\/ol>\n\t<\/noscript>\n\t<script type=\"application\/json\" class=\"wp-playlist-script\">{\"type\":\"video\",\"tracklist\":true,\"tracknumbers\":true,\"images\":true,\"artists\":true,\"tracks\":[{\"src\":\"https:\\\/\\\/agora.xtec.cat\\\/escolapau\\\/wp-content\\\/uploads\\\/usu1926\\\/2021\\\/12\\\/WhatsApp-Video-2021-12-28-at-22.17.54.mp4\",\"type\":\"video\\\/mp4\",\"title\":\"WhatsApp Video 2021-12-28 at 22.17.54\",\"caption\":\"\",\"description\":\"\",\"meta\":{\"length_formatted\":\"0:31\"},\"dimensions\":{\"original\":{\"width\":640,\"height\":352},\"resized\":{\"width\":640,\"height\":352}},\"image\":{\"src\":\"https:\\\/\\\/agora.xtec.cat\\\/escolapau\\\/wp-includes\\\/images\\\/media\\\/video.svg\",\"width\":48,\"height\":64},\"thumb\":{\"src\":\"https:\\\/\\\/agora.xtec.cat\\\/escolapau\\\/wp-includes\\\/images\\\/media\\\/video.svg\",\"width\":48,\"height\":64}},{\"src\":\"https:\\\/\\\/agora.xtec.cat\\\/escolapau\\\/wp-content\\\/uploads\\\/usu1926\\\/2021\\\/12\\\/WhatsApp-Video-2021-12-28-at-21.59.05-2.mp4\",\"type\":\"video\\\/mp4\",\"title\":\"WhatsApp Video 2021-12-28 at 21.59.05\",\"caption\":\"\",\"description\":\"\",\"meta\":{\"length_formatted\":\"0:25\"},\"dimensions\":{\"original\":{\"width\":640,\"height\":352},\"resized\":{\"width\":640,\"height\":352}},\"image\":{\"src\":\"https:\\\/\\\/agora.xtec.cat\\\/escolapau\\\/wp-includes\\\/images\\\/media\\\/video.svg\",\"width\":48,\"height\":64},\"thumb\":{\"src\":\"https:\\\/\\\/agora.xtec.cat\\\/escolapau\\\/wp-includes\\\/images\\\/media\\\/video.svg\",\"width\":48,\"height\":64}},{\"src\":\"https:\\\/\\\/agora.xtec.cat\\\/escolapau\\\/wp-content\\\/uploads\\\/usu1926\\\/2021\\\/12\\\/WhatsApp-Video-2021-12-22-at-12.41.07-2.mp4\",\"type\":\"video\\\/mp4\",\"title\":\"Cantada de Nadales\",\"caption\":\"\",\"description\":\"\",\"meta\":{\"length_formatted\":\"0:12\"},\"dimensions\":{\"original\":{\"width\":848,\"height\":480},\"resized\":{\"width\":640,\"height\":362}},\"image\":{\"src\":\"https:\\\/\\\/agora.xtec.cat\\\/escolapau\\\/wp-includes\\\/images\\\/media\\\/video.svg\",\"width\":48,\"height\":64},\"thumb\":{\"src\":\"https:\\\/\\\/agora.xtec.cat\\\/escolapau\\\/wp-includes\\\/images\\\/media\\\/video.svg\",\"width\":48,\"height\":64}}]}<\/script>\n<\/div>\n\t\n","protected":false},"excerpt":{"rendered":"<ol>\n<li><a href=\"https:\/\/agora.xtec.cat\/escolapau\/wp-content\/uploads\/usu1926\/2022\/01\/FESTIVAL-DE-NADAL-2.jpg\"><\/a><\/li>\n<\/ol>\n<p>Benvolgudes fam\u00edlies, enguany celebrem el Festival de Nadal d&#8217;una manera diferent. L&#8217;actual situaci\u00f3 ens est\u00e0 ensenyant a reinventar-nos i adaptar-nos; a qu\u00e8 si les coses no es poden fer com es tenien previstes, no passa res, sempre hi haur\u00e0 una soluci\u00f3.<br \/>\n&nbsp;<br \/>\nAix\u00ed doncs, us presentem&hellip;  <a href=\"https:\/\/agora.xtec.cat\/escolapau\/festival-de-nadal\/\" title=\"Read FESTIVAL DE NADAL\">Llegeix m\u00e9s\u00bb<\/a><\/p>\n","protected":false},"author":1,"featured_media":0,"parent":0,"menu_order":0,"comment_status":"closed","ping_status":"closed","template":"","meta":{"_bbp_topic_count":0,"_bbp_reply_count":0,"_bbp_total_topic_count":0,"_bbp_total_reply_count":0,"_bbp_voice_count":0,"_bbp_anonymous_reply_count":0,"_bbp_topic_count_hidden":0,"_bbp_reply_count_hidden":0,"_bbp_forum_subforum_count":0,"footnotes":""},"class_list":["post-2199","page","type-page","status-publish","hentry"],"post_mailing_queue_ids":[],"_links":{"self":[{"href":"https:\/\/agora.xtec.cat\/escolapau\/wp-json\/wp\/v2\/pages\/2199","targetHints":{"allow":["GET"]}}],"collection":[{"href":"https:\/\/agora.xtec.cat\/escolapau\/wp-json\/wp\/v2\/pages"}],"about":[{"href":"https:\/\/agora.xtec.cat\/escolapau\/wp-json\/wp\/v2\/types\/page"}],"author":[{"embeddable":true,"href":"https:\/\/agora.xtec.cat\/escolapau\/wp-json\/wp\/v2\/users\/1"}],"replies":[{"embeddable":true,"href":"https:\/\/agora.xtec.cat\/escolapau\/wp-json\/wp\/v2\/comments?post=2199"}],"version-history":[{"count":3,"href":"https:\/\/agora.xtec.cat\/escolapau\/wp-json\/wp\/v2\/pages\/2199\/revisions"}],"predecessor-version":[{"id":2241,"href":"https:\/\/agora.xtec.cat\/escolapau\/wp-json\/wp\/v2\/pages\/2199\/revisions\/2241"}],"wp:attachment":[{"href":"https:\/\/agora.xtec.cat\/escolapau\/wp-json\/wp\/v2\/media?parent=2199"}],"curies":[{"name":"wp","href":"https:\/\/api.w.org\/{rel}","templated":true}]}}