{"id":1034,"date":"2019-12-03T15:55:40","date_gmt":"2019-12-03T14:55:40","guid":{"rendered":"https:\/\/agora.xtec.cat\/escolapau\/?page_id=1034"},"modified":"2019-12-03T16:03:47","modified_gmt":"2019-12-03T15:03:47","slug":"desembre-apptualitzat","status":"publish","type":"page","link":"https:\/\/agora.xtec.cat\/escolapau\/recursos\/desembre-apptualitzat\/","title":{"rendered":"Desembre apptualitzat"},"content":{"rendered":"<p>Aprofitant que s&#8217;acosta el Nadal i que les tablets i els m\u00f2bils seran uns dels regals m\u00e9s esperats, volem que en pugueu treure el m\u00e0xim rendiment!<\/p>\n<p>Per aix\u00f2, aquest mes us presentem <strong>aplicacions per a la tablet i el m\u00f2bil<\/strong> de diversos tipus. Des de matem\u00e0tiques fins a llengua, atenci\u00f3, m\u00fasica, edici\u00f3 de v\u00eddeos&#8230; de tot i m\u00e9s!<\/p>\n<p>Algunes aplicacions estan disponibles tant per a Android com per a iOs, per\u00f2 no hem pujat les dues versions. Comproveu la disponibilitat a l&#8217;App Store (iOs) o a Google Play (Android).<\/p>\n<p>&nbsp;<\/p>\n<p><iframe loading=\"lazy\" src=\"https:\/\/www.symbaloo.com\/embed\/appstablet?\" name=\"_symFrame\" width=\"960px\" height=\"640px\" frameborder=\"0\"><span data-mce-type=\"bookmark\" style=\"display: inline-block; width: 0px; overflow: hidden; line-height: 0;\" class=\"mce_SELRES_start\">\ufeff<\/span><\/iframe><\/p>\n<p>Remeneu, divertiu-vos mentre apreneu i compartiu amb nosaltres les vostres experi\u00e8ncies!<\/p>\n<p>&nbsp;<\/p>\n","protected":false},"excerpt":{"rendered":"<p>Aprofitant que s&#8217;acosta el Nadal i que les tablets i els m\u00f2bils seran uns dels regals m\u00e9s esperats, volem que en pugueu treure el m\u00e0xim rendiment!<br \/>\nPer aix\u00f2, aquest mes us presentem aplicacions per a la tablet i el m\u00f2bil de diversos tipus. Des de matem\u00e0tiques&hellip;  <a href=\"https:\/\/agora.xtec.cat\/escolapau\/recursos\/desembre-apptualitzat\/\" title=\"Read Desembre apptualitzat\">Llegeix m\u00e9s\u00bb<\/a><\/p>\n","protected":false},"author":1,"featured_media":0,"parent":511,"menu_order":0,"comment_status":"closed","ping_status":"closed","template":"","meta":{"_bbp_topic_count":0,"_bbp_reply_count":0,"_bbp_total_topic_count":0,"_bbp_total_reply_count":0,"_bbp_voice_count":0,"_bbp_anonymous_reply_count":0,"_bbp_topic_count_hidden":0,"_bbp_reply_count_hidden":0,"_bbp_forum_subforum_count":0,"footnotes":""},"class_list":["post-1034","page","type-page","status-publish","hentry"],"post_mailing_queue_ids":[],"_links":{"self":[{"href":"https:\/\/agora.xtec.cat\/escolapau\/wp-json\/wp\/v2\/pages\/1034","targetHints":{"allow":["GET"]}}],"collection":[{"href":"https:\/\/agora.xtec.cat\/escolapau\/wp-json\/wp\/v2\/pages"}],"about":[{"href":"https:\/\/agora.xtec.cat\/escolapau\/wp-json\/wp\/v2\/types\/page"}],"author":[{"embeddable":true,"href":"https:\/\/agora.xtec.cat\/escolapau\/wp-json\/wp\/v2\/users\/1"}],"replies":[{"embeddable":true,"href":"https:\/\/agora.xtec.cat\/escolapau\/wp-json\/wp\/v2\/comments?post=1034"}],"version-history":[{"count":1,"href":"https:\/\/agora.xtec.cat\/escolapau\/wp-json\/wp\/v2\/pages\/1034\/revisions"}],"predecessor-version":[{"id":1035,"href":"https:\/\/agora.xtec.cat\/escolapau\/wp-json\/wp\/v2\/pages\/1034\/revisions\/1035"}],"up":[{"embeddable":true,"href":"https:\/\/agora.xtec.cat\/escolapau\/wp-json\/wp\/v2\/pages\/511"}],"wp:attachment":[{"href":"https:\/\/agora.xtec.cat\/escolapau\/wp-json\/wp\/v2\/media?parent=1034"}],"curies":[{"name":"wp","href":"https:\/\/api.w.org\/{rel}","templated":true}]}}