{"id":6315,"date":"2023-07-14T11:40:28","date_gmt":"2023-07-14T09:40:28","guid":{"rendered":"https:\/\/agora.xtec.cat\/escolapatufetsantjordi\/?page_id=6315"},"modified":"2024-05-09T10:30:47","modified_gmt":"2024-05-09T08:30:47","slug":"festa-de-lescola","status":"publish","type":"page","link":"https:\/\/agora.xtec.cat\/escolapatufetsantjordi\/projecte\/festa-de-lescola\/","title":{"rendered":"Festa de l&#8217;escola"},"content":{"rendered":"<p>Cada any l&#8217;escola organitza un treball pedag\u00f2gic conjunt al voltant de la festa de l&#8217;escola. Amb els infants treballem i explorem sobre algun tema conjunt per despr\u00e9s muntar una exposici\u00f3 que compartim amb les fam\u00edlies al llarg del mat\u00ed de la festa.<\/p>\n<p>Les fam\u00edlies dels infants de 4t, en representaci\u00f3 de les fam\u00edlies de tota l&#8217;escola, organitzen i dinamitzen activitats l\u00fadiques per aquell dia que s&#8217;allarguen fins a la tarda.<\/p>\n<p>La nostra colla de diables,\u00a0<span class=\"hiddenSpellError\">Patunyetes<\/span>, tamb\u00e9 actua al llarg de la festa.<\/p>\n<p>A continuaci\u00f3 compartim el resum de les exposicions realitzades en els \u00faltims cursos:<\/p>\n<table style=\"border-collapse: collapse; width: 100%;\">\n<tbody>\n<tr>\n<td style=\"width: 33.3333%; text-align: center;\"><strong>La Pau. <\/strong><\/p>\n<p><strong>Una mirada de conviv\u00e8ncia.<\/strong><\/p>\n<p>Curs 23-24<\/p>\n<p><a href=\"https:\/\/agora.xtec.cat\/escolapatufetsantjordi\/wp-content\/uploads\/usu2284\/2024\/05\/IMG_7219-1.jpg\"><img loading=\"lazy\" decoding=\"async\" class=\"aligncenter wp-image-6722 size-thumbnail\" src=\"https:\/\/agora.xtec.cat\/escolapatufetsantjordi\/wp-content\/uploads\/usu2284\/2024\/05\/IMG_7219-1-150x150.jpg\" alt=\"\" width=\"150\" height=\"150\" \/><\/a><\/td>\n<td style=\"width: 33.3333%; text-align: center;\"><strong>Som la Terra: Mires o Actues?<\/strong><\/p>\n<p>Curs 22-23<a href=\"https:\/\/agora.xtec.cat\/escolapatufetsantjordi\/wp-content\/uploads\/usu2284\/2024\/04\/IMG_0698-1.jpg\"><img loading=\"lazy\" decoding=\"async\" class=\"aligncenter wp-image-6627 size-thumbnail\" src=\"https:\/\/agora.xtec.cat\/escolapatufetsantjordi\/wp-content\/uploads\/usu2284\/2024\/04\/IMG_0698-1-150x150.jpg\" alt=\"\" width=\"150\" height=\"150\" \/><\/a><\/td>\n<td style=\"width: 33.3333%; text-align: center;\"><\/td>\n<\/tr>\n<tr>\n<td style=\"width: 33.3333%; text-align: center;\">\n<p style=\"text-align: center;\">Veure Mem\u00f2ria Exposici\u00f3<\/p>\n<p><a href=\"https:\/\/www.youtube.com\/watch?v=UNyD0x84U48\">Veure V\u00eddeo Exposici\u00f3<\/a><\/td>\n<td style=\"width: 33.3333%; text-align: center;\">\n<p style=\"text-align: center;\"><a href=\"https:\/\/agora.xtec.cat\/escolapatufetsantjordi\/wp-content\/uploads\/usu2284\/2023\/07\/Memoria-Festa-Escola-23-2_compressed.pdf\">Veure Mem\u00f2ria Exposici\u00f3<\/a><\/p>\n<p><a href=\"https:\/\/www.youtube.com\/watch?v=_letLkQpJxE\">Veure V\u00eddeo Exposici\u00f3<\/a><\/td>\n<td style=\"width: 33.3333%; text-align: center;\"><\/td>\n<\/tr>\n<\/tbody>\n<\/table>\n","protected":false},"excerpt":{"rendered":"<p>Cada any l&#8217;escola organitza un treball pedag\u00f2gic conjunt al voltant de la festa de l&#8217;escola. Amb els infants treballem i explorem sobre algun tema conjunt per despr\u00e9s muntar una exposici\u00f3 que compartim amb les fam\u00edlies al llarg del mat\u00ed de la festa. Les fam\u00edlies dels infants de 4t, en representaci\u00f3 de les fam\u00edlies de tota [&hellip;]<\/p>\n","protected":false},"author":1,"featured_media":0,"parent":5120,"menu_order":8,"comment_status":"closed","ping_status":"closed","template":"page-templates\/side-menu.php","meta":{"_bbp_topic_count":0,"_bbp_reply_count":0,"_bbp_total_topic_count":0,"_bbp_total_reply_count":0,"_bbp_voice_count":0,"_bbp_anonymous_reply_count":0,"_bbp_topic_count_hidden":0,"_bbp_reply_count_hidden":0,"_bbp_forum_subforum_count":0,"site-sidebar-layout":"default","site-content-layout":"","ast-site-content-layout":"","site-content-style":"default","site-sidebar-style":"default","ast-global-header-display":"","ast-banner-title-visibility":"","ast-main-header-display":"","ast-hfb-above-header-display":"","ast-hfb-below-header-display":"","ast-hfb-mobile-header-display":"","site-post-title":"","ast-breadcrumbs-content":"","ast-featured-img":"","footer-sml-layout":"","theme-transparent-header-meta":"","adv-header-id-meta":"","stick-header-meta":"","header-above-stick-meta":"","header-main-stick-meta":"","header-below-stick-meta":"","astra-migrate-meta-layouts":"default","ast-page-background-enabled":"default","ast-page-background-meta":{"desktop":{"background-color":"var(--ast-global-color-4)","background-image":"","background-repeat":"repeat","background-position":"center center","background-size":"auto","background-attachment":"scroll","background-type":"","background-media":"","overlay-type":"","overlay-color":"","overlay-opacity":"","overlay-gradient":""},"tablet":{"background-color":"","background-image":"","background-repeat":"repeat","background-position":"center center","background-size":"auto","background-attachment":"scroll","background-type":"","background-media":"","overlay-type":"","overlay-color":"","overlay-opacity":"","overlay-gradient":""},"mobile":{"background-color":"","background-image":"","background-repeat":"repeat","background-position":"center center","background-size":"auto","background-attachment":"scroll","background-type":"","background-media":"","overlay-type":"","overlay-color":"","overlay-opacity":"","overlay-gradient":""}},"ast-content-background-meta":{"desktop":{"background-color":"var(--ast-global-color-5)","background-image":"","background-repeat":"repeat","background-position":"center center","background-size":"auto","background-attachment":"scroll","background-type":"","background-media":"","overlay-type":"","overlay-color":"","overlay-opacity":"","overlay-gradient":""},"tablet":{"background-color":"var(--ast-global-color-5)","background-image":"","background-repeat":"repeat","background-position":"center center","background-size":"auto","background-attachment":"scroll","background-type":"","background-media":"","overlay-type":"","overlay-color":"","overlay-opacity":"","overlay-gradient":""},"mobile":{"background-color":"var(--ast-global-color-5)","background-image":"","background-repeat":"repeat","background-position":"center center","background-size":"auto","background-attachment":"scroll","background-type":"","background-media":"","overlay-type":"","overlay-color":"","overlay-opacity":"","overlay-gradient":""}},"footnotes":""},"class_list":["post-6315","page","type-page","status-publish","hentry"],"post_mailing_queue_ids":[],"_links":{"self":[{"href":"https:\/\/agora.xtec.cat\/escolapatufetsantjordi\/wp-json\/wp\/v2\/pages\/6315","targetHints":{"allow":["GET"]}}],"collection":[{"href":"https:\/\/agora.xtec.cat\/escolapatufetsantjordi\/wp-json\/wp\/v2\/pages"}],"about":[{"href":"https:\/\/agora.xtec.cat\/escolapatufetsantjordi\/wp-json\/wp\/v2\/types\/page"}],"author":[{"embeddable":true,"href":"https:\/\/agora.xtec.cat\/escolapatufetsantjordi\/wp-json\/wp\/v2\/users\/1"}],"replies":[{"embeddable":true,"href":"https:\/\/agora.xtec.cat\/escolapatufetsantjordi\/wp-json\/wp\/v2\/comments?post=6315"}],"version-history":[{"count":7,"href":"https:\/\/agora.xtec.cat\/escolapatufetsantjordi\/wp-json\/wp\/v2\/pages\/6315\/revisions"}],"predecessor-version":[{"id":6723,"href":"https:\/\/agora.xtec.cat\/escolapatufetsantjordi\/wp-json\/wp\/v2\/pages\/6315\/revisions\/6723"}],"up":[{"embeddable":true,"href":"https:\/\/agora.xtec.cat\/escolapatufetsantjordi\/wp-json\/wp\/v2\/pages\/5120"}],"wp:attachment":[{"href":"https:\/\/agora.xtec.cat\/escolapatufetsantjordi\/wp-json\/wp\/v2\/media?parent=6315"}],"curies":[{"name":"wp","href":"https:\/\/api.w.org\/{rel}","templated":true}]}}