{"id":6191,"date":"2023-04-12T11:55:06","date_gmt":"2023-04-12T09:55:06","guid":{"rendered":"https:\/\/agora.xtec.cat\/escolapatufetsantjordi\/?page_id=6191"},"modified":"2026-04-13T16:28:13","modified_gmt":"2026-04-13T14:28:13","slug":"informacions-tardes-de-juny-2023","status":"publish","type":"page","link":"https:\/\/agora.xtec.cat\/escolapatufetsantjordi\/cooperativa-3\/tardes-de-juny\/informacions-tardes-de-juny-2023\/","title":{"rendered":"Informacions tardes de juny 2026"},"content":{"rendered":"<div>\n<p>El dilluns dia<strong> 8\u00a0de\u00a0juny<\/strong>\u00a0comen\u00e7a la jornada redu\u00efda.<\/p>\n<p>Com cada curs, s&#8217;organitza el servei de\u00a0tardes\u00a0de\u00a0juny\u00a0per tots els infants que ho necessitin durant els dies de jornada redu\u00efda. Durant aquestes\u00a0tardes\u00a0organitzem activitats l\u00fadiques variades per passar de la millor manera les darreres\u00a0tardes\u00a0del curs, s\u00f3n activitats de manualitats, jocs al pati, cinema, teatre&#8230;, en funci\u00f3 del grup i del curs.<\/p>\n<p>Com a <strong>novetat<\/strong> d&#8217;aquests curs, l&#8217;estona de migdia es mantindr\u00e0 de 2,5 h, aix\u00f2 vol dir que l&#8217;horari de l&#8217;estona de migdia ser\u00e0 de 13.00 a 15.30 h i les tardes de juny ser\u00e1n de\u00a0<b><u>15.30 h a 16.30 h.<\/u><\/b><\/p>\n<p>Per a preveure i planificar b\u00e9 les activitats i les persones que necessitarem,\u00a0<strong><u>us demanem si us plau, que respecteu els terminis<\/u><\/strong>\u00a0<strong><u>d\u2019inscripci\u00f3 previstos<\/u><\/strong>\u00a0<strong>i que ompliu el seg\u00fcent\u00a0<a href=\"https:\/\/forms.gle\/1jJD3ZmRNqBcgQmP7\" data-saferedirecturl=\"https:\/\/www.google.com\/url?q=https:\/\/forms.gle\/1jJD3ZmRNqBcgQmP7&amp;source=gmail&amp;ust=1776163550438000&amp;usg=AOvVaw1tdkzydu3BRTXY_Mr0uhXf\">formulari <\/a>abans del dijous\u00a0<u>30\u00a0d&#8217;abril.<\/u><\/strong><\/p>\n<p>Despr\u00e9s del\u00a0<strong><u>dijous 30 d&#8217;abril,<\/u><\/strong>\u00a0<strong><u>NO S\u2019ADMETR\u00c0 CAP M\u00c9S INSCRIPCI\u00d3 O DEMANDA<\/u><\/strong>.\u00a0\u00a0<strong><u>La inscripci\u00f3 compromet al pagament del servei i, un cop realitzat el mateix, no es podran retornar els diners.<\/u><\/strong><\/p>\n<p>El cost dependr\u00e0 del nombre d&#8217;infants que s\u2019hi apuntin i, per tant, de la quantitat de monitors\/es i materials que necessitarem. Orientativament, us informem que el cost aproximat pels 8 dies de servei d\u2019aquest curs estar\u00e0 al voltant dels 23-24 \u20ac (2,88 \u20ac\/tarda).<\/p>\n<p>Un cop tinguem aquesta informaci\u00f3, us farem arribar un correu electr\u00f2nic amb el cost definitiu del servei. I, tamb\u00e9, quins dies i horaris podreu venir a abonar-lo.<\/p>\n<p><u><strong>Us recordem que per fer \u00fas d&#8217;aquest servei s&#8217;ha d&#8217;estar al corrent de pagament de la resta de quotes de l&#8217;escola.<\/strong><\/u><\/p>\n<p><u><strong>AUTORITZACIONS<\/strong><\/u><\/p>\n<p>Durant aquests dies necessitem unes autoritzacions diferents de les que feu servir durant el curs.<\/p>\n<p>Us adjuntem dos documents d&#8217;autoritzacions, un perqu\u00e8 els infants a partir de 4t puguin marxar sols a les 15.30 h o a les 16.30 h, i un altre per autoritzar la recollida d&#8217;infants, si els necessiteu en paper, els podeu passar a recollir per secretaria.<\/p>\n<p>Ens els podeu fer arribar per correu electr\u00f2nic o entregar a secretaria.<\/p>\n<p><a href=\"https:\/\/agora.xtec.cat\/escolapatufetsantjordi\/wp-content\/uploads\/usu2284\/2026\/04\/Autoritzacio-recollir-alumnes-tardes-de-juny-25-26.pdf\">Autoritzaci\u00f3 recollir alumnes tardes de juny 25-26<\/a><\/p>\n<p><a href=\"https:\/\/agora.xtec.cat\/escolapatufetsantjordi\/wp-content\/uploads\/usu2284\/2026\/04\/Autoritzacio-sortir-sol-tardes-de-juny-25-26.pdf\">Autoritzaci\u00f3 sortir sol tardes de juny 25-26<\/a><\/p>\n<\/div>\n<p>La programaci\u00f3 tardes de juny de juny \u00e9s una programaci\u00f3 general que es pot veure modificada en funci\u00f3 del temps o de les caracter\u00edstiques espec\u00edfiques de cada grup.<\/p>\n<p>&nbsp;<\/p>\n<p>&nbsp;<\/p>\n<p style=\"font-weight: 400;\">\n","protected":false},"excerpt":{"rendered":"<p>El dilluns dia 8\u00a0de\u00a0juny\u00a0comen\u00e7a la jornada redu\u00efda. Com cada curs, s&#8217;organitza el servei de\u00a0tardes\u00a0de\u00a0juny\u00a0per tots els infants que ho necessitin durant els dies de jornada redu\u00efda. Durant aquestes\u00a0tardes\u00a0organitzem activitats l\u00fadiques variades per passar de la millor manera les darreres\u00a0tardes\u00a0del curs, s\u00f3n activitats de manualitats, jocs al pati, cinema, teatre&#8230;, en funci\u00f3 del grup i del [&hellip;]<\/p>\n","protected":false},"author":4,"featured_media":0,"parent":5874,"menu_order":10,"comment_status":"closed","ping_status":"closed","template":"","meta":{"_bbp_topic_count":0,"_bbp_reply_count":0,"_bbp_total_topic_count":0,"_bbp_total_reply_count":0,"_bbp_voice_count":0,"_bbp_anonymous_reply_count":0,"_bbp_topic_count_hidden":0,"_bbp_reply_count_hidden":0,"_bbp_forum_subforum_count":0,"site-sidebar-layout":"default","site-content-layout":"","ast-site-content-layout":"default","site-content-style":"default","site-sidebar-style":"default","ast-global-header-display":"","ast-banner-title-visibility":"","ast-main-header-display":"","ast-hfb-above-header-display":"","ast-hfb-below-header-display":"","ast-hfb-mobile-header-display":"","site-post-title":"","ast-breadcrumbs-content":"","ast-featured-img":"","footer-sml-layout":"","theme-transparent-header-meta":"default","adv-header-id-meta":"","stick-header-meta":"","header-above-stick-meta":"","header-main-stick-meta":"","header-below-stick-meta":"","astra-migrate-meta-layouts":"set","ast-page-background-enabled":"default","ast-page-background-meta":{"desktop":{"background-color":"var(--ast-global-color-4)","background-image":"","background-repeat":"repeat","background-position":"center center","background-size":"auto","background-attachment":"scroll","background-type":"","background-media":"","overlay-type":"","overlay-color":"","overlay-opacity":"","overlay-gradient":""},"tablet":{"background-color":"","background-image":"","background-repeat":"repeat","background-position":"center center","background-size":"auto","background-attachment":"scroll","background-type":"","background-media":"","overlay-type":"","overlay-color":"","overlay-opacity":"","overlay-gradient":""},"mobile":{"background-color":"","background-image":"","background-repeat":"repeat","background-position":"center center","background-size":"auto","background-attachment":"scroll","background-type":"","background-media":"","overlay-type":"","overlay-color":"","overlay-opacity":"","overlay-gradient":""}},"ast-content-background-meta":{"desktop":{"background-color":"var(--ast-global-color-5)","background-image":"","background-repeat":"repeat","background-position":"center center","background-size":"auto","background-attachment":"scroll","background-type":"","background-media":"","overlay-type":"","overlay-color":"","overlay-opacity":"","overlay-gradient":""},"tablet":{"background-color":"var(--ast-global-color-5)","background-image":"","background-repeat":"repeat","background-position":"center center","background-size":"auto","background-attachment":"scroll","background-type":"","background-media":"","overlay-type":"","overlay-color":"","overlay-opacity":"","overlay-gradient":""},"mobile":{"background-color":"var(--ast-global-color-5)","background-image":"","background-repeat":"repeat","background-position":"center center","background-size":"auto","background-attachment":"scroll","background-type":"","background-media":"","overlay-type":"","overlay-color":"","overlay-opacity":"","overlay-gradient":""}},"footnotes":""},"class_list":["post-6191","page","type-page","status-publish","hentry"],"post_mailing_queue_ids":[],"_links":{"self":[{"href":"https:\/\/agora.xtec.cat\/escolapatufetsantjordi\/wp-json\/wp\/v2\/pages\/6191","targetHints":{"allow":["GET"]}}],"collection":[{"href":"https:\/\/agora.xtec.cat\/escolapatufetsantjordi\/wp-json\/wp\/v2\/pages"}],"about":[{"href":"https:\/\/agora.xtec.cat\/escolapatufetsantjordi\/wp-json\/wp\/v2\/types\/page"}],"author":[{"embeddable":true,"href":"https:\/\/agora.xtec.cat\/escolapatufetsantjordi\/wp-json\/wp\/v2\/users\/4"}],"replies":[{"embeddable":true,"href":"https:\/\/agora.xtec.cat\/escolapatufetsantjordi\/wp-json\/wp\/v2\/comments?post=6191"}],"version-history":[{"count":6,"href":"https:\/\/agora.xtec.cat\/escolapatufetsantjordi\/wp-json\/wp\/v2\/pages\/6191\/revisions"}],"predecessor-version":[{"id":7262,"href":"https:\/\/agora.xtec.cat\/escolapatufetsantjordi\/wp-json\/wp\/v2\/pages\/6191\/revisions\/7262"}],"up":[{"embeddable":true,"href":"https:\/\/agora.xtec.cat\/escolapatufetsantjordi\/wp-json\/wp\/v2\/pages\/5874"}],"wp:attachment":[{"href":"https:\/\/agora.xtec.cat\/escolapatufetsantjordi\/wp-json\/wp\/v2\/media?parent=6191"}],"curies":[{"name":"wp","href":"https:\/\/api.w.org\/{rel}","templated":true}]}}