{"id":6092,"date":"2023-02-24T23:40:47","date_gmt":"2023-02-24T22:40:47","guid":{"rendered":"https:\/\/agora.xtec.cat\/escolapatufetsantjordi\/?page_id=6092"},"modified":"2024-07-09T18:15:40","modified_gmt":"2024-07-09T16:15:40","slug":"cop-dull","status":"publish","type":"page","link":"https:\/\/agora.xtec.cat\/escolapatufetsantjordi\/cop-dull\/","title":{"rendered":"Revista Cop d&#8217;Ull"},"content":{"rendered":"<p>A l&#8217;escola, comptem amb la Comissi\u00f3 del Cop d&#8217;Ull, que t\u00e9 com a responsabilitat <strong>crear, editar i fer possible la publicaci\u00f3 anual de la revista escolar<\/strong> amb el mateix nom. A trav\u00e9s d&#8217;aquesta revista, busquem compartir diversos aspectes del dia a dia de la nostra comunitat educativa. La comissi\u00f3, formada per mestres i fam\u00edlies, treballa amb entusiasme per capturar i plasmar les experi\u00e8ncies i els moments especials que fan \u00fanica la nostra escola.<\/p>\n<p>La Revista del Cop d&#8217;Ull \u00e9s una finestra que permet als membres de la nostra comunitat con\u00e8ixer m\u00e9s a fons les activitats, projectes i fites que han marcat el nostre cam\u00ed durant l&#8217;any escolar.<\/p>\n<p>Gr\u00e0cies al suport de l&#8217;AFA, cada fam\u00edlia t\u00e9 l&#8217;oportunitat de gaudir d&#8217;una c\u00f2pia impresa de la revista, preservant aix\u00ed el valor de tenir-la en format tangible.<\/p>\n<p>La Comissi\u00f3 del Cop d&#8217;Ull treballa amb dedicaci\u00f3 per assegurar que aquesta revista sigui un r<strong>eflex fidel de la nostra comunitat i una mostra de tots els esfor\u00e7os i \u00e8xits que s&#8217;han aconseguit col\u00b7lectivament<\/strong>. La seva tasca \u00e9s una prova de com la col\u00b7laboraci\u00f3 entre mestres i fam\u00edlies pot donar lloc a projectes enriquidors que promouen la identitat i el sentiment de pertinen\u00e7a a l&#8217;escola.<\/p>\n<p>A trav\u00e9s d&#8217;aquesta publicaci\u00f3 anual, celebrem la diversitat i el talent de la nostra comunitat educativa, mantenint viva la mem\u00f2ria de moments especials que han marcat el curs. La Revista del Cop d&#8217;Ull \u00e9s una finestra que ens connecta, ens inspira i ens fa sentir orgullosos de formar part d&#8217;aquesta comunitat escolar.<\/p>\n<table style=\"border-collapse: collapse; width: 100%;\">\n<tbody>\n<tr>\n<td style=\"width: 33.3333%; text-align: center;\"><a href=\"https:\/\/agora.xtec.cat\/escolapatufetsantjordi\/wp-content\/uploads\/usu2284\/2022\/06\/acopdull-52_web-1.pdf\"><img loading=\"lazy\" decoding=\"async\" class=\"alignnone wp-image-6093\" src=\"https:\/\/agora.xtec.cat\/escolapatufetsantjordi\/wp-content\/uploads\/usu2284\/2023\/02\/copdull22-211x300.png\" alt=\"\" width=\"138\" height=\"196\" srcset=\"https:\/\/agora.xtec.cat\/escolapatufetsantjordi\/wp-content\/uploads\/usu2284\/2023\/02\/copdull22-211x300.png 211w, https:\/\/agora.xtec.cat\/escolapatufetsantjordi\/wp-content\/uploads\/usu2284\/2023\/02\/copdull22.png 398w\" sizes=\"auto, (max-width: 138px) 100vw, 138px\" \/><\/a><\/td>\n<td style=\"width: 33.3333%; text-align: center;\"><a href=\"https:\/\/agora.xtec.cat\/escolapatufetsantjordi\/wp-content\/uploads\/usu2284\/2024\/06\/IMG_8997.jpg\"><img loading=\"lazy\" decoding=\"async\" class=\"aligncenter wp-image-6772 \" src=\"https:\/\/agora.xtec.cat\/escolapatufetsantjordi\/wp-content\/uploads\/usu2284\/2024\/06\/IMG_8997-213x300.jpg\" alt=\"\" width=\"139\" height=\"196\" srcset=\"https:\/\/agora.xtec.cat\/escolapatufetsantjordi\/wp-content\/uploads\/usu2284\/2024\/06\/IMG_8997-213x300.jpg 213w, https:\/\/agora.xtec.cat\/escolapatufetsantjordi\/wp-content\/uploads\/usu2284\/2024\/06\/IMG_8997.jpg 454w\" sizes=\"auto, (max-width: 139px) 100vw, 139px\" \/><\/a><\/td>\n<td style=\"width: 33.3333%; text-align: center;\"><\/td>\n<\/tr>\n<tr>\n<td style=\"width: 33.3333%; text-align: center;\"><a href=\"https:\/\/agora.xtec.cat\/escolapatufetsantjordi\/wp-content\/uploads\/usu2284\/2022\/06\/acopdull-52_web-1.pdf\">Veure Cop d&#8217;Ull curs 21-22<\/a><\/td>\n<td style=\"width: 33.3333%; text-align: center;\"><a href=\"https:\/\/agora.xtec.cat\/escolapatufetsantjordi\/wp-content\/uploads\/usu2284\/2024\/06\/cop-dull-2024.pdf\">Veure Cop d&#8217;Ull curs 23-24<\/a><\/td>\n<td style=\"width: 33.3333%; text-align: center;\"><\/td>\n<\/tr>\n<\/tbody>\n<\/table>\n<p>&nbsp;<\/p>\n","protected":false},"excerpt":{"rendered":"<p>A l&#8217;escola, comptem amb la Comissi\u00f3 del Cop d&#8217;Ull, que t\u00e9 com a responsabilitat crear, editar i fer possible la publicaci\u00f3 anual de la revista escolar amb el mateix nom. A trav\u00e9s d&#8217;aquesta revista, busquem compartir diversos aspectes del dia a dia de la nostra comunitat educativa. La comissi\u00f3, formada per mestres i fam\u00edlies, treballa [&hellip;]<\/p>\n","protected":false},"author":1,"featured_media":0,"parent":0,"menu_order":0,"comment_status":"closed","ping_status":"closed","template":"page-templates\/side-menu.php","meta":{"_bbp_topic_count":0,"_bbp_reply_count":0,"_bbp_total_topic_count":0,"_bbp_total_reply_count":0,"_bbp_voice_count":0,"_bbp_anonymous_reply_count":0,"_bbp_topic_count_hidden":0,"_bbp_reply_count_hidden":0,"_bbp_forum_subforum_count":0,"site-sidebar-layout":"default","site-content-layout":"","ast-site-content-layout":"","site-content-style":"default","site-sidebar-style":"default","ast-global-header-display":"","ast-banner-title-visibility":"","ast-main-header-display":"","ast-hfb-above-header-display":"","ast-hfb-below-header-display":"","ast-hfb-mobile-header-display":"","site-post-title":"","ast-breadcrumbs-content":"","ast-featured-img":"","footer-sml-layout":"","theme-transparent-header-meta":"","adv-header-id-meta":"","stick-header-meta":"","header-above-stick-meta":"","header-main-stick-meta":"","header-below-stick-meta":"","astra-migrate-meta-layouts":"default","ast-page-background-enabled":"default","ast-page-background-meta":{"desktop":{"background-color":"var(--ast-global-color-4)","background-image":"","background-repeat":"repeat","background-position":"center center","background-size":"auto","background-attachment":"scroll","background-type":"","background-media":"","overlay-type":"","overlay-color":"","overlay-opacity":"","overlay-gradient":""},"tablet":{"background-color":"","background-image":"","background-repeat":"repeat","background-position":"center center","background-size":"auto","background-attachment":"scroll","background-type":"","background-media":"","overlay-type":"","overlay-color":"","overlay-opacity":"","overlay-gradient":""},"mobile":{"background-color":"","background-image":"","background-repeat":"repeat","background-position":"center center","background-size":"auto","background-attachment":"scroll","background-type":"","background-media":"","overlay-type":"","overlay-color":"","overlay-opacity":"","overlay-gradient":""}},"ast-content-background-meta":{"desktop":{"background-color":"var(--ast-global-color-5)","background-image":"","background-repeat":"repeat","background-position":"center center","background-size":"auto","background-attachment":"scroll","background-type":"","background-media":"","overlay-type":"","overlay-color":"","overlay-opacity":"","overlay-gradient":""},"tablet":{"background-color":"var(--ast-global-color-5)","background-image":"","background-repeat":"repeat","background-position":"center center","background-size":"auto","background-attachment":"scroll","background-type":"","background-media":"","overlay-type":"","overlay-color":"","overlay-opacity":"","overlay-gradient":""},"mobile":{"background-color":"var(--ast-global-color-5)","background-image":"","background-repeat":"repeat","background-position":"center center","background-size":"auto","background-attachment":"scroll","background-type":"","background-media":"","overlay-type":"","overlay-color":"","overlay-opacity":"","overlay-gradient":""}},"footnotes":""},"class_list":["post-6092","page","type-page","status-publish","hentry"],"post_mailing_queue_ids":[],"_links":{"self":[{"href":"https:\/\/agora.xtec.cat\/escolapatufetsantjordi\/wp-json\/wp\/v2\/pages\/6092","targetHints":{"allow":["GET"]}}],"collection":[{"href":"https:\/\/agora.xtec.cat\/escolapatufetsantjordi\/wp-json\/wp\/v2\/pages"}],"about":[{"href":"https:\/\/agora.xtec.cat\/escolapatufetsantjordi\/wp-json\/wp\/v2\/types\/page"}],"author":[{"embeddable":true,"href":"https:\/\/agora.xtec.cat\/escolapatufetsantjordi\/wp-json\/wp\/v2\/users\/1"}],"replies":[{"embeddable":true,"href":"https:\/\/agora.xtec.cat\/escolapatufetsantjordi\/wp-json\/wp\/v2\/comments?post=6092"}],"version-history":[{"count":7,"href":"https:\/\/agora.xtec.cat\/escolapatufetsantjordi\/wp-json\/wp\/v2\/pages\/6092\/revisions"}],"predecessor-version":[{"id":6794,"href":"https:\/\/agora.xtec.cat\/escolapatufetsantjordi\/wp-json\/wp\/v2\/pages\/6092\/revisions\/6794"}],"wp:attachment":[{"href":"https:\/\/agora.xtec.cat\/escolapatufetsantjordi\/wp-json\/wp\/v2\/media?parent=6092"}],"curies":[{"name":"wp","href":"https:\/\/api.w.org\/{rel}","templated":true}]}}