{"id":6012,"date":"2023-02-13T20:09:07","date_gmt":"2023-02-13T19:09:07","guid":{"rendered":"https:\/\/agora.xtec.cat\/escolapatufetsantjordi\/?page_id=6012"},"modified":"2023-11-07T17:23:54","modified_gmt":"2023-11-07T16:23:54","slug":"comissions-propies","status":"publish","type":"page","link":"https:\/\/agora.xtec.cat\/escolapatufetsantjordi\/afa\/comissions-2\/comissions-propies\/","title":{"rendered":"Comissions Pr\u00f2pies"},"content":{"rendered":"<p><strong>Festes:<\/strong><\/p>\n<p>Comissi\u00f3 que fomenta la relaci\u00f3 entre les fam\u00edlies, els infants, el personal docent i la Direcci\u00f3 potenciant la comunitat mitjan\u00e7ant l\u2019organitzaci\u00f3 d\u2019esdeveniments l\u00fadics, culturals i educatius, com per exemple les xocolatades o les jornades solid\u00e0ries.<\/p>\n<p><strong>Gegants:<\/strong><\/p>\n<p>Comissi\u00f3 creada per donar vida als gegants de l&#8217;escola.<\/p>\n<p><strong>Patufam\u00edlies en Xarxa:<\/strong><\/p>\n<p>Antiga comissi\u00f3 \u201cCr\u00e9ixer en Fam\u00edlia\u201d amb una vessant m\u00e9s amplia a partir d\u2019activitats diverses per fomentar la cohesi\u00f3 entre les fam\u00edlies de l\u2019escola, com sortides a la muntanya, activitats al barri, esport en fam\u00edlia, espais de formaci\u00f3 i\/o reflexi\u00f3 sobre temes d\u2019educaci\u00f3 i crian\u00e7a, etc.<\/p>\n<p><strong>Intercanvi<\/strong>: Comissi\u00f3 que organitza cada any els mercats d&#8217;intercanvi de roba, joguines, &#8230; amb l\u2019objectiu de donar una segona utilitat i aix\u00ed contribuir alhora en el reciclatge i la sostenibilitat.<\/p>\n","protected":false},"excerpt":{"rendered":"<p>Festes: Comissi\u00f3 que fomenta la relaci\u00f3 entre les fam\u00edlies, els infants, el personal docent i la Direcci\u00f3 potenciant la comunitat mitjan\u00e7ant l\u2019organitzaci\u00f3 d\u2019esdeveniments l\u00fadics, culturals i educatius, com per exemple les xocolatades o les jornades solid\u00e0ries. Gegants: Comissi\u00f3 creada per donar vida als gegants de l&#8217;escola. Patufam\u00edlies en Xarxa: Antiga comissi\u00f3 \u201cCr\u00e9ixer en Fam\u00edlia\u201d amb [&hellip;]<\/p>\n","protected":false},"author":3,"featured_media":0,"parent":5996,"menu_order":0,"comment_status":"closed","ping_status":"closed","template":"page-templates\/side-menu.php","meta":{"_bbp_topic_count":0,"_bbp_reply_count":0,"_bbp_total_topic_count":0,"_bbp_total_reply_count":0,"_bbp_voice_count":0,"_bbp_anonymous_reply_count":0,"_bbp_topic_count_hidden":0,"_bbp_reply_count_hidden":0,"_bbp_forum_subforum_count":0,"site-sidebar-layout":"default","site-content-layout":"","ast-site-content-layout":"","site-content-style":"default","site-sidebar-style":"default","ast-global-header-display":"","ast-banner-title-visibility":"","ast-main-header-display":"","ast-hfb-above-header-display":"","ast-hfb-below-header-display":"","ast-hfb-mobile-header-display":"","site-post-title":"","ast-breadcrumbs-content":"","ast-featured-img":"","footer-sml-layout":"","theme-transparent-header-meta":"","adv-header-id-meta":"","stick-header-meta":"","header-above-stick-meta":"","header-main-stick-meta":"","header-below-stick-meta":"","astra-migrate-meta-layouts":"default","ast-page-background-enabled":"default","ast-page-background-meta":{"desktop":{"background-color":"var(--ast-global-color-4)","background-image":"","background-repeat":"repeat","background-position":"center center","background-size":"auto","background-attachment":"scroll","background-type":"","background-media":"","overlay-type":"","overlay-color":"","overlay-opacity":"","overlay-gradient":""},"tablet":{"background-color":"","background-image":"","background-repeat":"repeat","background-position":"center center","background-size":"auto","background-attachment":"scroll","background-type":"","background-media":"","overlay-type":"","overlay-color":"","overlay-opacity":"","overlay-gradient":""},"mobile":{"background-color":"","background-image":"","background-repeat":"repeat","background-position":"center center","background-size":"auto","background-attachment":"scroll","background-type":"","background-media":"","overlay-type":"","overlay-color":"","overlay-opacity":"","overlay-gradient":""}},"ast-content-background-meta":{"desktop":{"background-color":"var(--ast-global-color-5)","background-image":"","background-repeat":"repeat","background-position":"center center","background-size":"auto","background-attachment":"scroll","background-type":"","background-media":"","overlay-type":"","overlay-color":"","overlay-opacity":"","overlay-gradient":""},"tablet":{"background-color":"var(--ast-global-color-5)","background-image":"","background-repeat":"repeat","background-position":"center center","background-size":"auto","background-attachment":"scroll","background-type":"","background-media":"","overlay-type":"","overlay-color":"","overlay-opacity":"","overlay-gradient":""},"mobile":{"background-color":"var(--ast-global-color-5)","background-image":"","background-repeat":"repeat","background-position":"center center","background-size":"auto","background-attachment":"scroll","background-type":"","background-media":"","overlay-type":"","overlay-color":"","overlay-opacity":"","overlay-gradient":""}},"footnotes":""},"class_list":["post-6012","page","type-page","status-publish","hentry"],"post_mailing_queue_ids":[],"_links":{"self":[{"href":"https:\/\/agora.xtec.cat\/escolapatufetsantjordi\/wp-json\/wp\/v2\/pages\/6012","targetHints":{"allow":["GET"]}}],"collection":[{"href":"https:\/\/agora.xtec.cat\/escolapatufetsantjordi\/wp-json\/wp\/v2\/pages"}],"about":[{"href":"https:\/\/agora.xtec.cat\/escolapatufetsantjordi\/wp-json\/wp\/v2\/types\/page"}],"author":[{"embeddable":true,"href":"https:\/\/agora.xtec.cat\/escolapatufetsantjordi\/wp-json\/wp\/v2\/users\/3"}],"replies":[{"embeddable":true,"href":"https:\/\/agora.xtec.cat\/escolapatufetsantjordi\/wp-json\/wp\/v2\/comments?post=6012"}],"version-history":[{"count":1,"href":"https:\/\/agora.xtec.cat\/escolapatufetsantjordi\/wp-json\/wp\/v2\/pages\/6012\/revisions"}],"predecessor-version":[{"id":6013,"href":"https:\/\/agora.xtec.cat\/escolapatufetsantjordi\/wp-json\/wp\/v2\/pages\/6012\/revisions\/6013"}],"up":[{"embeddable":true,"href":"https:\/\/agora.xtec.cat\/escolapatufetsantjordi\/wp-json\/wp\/v2\/pages\/5996"}],"wp:attachment":[{"href":"https:\/\/agora.xtec.cat\/escolapatufetsantjordi\/wp-json\/wp\/v2\/media?parent=6012"}],"curies":[{"name":"wp","href":"https:\/\/api.w.org\/{rel}","templated":true}]}}