{"id":6010,"date":"2023-02-13T20:05:37","date_gmt":"2023-02-13T19:05:37","guid":{"rendered":"https:\/\/agora.xtec.cat\/escolapatufetsantjordi\/?page_id=6010"},"modified":"2023-11-07T17:23:54","modified_gmt":"2023-11-07T16:23:54","slug":"comissions-mixtes","status":"publish","type":"page","link":"https:\/\/agora.xtec.cat\/escolapatufetsantjordi\/afa\/comissions-2\/comissions-mixtes\/","title":{"rendered":"Comissions Mixtes"},"content":{"rendered":"<p><strong>Patulila:<\/strong><\/p>\n<p>Comissi\u00f3 per a la difusi\u00f3 i implementaci\u00f3 de la Coeducaci\u00f3 i la perspectiva de g\u00e8nere dins i fora de l&#8217;escola. Accions des de la recomanaci\u00f3 de llibres per a la biblioteca, diferents xerrades (prevenci\u00f3 del sexisme, la coeducaci\u00f3), festa solid\u00e0ria pel dia de la dona, etc. A trav\u00e9s de les Xarxes Socials de l&#8217;AFA, s&#8217;han fet ress\u00f2 per fer arribar la seva difusi\u00f3.<\/p>\n<p><strong>Comunicaci\u00f3:<\/strong><\/p>\n<p>Comissi\u00f3 creada per millorar la comunicaci\u00f3 a la nostra escola des de tots els punts de vista. S\u2019encarrega de treballar i potenciar tant les eines disponibles (p\u00e0gina web, correu electr\u00f2nic, comunicats, &#8230;) com el contingut dels missatges, vetllant per a la utilitzaci\u00f3 d\u2019un llenguatge adequat i inclusiu, evitant formes discriminat\u00f2ries. L\u2019objectiu principal \u00e9s que la comunicaci\u00f3 sigui senzilla, clara, accessible, transparent efica\u00e7 i inclusiva.<\/p>\n<p><strong>PatuSostenible:<\/strong><\/p>\n<p>Comissi\u00f3 creada per adequar tant els espais com els materials de l&#8217;escola en l&#8217;\u00e0mbit de la sostenibilitat i cura del medi ambient. T\u00e9 com a principal objectiu fomentar i donar suport a les iniciatives que cerquen la millora ambiental dels espais de la nostra escola i del seu entorn, col\u00b7laborant en l\u2019educaci\u00f3 ambiental i sostenible de forma transversal.<\/p>\n<p><strong>Cop d&#8217;Ull:<\/strong><\/p>\n<p>Comissi\u00f3 que redacta i edita la revista de l&#8217;escola que es publica 1 cop l&#8217;any. Finan\u00e7ada totalment per l&#8217;AFA. Aquesta publicaci\u00f3, elaborada per fam\u00edlies i mestres, intenta mostrar diferents aspectes de la vida de l\u2019escola i tot all\u00f2 que l\u2019envolta, les situacions familiars, ambientals, de la ciutat, &#8230;<\/p>\n<p><strong>Jornades Pedag\u00f2giques:<\/strong><\/p>\n<p>Cada curs, es realitzen aquestes jornades amb l&#8217;objectiu de fer part\u00edcips a les fam\u00edlies d&#8217;algun dels aspectes que a l&#8217;escola s&#8217;interioritzen o es plasmen. Entre altres temes, s&#8217;han dut a terme &#8220;La Lectoescriptura&#8221;, &#8220;Infants i Pantalles tant a l&#8217;escola com a casa&#8221;, &#8220;Un, Dos, Tres&#8230; Pedra-Paper-Tisora. L&#8217;Assetjament Escolar&#8221;.<\/p>\n<p><strong>Estona del Migdia:<\/strong><\/p>\n<p>Comissi\u00f3 que t\u00e9 cura de tant de l&#8217;estona d&#8217;esbarjo com l\u2019estona de dinar. T\u00e9 com a objectiu vetllar per a que dins d\u2019aquesta estona de gran import\u00e0ncia es fomenti l\u2019autonomia, el respecte i el desenvolupament personal, garantint una alimentaci\u00f3 adequada i saludable.<\/p>\n<p><strong>Econ\u00f2mica:<\/strong><\/p>\n<p>Comissi\u00f3 que audita i vetlla pel millor \u00fas dels recursos econ\u00f2mics de la Cooperativa. Realitza un control peri\u00f2dic dels ingressos i les despeses per garantir el compliment del pressupost anual aprovat.<\/p>\n","protected":false},"excerpt":{"rendered":"<p>Patulila: Comissi\u00f3 per a la difusi\u00f3 i implementaci\u00f3 de la Coeducaci\u00f3 i la perspectiva de g\u00e8nere dins i fora de l&#8217;escola. Accions des de la recomanaci\u00f3 de llibres per a la biblioteca, diferents xerrades (prevenci\u00f3 del sexisme, la coeducaci\u00f3), festa solid\u00e0ria pel dia de la dona, etc. A trav\u00e9s de les Xarxes Socials de l&#8217;AFA, [&hellip;]<\/p>\n","protected":false},"author":3,"featured_media":0,"parent":5996,"menu_order":0,"comment_status":"closed","ping_status":"closed","template":"page-templates\/side-menu.php","meta":{"_bbp_topic_count":0,"_bbp_reply_count":0,"_bbp_total_topic_count":0,"_bbp_total_reply_count":0,"_bbp_voice_count":0,"_bbp_anonymous_reply_count":0,"_bbp_topic_count_hidden":0,"_bbp_reply_count_hidden":0,"_bbp_forum_subforum_count":0,"site-sidebar-layout":"default","site-content-layout":"","ast-site-content-layout":"","site-content-style":"default","site-sidebar-style":"default","ast-global-header-display":"","ast-banner-title-visibility":"","ast-main-header-display":"","ast-hfb-above-header-display":"","ast-hfb-below-header-display":"","ast-hfb-mobile-header-display":"","site-post-title":"","ast-breadcrumbs-content":"","ast-featured-img":"","footer-sml-layout":"","theme-transparent-header-meta":"","adv-header-id-meta":"","stick-header-meta":"","header-above-stick-meta":"","header-main-stick-meta":"","header-below-stick-meta":"","astra-migrate-meta-layouts":"default","ast-page-background-enabled":"default","ast-page-background-meta":{"desktop":{"background-color":"var(--ast-global-color-4)","background-image":"","background-repeat":"repeat","background-position":"center center","background-size":"auto","background-attachment":"scroll","background-type":"","background-media":"","overlay-type":"","overlay-color":"","overlay-opacity":"","overlay-gradient":""},"tablet":{"background-color":"","background-image":"","background-repeat":"repeat","background-position":"center center","background-size":"auto","background-attachment":"scroll","background-type":"","background-media":"","overlay-type":"","overlay-color":"","overlay-opacity":"","overlay-gradient":""},"mobile":{"background-color":"","background-image":"","background-repeat":"repeat","background-position":"center center","background-size":"auto","background-attachment":"scroll","background-type":"","background-media":"","overlay-type":"","overlay-color":"","overlay-opacity":"","overlay-gradient":""}},"ast-content-background-meta":{"desktop":{"background-color":"var(--ast-global-color-5)","background-image":"","background-repeat":"repeat","background-position":"center center","background-size":"auto","background-attachment":"scroll","background-type":"","background-media":"","overlay-type":"","overlay-color":"","overlay-opacity":"","overlay-gradient":""},"tablet":{"background-color":"var(--ast-global-color-5)","background-image":"","background-repeat":"repeat","background-position":"center center","background-size":"auto","background-attachment":"scroll","background-type":"","background-media":"","overlay-type":"","overlay-color":"","overlay-opacity":"","overlay-gradient":""},"mobile":{"background-color":"var(--ast-global-color-5)","background-image":"","background-repeat":"repeat","background-position":"center center","background-size":"auto","background-attachment":"scroll","background-type":"","background-media":"","overlay-type":"","overlay-color":"","overlay-opacity":"","overlay-gradient":""}},"footnotes":""},"class_list":["post-6010","page","type-page","status-publish","hentry"],"post_mailing_queue_ids":[],"_links":{"self":[{"href":"https:\/\/agora.xtec.cat\/escolapatufetsantjordi\/wp-json\/wp\/v2\/pages\/6010","targetHints":{"allow":["GET"]}}],"collection":[{"href":"https:\/\/agora.xtec.cat\/escolapatufetsantjordi\/wp-json\/wp\/v2\/pages"}],"about":[{"href":"https:\/\/agora.xtec.cat\/escolapatufetsantjordi\/wp-json\/wp\/v2\/types\/page"}],"author":[{"embeddable":true,"href":"https:\/\/agora.xtec.cat\/escolapatufetsantjordi\/wp-json\/wp\/v2\/users\/3"}],"replies":[{"embeddable":true,"href":"https:\/\/agora.xtec.cat\/escolapatufetsantjordi\/wp-json\/wp\/v2\/comments?post=6010"}],"version-history":[{"count":1,"href":"https:\/\/agora.xtec.cat\/escolapatufetsantjordi\/wp-json\/wp\/v2\/pages\/6010\/revisions"}],"predecessor-version":[{"id":6011,"href":"https:\/\/agora.xtec.cat\/escolapatufetsantjordi\/wp-json\/wp\/v2\/pages\/6010\/revisions\/6011"}],"up":[{"embeddable":true,"href":"https:\/\/agora.xtec.cat\/escolapatufetsantjordi\/wp-json\/wp\/v2\/pages\/5996"}],"wp:attachment":[{"href":"https:\/\/agora.xtec.cat\/escolapatufetsantjordi\/wp-json\/wp\/v2\/media?parent=6010"}],"curies":[{"name":"wp","href":"https:\/\/api.w.org\/{rel}","templated":true}]}}