{"id":5257,"date":"2022-11-25T23:40:51","date_gmt":"2022-11-25T22:40:51","guid":{"rendered":"https:\/\/agora.xtec.cat\/escolapatufetsantjordi\/?page_id=5257"},"modified":"2023-01-13T10:20:15","modified_gmt":"2023-01-13T09:20:15","slug":"la-satania-i-les-satanietes","status":"publish","type":"page","link":"https:\/\/agora.xtec.cat\/escolapatufetsantjordi\/patunyetes\/la-satania-i-les-satanietes\/","title":{"rendered":"La sat\u00e0nia i les satanietes"},"content":{"rendered":"<p><span style=\"font-weight: 400;\">Temps era temps, un mat\u00ed gris i fred d\u2019hivern, en obrir les portes de l\u2019escola , vam trobar a la sala de columnes, un \u00e9sser tot enroscat i estrany i gran, moooolt gran.<\/span><\/p>\n<p><span style=\"font-weight: 400;\">Respirava profundament i, en acostar-nos i sentir la nostra pres\u00e8ncia, va obrir un ull, tan sols un ull. Caram quin ull!!!!!!!!!!\u00a0 Tot seguit va fer un gran badall, deixant veure la immensitat de la seva boca i va continuar dormint profundament.\u00a0<\/span><\/p>\n<p><span style=\"font-weight: 400;\">Del seu nas sortien uns filets de fum amb una forta olor de sofre que s\u2019esva\u00efa quan s\u2019allunyava dels seus narius.<\/span><\/p>\n<p><span style=\"font-weight: 400;\">No sab\u00edem d\u2019on venia, ni qu\u00e8 volia, ni qu\u00e8 hi feia\u2026, per\u00f2 semblava trobar-se molt\u00a0 tranquil\u00b7la i a gust, perqu\u00e8&#8230; despr\u00e9s de mirar-nos va seguir amb els seus somnis.\u00a0<\/span><\/p>\n<p><span style=\"font-weight: 400;\">Tots intrigats vam comen\u00e7ar a investigar de qu\u00e8 es tractava: tenia la pell rugosa, freda, dues ales, un cos allargat i unes crestes que anaven des del cap a la punta de la cua. Mirant llibres antics i empolsegats, d\u2019aquells que ja ning\u00fa es mira perqu\u00e8 s\u00f3n vells i estan amagats en els prestatges m\u00e9s alts de les biblioteques antigues, vam arribar a la conclusi\u00f3 que\u2026 es tractava d\u2019una dragona!!!!!!!!, \u00a0 un \u00e8sser\u00a0 mitol\u00f2gic provinent del m\u00f3n de la fantasia.\u00a0<\/span><\/p>\n<p><span style=\"font-weight: 400;\">I&#8230;&#8230;.., qu\u00e8 hi feia una dragona a la nostra escola&#8230; ???????\u00a0 -ens vam preguntar-.<\/span><\/p>\n<p><span style=\"font-weight: 400;\">Despr\u00e9s de llegir molts m\u00e9s llibres i de parlar amb experts en animals fant\u00e0stics de tot el m\u00f3n vam arribar a la conclusi\u00f3 que potser l\u2019olor de la p\u00f3lvora, el soroll dels tabals i la ferum de festa diab\u00f2lica dels i de les Patunyetes la van atraure fins al Patufet.<\/span><\/p>\n<p><span style=\"font-weight: 400;\">De les hores en\u00e7\u00e0, resta adormida a l\u2019escola i nom\u00e9s desperta quan sap o sent que s\u2019acosta una festa. \u00c9s llavors quan desplega les seves ales, s\u2019espolsa la mandra de sobre i es disposa a c\u00f3rrer pels carrers tot llen\u00e7ant foc i espurnes , acompanyant i tenint cura\u00a0 dels Patunyetes.<\/span><\/p>\n<p><span style=\"font-weight: 400;\">Al cap d\u2019un temps d\u2019estar entre nosaltres ens pregunt\u00e0rem quin seria el seu nom, ja que no el sab\u00edem, ni vam trobar cap pista que ens don\u00e9s la soluci\u00f3. Per aix\u00f2 vam decidir buscar-li el nom m\u00e9s bonic del m\u00f3n i van ser tots els nens i les nenes de l\u2019escola que el van trobar, es diria <\/span><b>SAT\u00c0NIA<\/b><span style=\"font-weight: 400;\">!!! Aquest nom li esqueia perfecte!!!!!!!!!<\/span><\/p>\n<p><span style=\"font-weight: 400;\">Van passar els anys i la SAT\u00c0NIA es feia gran, tan gran que va decidir ser mare. I \u00e9s per aix\u00f2, que un dia van apar\u00e8ixer tres ous gegants, no com els de les gallines, ni com els dels \u00e0necs, ni com els dels estru\u00e7os, noooo&#8230;, molt m\u00e9s grans!!!!!!!! S\u00ed, i de cada un va n\u00e9ixer una satanieta, boniques totes elles!!!!!!!!!!\u00a0<\/span><\/p>\n<p><span style=\"font-weight: 400;\">Totes eren diferents; tenien un color de pell diferent, unes crestes diferents, per\u00f2 totes s\u2019assemblaven una mica\u00a0 a la seva mare.\u00a0<\/span><\/p>\n<p><span style=\"font-weight: 400;\">Al comen\u00e7ament els hi d\u00e8iem satanietes, per\u00f2 despr\u00e9s ens va semblar millor que cadascuna tingu\u00e9s el seu nom propi i, una altra vegada, totes les nenes i tots els nens de l\u2019escola els van triar:\u00a0 <\/span><b>PUMKY, PRESUMIDA I GITANA<\/b><span style=\"font-weight: 400;\">.<\/span><\/p>\n<p>&nbsp;<\/p>\n<p><span style=\"font-weight: 400;\">Tenien la mida justa perqu\u00e8 un nen o una nena les pogu\u00e9s portar i treure al carrer els dies de festa i aix\u00ed fer companyia a la seva mare. I aix\u00ed \u00e9s com la fam\u00edlia Patunyetes es va anar engrandint.\u00a0<\/span><\/p>\n<p><span style=\"font-weight: 400;\">Per\u00f2&#8230; aqu\u00ed no acaba la hist\u00f2ria, eh???!!!!!!<\/span><\/p>\n<p><span style=\"font-weight: 400;\">Al cap d\u2019un temps van tornar a apar\u00e8ixer tres ous m\u00e9s i&#8230; sabeu qu\u00e8?????? D\u2019ells, un dia, van tornar a sortir tres noves satanietes&#8230;!!!!!!!!! Les <\/span><b>BESSONES<\/b><span style=\"font-weight: 400;\"> i la <\/span><b>CALBA<\/b><span style=\"font-weight: 400;\">.<\/span><\/p>\n<p><img decoding=\"async\" class=\"aligncenter\" src=\"https:\/\/www.bestiari.cat\/wp-content\/uploads\/2016\/08\/Dragonets-Satanietes4.jpg\" alt=\"Satanietes \u2013 Agrupaci\u00f3 del Bestiari Festiu i Popular de Catalunya\" \/><\/p>\n<p><span style=\"font-weight: 400;\">Caram, quin goig que fan els Patunyetes quan, en les festes , surten al carrer acompanyats de la SAT\u00c0NIA i les seves sis filles.<\/span><\/p>\n<p>&nbsp;<\/p>\n<p><span style=\"font-weight: 400;\">Ah!!!!!! I potser us preguntareu\u2026 qui \u00e9s el pare??????\u00a0<\/span><\/p>\n<p><span style=\"font-weight: 400;\">Doncs no ho sabem. Per\u00f2 si un dia ho descobriu, veniu i ens ho dieu i posarem fi a un misteri encara no resolt.<\/span><\/p>\n<p>&nbsp;<\/p>\n<p><span style=\"font-weight: 400;\">Vet aqu\u00ed un gat, vet aqu\u00ed un gos, aquest conte ja s\u2019ha fos<\/span><\/p>\n<p><span style=\"font-weight: 400;\">Vet aqu\u00ed un gos, vet aqu\u00ed un gat, aquest conte s\u2019ha acabat.<\/span><\/p>\n<p>&nbsp;<\/p>\n<p><span style=\"font-weight: 400;\">O&#8230;&#8230;&#8230; no !!!!!!\u00a0<\/span><\/p>\n<p>&nbsp;<\/p>\n<p style=\"text-align: center;\"><span style=\"font-weight: 400;\"><a href=\"https:\/\/agora.xtec.cat\/escolapatufetsantjordi\/wp-content\/uploads\/usu2284\/2022\/02\/27-2.jpg\"><img loading=\"lazy\" decoding=\"async\" class=\"alignnone size-full wp-image-4444\" src=\"https:\/\/agora.xtec.cat\/escolapatufetsantjordi\/wp-content\/uploads\/usu2284\/2022\/02\/27-2.jpg\" alt=\"\" width=\"480\" height=\"300\" srcset=\"https:\/\/agora.xtec.cat\/escolapatufetsantjordi\/wp-content\/uploads\/usu2284\/2022\/02\/27-2.jpg 480w, https:\/\/agora.xtec.cat\/escolapatufetsantjordi\/wp-content\/uploads\/usu2284\/2022\/02\/27-2-300x188.jpg 300w\" sizes=\"auto, (max-width: 480px) 100vw, 480px\" \/><\/a><\/span><\/p>\n","protected":false},"excerpt":{"rendered":"<p>Temps era temps, un mat\u00ed gris i fred d\u2019hivern, en obrir les portes de l\u2019escola , vam trobar a la sala de columnes, un \u00e9sser tot enroscat i estrany i gran, moooolt gran. Respirava profundament i, en acostar-nos i sentir la nostra pres\u00e8ncia, va obrir un ull, tan sols un ull. Caram quin ull!!!!!!!!!!\u00a0 Tot [&hellip;]<\/p>\n","protected":false},"author":1,"featured_media":0,"parent":4442,"menu_order":80,"comment_status":"closed","ping_status":"closed","template":"page-templates\/side-menu.php","meta":{"_bbp_topic_count":0,"_bbp_reply_count":0,"_bbp_total_topic_count":0,"_bbp_total_reply_count":0,"_bbp_voice_count":0,"_bbp_anonymous_reply_count":0,"_bbp_topic_count_hidden":0,"_bbp_reply_count_hidden":0,"_bbp_forum_subforum_count":0,"site-sidebar-layout":"default","site-content-layout":"","ast-site-content-layout":"","site-content-style":"default","site-sidebar-style":"default","ast-global-header-display":"","ast-banner-title-visibility":"","ast-main-header-display":"","ast-hfb-above-header-display":"","ast-hfb-below-header-display":"","ast-hfb-mobile-header-display":"","site-post-title":"","ast-breadcrumbs-content":"","ast-featured-img":"","footer-sml-layout":"","theme-transparent-header-meta":"","adv-header-id-meta":"","stick-header-meta":"","header-above-stick-meta":"","header-main-stick-meta":"","header-below-stick-meta":"","astra-migrate-meta-layouts":"default","ast-page-background-enabled":"default","ast-page-background-meta":{"desktop":{"background-color":"var(--ast-global-color-4)","background-image":"","background-repeat":"repeat","background-position":"center center","background-size":"auto","background-attachment":"scroll","background-type":"","background-media":"","overlay-type":"","overlay-color":"","overlay-opacity":"","overlay-gradient":""},"tablet":{"background-color":"","background-image":"","background-repeat":"repeat","background-position":"center center","background-size":"auto","background-attachment":"scroll","background-type":"","background-media":"","overlay-type":"","overlay-color":"","overlay-opacity":"","overlay-gradient":""},"mobile":{"background-color":"","background-image":"","background-repeat":"repeat","background-position":"center center","background-size":"auto","background-attachment":"scroll","background-type":"","background-media":"","overlay-type":"","overlay-color":"","overlay-opacity":"","overlay-gradient":""}},"ast-content-background-meta":{"desktop":{"background-color":"var(--ast-global-color-5)","background-image":"","background-repeat":"repeat","background-position":"center center","background-size":"auto","background-attachment":"scroll","background-type":"","background-media":"","overlay-type":"","overlay-color":"","overlay-opacity":"","overlay-gradient":""},"tablet":{"background-color":"var(--ast-global-color-5)","background-image":"","background-repeat":"repeat","background-position":"center center","background-size":"auto","background-attachment":"scroll","background-type":"","background-media":"","overlay-type":"","overlay-color":"","overlay-opacity":"","overlay-gradient":""},"mobile":{"background-color":"var(--ast-global-color-5)","background-image":"","background-repeat":"repeat","background-position":"center center","background-size":"auto","background-attachment":"scroll","background-type":"","background-media":"","overlay-type":"","overlay-color":"","overlay-opacity":"","overlay-gradient":""}},"footnotes":""},"class_list":["post-5257","page","type-page","status-publish","hentry"],"post_mailing_queue_ids":[],"_links":{"self":[{"href":"https:\/\/agora.xtec.cat\/escolapatufetsantjordi\/wp-json\/wp\/v2\/pages\/5257","targetHints":{"allow":["GET"]}}],"collection":[{"href":"https:\/\/agora.xtec.cat\/escolapatufetsantjordi\/wp-json\/wp\/v2\/pages"}],"about":[{"href":"https:\/\/agora.xtec.cat\/escolapatufetsantjordi\/wp-json\/wp\/v2\/types\/page"}],"author":[{"embeddable":true,"href":"https:\/\/agora.xtec.cat\/escolapatufetsantjordi\/wp-json\/wp\/v2\/users\/1"}],"replies":[{"embeddable":true,"href":"https:\/\/agora.xtec.cat\/escolapatufetsantjordi\/wp-json\/wp\/v2\/comments?post=5257"}],"version-history":[{"count":3,"href":"https:\/\/agora.xtec.cat\/escolapatufetsantjordi\/wp-json\/wp\/v2\/pages\/5257\/revisions"}],"predecessor-version":[{"id":5695,"href":"https:\/\/agora.xtec.cat\/escolapatufetsantjordi\/wp-json\/wp\/v2\/pages\/5257\/revisions\/5695"}],"up":[{"embeddable":true,"href":"https:\/\/agora.xtec.cat\/escolapatufetsantjordi\/wp-json\/wp\/v2\/pages\/4442"}],"wp:attachment":[{"href":"https:\/\/agora.xtec.cat\/escolapatufetsantjordi\/wp-json\/wp\/v2\/media?parent=5257"}],"curies":[{"name":"wp","href":"https:\/\/api.w.org\/{rel}","templated":true}]}}