{"id":5252,"date":"2022-11-25T23:40:51","date_gmt":"2022-11-25T22:40:51","guid":{"rendered":"https:\/\/agora.xtec.cat\/escolapatufetsantjordi\/?page_id=5252"},"modified":"2024-04-13T12:29:07","modified_gmt":"2024-04-13T10:29:07","slug":"comissions-2","status":"publish","type":"page","link":"https:\/\/agora.xtec.cat\/escolapatufetsantjordi\/patunyetes\/comissions-2\/","title":{"rendered":"Comissions"},"content":{"rendered":"<p><span style=\"font-weight: 400;\">Els i les mestres s\u00f3n els responsables de la gesti\u00f3 de la Colla pel que fa a l\u2019organitzaci\u00f3 dels infants: incorporaci\u00f3 dels nous, formaci\u00f3, assaigs, burocr\u00e0cia, recursos per al finan\u00e7ament, comiat dels nens i de les nenes que deixen la Colla, coordinaci\u00f3 de la infraestructura de la Colla, necessitats, i coordinaci\u00f3 en general.<\/span><\/p>\n<p><span style=\"font-weight: 400;\">Els pares i les mares fan de representants de la Colla fora de l\u2019escola en les entitats corresponents:<\/span><\/p>\n<ul>\n<li style=\"font-weight: 400;\" aria-level=\"3\"><span style=\"font-weight: 400;\">Dos pares\/mares han d\u2019anar a les reunions de TRO (Coordinadora d\u2019entitats de foc i festa de l\u2019Hospitalet).<\/span><\/li>\n<li style=\"font-weight: 400;\" aria-level=\"3\"><span style=\"font-weight: 400;\">Dos pares\/mares han d\u2019anar a les reunions de LA TALAIA (Comissi\u00f3 de festes del barri centre).<\/span><\/li>\n<\/ul>\n<p><span style=\"font-weight: 400;\">A m\u00e9s a m\u00e9s, hi ha les comissions que s\u2019encarreguen de:<\/span><\/p>\n<ul>\n<li style=\"font-weight: 400;\" aria-level=\"1\"><span style=\"font-weight: 400;\">Merchandising<\/span><\/li>\n<li style=\"font-weight: 400;\" aria-level=\"1\"><span style=\"font-weight: 400;\">Manteniment i reparaci\u00f3 de b\u00e8sties i maces<\/span><\/li>\n<li style=\"font-weight: 400;\" aria-level=\"1\"><span style=\"font-weight: 400;\">Manteniment i reparaci\u00f3 de tabals<\/span><\/li>\n<li style=\"font-weight: 400;\" aria-level=\"1\"><span style=\"font-weight: 400;\">Manteniment i reparaci\u00f3 dels vestits<\/span><\/li>\n<li style=\"font-weight: 400;\" aria-level=\"1\"><span style=\"font-weight: 400;\">Farmacioles<\/span><\/li>\n<li style=\"font-weight: 400;\" aria-level=\"1\"><span style=\"font-weight: 400;\">Whatsapp<\/span><\/li>\n<li style=\"font-weight: 400;\" aria-level=\"1\"><span style=\"font-weight: 400;\">Cavalcada de Reis: col\u00b7laboraci\u00f3 en la construcci\u00f3 de la carrossa dels carboners de la Cavalcada de Reis de l\u2019Hospitalet.<\/span><\/li>\n<\/ul>\n<p><a href=\"https:\/\/agora.xtec.cat\/escolapatufetsantjordi\/wp-content\/uploads\/usu2284\/2022\/02\/maces.jpg\"><img loading=\"lazy\" decoding=\"async\" class=\"aligncenter size-large wp-image-4458\" src=\"https:\/\/agora.xtec.cat\/escolapatufetsantjordi\/wp-content\/uploads\/usu2284\/2022\/02\/maces-1024x771.jpg\" alt=\"\" width=\"1024\" height=\"771\" srcset=\"https:\/\/agora.xtec.cat\/escolapatufetsantjordi\/wp-content\/uploads\/usu2284\/2022\/02\/maces-1024x771.jpg 1024w, https:\/\/agora.xtec.cat\/escolapatufetsantjordi\/wp-content\/uploads\/usu2284\/2022\/02\/maces-300x226.jpg 300w, https:\/\/agora.xtec.cat\/escolapatufetsantjordi\/wp-content\/uploads\/usu2284\/2022\/02\/maces-768x578.jpg 768w, https:\/\/agora.xtec.cat\/escolapatufetsantjordi\/wp-content\/uploads\/usu2284\/2022\/02\/maces-1536x1156.jpg 1536w, https:\/\/agora.xtec.cat\/escolapatufetsantjordi\/wp-content\/uploads\/usu2284\/2022\/02\/maces-200x150.jpg 200w, https:\/\/agora.xtec.cat\/escolapatufetsantjordi\/wp-content\/uploads\/usu2284\/2022\/02\/maces.jpg 1576w\" sizes=\"auto, (max-width: 1024px) 100vw, 1024px\" \/><\/a><\/p>\n","protected":false},"excerpt":{"rendered":"<p>Els i les mestres s\u00f3n els responsables de la gesti\u00f3 de la Colla pel que fa a l\u2019organitzaci\u00f3 dels infants: incorporaci\u00f3 dels nous, formaci\u00f3, assaigs, burocr\u00e0cia, recursos per al finan\u00e7ament, comiat dels nens i de les nenes que deixen la Colla, coordinaci\u00f3 de la infraestructura de la Colla, necessitats, i coordinaci\u00f3 en general. Els pares [&hellip;]<\/p>\n","protected":false},"author":1,"featured_media":0,"parent":4442,"menu_order":40,"comment_status":"closed","ping_status":"closed","template":"page-templates\/side-menu.php","meta":{"_bbp_topic_count":0,"_bbp_reply_count":0,"_bbp_total_topic_count":0,"_bbp_total_reply_count":0,"_bbp_voice_count":0,"_bbp_anonymous_reply_count":0,"_bbp_topic_count_hidden":0,"_bbp_reply_count_hidden":0,"_bbp_forum_subforum_count":0,"site-sidebar-layout":"default","site-content-layout":"","ast-site-content-layout":"","site-content-style":"default","site-sidebar-style":"default","ast-global-header-display":"","ast-banner-title-visibility":"","ast-main-header-display":"","ast-hfb-above-header-display":"","ast-hfb-below-header-display":"","ast-hfb-mobile-header-display":"","site-post-title":"","ast-breadcrumbs-content":"","ast-featured-img":"","footer-sml-layout":"","theme-transparent-header-meta":"","adv-header-id-meta":"","stick-header-meta":"","header-above-stick-meta":"","header-main-stick-meta":"","header-below-stick-meta":"","astra-migrate-meta-layouts":"default","ast-page-background-enabled":"default","ast-page-background-meta":{"desktop":{"background-color":"var(--ast-global-color-4)","background-image":"","background-repeat":"repeat","background-position":"center center","background-size":"auto","background-attachment":"scroll","background-type":"","background-media":"","overlay-type":"","overlay-color":"","overlay-opacity":"","overlay-gradient":""},"tablet":{"background-color":"","background-image":"","background-repeat":"repeat","background-position":"center center","background-size":"auto","background-attachment":"scroll","background-type":"","background-media":"","overlay-type":"","overlay-color":"","overlay-opacity":"","overlay-gradient":""},"mobile":{"background-color":"","background-image":"","background-repeat":"repeat","background-position":"center center","background-size":"auto","background-attachment":"scroll","background-type":"","background-media":"","overlay-type":"","overlay-color":"","overlay-opacity":"","overlay-gradient":""}},"ast-content-background-meta":{"desktop":{"background-color":"var(--ast-global-color-5)","background-image":"","background-repeat":"repeat","background-position":"center center","background-size":"auto","background-attachment":"scroll","background-type":"","background-media":"","overlay-type":"","overlay-color":"","overlay-opacity":"","overlay-gradient":""},"tablet":{"background-color":"var(--ast-global-color-5)","background-image":"","background-repeat":"repeat","background-position":"center center","background-size":"auto","background-attachment":"scroll","background-type":"","background-media":"","overlay-type":"","overlay-color":"","overlay-opacity":"","overlay-gradient":""},"mobile":{"background-color":"var(--ast-global-color-5)","background-image":"","background-repeat":"repeat","background-position":"center center","background-size":"auto","background-attachment":"scroll","background-type":"","background-media":"","overlay-type":"","overlay-color":"","overlay-opacity":"","overlay-gradient":""}},"footnotes":""},"class_list":["post-5252","page","type-page","status-publish","hentry"],"post_mailing_queue_ids":[],"_links":{"self":[{"href":"https:\/\/agora.xtec.cat\/escolapatufetsantjordi\/wp-json\/wp\/v2\/pages\/5252","targetHints":{"allow":["GET"]}}],"collection":[{"href":"https:\/\/agora.xtec.cat\/escolapatufetsantjordi\/wp-json\/wp\/v2\/pages"}],"about":[{"href":"https:\/\/agora.xtec.cat\/escolapatufetsantjordi\/wp-json\/wp\/v2\/types\/page"}],"author":[{"embeddable":true,"href":"https:\/\/agora.xtec.cat\/escolapatufetsantjordi\/wp-json\/wp\/v2\/users\/1"}],"replies":[{"embeddable":true,"href":"https:\/\/agora.xtec.cat\/escolapatufetsantjordi\/wp-json\/wp\/v2\/comments?post=5252"}],"version-history":[{"count":2,"href":"https:\/\/agora.xtec.cat\/escolapatufetsantjordi\/wp-json\/wp\/v2\/pages\/5252\/revisions"}],"predecessor-version":[{"id":6683,"href":"https:\/\/agora.xtec.cat\/escolapatufetsantjordi\/wp-json\/wp\/v2\/pages\/5252\/revisions\/6683"}],"up":[{"embeddable":true,"href":"https:\/\/agora.xtec.cat\/escolapatufetsantjordi\/wp-json\/wp\/v2\/pages\/4442"}],"wp:attachment":[{"href":"https:\/\/agora.xtec.cat\/escolapatufetsantjordi\/wp-json\/wp\/v2\/media?parent=5252"}],"curies":[{"name":"wp","href":"https:\/\/api.w.org\/{rel}","templated":true}]}}