{"id":5251,"date":"2022-11-25T23:40:51","date_gmt":"2022-11-25T22:40:51","guid":{"rendered":"https:\/\/agora.xtec.cat\/escolapatufetsantjordi\/?page_id=5251"},"modified":"2024-04-13T12:44:27","modified_gmt":"2024-04-13T10:44:27","slug":"composicio-2","status":"publish","type":"page","link":"https:\/\/agora.xtec.cat\/escolapatufetsantjordi\/patunyetes\/composicio-2\/","title":{"rendered":"Composici\u00f3"},"content":{"rendered":"<p><span style=\"font-weight: 400;\">La Colla est\u00e0 formada per infants de 3r a 6\u00e8, alumnes de l\u2019escola, les seves fam\u00edlies i mestres de l\u2019escola.\u00a0<\/span><\/p>\n<p><span style=\"font-weight: 400;\">Tenim diables de foc i diables m\u00fasics.\u00a0<\/span><\/p>\n<p><span style=\"font-weight: 400;\">De cada nivell, procurem que hi hagi un m\u00ednim de 6 tabalers\/es i 6 diables o diablesses de foc.<\/span><\/p>\n<p>&nbsp;<\/p>\n<p><span style=\"font-weight: 400;\">Amb l\u2019autoritzaci\u00f3 de les fam\u00edlies i el corresponent comprom\u00eds, es fa un sorteig entre aquells infants que tenen el desig de pert\u00e0nyer a la Colla.\u00a0<\/span><\/p>\n<p><span style=\"font-weight: 400;\">Cal dir que la din\u00e0mica de la Colla fa que cada any es renovi el 25% dels seus membres, ja que els nois i noies grans, quan deixen l\u2019escola en el seu \u00faltim curs, deixen tamb\u00e9 la Colla. Aix\u00f2 ens obliga a renovar aquest 25% amb nenes i nens nous dels cursos m\u00e9s petits, implicats. Aquesta din\u00e0mica ens ha portat certs avantatges i certs inconvenients.<\/span><\/p>\n<p><span style=\"font-weight: 400;\">Per una banda, sempre ha estat una din\u00e0mica molt viva: entra i surt un nombre considerable de nois i noies, no mostrant-se com una Colla tancada sin\u00f3 com una Colla oberta i en renovaci\u00f3 constant (cada curs). Aix\u00f2 ha perm\u00e8s que, en aquests anys d\u2019hist\u00f2ria, hagin passat un nombre aproximat d\u2019entre tres-cents cinquanta i quatre-cents nois i noies. Molts d\u2019ells marxaven amb ganes de continuar fent aquesta activitat, i aquest \u00faltim punt ha tingut unes conseq\u00fc\u00e8ncies importants i destacables a nivell de barri i de ciutat que m\u00e9s endavant comentarem.<\/span><\/p>\n<p><span style=\"font-weight: 400;\">Per contra, i dins els aspectes no tan positius, sempre ens hem trobat que la Colla est\u00e0 constantment en per\u00edode d\u2019aprenentatge. Quan un noi o noia comen\u00e7a a dominar el que ha anat aprenent\u00a0 (ritmes, danses, coreografies,\u00a0 moviments&#8230;)\u00a0 ha de marxar perqu\u00e8 ha acabat el seu pas per l\u2019escola. Cara en fora, aix\u00f2 s\u2019ha convertit en un element diferenciador, ja que si b\u00e9 com a Colla (com a entitat), tenim el pes de ser la m\u00e9s antiga de la ciutat i una de les m\u00e9s antigues de Barcelona, tenint una gran experi\u00e8ncia, com a membres, sempre som una Colla jove i limitada, en alguns aspectes.<\/span><\/p>\n<p>&nbsp;<\/p>\n<p><span style=\"font-weight: 400;\">La Sat\u00e0nia \u00e9s portada per pares i mares de la Colla.<\/span><\/p>\n<p><span style=\"font-weight: 400;\">Les Satanietes les porten els petadors i petadores m\u00e9s grans de la Colla.<\/span><\/p>\n<p><a href=\"https:\/\/agora.xtec.cat\/escolapatufetsantjordi\/wp-content\/uploads\/usu2284\/2022\/12\/6B892B29-A1FA-4E4E-98C4-1301E0E1B064.jpeg\"><img loading=\"lazy\" decoding=\"async\" class=\"wp-image-5519 aligncenter\" src=\"https:\/\/agora.xtec.cat\/escolapatufetsantjordi\/wp-content\/uploads\/usu2284\/2022\/12\/6B892B29-A1FA-4E4E-98C4-1301E0E1B064.jpeg\" alt=\"\" width=\"655\" height=\"491\" srcset=\"https:\/\/agora.xtec.cat\/escolapatufetsantjordi\/wp-content\/uploads\/usu2284\/2022\/12\/6B892B29-A1FA-4E4E-98C4-1301E0E1B064.jpeg 1024w, https:\/\/agora.xtec.cat\/escolapatufetsantjordi\/wp-content\/uploads\/usu2284\/2022\/12\/6B892B29-A1FA-4E4E-98C4-1301E0E1B064-300x225.jpeg 300w, https:\/\/agora.xtec.cat\/escolapatufetsantjordi\/wp-content\/uploads\/usu2284\/2022\/12\/6B892B29-A1FA-4E4E-98C4-1301E0E1B064-768x576.jpeg 768w, https:\/\/agora.xtec.cat\/escolapatufetsantjordi\/wp-content\/uploads\/usu2284\/2022\/12\/6B892B29-A1FA-4E4E-98C4-1301E0E1B064-200x150.jpeg 200w\" sizes=\"auto, (max-width: 655px) 100vw, 655px\" \/><\/a><\/p>\n","protected":false},"excerpt":{"rendered":"<p>La Colla est\u00e0 formada per infants de 3r a 6\u00e8, alumnes de l\u2019escola, les seves fam\u00edlies i mestres de l\u2019escola.\u00a0 Tenim diables de foc i diables m\u00fasics.\u00a0 De cada nivell, procurem que hi hagi un m\u00ednim de 6 tabalers\/es i 6 diables o diablesses de foc. &nbsp; Amb l\u2019autoritzaci\u00f3 de les fam\u00edlies i el corresponent [&hellip;]<\/p>\n","protected":false},"author":1,"featured_media":0,"parent":4442,"menu_order":30,"comment_status":"closed","ping_status":"closed","template":"page-templates\/side-menu.php","meta":{"_bbp_topic_count":0,"_bbp_reply_count":0,"_bbp_total_topic_count":0,"_bbp_total_reply_count":0,"_bbp_voice_count":0,"_bbp_anonymous_reply_count":0,"_bbp_topic_count_hidden":0,"_bbp_reply_count_hidden":0,"_bbp_forum_subforum_count":0,"site-sidebar-layout":"default","site-content-layout":"","ast-site-content-layout":"","site-content-style":"default","site-sidebar-style":"default","ast-global-header-display":"","ast-banner-title-visibility":"","ast-main-header-display":"","ast-hfb-above-header-display":"","ast-hfb-below-header-display":"","ast-hfb-mobile-header-display":"","site-post-title":"","ast-breadcrumbs-content":"","ast-featured-img":"","footer-sml-layout":"","theme-transparent-header-meta":"","adv-header-id-meta":"","stick-header-meta":"","header-above-stick-meta":"","header-main-stick-meta":"","header-below-stick-meta":"","astra-migrate-meta-layouts":"default","ast-page-background-enabled":"default","ast-page-background-meta":{"desktop":{"background-color":"var(--ast-global-color-4)","background-image":"","background-repeat":"repeat","background-position":"center center","background-size":"auto","background-attachment":"scroll","background-type":"","background-media":"","overlay-type":"","overlay-color":"","overlay-opacity":"","overlay-gradient":""},"tablet":{"background-color":"","background-image":"","background-repeat":"repeat","background-position":"center center","background-size":"auto","background-attachment":"scroll","background-type":"","background-media":"","overlay-type":"","overlay-color":"","overlay-opacity":"","overlay-gradient":""},"mobile":{"background-color":"","background-image":"","background-repeat":"repeat","background-position":"center center","background-size":"auto","background-attachment":"scroll","background-type":"","background-media":"","overlay-type":"","overlay-color":"","overlay-opacity":"","overlay-gradient":""}},"ast-content-background-meta":{"desktop":{"background-color":"var(--ast-global-color-5)","background-image":"","background-repeat":"repeat","background-position":"center center","background-size":"auto","background-attachment":"scroll","background-type":"","background-media":"","overlay-type":"","overlay-color":"","overlay-opacity":"","overlay-gradient":""},"tablet":{"background-color":"var(--ast-global-color-5)","background-image":"","background-repeat":"repeat","background-position":"center center","background-size":"auto","background-attachment":"scroll","background-type":"","background-media":"","overlay-type":"","overlay-color":"","overlay-opacity":"","overlay-gradient":""},"mobile":{"background-color":"var(--ast-global-color-5)","background-image":"","background-repeat":"repeat","background-position":"center center","background-size":"auto","background-attachment":"scroll","background-type":"","background-media":"","overlay-type":"","overlay-color":"","overlay-opacity":"","overlay-gradient":""}},"footnotes":""},"class_list":["post-5251","page","type-page","status-publish","hentry"],"post_mailing_queue_ids":[],"_links":{"self":[{"href":"https:\/\/agora.xtec.cat\/escolapatufetsantjordi\/wp-json\/wp\/v2\/pages\/5251","targetHints":{"allow":["GET"]}}],"collection":[{"href":"https:\/\/agora.xtec.cat\/escolapatufetsantjordi\/wp-json\/wp\/v2\/pages"}],"about":[{"href":"https:\/\/agora.xtec.cat\/escolapatufetsantjordi\/wp-json\/wp\/v2\/types\/page"}],"author":[{"embeddable":true,"href":"https:\/\/agora.xtec.cat\/escolapatufetsantjordi\/wp-json\/wp\/v2\/users\/1"}],"replies":[{"embeddable":true,"href":"https:\/\/agora.xtec.cat\/escolapatufetsantjordi\/wp-json\/wp\/v2\/comments?post=5251"}],"version-history":[{"count":4,"href":"https:\/\/agora.xtec.cat\/escolapatufetsantjordi\/wp-json\/wp\/v2\/pages\/5251\/revisions"}],"predecessor-version":[{"id":6691,"href":"https:\/\/agora.xtec.cat\/escolapatufetsantjordi\/wp-json\/wp\/v2\/pages\/5251\/revisions\/6691"}],"up":[{"embeddable":true,"href":"https:\/\/agora.xtec.cat\/escolapatufetsantjordi\/wp-json\/wp\/v2\/pages\/4442"}],"wp:attachment":[{"href":"https:\/\/agora.xtec.cat\/escolapatufetsantjordi\/wp-json\/wp\/v2\/media?parent=5251"}],"curies":[{"name":"wp","href":"https:\/\/api.w.org\/{rel}","templated":true}]}}