{"id":5246,"date":"2022-11-25T23:40:51","date_gmt":"2022-11-25T22:40:51","guid":{"rendered":"https:\/\/agora.xtec.cat\/escolapatufetsantjordi\/?page_id=5246"},"modified":"2023-01-13T10:16:13","modified_gmt":"2023-01-13T09:16:13","slug":"historia-de-la-colla","status":"publish","type":"page","link":"https:\/\/agora.xtec.cat\/escolapatufetsantjordi\/patunyetes\/historia-de-la-colla\/","title":{"rendered":"Hist\u00f2ria de la colla"},"content":{"rendered":"<p><span style=\"font-weight: 400;\">L\u2019any 1986, l\u2019escola Patufet est\u00e0 ultimant el seu pas a la xarxa d\u2019escoles p\u00fabliques de la Generalitat de Catalunya. Aquest pas no el fa sola, sin\u00f3 amb un grup d\u2019escoles que fa anys lluiten per aconseguir una escola p\u00fablica catalana de qualitat i laica. S\u00f3n anomenades escoles del CEPEC (col\u00b7lectiu d\u2019escoles per una escola p\u00fablica i catalana).<\/span><\/p>\n<p><span style=\"font-weight: 400;\">Tradicionalment, als voltants de Sant Jordi, se celebra la festa de l\u2019escola, una gran festa oberta a tothom que vulgui participar i gaudir d\u2019ella.\u00a0<\/span><\/p>\n<p><span style=\"font-weight: 400;\">Aquell 1986-87 per\u00f2, vol tenir un caire especial per celebrar el final d\u2019aquest llarg proc\u00e9s de trasp\u00e0s cap a una escola p\u00fablica. En aquell important moment es vol obtenir una diada especial i compartida amb tots els que han participat per poder aconseguir aquest trasp\u00e0s. S\u2019idea una festa fora de l\u2019escola, en un lloc gran i ampli (parc de Can Buxeres) en la que es far\u00e0 una mostra d\u2019algunes de les coses que identifiquen i que s\u00f3n il\u00b7lustratives de la forma de treball del centre. Entre d\u2019altres, es vol incidir, especialment, en la recuperaci\u00f3 de festes populars i tradicionals del pa\u00eds.<\/span><\/p>\n<p><span style=\"font-weight: 400;\">Els i les mestres de l\u2019escola Patufet comencen a preparar la seva aportaci\u00f3 a aquesta festa amb els infants, les seves fam\u00edlies, una mostra d\u2019aquestes festes que recordi les arrels de la nostra cultura i tradicions: gegants, castellers&#8230; i \u00e9s quan un grup de mestres de l\u2019escola es llencen en l\u2019ambici\u00f3s projecte de crear una colla de diables INFANTILS. La primera de l\u2019Hospitalet i una de les primeres de Barcelona, amb dos objectius principals:<\/span><\/p>\n<ul>\n<li style=\"font-weight: 400;\" aria-level=\"1\"><span style=\"font-weight: 400;\">Recuperar una festa que es sap que t\u00e9 molts anys de tradici\u00f3 al pa\u00eds per\u00f2 poc coneguda en aquestes contrades.<\/span><\/li>\n<li style=\"font-weight: 400;\" aria-level=\"1\"><span style=\"font-weight: 400;\">I crear i disposar d\u2019una estrat\u00e8gia de car\u00e0cter integrador i inclusiu per a aquells infants que mostren algunes dificultats en l\u2019\u00e0mbit acad\u00e8mic, per\u00f2 que en un ambient diferent amb altres exig\u00e8ncies, poden demostrar les seves capacitats i habilitats als altres i a ells mateixos, guanyant, aix\u00ed, en autoestima i positivitzant el seu paper a l\u2019escola.<\/span><\/li>\n<\/ul>\n<p>&nbsp;<\/p>\n<p><span style=\"font-weight: 400;\">A partir d\u2019aquell moment es comen\u00e7a a treballar per a anar donant forma i recursos a la Colla. I \u00e9s a la festa de l\u2019escola, un dissabte de maig de 1987 que es presenta la Colla Patunyetes i la Colla de Bellvitge fa el nostre BATEIG DE FOC.<\/span><\/p>\n<p><a href=\"https:\/\/agora.xtec.cat\/escolapatufetsantjordi\/wp-content\/uploads\/usu2284\/2022\/02\/dansa2.jpg\"><img loading=\"lazy\" decoding=\"async\" class=\"size-full wp-image-4456 aligncenter\" src=\"https:\/\/agora.xtec.cat\/escolapatufetsantjordi\/wp-content\/uploads\/usu2284\/2022\/02\/dansa2.jpg\" alt=\"\" width=\"896\" height=\"602\" srcset=\"https:\/\/agora.xtec.cat\/escolapatufetsantjordi\/wp-content\/uploads\/usu2284\/2022\/02\/dansa2.jpg 896w, https:\/\/agora.xtec.cat\/escolapatufetsantjordi\/wp-content\/uploads\/usu2284\/2022\/02\/dansa2-300x202.jpg 300w, https:\/\/agora.xtec.cat\/escolapatufetsantjordi\/wp-content\/uploads\/usu2284\/2022\/02\/dansa2-768x516.jpg 768w\" sizes=\"auto, (max-width: 896px) 100vw, 896px\" \/><\/a><\/p>\n<p><span style=\"font-weight: 400;\">Amb motiu del desig d\u2019augmentar la Colla, els mestres de la Colla, amb la col\u00b7laboraci\u00f3 d\u2019un grup de pares i mares creen una dragona de foc i els infants de l\u2019escola, a trav\u00e9s d\u2019una votaci\u00f3, trien el nom d\u2019aquesta dragona: SAT\u00c0NIA (juny del 2004). I m\u00e9s endavant es creen les filles de la SAT\u00c0NIA, les SATANIETES (a partir del juny del 2007): la PUMKY, la PRESUMIDA, la GITANA, la CALBA i les BESSONES.<\/span><\/p>\n<p>&nbsp;<\/p>\n<p><span style=\"font-weight: 400;\">Des dels inicis de la colla la part musical ha tingut molta import\u00e0ncia i ha apropat la m\u00fasica tradicional de tambors als nens i a les nenes de l\u2019escola.\u00a0<\/span><\/p>\n<p><span style=\"font-weight: 400;\">Engrescades per les ganes de crear, ensenyar i compartir, el 2016 es va proposar comen\u00e7ar un taller en qu\u00e8 els i les tabaleres de patunyetes aprendrien a tocar el tabal, a m\u00e9s d\u2019inventar, moure\u2019s, col\u00b7laborar i passar-s\u2019ho b\u00e9 tocant el tambor.<\/span><\/p>\n<p>&nbsp;<\/p>\n<p><span style=\"font-weight: 400;\">El primer any va ser un any d\u2019aprenentatge, tant pels nens i les nenes, com per les monitores que portaven el taller. Es feia cada dues setmanes i cada setmana es preparaven els ritmes, els jocs i les activitats que es farien el divendres d\u2019assaig.<\/span><\/p>\n<p><span style=\"font-weight: 400;\">L\u2019any seg\u00fcent, despr\u00e9s d\u2019una molt bona valoraci\u00f3, es va comen\u00e7ar a fer el taller setmanalment, i aix\u00ed ha seguit fins avui.<\/span><\/p>\n<p>&nbsp;<\/p>\n<p><span style=\"font-weight: 400;\">Al taller, animem als nens i a les nenes de la colla a participar en la preparaci\u00f3 de les can\u00e7ons, ajudar-se entre elles, empoderar-se prenent responsabilitats i, al cap i a la fi, formar part de manera plena d\u2019una colla de diables i tabalers.<\/span><\/p>\n","protected":false},"excerpt":{"rendered":"<p>L\u2019any 1986, l\u2019escola Patufet est\u00e0 ultimant el seu pas a la xarxa d\u2019escoles p\u00fabliques de la Generalitat de Catalunya. Aquest pas no el fa sola, sin\u00f3 amb un grup d\u2019escoles que fa anys lluiten per aconseguir una escola p\u00fablica catalana de qualitat i laica. S\u00f3n anomenades escoles del CEPEC (col\u00b7lectiu d\u2019escoles per una escola p\u00fablica [&hellip;]<\/p>\n","protected":false},"author":1,"featured_media":0,"parent":4442,"menu_order":10,"comment_status":"closed","ping_status":"closed","template":"page-templates\/side-menu.php","meta":{"_bbp_topic_count":0,"_bbp_reply_count":0,"_bbp_total_topic_count":0,"_bbp_total_reply_count":0,"_bbp_voice_count":0,"_bbp_anonymous_reply_count":0,"_bbp_topic_count_hidden":0,"_bbp_reply_count_hidden":0,"_bbp_forum_subforum_count":0,"site-sidebar-layout":"default","site-content-layout":"","ast-site-content-layout":"","site-content-style":"default","site-sidebar-style":"default","ast-global-header-display":"","ast-banner-title-visibility":"","ast-main-header-display":"","ast-hfb-above-header-display":"","ast-hfb-below-header-display":"","ast-hfb-mobile-header-display":"","site-post-title":"","ast-breadcrumbs-content":"","ast-featured-img":"","footer-sml-layout":"","theme-transparent-header-meta":"","adv-header-id-meta":"","stick-header-meta":"","header-above-stick-meta":"","header-main-stick-meta":"","header-below-stick-meta":"","astra-migrate-meta-layouts":"default","ast-page-background-enabled":"default","ast-page-background-meta":{"desktop":{"background-color":"var(--ast-global-color-4)","background-image":"","background-repeat":"repeat","background-position":"center center","background-size":"auto","background-attachment":"scroll","background-type":"","background-media":"","overlay-type":"","overlay-color":"","overlay-opacity":"","overlay-gradient":""},"tablet":{"background-color":"","background-image":"","background-repeat":"repeat","background-position":"center center","background-size":"auto","background-attachment":"scroll","background-type":"","background-media":"","overlay-type":"","overlay-color":"","overlay-opacity":"","overlay-gradient":""},"mobile":{"background-color":"","background-image":"","background-repeat":"repeat","background-position":"center center","background-size":"auto","background-attachment":"scroll","background-type":"","background-media":"","overlay-type":"","overlay-color":"","overlay-opacity":"","overlay-gradient":""}},"ast-content-background-meta":{"desktop":{"background-color":"var(--ast-global-color-5)","background-image":"","background-repeat":"repeat","background-position":"center center","background-size":"auto","background-attachment":"scroll","background-type":"","background-media":"","overlay-type":"","overlay-color":"","overlay-opacity":"","overlay-gradient":""},"tablet":{"background-color":"var(--ast-global-color-5)","background-image":"","background-repeat":"repeat","background-position":"center center","background-size":"auto","background-attachment":"scroll","background-type":"","background-media":"","overlay-type":"","overlay-color":"","overlay-opacity":"","overlay-gradient":""},"mobile":{"background-color":"var(--ast-global-color-5)","background-image":"","background-repeat":"repeat","background-position":"center center","background-size":"auto","background-attachment":"scroll","background-type":"","background-media":"","overlay-type":"","overlay-color":"","overlay-opacity":"","overlay-gradient":""}},"footnotes":""},"class_list":["post-5246","page","type-page","status-publish","hentry"],"post_mailing_queue_ids":[],"_links":{"self":[{"href":"https:\/\/agora.xtec.cat\/escolapatufetsantjordi\/wp-json\/wp\/v2\/pages\/5246","targetHints":{"allow":["GET"]}}],"collection":[{"href":"https:\/\/agora.xtec.cat\/escolapatufetsantjordi\/wp-json\/wp\/v2\/pages"}],"about":[{"href":"https:\/\/agora.xtec.cat\/escolapatufetsantjordi\/wp-json\/wp\/v2\/types\/page"}],"author":[{"embeddable":true,"href":"https:\/\/agora.xtec.cat\/escolapatufetsantjordi\/wp-json\/wp\/v2\/users\/1"}],"replies":[{"embeddable":true,"href":"https:\/\/agora.xtec.cat\/escolapatufetsantjordi\/wp-json\/wp\/v2\/comments?post=5246"}],"version-history":[{"count":3,"href":"https:\/\/agora.xtec.cat\/escolapatufetsantjordi\/wp-json\/wp\/v2\/pages\/5246\/revisions"}],"predecessor-version":[{"id":5694,"href":"https:\/\/agora.xtec.cat\/escolapatufetsantjordi\/wp-json\/wp\/v2\/pages\/5246\/revisions\/5694"}],"up":[{"embeddable":true,"href":"https:\/\/agora.xtec.cat\/escolapatufetsantjordi\/wp-json\/wp\/v2\/pages\/4442"}],"wp:attachment":[{"href":"https:\/\/agora.xtec.cat\/escolapatufetsantjordi\/wp-json\/wp\/v2\/media?parent=5246"}],"curies":[{"name":"wp","href":"https:\/\/api.w.org\/{rel}","templated":true}]}}