{"id":5212,"date":"2022-08-19T19:13:50","date_gmt":"2022-08-19T17:13:50","guid":{"rendered":"https:\/\/agora.xtec.cat\/escolapatufetsantjordi\/?page_id=5212"},"modified":"2025-07-10T08:07:33","modified_gmt":"2025-07-10T06:07:33","slug":"autoritzacions-2","status":"publish","type":"page","link":"https:\/\/agora.xtec.cat\/escolapatufetsantjordi\/curs-actual\/autoritzacions-2\/","title":{"rendered":"Autoritzacions"},"content":{"rendered":"<p style=\"text-align: center;\">Descarrega, emplena i signa en format digital les autoritzacions.<\/p>\n<table class=\" aligncenter\" style=\"height: 178px; width: 77.7621%; border-collapse: collapse;\">\n<tbody>\n<tr style=\"height: 32px;\">\n<td style=\"width: 9.10138%; height: 32px;\"><a href=\"https:\/\/agora.xtec.cat\/escolapatufetsantjordi\/wp-content\/uploads\/usu2284\/2023\/09\/SORTIDES.pdf\">Autoritzaci\u00f3 per sortides<\/a><\/td>\n<td style=\"width: 7.02771%; height: 32px;\">Tot l&#8217;alumnat<\/td>\n<\/tr>\n<tr style=\"height: 32px;\">\n<td style=\"width: 9.10138%; height: 32px;\"><a href=\"https:\/\/agora.xtec.cat\/escolapatufetsantjordi\/wp-content\/uploads\/usu2284\/2024\/07\/AUTORITZACIO-PER-RECOLLIR-ALUMNES-2.pdf\">Autoritzaci\u00f3 per recollir alumnes<\/a><\/td>\n<td style=\"width: 7.02771%; height: 32px;\">Tot l&#8217;alumnat<\/td>\n<\/tr>\n<tr style=\"height: 32px;\">\n<td style=\"width: 9.10138%; height: 32px;\"><a href=\"https:\/\/agora.xtec.cat\/escolapatufetsantjordi\/wp-content\/uploads\/usu2284\/2023\/09\/SOL_A-A-CASA.pdf\">Autoritzaci\u00f3 per anar sol a casa<\/a><\/td>\n<td style=\"width: 7.02771%; height: 32px;\">Alumnat del Cicle dels Grans<\/td>\n<\/tr>\n<tr>\n<td style=\"width: 9.10138%;\"><a href=\"https:\/\/agora.xtec.cat\/escolapatufetsantjordi\/wp-content\/uploads\/usu2284\/2025\/06\/AUTORITZACIO-IMATGES.pdf\">Autoritzaci\u00f3 drets d&#8217;imatge<\/a><\/td>\n<td style=\"width: 7.02771%;\">Tot l&#8217;alumnat<\/td>\n<\/tr>\n<tr style=\"height: 32px;\">\n<td style=\"width: 9.10138%; height: 32px;\"><a href=\"https:\/\/agora.xtec.cat\/escolapatufetsantjordi\/wp-content\/uploads\/usu2284\/2025\/06\/MEDICAMENTS.pdf\">Autoritzaci\u00f3 subministrament medicaments amb prescripci\u00f3 m\u00e8dica<\/a><\/td>\n<td style=\"width: 7.02771%; height: 32px;\">Tot l&#8217;alumnat<\/td>\n<\/tr>\n<\/tbody>\n<\/table>\n<p>&nbsp;<\/p>\n<p>&nbsp;<\/p>\n<p><a href=\"https:\/\/agora.xtec.cat\/escolapatufetsantjordi\/wp-content\/uploads\/usu2284\/2024\/04\/IMG_4414-1.jpg\"><img loading=\"lazy\" decoding=\"async\" class=\"aligncenter wp-image-6656 \" src=\"https:\/\/agora.xtec.cat\/escolapatufetsantjordi\/wp-content\/uploads\/usu2284\/2024\/04\/IMG_4414-1-e1713004264206-300x225.jpg\" alt=\"\" width=\"264\" height=\"198\" srcset=\"https:\/\/agora.xtec.cat\/escolapatufetsantjordi\/wp-content\/uploads\/usu2284\/2024\/04\/IMG_4414-1-e1713004264206-300x225.jpg 300w, https:\/\/agora.xtec.cat\/escolapatufetsantjordi\/wp-content\/uploads\/usu2284\/2024\/04\/IMG_4414-1-e1713004264206-1024x768.jpg 1024w, https:\/\/agora.xtec.cat\/escolapatufetsantjordi\/wp-content\/uploads\/usu2284\/2024\/04\/IMG_4414-1-e1713004264206-768x576.jpg 768w, https:\/\/agora.xtec.cat\/escolapatufetsantjordi\/wp-content\/uploads\/usu2284\/2024\/04\/IMG_4414-1-e1713004264206-200x150.jpg 200w, https:\/\/agora.xtec.cat\/escolapatufetsantjordi\/wp-content\/uploads\/usu2284\/2024\/04\/IMG_4414-1-e1713004264206.jpg 1365w\" sizes=\"auto, (max-width: 264px) 100vw, 264px\" \/><\/a><\/p>\n","protected":false},"excerpt":{"rendered":"<p>Descarrega, emplena i signa en format digital les autoritzacions. Autoritzaci\u00f3 per sortides Tot l&#8217;alumnat Autoritzaci\u00f3 per recollir alumnes Tot l&#8217;alumnat Autoritzaci\u00f3 per anar sol a casa Alumnat del Cicle dels Grans Autoritzaci\u00f3 drets d&#8217;imatge Tot l&#8217;alumnat Autoritzaci\u00f3 subministrament medicaments amb prescripci\u00f3 m\u00e8dica Tot l&#8217;alumnat &nbsp; &nbsp;<\/p>\n","protected":false},"author":1,"featured_media":0,"parent":5122,"menu_order":40,"comment_status":"closed","ping_status":"closed","template":"","meta":{"_bbp_topic_count":0,"_bbp_reply_count":0,"_bbp_total_topic_count":0,"_bbp_total_reply_count":0,"_bbp_voice_count":0,"_bbp_anonymous_reply_count":0,"_bbp_topic_count_hidden":0,"_bbp_reply_count_hidden":0,"_bbp_forum_subforum_count":0,"site-sidebar-layout":"default","site-content-layout":"","ast-site-content-layout":"default","site-content-style":"default","site-sidebar-style":"default","ast-global-header-display":"","ast-banner-title-visibility":"","ast-main-header-display":"","ast-hfb-above-header-display":"","ast-hfb-below-header-display":"","ast-hfb-mobile-header-display":"","site-post-title":"","ast-breadcrumbs-content":"","ast-featured-img":"","footer-sml-layout":"","theme-transparent-header-meta":"default","adv-header-id-meta":"","stick-header-meta":"","header-above-stick-meta":"","header-main-stick-meta":"","header-below-stick-meta":"","astra-migrate-meta-layouts":"set","ast-page-background-enabled":"default","ast-page-background-meta":{"desktop":{"background-color":"var(--ast-global-color-4)","background-image":"","background-repeat":"repeat","background-position":"center center","background-size":"auto","background-attachment":"scroll","background-type":"","background-media":"","overlay-type":"","overlay-color":"","overlay-opacity":"","overlay-gradient":""},"tablet":{"background-color":"","background-image":"","background-repeat":"repeat","background-position":"center center","background-size":"auto","background-attachment":"scroll","background-type":"","background-media":"","overlay-type":"","overlay-color":"","overlay-opacity":"","overlay-gradient":""},"mobile":{"background-color":"","background-image":"","background-repeat":"repeat","background-position":"center center","background-size":"auto","background-attachment":"scroll","background-type":"","background-media":"","overlay-type":"","overlay-color":"","overlay-opacity":"","overlay-gradient":""}},"ast-content-background-meta":{"desktop":{"background-color":"var(--ast-global-color-5)","background-image":"","background-repeat":"repeat","background-position":"center center","background-size":"auto","background-attachment":"scroll","background-type":"","background-media":"","overlay-type":"","overlay-color":"","overlay-opacity":"","overlay-gradient":""},"tablet":{"background-color":"var(--ast-global-color-5)","background-image":"","background-repeat":"repeat","background-position":"center center","background-size":"auto","background-attachment":"scroll","background-type":"","background-media":"","overlay-type":"","overlay-color":"","overlay-opacity":"","overlay-gradient":""},"mobile":{"background-color":"var(--ast-global-color-5)","background-image":"","background-repeat":"repeat","background-position":"center center","background-size":"auto","background-attachment":"scroll","background-type":"","background-media":"","overlay-type":"","overlay-color":"","overlay-opacity":"","overlay-gradient":""}},"footnotes":""},"class_list":["post-5212","page","type-page","status-publish","hentry"],"post_mailing_queue_ids":[],"_links":{"self":[{"href":"https:\/\/agora.xtec.cat\/escolapatufetsantjordi\/wp-json\/wp\/v2\/pages\/5212","targetHints":{"allow":["GET"]}}],"collection":[{"href":"https:\/\/agora.xtec.cat\/escolapatufetsantjordi\/wp-json\/wp\/v2\/pages"}],"about":[{"href":"https:\/\/agora.xtec.cat\/escolapatufetsantjordi\/wp-json\/wp\/v2\/types\/page"}],"author":[{"embeddable":true,"href":"https:\/\/agora.xtec.cat\/escolapatufetsantjordi\/wp-json\/wp\/v2\/users\/1"}],"replies":[{"embeddable":true,"href":"https:\/\/agora.xtec.cat\/escolapatufetsantjordi\/wp-json\/wp\/v2\/comments?post=5212"}],"version-history":[{"count":7,"href":"https:\/\/agora.xtec.cat\/escolapatufetsantjordi\/wp-json\/wp\/v2\/pages\/5212\/revisions"}],"predecessor-version":[{"id":7123,"href":"https:\/\/agora.xtec.cat\/escolapatufetsantjordi\/wp-json\/wp\/v2\/pages\/5212\/revisions\/7123"}],"up":[{"embeddable":true,"href":"https:\/\/agora.xtec.cat\/escolapatufetsantjordi\/wp-json\/wp\/v2\/pages\/5122"}],"wp:attachment":[{"href":"https:\/\/agora.xtec.cat\/escolapatufetsantjordi\/wp-json\/wp\/v2\/media?parent=5212"}],"curies":[{"name":"wp","href":"https:\/\/api.w.org\/{rel}","templated":true}]}}