{"id":5195,"date":"2022-08-19T19:04:56","date_gmt":"2022-08-19T17:04:56","guid":{"rendered":"https:\/\/agora.xtec.cat\/escolapatufetsantjordi\/?page_id=5195"},"modified":"2025-07-10T08:18:10","modified_gmt":"2025-07-10T06:18:10","slug":"equip-huma-3","status":"publish","type":"page","link":"https:\/\/agora.xtec.cat\/escolapatufetsantjordi\/curs-actual\/equip-huma-3\/","title":{"rendered":"Equip hum\u00e0"},"content":{"rendered":"<p><strong>L\u2019Equip de Mestres<\/strong><\/p>\n<p>L\u2019equip de mestres est\u00e0 format per tots\/es els\/les mestres que treballem a l\u2019escola. Ens organitzem en tres grans cicles: Petits, Mitjans i Grans, formant-se aix\u00ed\u00a0<strong>tres cicles aut\u00f2noms<\/strong>. Cada cicle est\u00e0 format per entre 10 i 12 mestres que es fan c\u00e0rrec d\u2019acompanyar els infants i les seves fam\u00edlies i que treballen de forma col\u00b7laborativa. A cada cicle hi ha la representaci\u00f3 dels\/de les 6 tutors\/es de grup, els especialistes d\u2019angl\u00e8s i\/o m\u00fasica i\/o E.F, la persona de la CAD (l\u2019Equip de coordinaci\u00f3 d\u2019atenci\u00f3 a la diversitat), la TEI i\/o Educadora.<\/p>\n<p>Els cicles s\u00f3n coordinats per dues persones que, alhora, formen part de l\u2019ECP (Equip de Coordinaci\u00f3 Pedag\u00f2gica) sent aquest el\u00a0<strong>nucli d\u2019encaix<\/strong>, connexi\u00f3 de les tres comunitats i motor de les diferents l\u00ednies de treball de l\u2019escola.<\/p>\n<p>L\u2019escola t\u00e9 un equip directiu format per tres persones (directora, cap d\u2019estudis i secret\u00e0ria) que fa les diferents tasques de gesti\u00f3 administrativa i pedag\u00f2gica.<\/p>\n<p>A m\u00e9s, tenim dos conserges i un administratiu que ens ajuden a atendre les fam\u00edlies.<\/p>\n<p>Per altra banda, tenim l&#8217;equip de neteja que mant\u00e9 l&#8217;escola en condicions \u00f2ptimes de higiene.<\/p>\n<p>I, d&#8217;altra banda, tenim l&#8217;equip de la cooperativa: monitors, cuiners i coordinadors, que acompanyen i dinamitzen les estones complement\u00e0ries a la jornada lectiva, com s\u00f3n l&#8217;acollida, l&#8217;hora de dinar, les tardes de juny i ens ajuden en la gesti\u00f3 dels materials curriculars, les sortides i les col\u00f2nies.&#8221;<\/p>\n<p>&nbsp;<\/p>\n<p class=\"has-text-align-center\"><strong>L\u2019equip del curs 2025\/2026 est\u00e0 format per:<\/strong><\/p>\n<p><strong style=\"color: #6f6f6f; font-family: inherit; font-size: 1em;\">Equip de mestres i educadores<\/strong><\/p>\n<figure class=\"wp-block-table is-style-stripes\">\n<table style=\"width: 98.2329%; height: 587px;\">\n<tbody>\n<tr style=\"height: 32px;\">\n<td style=\"width: 46.4812%; text-align: center; height: 32px;\">Marta Abril<\/td>\n<td style=\"width: 46.4812%; text-align: center; height: 32px;\">Carolina Lozano<\/td>\n<\/tr>\n<tr style=\"height: 32px;\">\n<td style=\"width: 46.4812%; text-align: center; height: 32px;\">Dolors Beascoechea<\/td>\n<td style=\"width: 46.4812%; text-align: center; height: 52px;\">Maria Medina (Educadora)<\/td>\n<\/tr>\n<tr style=\"height: 32px;\">\n<td style=\"width: 46.4812%; text-align: center; height: 32px;\">Merc\u00e8 Cam\u00f3s<\/td>\n<td style=\"width: 46.4812%; text-align: center; height: 52px;\"><span style=\"font-weight: 400;\">Sonia Monforte<\/span><\/td>\n<\/tr>\n<tr style=\"height: 32px;\">\n<td style=\"width: 46.4812%; text-align: center; height: 32px;\">Amanda Delgado<\/td>\n<td style=\"width: 46.4812%; text-align: center; height: 32px;\">Marta Oliver<\/td>\n<\/tr>\n<tr style=\"height: 32px;\">\n<td style=\"width: 46.4812%; text-align: center; height: 32px;\">Sara D\u00edaz<\/td>\n<td style=\"width: 46.4812%; text-align: center; height: 32px;\">Pilar Ortiz<\/td>\n<\/tr>\n<tr style=\"height: 32px;\">\n<td style=\"width: 46.4812%; text-align: center; height: 32px;\">Vanesa D\u00edaz-Velasco<\/td>\n<td style=\"width: 46.4812%; text-align: center; height: 32px;\">\u00a0S\u00f2nia Perea<\/td>\n<\/tr>\n<tr style=\"height: 32px;\">\n<td style=\"width: 46.4812%; text-align: center; height: 32px;\">Gemma Esteller<\/td>\n<td style=\"width: 46.4812%; text-align: center; height: 32px;\">Antulio P\u00e9rez<\/td>\n<\/tr>\n<tr style=\"height: 32px;\">\n<td style=\"width: 46.4812%; text-align: center; height: 32px;\">Laura Font<\/td>\n<td style=\"width: 46.4812%; text-align: center; height: 32px;\">Raquel P\u00e9rez<\/td>\n<\/tr>\n<tr style=\"height: 32px;\">\n<td style=\"width: 46.4812%; text-align: center; height: 32px;\">Laura Gala<\/td>\n<td style=\"width: 46.4812%; text-align: center; height: 32px;\">Alba P\u00e9rez<\/td>\n<\/tr>\n<tr style=\"height: 32px;\">\n<td style=\"width: 46.4812%; text-align: center; height: 32px;\">Marta Garcia<\/td>\n<td style=\"width: 46.4812%; text-align: center; height: 32px;\">Judit Re\u00f1\u00e9<\/td>\n<\/tr>\n<tr style=\"height: 32px;\">\n<td style=\"width: 46.4812%; text-align: center; height: 32px;\"><span style=\"font-weight: 400;\">Cristina Garrit<\/span><\/td>\n<td style=\"width: 46.4812%; text-align: center; height: 17px;\">Ainoa Sarroca<\/td>\n<\/tr>\n<tr style=\"height: 17px;\">\n<td style=\"width: 46.4812%; text-align: center; height: 17px;\">Carme Horta<\/td>\n<td style=\"width: 46.4812%; text-align: center; height: 32px;\">Sandra Sastre<\/td>\n<\/tr>\n<tr style=\"height: 17px;\">\n<td style=\"width: 46.4812%; text-align: center; height: 17px;\">Elena Lafebre<\/td>\n<td style=\"width: 46.4812%; text-align: center; height: 32px;\">Griselda Verge (TEI)<\/td>\n<\/tr>\n<tr style=\"height: 32px;\">\n<td style=\"width: 46.4812%; text-align: center; height: 32px;\">Paqui L\u00f3pez<\/td>\n<td style=\"width: 46.4812%; text-align: center; height: 32px;\"><\/td>\n<\/tr>\n<\/tbody>\n<\/table>\n<p><strong style=\"color: #6f6f6f; font-family: inherit; font-size: 1em;\">Equip de gesti\u00f3<\/strong><\/p>\n<table style=\"width: 98.9062%; height: 22px;\">\n<tbody>\n<tr>\n<td style=\"width: 37.3246%; text-align: center;\">Direcci\u00f3: Judit Re\u00f1\u00e9<\/td>\n<td style=\"width: 33.2086%; text-align: center;\">Cap d\u2019estudis: Merc\u00e8 Cam\u00f3s<\/td>\n<td style=\"width: 28.6249%; text-align: center;\">Secret\u00e0ria: Sara D\u00edaz<\/td>\n<\/tr>\n<\/tbody>\n<\/table>\n<p><strong style=\"color: #6f6f6f; font-family: inherit; font-size: 1em;\">Consergeria<\/strong><\/p>\n<table style=\"width: 100.997%; height: 24px;\">\n<tbody>\n<tr style=\"height: 24px;\">\n<td style=\"width: 47.3061%; text-align: center; height: 24px;\">Jose M\u00ba Mart\u00ednez<\/td>\n<td style=\"width: 48.8852%; text-align: center; height: 24px;\"><span style=\"font-weight: 400;\">Merc\u00e8 Joavani<\/span><\/td>\n<\/tr>\n<\/tbody>\n<\/table>\n<p><strong style=\"color: #6f6f6f; font-family: inherit; font-size: 1em;\">Auxiliar administratiu<\/strong><\/p>\n<table style=\"width: 101.994%;\">\n<tbody>\n<tr style=\"height: 24px;\">\n<td style=\"width: 100%; text-align: center; height: 24px;\">Xavier Castillo i Christian Gonz\u00e1lez<\/td>\n<\/tr>\n<\/tbody>\n<\/table>\n<p><strong><strong style=\"color: #6f6f6f; font-family: inherit; font-size: 1em;\">Personal de la cooperativa<\/strong><\/strong><\/p>\n<table style=\"width: 102.131%;\">\n<tbody>\n<tr>\n<td style=\"width: 33.1542%; text-align: center;\">Cap de personal i secretaria: Maria Tic\u00f3<\/td>\n<td style=\"width: 29.4914%; text-align: center;\">Cap de cuina: Anna Aroca i M\u00aa Jos\u00e9 Gonz\u00e1lez<\/td>\n<td style=\"width: 82.5323%; text-align: center;\">Coordinadora dels serveis de Migdia i d\u2019Acollida:\u00a0Anna Aroca<\/td>\n<\/tr>\n<\/tbody>\n<\/table>\n<p><strong style=\"color: #6f6f6f; font-family: inherit; font-size: 1em;\">Personal de cuina<\/strong><\/p>\n<table style=\"width: 102.333%;\">\n<tbody>\n<tr>\n<td style=\"width: 46.4812%; text-align: center;\">Rosana Barrull<\/td>\n<td style=\"width: 215.878%; text-align: center;\">Am\u00e8lia Vicente<\/td>\n<\/tr>\n<tr>\n<td style=\"width: 46.4812%; text-align: center;\">\u00a0M. Jos\u00e9 Gonz\u00e1lez<\/td>\n<td style=\"width: 215.878%; text-align: center;\">Helena Romero<\/td>\n<\/tr>\n<tr>\n<td style=\"width: 46.4812%; text-align: center;\">M.Carmen Gonz\u00e1lez<\/td>\n<td style=\"width: 215.878%; text-align: center;\">N\u00faria Pay\u00e8s<\/td>\n<\/tr>\n<tr>\n<td style=\"width: 46.4812%; text-align: center;\">M. Luz S\u00e1nchez<\/td>\n<td style=\"width: 215.878%; text-align: center;\"><\/td>\n<\/tr>\n<\/tbody>\n<\/table>\n<p style=\"text-align: center;\">\n<\/figure>\n","protected":false},"excerpt":{"rendered":"<p>L\u2019Equip de Mestres L\u2019equip de mestres est\u00e0 format per tots\/es els\/les mestres que treballem a l\u2019escola. Ens organitzem en tres grans cicles: Petits, Mitjans i Grans, formant-se aix\u00ed\u00a0tres cicles aut\u00f2noms. Cada cicle est\u00e0 format per entre 10 i 12 mestres que es fan c\u00e0rrec d\u2019acompanyar els infants i les seves fam\u00edlies i que treballen de [&hellip;]<\/p>\n","protected":false},"author":1,"featured_media":0,"parent":5122,"menu_order":0,"comment_status":"closed","ping_status":"closed","template":"","meta":{"_bbp_topic_count":0,"_bbp_reply_count":0,"_bbp_total_topic_count":0,"_bbp_total_reply_count":0,"_bbp_voice_count":0,"_bbp_anonymous_reply_count":0,"_bbp_topic_count_hidden":0,"_bbp_reply_count_hidden":0,"_bbp_forum_subforum_count":0,"site-sidebar-layout":"default","site-content-layout":"","ast-site-content-layout":"default","site-content-style":"default","site-sidebar-style":"default","ast-global-header-display":"","ast-banner-title-visibility":"","ast-main-header-display":"","ast-hfb-above-header-display":"","ast-hfb-below-header-display":"","ast-hfb-mobile-header-display":"","site-post-title":"","ast-breadcrumbs-content":"","ast-featured-img":"","footer-sml-layout":"","theme-transparent-header-meta":"default","adv-header-id-meta":"","stick-header-meta":"","header-above-stick-meta":"","header-main-stick-meta":"","header-below-stick-meta":"","astra-migrate-meta-layouts":"set","ast-page-background-enabled":"default","ast-page-background-meta":{"desktop":{"background-color":"var(--ast-global-color-4)","background-image":"","background-repeat":"repeat","background-position":"center center","background-size":"auto","background-attachment":"scroll","background-type":"","background-media":"","overlay-type":"","overlay-color":"","overlay-opacity":"","overlay-gradient":""},"tablet":{"background-color":"","background-image":"","background-repeat":"repeat","background-position":"center center","background-size":"auto","background-attachment":"scroll","background-type":"","background-media":"","overlay-type":"","overlay-color":"","overlay-opacity":"","overlay-gradient":""},"mobile":{"background-color":"","background-image":"","background-repeat":"repeat","background-position":"center center","background-size":"auto","background-attachment":"scroll","background-type":"","background-media":"","overlay-type":"","overlay-color":"","overlay-opacity":"","overlay-gradient":""}},"ast-content-background-meta":{"desktop":{"background-color":"var(--ast-global-color-5)","background-image":"","background-repeat":"repeat","background-position":"center center","background-size":"auto","background-attachment":"scroll","background-type":"","background-media":"","overlay-type":"","overlay-color":"","overlay-opacity":"","overlay-gradient":""},"tablet":{"background-color":"var(--ast-global-color-5)","background-image":"","background-repeat":"repeat","background-position":"center center","background-size":"auto","background-attachment":"scroll","background-type":"","background-media":"","overlay-type":"","overlay-color":"","overlay-opacity":"","overlay-gradient":""},"mobile":{"background-color":"var(--ast-global-color-5)","background-image":"","background-repeat":"repeat","background-position":"center center","background-size":"auto","background-attachment":"scroll","background-type":"","background-media":"","overlay-type":"","overlay-color":"","overlay-opacity":"","overlay-gradient":""}},"footnotes":""},"class_list":["post-5195","page","type-page","status-publish","hentry"],"post_mailing_queue_ids":[],"_links":{"self":[{"href":"https:\/\/agora.xtec.cat\/escolapatufetsantjordi\/wp-json\/wp\/v2\/pages\/5195","targetHints":{"allow":["GET"]}}],"collection":[{"href":"https:\/\/agora.xtec.cat\/escolapatufetsantjordi\/wp-json\/wp\/v2\/pages"}],"about":[{"href":"https:\/\/agora.xtec.cat\/escolapatufetsantjordi\/wp-json\/wp\/v2\/types\/page"}],"author":[{"embeddable":true,"href":"https:\/\/agora.xtec.cat\/escolapatufetsantjordi\/wp-json\/wp\/v2\/users\/1"}],"replies":[{"embeddable":true,"href":"https:\/\/agora.xtec.cat\/escolapatufetsantjordi\/wp-json\/wp\/v2\/comments?post=5195"}],"version-history":[{"count":6,"href":"https:\/\/agora.xtec.cat\/escolapatufetsantjordi\/wp-json\/wp\/v2\/pages\/5195\/revisions"}],"predecessor-version":[{"id":7126,"href":"https:\/\/agora.xtec.cat\/escolapatufetsantjordi\/wp-json\/wp\/v2\/pages\/5195\/revisions\/7126"}],"up":[{"embeddable":true,"href":"https:\/\/agora.xtec.cat\/escolapatufetsantjordi\/wp-json\/wp\/v2\/pages\/5122"}],"wp:attachment":[{"href":"https:\/\/agora.xtec.cat\/escolapatufetsantjordi\/wp-json\/wp\/v2\/media?parent=5195"}],"curies":[{"name":"wp","href":"https:\/\/api.w.org\/{rel}","templated":true}]}}