{"id":5171,"date":"2022-08-19T18:26:07","date_gmt":"2022-08-19T16:26:07","guid":{"rendered":"https:\/\/agora.xtec.cat\/escolapatufetsantjordi\/?page_id=5171"},"modified":"2025-05-24T09:47:11","modified_gmt":"2025-05-24T07:47:11","slug":"els-jocs-florals","status":"publish","type":"page","link":"https:\/\/agora.xtec.cat\/escolapatufetsantjordi\/projecte\/festes-populars\/els-jocs-florals\/","title":{"rendered":"Els Jocs Florals"},"content":{"rendered":"<p>Al voltant de la data de Sant Jordi, el 23 d&#8217;abril, a Cicle dels Grans (4t, 5\u00e8 i 6\u00e8) es gaudeix de la cloenda dels Jocs Florals, on hi ha representaci\u00f3 teatral i musical.<\/p>\n<p>Durant setmanes els infants elaboren textos lliures (poemes visuals, narrativa, acr\u00f2stics, versos&#8230;) i tamb\u00e9 il\u00b7lustracions que s&#8217;acaben recollint en un llibre que es reparteix a tot el cicle. Aqu\u00ed podreu veure el recull.<\/p>\n<p>L&#8217;objectiu de tot plegat \u00e9s connectar, una vegada m\u00e9s, amb el plaer d&#8217;escriure i comunicar.<\/p>\n<p>Fent clic a les seg\u00fcents imatges podreu veure els llibres dels diferents Jocs Florals editats a l&#8217;escola dels darrers cursos.<\/p>\n<table style=\"border-collapse: collapse; width: 100%; height: 577px;\">\n<tbody>\n<tr style=\"height: 193px;\">\n<td style=\"width: 33.3333%; text-align: center; height: 204px;\"><a href=\"https:\/\/agora.xtec.cat\/escolapatufetsantjordi\/wp-content\/uploads\/usu2284\/2023\/05\/JF2019.png\"><img loading=\"lazy\" decoding=\"async\" class=\"aligncenter wp-image-6273 size-thumbnail\" src=\"https:\/\/agora.xtec.cat\/escolapatufetsantjordi\/wp-content\/uploads\/usu2284\/2023\/05\/JF2019-150x150.png\" alt=\"\" width=\"150\" height=\"150\" \/><\/a><\/td>\n<td style=\"width: 33.3333%; height: 197px;\"><a href=\"http:\/\/www.patufet.cat\/wp-content\/uploads\/2021\/10\/LLIBRE-JOCS-FLORALS2021-Autoguardado.pdf\"><img loading=\"lazy\" decoding=\"async\" class=\"aligncenter wp-image-4209 size-thumbnail\" src=\"https:\/\/agora.xtec.cat\/escolapatufetsantjordi\/wp-content\/uploads\/usu2284\/2021\/10\/LLIBRE-JOCS-FLORALS2021-Autoguardado-definitiu-150x150.jpg\" alt=\"\" width=\"150\" height=\"150\" \/><\/a><\/td>\n<td style=\"width: 33.3333%; text-align: center; height: 56px;\"><a href=\"https:\/\/agora.xtec.cat\/escolapatufetsantjordi\/wp-content\/uploads\/usu2284\/2024\/04\/Jocs-Florals-2023.jpg\"><img loading=\"lazy\" decoding=\"async\" class=\"aligncenter wp-image-6623 size-thumbnail\" src=\"https:\/\/agora.xtec.cat\/escolapatufetsantjordi\/wp-content\/uploads\/usu2284\/2024\/04\/Jocs-Florals-2023-150x150.jpg\" alt=\"\" width=\"150\" height=\"150\" \/><\/a><\/td>\n<\/tr>\n<tr style=\"height: 32px;\">\n<td style=\"width: 33.3333%; text-align: center; height: 32px;\"><a href=\"https:\/\/agora.xtec.cat\/escolapatufetsantjordi\/wp-content\/uploads\/usu2284\/2023\/05\/Llibre-Jocs-Florals-19.pdf\">Veure llibret curs 18-19<\/a><\/td>\n<td style=\"width: 33.3333%; text-align: center; height: 32px;\"><a href=\"https:\/\/agora.xtec.cat\/escolapatufetsantjordi\/wp-content\/uploads\/usu2284\/2023\/05\/LLIBRE-JOCS-FLORALS2021-Autoguardado-1.pdf\">Veure llibret curs 20-21<\/a><\/td>\n<td style=\"width: 33.3333%; text-align: center;\"><a href=\"https:\/\/agora.xtec.cat\/escolapatufetsantjordi\/wp-content\/uploads\/usu2284\/2024\/04\/Jocs-Florals-2023-1.pdf\">Veure llibret curs 22-23<\/a><\/td>\n<\/tr>\n<tr>\n<td style=\"width: 33.3333%;\"><a href=\"https:\/\/agora.xtec.cat\/escolapatufetsantjordi\/wp-content\/uploads\/usu2284\/2025\/05\/Jocs-Florals-2024.jpg\"><img loading=\"lazy\" decoding=\"async\" class=\"aligncenter wp-image-7006 \" src=\"https:\/\/agora.xtec.cat\/escolapatufetsantjordi\/wp-content\/uploads\/usu2284\/2025\/05\/Jocs-Florals-2024-210x300.jpg\" alt=\"\" width=\"134\" height=\"191\" srcset=\"https:\/\/agora.xtec.cat\/escolapatufetsantjordi\/wp-content\/uploads\/usu2284\/2025\/05\/Jocs-Florals-2024-210x300.jpg 210w, https:\/\/agora.xtec.cat\/escolapatufetsantjordi\/wp-content\/uploads\/usu2284\/2025\/05\/Jocs-Florals-2024-716x1024.jpg 716w, https:\/\/agora.xtec.cat\/escolapatufetsantjordi\/wp-content\/uploads\/usu2284\/2025\/05\/Jocs-Florals-2024-768x1099.jpg 768w, https:\/\/agora.xtec.cat\/escolapatufetsantjordi\/wp-content\/uploads\/usu2284\/2025\/05\/Jocs-Florals-2024-1074x1536.jpg 1074w, https:\/\/agora.xtec.cat\/escolapatufetsantjordi\/wp-content\/uploads\/usu2284\/2025\/05\/Jocs-Florals-2024.jpg 1398w\" sizes=\"auto, (max-width: 134px) 100vw, 134px\" \/><\/a><\/td>\n<td style=\"width: 33.3333%;\"><a href=\"https:\/\/agora.xtec.cat\/escolapatufetsantjordi\/wp-content\/uploads\/usu2284\/2025\/05\/Jocs-Florals-2025-Bo1.jpg\"><img loading=\"lazy\" decoding=\"async\" class=\"aligncenter  wp-image-7005\" src=\"https:\/\/agora.xtec.cat\/escolapatufetsantjordi\/wp-content\/uploads\/usu2284\/2025\/05\/Jocs-Florals-2025-Bo1-210x300.jpg\" alt=\"\" width=\"130\" height=\"185\" srcset=\"https:\/\/agora.xtec.cat\/escolapatufetsantjordi\/wp-content\/uploads\/usu2284\/2025\/05\/Jocs-Florals-2025-Bo1-210x300.jpg 210w, https:\/\/agora.xtec.cat\/escolapatufetsantjordi\/wp-content\/uploads\/usu2284\/2025\/05\/Jocs-Florals-2025-Bo1-716x1024.jpg 716w, https:\/\/agora.xtec.cat\/escolapatufetsantjordi\/wp-content\/uploads\/usu2284\/2025\/05\/Jocs-Florals-2025-Bo1-768x1099.jpg 768w, https:\/\/agora.xtec.cat\/escolapatufetsantjordi\/wp-content\/uploads\/usu2284\/2025\/05\/Jocs-Florals-2025-Bo1-1074x1536.jpg 1074w, https:\/\/agora.xtec.cat\/escolapatufetsantjordi\/wp-content\/uploads\/usu2284\/2025\/05\/Jocs-Florals-2025-Bo1.jpg 1398w\" sizes=\"auto, (max-width: 130px) 100vw, 130px\" \/><\/a><\/td>\n<td style=\"width: 33.3333%; text-align: center;\"><\/td>\n<\/tr>\n<tr style=\"height: 32px;\">\n<td style=\"width: 33.3333%; text-align: center; height: 32px;\"><a href=\"https:\/\/agora.xtec.cat\/escolapatufetsantjordi\/wp-content\/uploads\/usu2284\/2024\/05\/Jocs-Florals-2024-2.pdf\">Veure llibret curs 23-24<\/a><\/td>\n<td style=\"width: 33.3333%; text-align: center; height: 56px;\"><a href=\"https:\/\/agora.xtec.cat\/escolapatufetsantjordi\/wp-content\/uploads\/usu2284\/2025\/05\/Jocs-Florals-2025_compressed.pdf\">Veure llibret curs 24-25<\/a><\/td>\n<td style=\"width: 33.3333%; text-align: center; height: 56px;\">Veure llibret curs 25-26<\/td>\n<\/tr>\n<\/tbody>\n<\/table>\n","protected":false},"excerpt":{"rendered":"<p>Al voltant de la data de Sant Jordi, el 23 d&#8217;abril, a Cicle dels Grans (4t, 5\u00e8 i 6\u00e8) es gaudeix de la cloenda dels Jocs Florals, on hi ha representaci\u00f3 teatral i musical. Durant setmanes els infants elaboren textos lliures (poemes visuals, narrativa, acr\u00f2stics, versos&#8230;) i tamb\u00e9 il\u00b7lustracions que s&#8217;acaben recollint en un llibre [&hellip;]<\/p>\n","protected":false},"author":1,"featured_media":0,"parent":5165,"menu_order":0,"comment_status":"closed","ping_status":"closed","template":"page-templates\/side-menu.php","meta":{"_bbp_topic_count":0,"_bbp_reply_count":0,"_bbp_total_topic_count":0,"_bbp_total_reply_count":0,"_bbp_voice_count":0,"_bbp_anonymous_reply_count":0,"_bbp_topic_count_hidden":0,"_bbp_reply_count_hidden":0,"_bbp_forum_subforum_count":0,"site-sidebar-layout":"default","site-content-layout":"","ast-site-content-layout":"","site-content-style":"default","site-sidebar-style":"default","ast-global-header-display":"","ast-banner-title-visibility":"","ast-main-header-display":"","ast-hfb-above-header-display":"","ast-hfb-below-header-display":"","ast-hfb-mobile-header-display":"","site-post-title":"","ast-breadcrumbs-content":"","ast-featured-img":"","footer-sml-layout":"","theme-transparent-header-meta":"","adv-header-id-meta":"","stick-header-meta":"","header-above-stick-meta":"","header-main-stick-meta":"","header-below-stick-meta":"","astra-migrate-meta-layouts":"default","ast-page-background-enabled":"default","ast-page-background-meta":{"desktop":{"background-color":"var(--ast-global-color-4)","background-image":"","background-repeat":"repeat","background-position":"center center","background-size":"auto","background-attachment":"scroll","background-type":"","background-media":"","overlay-type":"","overlay-color":"","overlay-opacity":"","overlay-gradient":""},"tablet":{"background-color":"","background-image":"","background-repeat":"repeat","background-position":"center center","background-size":"auto","background-attachment":"scroll","background-type":"","background-media":"","overlay-type":"","overlay-color":"","overlay-opacity":"","overlay-gradient":""},"mobile":{"background-color":"","background-image":"","background-repeat":"repeat","background-position":"center center","background-size":"auto","background-attachment":"scroll","background-type":"","background-media":"","overlay-type":"","overlay-color":"","overlay-opacity":"","overlay-gradient":""}},"ast-content-background-meta":{"desktop":{"background-color":"var(--ast-global-color-5)","background-image":"","background-repeat":"repeat","background-position":"center center","background-size":"auto","background-attachment":"scroll","background-type":"","background-media":"","overlay-type":"","overlay-color":"","overlay-opacity":"","overlay-gradient":""},"tablet":{"background-color":"var(--ast-global-color-5)","background-image":"","background-repeat":"repeat","background-position":"center center","background-size":"auto","background-attachment":"scroll","background-type":"","background-media":"","overlay-type":"","overlay-color":"","overlay-opacity":"","overlay-gradient":""},"mobile":{"background-color":"var(--ast-global-color-5)","background-image":"","background-repeat":"repeat","background-position":"center center","background-size":"auto","background-attachment":"scroll","background-type":"","background-media":"","overlay-type":"","overlay-color":"","overlay-opacity":"","overlay-gradient":""}},"footnotes":""},"class_list":["post-5171","page","type-page","status-publish","hentry"],"post_mailing_queue_ids":[],"_links":{"self":[{"href":"https:\/\/agora.xtec.cat\/escolapatufetsantjordi\/wp-json\/wp\/v2\/pages\/5171","targetHints":{"allow":["GET"]}}],"collection":[{"href":"https:\/\/agora.xtec.cat\/escolapatufetsantjordi\/wp-json\/wp\/v2\/pages"}],"about":[{"href":"https:\/\/agora.xtec.cat\/escolapatufetsantjordi\/wp-json\/wp\/v2\/types\/page"}],"author":[{"embeddable":true,"href":"https:\/\/agora.xtec.cat\/escolapatufetsantjordi\/wp-json\/wp\/v2\/users\/1"}],"replies":[{"embeddable":true,"href":"https:\/\/agora.xtec.cat\/escolapatufetsantjordi\/wp-json\/wp\/v2\/comments?post=5171"}],"version-history":[{"count":6,"href":"https:\/\/agora.xtec.cat\/escolapatufetsantjordi\/wp-json\/wp\/v2\/pages\/5171\/revisions"}],"predecessor-version":[{"id":7007,"href":"https:\/\/agora.xtec.cat\/escolapatufetsantjordi\/wp-json\/wp\/v2\/pages\/5171\/revisions\/7007"}],"up":[{"embeddable":true,"href":"https:\/\/agora.xtec.cat\/escolapatufetsantjordi\/wp-json\/wp\/v2\/pages\/5165"}],"wp:attachment":[{"href":"https:\/\/agora.xtec.cat\/escolapatufetsantjordi\/wp-json\/wp\/v2\/media?parent=5171"}],"curies":[{"name":"wp","href":"https:\/\/api.w.org\/{rel}","templated":true}]}}