{"id":5169,"date":"2022-08-19T18:25:57","date_gmt":"2022-08-19T16:25:57","guid":{"rendered":"https:\/\/agora.xtec.cat\/escolapatufetsantjordi\/?page_id=5169"},"modified":"2025-05-24T09:34:36","modified_gmt":"2025-05-24T07:34:36","slug":"les-jornades-literaries","status":"publish","type":"page","link":"https:\/\/agora.xtec.cat\/escolapatufetsantjordi\/projecte\/festes-populars\/les-jornades-literaries\/","title":{"rendered":"Les Jornades Liter\u00e0ries"},"content":{"rendered":"<p>Les Jornades Liter\u00e0ries s\u00f3n una estrat\u00e8gia metodol\u00f2gica i organitzativa per a dedicar de manera intensiva uns dies especials i diferents de <strong>tot all\u00f2 que \u00e9s propi del m\u00f3n de la literatura infantil<\/strong>, amb la intenci\u00f3 que esdevingui una viv\u00e8ncia rica i adequada a les edats dels nivells de 1r, 2n i 3r i que <strong>propici\u00efn una motivaci\u00f3 especial i intensiva al voltant del plaer de llegir i el gust d&#8217;escriure<\/strong>.<\/p>\n<p>Les Jornades s&#8217;organitzen al voltant del mes de mar\u00e7-abril i, durant tres dies, els infants viuen una organitzaci\u00f3 completament diferent i espec\u00edfica.<\/p>\n<p>Cada curs es treballa al voltant d&#8217;un tema espec\u00edfic i, tamb\u00e9, ens apropem a un g\u00e8nere literari concret.<\/p>\n<p>Es promou el treball cooperatiu, ja que els infants creen hist\u00f2ries, dites, rodolins i il\u00b7lustracions al voltant del tema.<\/p>\n<p>Al final s&#8217;elabora un llibre\u00a0<span class=\"hiddenGrammarError\" style=\"padding-bottom: 2px; background-image: url('..\/..\/..\/..\/..\/images\/squiggle.png'); background-repeat: repeat-x; background-position: left bottom; cursor: default; color: #000000; font-family: 'Open Sans', Helvetica, Arial, sans-serif; font-size: 16px; font-style: normal; font-variant-ligatures: normal; font-variant-caps: normal; font-weight: 300; letter-spacing: normal; orphans: 2; text-align: start; text-indent: 0px; text-transform: none; white-space: normal; widows: 2; word-spacing: 0px; -webkit-text-stroke-width: 0px; text-decoration-thickness: initial; text-decoration-style: initial; text-decoration-color: initial;\">recull<\/span>\u00a0per a tothom.<\/p>\n<table style=\"border-collapse: collapse; width: 100%; height: 350px;\">\n<tbody>\n<tr style=\"height: 190px;\">\n<td style=\"width: 33.3333%; height: 190px;\"><a href=\"https:\/\/agora.xtec.cat\/escolapatufetsantjordi\/wp-content\/uploads\/usu2284\/2022\/02\/Conte.pdf\" target=\"_blank\" rel=\"noopener\"><img decoding=\"async\" class=\"wp-image-4306\" src=\"https:\/\/agora.xtec.cat\/escolapatufetsantjordi\/wp-content\/uploads\/usu2284\/2021\/11\/LlibreJornadesCicle-1-1-1024x723.jpg\" alt=\"\" \/><\/a><\/td>\n<td style=\"width: 33.3333%; height: 190px;\"><a href=\"https:\/\/agora.xtec.cat\/escolapatufetsantjordi\/wp-content\/uploads\/usu2284\/2021\/11\/LLIBRE-1.pdf\"><img decoding=\"async\" class=\"wp-image-4307\" src=\"https:\/\/agora.xtec.cat\/escolapatufetsantjordi\/wp-content\/uploads\/usu2284\/2021\/11\/LLIBRE-1024x723.jpg\" alt=\"\" \/><\/a><\/td>\n<td style=\"width: 33.3333%; height: 190px;\"><a href=\"https:\/\/agora.xtec.cat\/escolapatufetsantjordi\/wp-content\/uploads\/usu2284\/2022\/05\/JORNADES-CONTES-DEL-MON-COMPLERT-lLIBRET.pdf\"><img loading=\"lazy\" decoding=\"async\" width=\"960\" height=\"720\" class=\"wp-image-4675\" src=\"https:\/\/agora.xtec.cat\/escolapatufetsantjordi\/wp-content\/uploads\/usu2284\/2022\/05\/JORNADES-CONTES-DEL-MON-COMPLERT-lLIBRET.jpg\" alt=\"\" srcset=\"https:\/\/agora.xtec.cat\/escolapatufetsantjordi\/wp-content\/uploads\/usu2284\/2022\/05\/JORNADES-CONTES-DEL-MON-COMPLERT-lLIBRET.jpg 960w, https:\/\/agora.xtec.cat\/escolapatufetsantjordi\/wp-content\/uploads\/usu2284\/2022\/05\/JORNADES-CONTES-DEL-MON-COMPLERT-lLIBRET-300x225.jpg 300w, https:\/\/agora.xtec.cat\/escolapatufetsantjordi\/wp-content\/uploads\/usu2284\/2022\/05\/JORNADES-CONTES-DEL-MON-COMPLERT-lLIBRET-768x576.jpg 768w, https:\/\/agora.xtec.cat\/escolapatufetsantjordi\/wp-content\/uploads\/usu2284\/2022\/05\/JORNADES-CONTES-DEL-MON-COMPLERT-lLIBRET-200x150.jpg 200w\" sizes=\"auto, (max-width: 960px) 100vw, 960px\" \/><\/a><\/td>\n<\/tr>\n<tr style=\"height: 32px;\">\n<td style=\"width: 33.3333%; text-align: center; height: 32px;\"><a href=\"https:\/\/agora.xtec.cat\/escolapatufetsantjordi\/wp-content\/uploads\/usu2284\/2022\/02\/Conte.pdf\">Veure el llibre<\/a><\/td>\n<td style=\"width: 33.3333%; text-align: center; height: 32px;\"><a href=\"https:\/\/agora.xtec.cat\/escolapatufetsantjordi\/wp-content\/uploads\/usu2284\/2021\/11\/LLIBRE-1.pdf\">Veure el llibre<\/a><\/td>\n<td style=\"width: 33.3333%; text-align: center; height: 32px;\"><a href=\"https:\/\/agora.xtec.cat\/escolapatufetsantjordi\/wp-content\/uploads\/usu2284\/2022\/05\/JORNADES-CONTES-DEL-MON-COMPLERT-lLIBRET.pdf\">Veure el llibre<\/a><\/td>\n<\/tr>\n<tr style=\"height: 32px;\">\n<td style=\"width: 33.3333%; text-align: center; height: 32px;\"><\/td>\n<td style=\"width: 33.3333%; text-align: center; height: 32px;\"><a href=\"https:\/\/www.youtube.com\/watch?v=psnfecBESRY\">Veure el v\u00eddeo\u00a0<\/a><\/td>\n<td style=\"width: 33.3333%; text-align: center; height: 32px;\"><a href=\"https:\/\/youtu.be\/UgTQpalm5as\">Veure el v\u00eddeo\u00a0<\/a><\/td>\n<\/tr>\n<tr style=\"height: 32px;\">\n<td style=\"width: 33.3333%; height: 32px;\"><a href=\"https:\/\/agora.xtec.cat\/escolapatufetsantjordi\/wp-content\/uploads\/usu2284\/2024\/05\/Captura-de-pantalla-2024-05-14-154937.jpg\"><img loading=\"lazy\" decoding=\"async\" class=\"aligncenter wp-image-6732 size-medium\" src=\"https:\/\/agora.xtec.cat\/escolapatufetsantjordi\/wp-content\/uploads\/usu2284\/2024\/05\/Captura-de-pantalla-2024-05-14-154937-300x175.jpg\" alt=\"\" width=\"300\" height=\"175\" srcset=\"https:\/\/agora.xtec.cat\/escolapatufetsantjordi\/wp-content\/uploads\/usu2284\/2024\/05\/Captura-de-pantalla-2024-05-14-154937-300x175.jpg 300w, https:\/\/agora.xtec.cat\/escolapatufetsantjordi\/wp-content\/uploads\/usu2284\/2024\/05\/Captura-de-pantalla-2024-05-14-154937-1024x598.jpg 1024w, https:\/\/agora.xtec.cat\/escolapatufetsantjordi\/wp-content\/uploads\/usu2284\/2024\/05\/Captura-de-pantalla-2024-05-14-154937-768x448.jpg 768w, https:\/\/agora.xtec.cat\/escolapatufetsantjordi\/wp-content\/uploads\/usu2284\/2024\/05\/Captura-de-pantalla-2024-05-14-154937.jpg 1156w\" sizes=\"auto, (max-width: 300px) 100vw, 300px\" \/><\/a><\/td>\n<td style=\"width: 33.3333%; height: 190px; text-align: center;\"><a href=\"https:\/\/agora.xtec.cat\/escolapatufetsantjordi\/wp-content\/uploads\/usu2284\/2025\/05\/Jornades-literaries-2025.jpg\"><img loading=\"lazy\" decoding=\"async\" class=\"aligncenter size-medium wp-image-7003\" src=\"https:\/\/agora.xtec.cat\/escolapatufetsantjordi\/wp-content\/uploads\/usu2284\/2025\/05\/Jornades-literaries-2025-300x152.jpg\" alt=\"\" width=\"300\" height=\"152\" srcset=\"https:\/\/agora.xtec.cat\/escolapatufetsantjordi\/wp-content\/uploads\/usu2284\/2025\/05\/Jornades-literaries-2025-300x152.jpg 300w, https:\/\/agora.xtec.cat\/escolapatufetsantjordi\/wp-content\/uploads\/usu2284\/2025\/05\/Jornades-literaries-2025-1024x519.jpg 1024w, https:\/\/agora.xtec.cat\/escolapatufetsantjordi\/wp-content\/uploads\/usu2284\/2025\/05\/Jornades-literaries-2025-768x390.jpg 768w, https:\/\/agora.xtec.cat\/escolapatufetsantjordi\/wp-content\/uploads\/usu2284\/2025\/05\/Jornades-literaries-2025.jpg 1236w\" sizes=\"auto, (max-width: 300px) 100vw, 300px\" \/><\/a><\/td>\n<td style=\"width: 33.3333%; height: 190px; text-align: center;\">Curs 25-26<\/td>\n<\/tr>\n<tr style=\"height: 32px;\">\n<td style=\"width: 33.3333%; text-align: center; height: 32px;\"><a href=\"https:\/\/agora.xtec.cat\/escolapatufetsantjordi\/wp-content\/uploads\/usu2284\/2024\/05\/Jornades-Literaries-2024-Les-Emocions.pdf\">Veure llibret<\/a><\/td>\n<td style=\"width: 33.3333%; text-align: center; height: 32px;\"><a href=\"https:\/\/agora.xtec.cat\/escolapatufetsantjordi\/wp-content\/uploads\/usu2284\/2025\/05\/Jornades-Literaries-2025-Contes-del-Mon-_compressed.pdf\">Veure llibret<\/a><\/td>\n<td style=\"width: 33.3333%; text-align: center; height: 32px;\">Veure llibret<\/td>\n<\/tr>\n<tr style=\"height: 32px;\">\n<td style=\"width: 33.3333%; text-align: center; height: 32px;\"><\/td>\n<td style=\"width: 33.3333%; text-align: center; height: 32px;\"><\/td>\n<td style=\"width: 33.3333%; text-align: center; height: 32px;\">Veure v\u00eddeo<\/td>\n<\/tr>\n<\/tbody>\n<\/table>\n","protected":false},"excerpt":{"rendered":"<p>Les Jornades Liter\u00e0ries s\u00f3n una estrat\u00e8gia metodol\u00f2gica i organitzativa per a dedicar de manera intensiva uns dies especials i diferents de tot all\u00f2 que \u00e9s propi del m\u00f3n de la literatura infantil, amb la intenci\u00f3 que esdevingui una viv\u00e8ncia rica i adequada a les edats dels nivells de 1r, 2n i 3r i que propici\u00efn [&hellip;]<\/p>\n","protected":false},"author":1,"featured_media":0,"parent":5165,"menu_order":10,"comment_status":"closed","ping_status":"closed","template":"page-templates\/side-menu.php","meta":{"_bbp_topic_count":0,"_bbp_reply_count":0,"_bbp_total_topic_count":0,"_bbp_total_reply_count":0,"_bbp_voice_count":0,"_bbp_anonymous_reply_count":0,"_bbp_topic_count_hidden":0,"_bbp_reply_count_hidden":0,"_bbp_forum_subforum_count":0,"site-sidebar-layout":"default","site-content-layout":"","ast-site-content-layout":"","site-content-style":"default","site-sidebar-style":"default","ast-global-header-display":"","ast-banner-title-visibility":"","ast-main-header-display":"","ast-hfb-above-header-display":"","ast-hfb-below-header-display":"","ast-hfb-mobile-header-display":"","site-post-title":"","ast-breadcrumbs-content":"","ast-featured-img":"","footer-sml-layout":"","theme-transparent-header-meta":"","adv-header-id-meta":"","stick-header-meta":"","header-above-stick-meta":"","header-main-stick-meta":"","header-below-stick-meta":"","astra-migrate-meta-layouts":"default","ast-page-background-enabled":"default","ast-page-background-meta":{"desktop":{"background-color":"var(--ast-global-color-4)","background-image":"","background-repeat":"repeat","background-position":"center center","background-size":"auto","background-attachment":"scroll","background-type":"","background-media":"","overlay-type":"","overlay-color":"","overlay-opacity":"","overlay-gradient":""},"tablet":{"background-color":"","background-image":"","background-repeat":"repeat","background-position":"center center","background-size":"auto","background-attachment":"scroll","background-type":"","background-media":"","overlay-type":"","overlay-color":"","overlay-opacity":"","overlay-gradient":""},"mobile":{"background-color":"","background-image":"","background-repeat":"repeat","background-position":"center center","background-size":"auto","background-attachment":"scroll","background-type":"","background-media":"","overlay-type":"","overlay-color":"","overlay-opacity":"","overlay-gradient":""}},"ast-content-background-meta":{"desktop":{"background-color":"var(--ast-global-color-5)","background-image":"","background-repeat":"repeat","background-position":"center center","background-size":"auto","background-attachment":"scroll","background-type":"","background-media":"","overlay-type":"","overlay-color":"","overlay-opacity":"","overlay-gradient":""},"tablet":{"background-color":"var(--ast-global-color-5)","background-image":"","background-repeat":"repeat","background-position":"center center","background-size":"auto","background-attachment":"scroll","background-type":"","background-media":"","overlay-type":"","overlay-color":"","overlay-opacity":"","overlay-gradient":""},"mobile":{"background-color":"var(--ast-global-color-5)","background-image":"","background-repeat":"repeat","background-position":"center center","background-size":"auto","background-attachment":"scroll","background-type":"","background-media":"","overlay-type":"","overlay-color":"","overlay-opacity":"","overlay-gradient":""}},"footnotes":""},"class_list":["post-5169","page","type-page","status-publish","hentry"],"post_mailing_queue_ids":[],"_links":{"self":[{"href":"https:\/\/agora.xtec.cat\/escolapatufetsantjordi\/wp-json\/wp\/v2\/pages\/5169","targetHints":{"allow":["GET"]}}],"collection":[{"href":"https:\/\/agora.xtec.cat\/escolapatufetsantjordi\/wp-json\/wp\/v2\/pages"}],"about":[{"href":"https:\/\/agora.xtec.cat\/escolapatufetsantjordi\/wp-json\/wp\/v2\/types\/page"}],"author":[{"embeddable":true,"href":"https:\/\/agora.xtec.cat\/escolapatufetsantjordi\/wp-json\/wp\/v2\/users\/1"}],"replies":[{"embeddable":true,"href":"https:\/\/agora.xtec.cat\/escolapatufetsantjordi\/wp-json\/wp\/v2\/comments?post=5169"}],"version-history":[{"count":6,"href":"https:\/\/agora.xtec.cat\/escolapatufetsantjordi\/wp-json\/wp\/v2\/pages\/5169\/revisions"}],"predecessor-version":[{"id":7004,"href":"https:\/\/agora.xtec.cat\/escolapatufetsantjordi\/wp-json\/wp\/v2\/pages\/5169\/revisions\/7004"}],"up":[{"embeddable":true,"href":"https:\/\/agora.xtec.cat\/escolapatufetsantjordi\/wp-json\/wp\/v2\/pages\/5165"}],"wp:attachment":[{"href":"https:\/\/agora.xtec.cat\/escolapatufetsantjordi\/wp-json\/wp\/v2\/media?parent=5169"}],"curies":[{"name":"wp","href":"https:\/\/api.w.org\/{rel}","templated":true}]}}