{"id":5165,"date":"2022-08-19T18:25:18","date_gmt":"2022-08-19T16:25:18","guid":{"rendered":"https:\/\/agora.xtec.cat\/escolapatufetsantjordi\/?page_id=5165"},"modified":"2023-07-30T18:22:02","modified_gmt":"2023-07-30T16:22:02","slug":"festes-populars","status":"publish","type":"page","link":"https:\/\/agora.xtec.cat\/escolapatufetsantjordi\/projecte\/festes-populars\/","title":{"rendered":"Festes populars"},"content":{"rendered":"<p>Un altre element fonamental del nostre projecte educatiu \u00e9s la <strong>celebraci\u00f3 de les festes populars<\/strong>, amb l&#8217;objectiu de preservar la cultura catalana. Aix\u00ed, les activitats que envolten la castanyada, el Nadal, el carnaval i la Pasqua esdevenen moments destacats al llarg del curs.<\/p>\n<p>La castanyada ens convida a retrobar-nos amb les tradicions, a compartir rialles i sabors amb l&#8217;<strong>arribada de la tardor<\/strong>. \u00c9s una festa on els infants aprenen sobre els aliments propis d&#8217;aquesta \u00e8poca i la hist\u00f2ria d&#8217;aquesta celebraci\u00f3 tan arrelada a la nostra cultura.<\/p>\n<p>Quan arriba el Nadal, l&#8217;<strong>esperit de solidaritat i generositat impregna les nostres aules<\/strong>. Aprofitem aquesta \u00e8poca per ensenyar a l&#8217;alumnat valors com l&#8217;afecte, l&#8217;empatia i la import\u00e0ncia de compartir amb els altres.<\/p>\n<p>El carnaval ens porta una dosi d&#8217;alegria, creativitat i diversi\u00f3. Els infants i tota la comunitat educativa s&#8217;engalanen amb disfresses i gaudeixen de <strong>l&#8217;arribada del Carnestoltes, les seves normes i de la crema d&#8217;aquest en acabar el seu regnat<\/strong>. \u00c9s una oportunitat perqu\u00e8 els infants desenvolupin la seva imaginaci\u00f3 i participin activament en el proc\u00e9s creatiu.<\/p>\n<p>Finalment, la Pasqua ens trasllada a un temps de renovaci\u00f3 i esperan\u00e7a. A trav\u00e9s de tradicions com les <strong>mones de Pasqua<\/strong>, compartim la dol\u00e7or i la il\u00b7lusi\u00f3 d&#8217;aquesta festivitat tan especial.<\/p>\n<p>Cada una d&#8217;aquestes festes populars ens brinda la possibilitat de con\u00e8ixer i <strong>valorar les arrels culturals de Catalunya<\/strong>. A m\u00e9s, ens permeten establir vincles emocionals amb la nostra hist\u00f2ria i tradicions, enriquint aix\u00ed l&#8217;experi\u00e8ncia educativa dels nostres nens. La celebraci\u00f3 d&#8217;aquestes festes \u00e9s una forma m\u00e0gica d&#8217;aprendre i de mantenir viva la cultura que ens identifica.<\/p>\n<p>&nbsp;<\/p>\n\r\n\t<div class=\"slideshow_container slideshow_container_style-light\" style=\"height: 300px; \" data-slideshow-id=\"5528\" data-style-name=\"style-light\" data-style-version=\"2.3.1\" >\r\n\r\n\t\t\t\t\t<div class=\"slideshow_loading_icon\"><\/div>\r\n\t\t\r\n\t\t<div class=\"slideshow_content\" style=\"display: none;\">\r\n\r\n\t\t\t<div class=\"slideshow_view\">\r\n\t\t\t\t<div class=\"slideshow_slide slideshow_slide_image\">\r\n\t\t\t\t\t\t\t\t\t\t\t<img src=\"https:\/\/agora.xtec.cat\/escolapatufetsantjordi\/wp-content\/uploads\/usu2284\/2022\/12\/IMG-20191221-WA0021.jpg\" alt=\"IMG-20191221-WA0021\" width=\"1024\" height=\"768\" \/>\r\n\t\t\t\t\t\t\t\t\t\t<div class=\"slideshow_description_box slideshow_transparent\">\r\n\t\t\t\t\t\t<div class=\"slideshow_title\">IMG-20191221-WA0021<\/div>\t\t\t\t\t\t\t\t\t\t\t<\/div>\r\n\t\t\t\t<\/div>\r\n\r\n\t\t\t\t\t\t<div style=\"clear: both;\"><\/div><\/div><div class=\"slideshow_view\">\r\n\t\t\t\t<div class=\"slideshow_slide slideshow_slide_image\">\r\n\t\t\t\t\t\t\t\t\t\t\t<img src=\"https:\/\/agora.xtec.cat\/escolapatufetsantjordi\/wp-content\/uploads\/usu2284\/2022\/12\/A9FDB2E2-5677-48C5-8CE1-A96A619ED9DC.jpeg\" alt=\"A9FDB2E2-5677-48C5-8CE1-A96A619ED9DC\" width=\"1104\" height=\"828\" \/>\r\n\t\t\t\t\t\t\t\t\t\t<div class=\"slideshow_description_box slideshow_transparent\">\r\n\t\t\t\t\t\t<div class=\"slideshow_title\">A9FDB2E2-5677-48C5-8CE1-A96A619ED9DC<\/div>\t\t\t\t\t\t\t\t\t\t\t<\/div>\r\n\t\t\t\t<\/div>\r\n\r\n\t\t\t\t\t\t<div style=\"clear: both;\"><\/div><\/div><div class=\"slideshow_view\">\r\n\t\t\t\t<div class=\"slideshow_slide slideshow_slide_image\">\r\n\t\t\t\t\t\t\t\t\t\t\t<img src=\"https:\/\/agora.xtec.cat\/escolapatufetsantjordi\/wp-content\/uploads\/usu2284\/2022\/12\/483640E8-D6A5-46CF-A538-37A5A4E24942.jpeg\" alt=\"483640E8-D6A5-46CF-A538-37A5A4E24942\" width=\"1104\" height=\"828\" \/>\r\n\t\t\t\t\t\t\t\t\t\t<div class=\"slideshow_description_box slideshow_transparent\">\r\n\t\t\t\t\t\t<div class=\"slideshow_title\">483640E8-D6A5-46CF-A538-37A5A4E24942<\/div>\t\t\t\t\t\t\t\t\t\t\t<\/div>\r\n\t\t\t\t<\/div>\r\n\r\n\t\t\t\t\t\t<div style=\"clear: both;\"><\/div><\/div><div class=\"slideshow_view\">\r\n\t\t\t\t<div class=\"slideshow_slide slideshow_slide_image\">\r\n\t\t\t\t\t\t\t\t\t\t\t<img src=\"https:\/\/agora.xtec.cat\/escolapatufetsantjordi\/wp-content\/uploads\/usu2284\/2022\/12\/36411A2D-0020-40EC-AA51-99F024CA2C3E.jpeg\" alt=\"36411A2D-0020-40EC-AA51-99F024CA2C3E\" width=\"1104\" height=\"828\" \/>\r\n\t\t\t\t\t\t\t\t\t\t<div class=\"slideshow_description_box slideshow_transparent\">\r\n\t\t\t\t\t\t<div class=\"slideshow_title\">36411A2D-0020-40EC-AA51-99F024CA2C3E<\/div>\t\t\t\t\t\t\t\t\t\t\t<\/div>\r\n\t\t\t\t<\/div>\r\n\r\n\t\t\t\t\t\t<div style=\"clear: both;\"><\/div><\/div><div class=\"slideshow_view\">\r\n\t\t\t\t<div class=\"slideshow_slide slideshow_slide_image\">\r\n\t\t\t\t\t\t\t\t\t\t\t<img src=\"https:\/\/agora.xtec.cat\/escolapatufetsantjordi\/wp-content\/uploads\/usu2284\/2022\/12\/F9F0C0CF-CB7F-45F9-8BB5-4CC2EBC410FD.jpeg\" alt=\"F9F0C0CF-CB7F-45F9-8BB5-4CC2EBC410FD\" width=\"1218\" height=\"914\" \/>\r\n\t\t\t\t\t\t\t\t\t\t<div class=\"slideshow_description_box slideshow_transparent\">\r\n\t\t\t\t\t\t<div class=\"slideshow_title\">F9F0C0CF-CB7F-45F9-8BB5-4CC2EBC410FD<\/div>\t\t\t\t\t\t\t\t\t\t\t<\/div>\r\n\t\t\t\t<\/div>\r\n\r\n\t\t\t\t\t\t<div style=\"clear: both;\"><\/div><\/div>\r\n\t\t<\/div>\r\n\r\n\t\t<div class=\"slideshow_controlPanel slideshow_transparent\" style=\"display: none;\"><ul><li class=\"slideshow_togglePlay\" data-play-text=\"Visualitza\" data-pause-text=\"Pausa\"><\/li><\/ul><\/div>\r\n\r\n\t\t<div class=\"slideshow_button slideshow_previous slideshow_transparent\" role=\"button\" data-previous-text=\"Anterior\" style=\"display: none;\"><\/div>\r\n\t\t<div class=\"slideshow_button slideshow_next slideshow_transparent\" role=\"button\" data-next-text=\"Seg\u00fcent\" style=\"display: none;\"><\/div>\r\n\r\n\t\t<div class=\"slideshow_pagination\" style=\"display: none;\" data-go-to-text=\"V\u00e9s a la diapositiva\"><div class=\"slideshow_pagination_center\"><\/div><\/div>\r\n\r\n\t\t<!-- WordPress Slideshow Version 2.3.1 -->\r\n\r\n\t\t\t<\/div>\r\n\r\n\n","protected":false},"excerpt":{"rendered":"<p>Un altre element fonamental del nostre projecte educatiu \u00e9s la celebraci\u00f3 de les festes populars, amb l&#8217;objectiu de preservar la cultura catalana. Aix\u00ed, les activitats que envolten la castanyada, el Nadal, el carnaval i la Pasqua esdevenen moments destacats al llarg del curs. La castanyada ens convida a retrobar-nos amb les tradicions, a compartir rialles [&hellip;]<\/p>\n","protected":false},"author":1,"featured_media":0,"parent":5120,"menu_order":60,"comment_status":"closed","ping_status":"closed","template":"page-templates\/side-menu.php","meta":{"_bbp_topic_count":0,"_bbp_reply_count":0,"_bbp_total_topic_count":0,"_bbp_total_reply_count":0,"_bbp_voice_count":0,"_bbp_anonymous_reply_count":0,"_bbp_topic_count_hidden":0,"_bbp_reply_count_hidden":0,"_bbp_forum_subforum_count":0,"site-sidebar-layout":"default","site-content-layout":"","ast-site-content-layout":"","site-content-style":"default","site-sidebar-style":"default","ast-global-header-display":"","ast-banner-title-visibility":"","ast-main-header-display":"","ast-hfb-above-header-display":"","ast-hfb-below-header-display":"","ast-hfb-mobile-header-display":"","site-post-title":"","ast-breadcrumbs-content":"","ast-featured-img":"","footer-sml-layout":"","theme-transparent-header-meta":"","adv-header-id-meta":"","stick-header-meta":"","header-above-stick-meta":"","header-main-stick-meta":"","header-below-stick-meta":"","astra-migrate-meta-layouts":"default","ast-page-background-enabled":"default","ast-page-background-meta":{"desktop":{"background-color":"var(--ast-global-color-4)","background-image":"","background-repeat":"repeat","background-position":"center center","background-size":"auto","background-attachment":"scroll","background-type":"","background-media":"","overlay-type":"","overlay-color":"","overlay-opacity":"","overlay-gradient":""},"tablet":{"background-color":"","background-image":"","background-repeat":"repeat","background-position":"center center","background-size":"auto","background-attachment":"scroll","background-type":"","background-media":"","overlay-type":"","overlay-color":"","overlay-opacity":"","overlay-gradient":""},"mobile":{"background-color":"","background-image":"","background-repeat":"repeat","background-position":"center center","background-size":"auto","background-attachment":"scroll","background-type":"","background-media":"","overlay-type":"","overlay-color":"","overlay-opacity":"","overlay-gradient":""}},"ast-content-background-meta":{"desktop":{"background-color":"var(--ast-global-color-5)","background-image":"","background-repeat":"repeat","background-position":"center center","background-size":"auto","background-attachment":"scroll","background-type":"","background-media":"","overlay-type":"","overlay-color":"","overlay-opacity":"","overlay-gradient":""},"tablet":{"background-color":"var(--ast-global-color-5)","background-image":"","background-repeat":"repeat","background-position":"center center","background-size":"auto","background-attachment":"scroll","background-type":"","background-media":"","overlay-type":"","overlay-color":"","overlay-opacity":"","overlay-gradient":""},"mobile":{"background-color":"var(--ast-global-color-5)","background-image":"","background-repeat":"repeat","background-position":"center center","background-size":"auto","background-attachment":"scroll","background-type":"","background-media":"","overlay-type":"","overlay-color":"","overlay-opacity":"","overlay-gradient":""}},"footnotes":""},"class_list":["post-5165","page","type-page","status-publish","hentry"],"post_mailing_queue_ids":[],"_links":{"self":[{"href":"https:\/\/agora.xtec.cat\/escolapatufetsantjordi\/wp-json\/wp\/v2\/pages\/5165","targetHints":{"allow":["GET"]}}],"collection":[{"href":"https:\/\/agora.xtec.cat\/escolapatufetsantjordi\/wp-json\/wp\/v2\/pages"}],"about":[{"href":"https:\/\/agora.xtec.cat\/escolapatufetsantjordi\/wp-json\/wp\/v2\/types\/page"}],"author":[{"embeddable":true,"href":"https:\/\/agora.xtec.cat\/escolapatufetsantjordi\/wp-json\/wp\/v2\/users\/1"}],"replies":[{"embeddable":true,"href":"https:\/\/agora.xtec.cat\/escolapatufetsantjordi\/wp-json\/wp\/v2\/comments?post=5165"}],"version-history":[{"count":3,"href":"https:\/\/agora.xtec.cat\/escolapatufetsantjordi\/wp-json\/wp\/v2\/pages\/5165\/revisions"}],"predecessor-version":[{"id":6369,"href":"https:\/\/agora.xtec.cat\/escolapatufetsantjordi\/wp-json\/wp\/v2\/pages\/5165\/revisions\/6369"}],"up":[{"embeddable":true,"href":"https:\/\/agora.xtec.cat\/escolapatufetsantjordi\/wp-json\/wp\/v2\/pages\/5120"}],"wp:attachment":[{"href":"https:\/\/agora.xtec.cat\/escolapatufetsantjordi\/wp-json\/wp\/v2\/media?parent=5165"}],"curies":[{"name":"wp","href":"https:\/\/api.w.org\/{rel}","templated":true}]}}