{"id":5159,"date":"2022-08-19T18:20:19","date_gmt":"2022-08-19T16:20:19","guid":{"rendered":"https:\/\/agora.xtec.cat\/escolapatufetsantjordi\/?page_id=5159"},"modified":"2022-12-10T21:01:57","modified_gmt":"2022-12-10T20:01:57","slug":"projecte-tandem-2","status":"publish","type":"page","link":"https:\/\/agora.xtec.cat\/escolapatufetsantjordi\/projecte\/projecte-tandem-2\/","title":{"rendered":"Projecte T\u00e0ndem"},"content":{"rendered":"<p>Els t\u00e0ndems s\u00f3n <strong>projectes col\u00b7laboratius<\/strong> duts a terme entre escoles p\u00fabliques, equipaments culturals, institucions i entitats que tenen com a objectiu desenvolupar continguts especialitzats a les escoles de prim\u00e0ria i secund\u00e0ria de l&#8217;Hospitalet. <strong>Amb els t\u00e0ndems es despleguen programes educatius a trav\u00e9s de les arts, la ci\u00e8ncia, la comunicaci\u00f3 i les tecnologies, la lectura o els nous aprenentatges<\/strong>, per promoure l&#8217;excel\u00b7l\u00e8ncia i la singularitat als centres educatius p\u00fablics de la ciutat. Els t\u00e0ndems tracten d&#8217;incorporar projectes innovadors en els curr\u00edculums acad\u00e8mics dels centres perqu\u00e8 esdevinguin refer\u00e8ncia al seu barri.<\/p>\n<p>En el cas de la nostra escola el projecte \u00e9s dins <strong>de l&#8217;art, en el llenguatge musical i l&#8217;orquestra Orff<\/strong>.<\/p>\n<p style=\"text-align: center;\"><iframe loading=\"lazy\" src=\"\/\/www.youtube.com\/embed\/iGePBogJcAA\" width=\"560\" height=\"314\" allowfullscreen=\"allowfullscreen\"><\/iframe><\/p>\n<p style=\"text-align: center;\"><iframe loading=\"lazy\" src=\"\/\/www.youtube.com\/embed\/YEMf2hQbqL8\" width=\"560\" height=\"314\" allowfullscreen=\"allowfullscreen\"><\/iframe><\/p>\n<p style=\"text-align: center;\"><iframe loading=\"lazy\" src=\"\/\/www.youtube.com\/embed\/rp8FF-C6obM\" width=\"560\" height=\"314\" allowfullscreen=\"allowfullscreen\"><\/iframe><\/p>\n<p><a href=\"https:\/\/agora.xtec.cat\/escolapatufetsantjordi\/wp-content\/uploads\/usu2284\/2019\/01\/logo-ta\u0300ndem.jpg\"><img loading=\"lazy\" decoding=\"async\" class=\"size-full wp-image-2782 aligncenter\" src=\"https:\/\/agora.xtec.cat\/escolapatufetsantjordi\/wp-content\/uploads\/usu2284\/2019\/01\/logo-ta\u0300ndem.jpg\" alt=\"\" width=\"700\" height=\"460\" srcset=\"https:\/\/agora.xtec.cat\/escolapatufetsantjordi\/wp-content\/uploads\/usu2284\/2019\/01\/logo-ta\u0300ndem.jpg 700w, https:\/\/agora.xtec.cat\/escolapatufetsantjordi\/wp-content\/uploads\/usu2284\/2019\/01\/logo-ta\u0300ndem-300x197.jpg 300w\" sizes=\"auto, (max-width: 700px) 100vw, 700px\" \/><\/a><\/p>\n","protected":false},"excerpt":{"rendered":"<p>Els t\u00e0ndems s\u00f3n projectes col\u00b7laboratius duts a terme entre escoles p\u00fabliques, equipaments culturals, institucions i entitats que tenen com a objectiu desenvolupar continguts especialitzats a les escoles de prim\u00e0ria i secund\u00e0ria de l&#8217;Hospitalet. Amb els t\u00e0ndems es despleguen programes educatius a trav\u00e9s de les arts, la ci\u00e8ncia, la comunicaci\u00f3 i les tecnologies, la lectura o [&hellip;]<\/p>\n","protected":false},"author":1,"featured_media":0,"parent":5120,"menu_order":70,"comment_status":"closed","ping_status":"closed","template":"page-templates\/side-menu.php","meta":{"_bbp_topic_count":0,"_bbp_reply_count":0,"_bbp_total_topic_count":0,"_bbp_total_reply_count":0,"_bbp_voice_count":0,"_bbp_anonymous_reply_count":0,"_bbp_topic_count_hidden":0,"_bbp_reply_count_hidden":0,"_bbp_forum_subforum_count":0,"site-sidebar-layout":"default","site-content-layout":"","ast-site-content-layout":"","site-content-style":"default","site-sidebar-style":"default","ast-global-header-display":"","ast-banner-title-visibility":"","ast-main-header-display":"","ast-hfb-above-header-display":"","ast-hfb-below-header-display":"","ast-hfb-mobile-header-display":"","site-post-title":"","ast-breadcrumbs-content":"","ast-featured-img":"","footer-sml-layout":"","theme-transparent-header-meta":"","adv-header-id-meta":"","stick-header-meta":"","header-above-stick-meta":"","header-main-stick-meta":"","header-below-stick-meta":"","astra-migrate-meta-layouts":"default","ast-page-background-enabled":"default","ast-page-background-meta":{"desktop":{"background-color":"var(--ast-global-color-4)","background-image":"","background-repeat":"repeat","background-position":"center center","background-size":"auto","background-attachment":"scroll","background-type":"","background-media":"","overlay-type":"","overlay-color":"","overlay-opacity":"","overlay-gradient":""},"tablet":{"background-color":"","background-image":"","background-repeat":"repeat","background-position":"center center","background-size":"auto","background-attachment":"scroll","background-type":"","background-media":"","overlay-type":"","overlay-color":"","overlay-opacity":"","overlay-gradient":""},"mobile":{"background-color":"","background-image":"","background-repeat":"repeat","background-position":"center center","background-size":"auto","background-attachment":"scroll","background-type":"","background-media":"","overlay-type":"","overlay-color":"","overlay-opacity":"","overlay-gradient":""}},"ast-content-background-meta":{"desktop":{"background-color":"var(--ast-global-color-5)","background-image":"","background-repeat":"repeat","background-position":"center center","background-size":"auto","background-attachment":"scroll","background-type":"","background-media":"","overlay-type":"","overlay-color":"","overlay-opacity":"","overlay-gradient":""},"tablet":{"background-color":"var(--ast-global-color-5)","background-image":"","background-repeat":"repeat","background-position":"center center","background-size":"auto","background-attachment":"scroll","background-type":"","background-media":"","overlay-type":"","overlay-color":"","overlay-opacity":"","overlay-gradient":""},"mobile":{"background-color":"var(--ast-global-color-5)","background-image":"","background-repeat":"repeat","background-position":"center center","background-size":"auto","background-attachment":"scroll","background-type":"","background-media":"","overlay-type":"","overlay-color":"","overlay-opacity":"","overlay-gradient":""}},"footnotes":""},"class_list":["post-5159","page","type-page","status-publish","hentry"],"post_mailing_queue_ids":[],"_links":{"self":[{"href":"https:\/\/agora.xtec.cat\/escolapatufetsantjordi\/wp-json\/wp\/v2\/pages\/5159","targetHints":{"allow":["GET"]}}],"collection":[{"href":"https:\/\/agora.xtec.cat\/escolapatufetsantjordi\/wp-json\/wp\/v2\/pages"}],"about":[{"href":"https:\/\/agora.xtec.cat\/escolapatufetsantjordi\/wp-json\/wp\/v2\/types\/page"}],"author":[{"embeddable":true,"href":"https:\/\/agora.xtec.cat\/escolapatufetsantjordi\/wp-json\/wp\/v2\/users\/1"}],"replies":[{"embeddable":true,"href":"https:\/\/agora.xtec.cat\/escolapatufetsantjordi\/wp-json\/wp\/v2\/comments?post=5159"}],"version-history":[{"count":2,"href":"https:\/\/agora.xtec.cat\/escolapatufetsantjordi\/wp-json\/wp\/v2\/pages\/5159\/revisions"}],"predecessor-version":[{"id":5510,"href":"https:\/\/agora.xtec.cat\/escolapatufetsantjordi\/wp-json\/wp\/v2\/pages\/5159\/revisions\/5510"}],"up":[{"embeddable":true,"href":"https:\/\/agora.xtec.cat\/escolapatufetsantjordi\/wp-json\/wp\/v2\/pages\/5120"}],"wp:attachment":[{"href":"https:\/\/agora.xtec.cat\/escolapatufetsantjordi\/wp-json\/wp\/v2\/media?parent=5159"}],"curies":[{"name":"wp","href":"https:\/\/api.w.org\/{rel}","templated":true}]}}