{"id":5157,"date":"2022-08-19T18:08:29","date_gmt":"2022-08-19T16:08:29","guid":{"rendered":"https:\/\/agora.xtec.cat\/escolapatufetsantjordi\/?page_id=5157"},"modified":"2023-02-13T19:33:03","modified_gmt":"2023-02-13T18:33:03","slug":"extraescolars","status":"publish","type":"page","link":"https:\/\/agora.xtec.cat\/escolapatufetsantjordi\/projecte\/extraescolars\/","title":{"rendered":"Extraescolars"},"content":{"rendered":"<p>L\u2019AFA \u00e9s responsable de la selecci\u00f3 i l\u2019organitzaci\u00f3 de les activitats extraescolars en el Patufet a trav\u00e9s de l\u2019empresa concession\u00e0ria <a href=\"https:\/\/activitats.fundesplai.org\/public\/landing\/app\">Fundesplai<\/a>. Per acord aprovat en el Consell Escolar i l\u2019Equip de mestres, les activitats extraescolars s\u2019ofereixen de 1r a 6\u00e8. Habitualment, aquestes activitats s\u2019inicien a principis d\u2019octubre i finalitzen a mitjans de juny.<\/p>\n<p><strong>ASPECTES GENERALS:<\/strong><\/p>\n<ul>\n<li>No hi haur\u00e0 quota de matriculaci\u00f3<\/li>\n<li>El cost de l&#8217;activitat \u00e9s mensual<\/li>\n<li>Hi ha continu\u00eftat hor\u00e0ria amb les activitats de primera hora i piscina (els monitors recolliran als nens a les aules i els portaran a l&#8217;activitat)<\/li>\n<li>Les inclem\u00e8ncies meteorol\u00f2giques no han d\u2019afectar el desenvolupament de l&#8217;activitat prevista<\/li>\n<li>La viabilitat de les activitats i l&#8217;ajust final del pressupost dependr\u00e0 del nombre d&#8217;alumnes inscrits.<\/li>\n<li>Les inscripcions es realitzen al setembre a trav\u00e9s de l\u2019APP \u201cFundesplai\u201d que us podeu descarregar tant per a Android com per a IOS en <a href=\"https:\/\/activitats.fundesplai.org\/public\/landing\/app\">aquest<\/a> enlla\u00e7. Un cop la tingueu baixada busqueu a l\u2019apartat corresponent el nom del nostre centre: Patufet St Jordi. Si teniu dubtes, ens podeu escriure a <a href=\"mailto:afa@patufet.cat\">afa@patufet.cat<\/a><\/li>\n<li>Existeixen diferents descomptes pel 2n germ\u00e0, fam\u00edlies nombroses, fam\u00edlies monoparentals i segona activitat contractada<\/li>\n<\/ul>\n","protected":false},"excerpt":{"rendered":"<p>L\u2019AFA \u00e9s responsable de la selecci\u00f3 i l\u2019organitzaci\u00f3 de les activitats extraescolars en el Patufet a trav\u00e9s de l\u2019empresa concession\u00e0ria Fundesplai. Per acord aprovat en el Consell Escolar i l\u2019Equip de mestres, les activitats extraescolars s\u2019ofereixen de 1r a 6\u00e8. Habitualment, aquestes activitats s\u2019inicien a principis d\u2019octubre i finalitzen a mitjans de juny. ASPECTES GENERALS: [&hellip;]<\/p>\n","protected":false},"author":1,"featured_media":0,"parent":5120,"menu_order":100,"comment_status":"closed","ping_status":"closed","template":"page-templates\/side-menu.php","meta":{"_bbp_topic_count":0,"_bbp_reply_count":0,"_bbp_total_topic_count":0,"_bbp_total_reply_count":0,"_bbp_voice_count":0,"_bbp_anonymous_reply_count":0,"_bbp_topic_count_hidden":0,"_bbp_reply_count_hidden":0,"_bbp_forum_subforum_count":0,"site-sidebar-layout":"default","site-content-layout":"","ast-site-content-layout":"","site-content-style":"default","site-sidebar-style":"default","ast-global-header-display":"","ast-banner-title-visibility":"","ast-main-header-display":"","ast-hfb-above-header-display":"","ast-hfb-below-header-display":"","ast-hfb-mobile-header-display":"","site-post-title":"","ast-breadcrumbs-content":"","ast-featured-img":"","footer-sml-layout":"","theme-transparent-header-meta":"","adv-header-id-meta":"","stick-header-meta":"","header-above-stick-meta":"","header-main-stick-meta":"","header-below-stick-meta":"","astra-migrate-meta-layouts":"default","ast-page-background-enabled":"default","ast-page-background-meta":{"desktop":{"background-color":"var(--ast-global-color-4)","background-image":"","background-repeat":"repeat","background-position":"center center","background-size":"auto","background-attachment":"scroll","background-type":"","background-media":"","overlay-type":"","overlay-color":"","overlay-opacity":"","overlay-gradient":""},"tablet":{"background-color":"","background-image":"","background-repeat":"repeat","background-position":"center center","background-size":"auto","background-attachment":"scroll","background-type":"","background-media":"","overlay-type":"","overlay-color":"","overlay-opacity":"","overlay-gradient":""},"mobile":{"background-color":"","background-image":"","background-repeat":"repeat","background-position":"center center","background-size":"auto","background-attachment":"scroll","background-type":"","background-media":"","overlay-type":"","overlay-color":"","overlay-opacity":"","overlay-gradient":""}},"ast-content-background-meta":{"desktop":{"background-color":"var(--ast-global-color-5)","background-image":"","background-repeat":"repeat","background-position":"center center","background-size":"auto","background-attachment":"scroll","background-type":"","background-media":"","overlay-type":"","overlay-color":"","overlay-opacity":"","overlay-gradient":""},"tablet":{"background-color":"var(--ast-global-color-5)","background-image":"","background-repeat":"repeat","background-position":"center center","background-size":"auto","background-attachment":"scroll","background-type":"","background-media":"","overlay-type":"","overlay-color":"","overlay-opacity":"","overlay-gradient":""},"mobile":{"background-color":"var(--ast-global-color-5)","background-image":"","background-repeat":"repeat","background-position":"center center","background-size":"auto","background-attachment":"scroll","background-type":"","background-media":"","overlay-type":"","overlay-color":"","overlay-opacity":"","overlay-gradient":""}},"footnotes":""},"class_list":["post-5157","page","type-page","status-publish","hentry"],"post_mailing_queue_ids":[],"_links":{"self":[{"href":"https:\/\/agora.xtec.cat\/escolapatufetsantjordi\/wp-json\/wp\/v2\/pages\/5157","targetHints":{"allow":["GET"]}}],"collection":[{"href":"https:\/\/agora.xtec.cat\/escolapatufetsantjordi\/wp-json\/wp\/v2\/pages"}],"about":[{"href":"https:\/\/agora.xtec.cat\/escolapatufetsantjordi\/wp-json\/wp\/v2\/types\/page"}],"author":[{"embeddable":true,"href":"https:\/\/agora.xtec.cat\/escolapatufetsantjordi\/wp-json\/wp\/v2\/users\/1"}],"replies":[{"embeddable":true,"href":"https:\/\/agora.xtec.cat\/escolapatufetsantjordi\/wp-json\/wp\/v2\/comments?post=5157"}],"version-history":[{"count":3,"href":"https:\/\/agora.xtec.cat\/escolapatufetsantjordi\/wp-json\/wp\/v2\/pages\/5157\/revisions"}],"predecessor-version":[{"id":5995,"href":"https:\/\/agora.xtec.cat\/escolapatufetsantjordi\/wp-json\/wp\/v2\/pages\/5157\/revisions\/5995"}],"up":[{"embeddable":true,"href":"https:\/\/agora.xtec.cat\/escolapatufetsantjordi\/wp-json\/wp\/v2\/pages\/5120"}],"wp:attachment":[{"href":"https:\/\/agora.xtec.cat\/escolapatufetsantjordi\/wp-json\/wp\/v2\/media?parent=5157"}],"curies":[{"name":"wp","href":"https:\/\/api.w.org\/{rel}","templated":true}]}}