{"id":5151,"date":"2022-08-19T18:07:11","date_gmt":"2022-08-19T16:07:11","guid":{"rendered":"https:\/\/agora.xtec.cat\/escolapatufetsantjordi\/?page_id=5151"},"modified":"2024-04-13T12:26:21","modified_gmt":"2024-04-13T10:26:21","slug":"langles-a-lescola","status":"publish","type":"page","link":"https:\/\/agora.xtec.cat\/escolapatufetsantjordi\/projecte\/langles-a-lescola\/","title":{"rendered":"L&#8217;angl\u00e8s a l&#8217;escola"},"content":{"rendered":"<p><span style=\"font-family: inherit; font-size: 1em;\">L\u2019aposta de l\u2019escola \u00e9s introduir una tercera llengua a prim\u00e0ria un cop els nens\/es\u00a0 han creat vincles amb els adults referents i ja s\u2019han iniciat en el coneixement de les dues lleng\u00fces: el catal\u00e0 i el castell\u00e0.\u00a0<\/span><\/p>\n<p><span style=\"font-weight: 400;\">Procurem vetllar\u00a0 per la creaci\u00f3 de situacions d\u2019\u00fas funcional d\u2019aquestes lleng\u00fces tot i que no sempre \u00e9s possible:<\/span><\/p>\n<ul>\n<li><span style=\"font-weight: 400;\">Treballem amb diferents estrat\u00e8gies metodol\u00f2giques que ens permeten fer un <strong>\u00fas funcional i significatiu<\/strong> de la llengua anglesa: <strong>tallers de cuina o pintura amb els mitjans i els grans i una de les preguntes del cicle dels grans.<\/strong><\/span><\/li>\n<li><span style=\"font-weight: 400;\">Fem <strong>desdoblament dels grups<\/strong> amb tots els nivells per tal de facilitar l\u2019\u00fas de la llengua oral.\u00a0<\/span><\/li>\n<li><span style=\"font-weight: 400;\">Per tal d\u2019accentuar l\u2019\u00fas real de la llengua anglesa comptem amb auxiliars ling\u00fc\u00edstics. <strong>Mestres nadius o no, que tenen com a llengua principal de comunicaci\u00f3 l\u2019angl\u00e8s per tal que els nens i nenes de l\u2019escola es comuniquin d\u2019una manera real en aquesta llengua<\/strong> m\u00e9s enll\u00e0 de fer-ho amb la mestra especialista. La gesti\u00f3 d\u2019aquests auxiliars la fem a trav\u00e9s del programa de pr\u00e0ctiques d&#8217;estudiant universitaris anomenat Erasmus intern impulsat per la Comissi\u00f3 Europea.<\/span><\/li>\n<li><span style=\"font-weight: 400;\">Duem a terme <strong>projectes internacionals<\/strong> amb escoles d&#8217;altres pa\u00efsos a trav\u00e9s de la plataforma etwinning, que consisteixen -per exemple- <strong>en enviar-nos cartes o <\/strong><\/span><strong>compartir materials creats pels alumnes.<\/strong> Aix\u00ed, promovem l&#8217;intercanvi cultural i la utilitzaci\u00f3 de la llengua anglesa com a vehicle de comunicaci\u00f3 real.<\/li>\n<li><span style=\"font-weight: 400;\">Els <strong>alumnes de 4t d&#8217;ESO<\/strong> de l&#8217;Institut Merc\u00e8 Rodoreda participen en un programa d&#8217;Aprenentatge i Servei amb la nostra escola anomenat <strong>&#8220;Sharing to Learn&#8221;<\/strong>, de manera que <strong>ens ajuden a les classes d&#8217;angl\u00e8s<\/strong> durant deu sessions anuals impulsant que els alumnes de tercer de prim\u00e0ria utilitzin la llengua anglesa en diferents activitats l\u00fadiques.\u00a0<\/span><\/li>\n<li><span style=\"font-weight: 400;\">Els alumnes de cinqu\u00e8 participen en la jornada de teatre en angl\u00e8s anomenada <strong>Acting\u00a0 Together<\/strong> promoguda pel CRP d&#8217;Hospitalet que es celebra a finals de Maig. <strong>Cada escola representa una obra de teatre en angl\u00e8s<\/strong> per a les altres escoles amb l&#8217;objectiu de promoure de llengua oral.<\/span><\/li>\n<\/ul>\n<p><a href=\"https:\/\/agora.xtec.cat\/escolapatufetsantjordi\/wp-content\/uploads\/usu2284\/2022\/12\/A50240E7-FC99-4037-8B6F-097782909562.jpeg\"><img loading=\"lazy\" decoding=\"async\" class=\"wp-image-5518 size-medium alignleft\" src=\"https:\/\/agora.xtec.cat\/escolapatufetsantjordi\/wp-content\/uploads\/usu2284\/2022\/12\/A50240E7-FC99-4037-8B6F-097782909562-225x300.jpeg\" alt=\"\" width=\"225\" height=\"300\" srcset=\"https:\/\/agora.xtec.cat\/escolapatufetsantjordi\/wp-content\/uploads\/usu2284\/2022\/12\/A50240E7-FC99-4037-8B6F-097782909562-225x300.jpeg 225w, https:\/\/agora.xtec.cat\/escolapatufetsantjordi\/wp-content\/uploads\/usu2284\/2022\/12\/A50240E7-FC99-4037-8B6F-097782909562.jpeg 621w\" sizes=\"auto, (max-width: 225px) 100vw, 225px\" \/><\/a><a href=\"https:\/\/agora.xtec.cat\/escolapatufetsantjordi\/wp-content\/uploads\/usu2284\/2024\/04\/IMG_3955-scaled.jpg\"><img loading=\"lazy\" decoding=\"async\" class=\"wp-image-6636 size-medium aligncenter\" src=\"https:\/\/agora.xtec.cat\/escolapatufetsantjordi\/wp-content\/uploads\/usu2284\/2024\/04\/IMG_3955-300x225.jpg\" alt=\"\" width=\"300\" height=\"225\" srcset=\"https:\/\/agora.xtec.cat\/escolapatufetsantjordi\/wp-content\/uploads\/usu2284\/2024\/04\/IMG_3955-300x225.jpg 300w, https:\/\/agora.xtec.cat\/escolapatufetsantjordi\/wp-content\/uploads\/usu2284\/2024\/04\/IMG_3955-1024x768.jpg 1024w, https:\/\/agora.xtec.cat\/escolapatufetsantjordi\/wp-content\/uploads\/usu2284\/2024\/04\/IMG_3955-768x576.jpg 768w, https:\/\/agora.xtec.cat\/escolapatufetsantjordi\/wp-content\/uploads\/usu2284\/2024\/04\/IMG_3955-1536x1152.jpg 1536w, https:\/\/agora.xtec.cat\/escolapatufetsantjordi\/wp-content\/uploads\/usu2284\/2024\/04\/IMG_3955-2048x1536.jpg 2048w, https:\/\/agora.xtec.cat\/escolapatufetsantjordi\/wp-content\/uploads\/usu2284\/2024\/04\/IMG_3955-200x150.jpg 200w\" sizes=\"auto, (max-width: 300px) 100vw, 300px\" \/><\/a><\/p>\n","protected":false},"excerpt":{"rendered":"<p>L\u2019aposta de l\u2019escola \u00e9s introduir una tercera llengua a prim\u00e0ria un cop els nens\/es\u00a0 han creat vincles amb els adults referents i ja s\u2019han iniciat en el coneixement de les dues lleng\u00fces: el catal\u00e0 i el castell\u00e0.\u00a0 Procurem vetllar\u00a0 per la creaci\u00f3 de situacions d\u2019\u00fas funcional d\u2019aquestes lleng\u00fces tot i que no sempre \u00e9s possible: [&hellip;]<\/p>\n","protected":false},"author":1,"featured_media":0,"parent":5120,"menu_order":80,"comment_status":"closed","ping_status":"closed","template":"page-templates\/side-menu.php","meta":{"_bbp_topic_count":0,"_bbp_reply_count":0,"_bbp_total_topic_count":0,"_bbp_total_reply_count":0,"_bbp_voice_count":0,"_bbp_anonymous_reply_count":0,"_bbp_topic_count_hidden":0,"_bbp_reply_count_hidden":0,"_bbp_forum_subforum_count":0,"site-sidebar-layout":"default","site-content-layout":"","ast-site-content-layout":"","site-content-style":"default","site-sidebar-style":"default","ast-global-header-display":"","ast-banner-title-visibility":"","ast-main-header-display":"","ast-hfb-above-header-display":"","ast-hfb-below-header-display":"","ast-hfb-mobile-header-display":"","site-post-title":"","ast-breadcrumbs-content":"","ast-featured-img":"","footer-sml-layout":"","theme-transparent-header-meta":"","adv-header-id-meta":"","stick-header-meta":"","header-above-stick-meta":"","header-main-stick-meta":"","header-below-stick-meta":"","astra-migrate-meta-layouts":"default","ast-page-background-enabled":"default","ast-page-background-meta":{"desktop":{"background-color":"var(--ast-global-color-4)","background-image":"","background-repeat":"repeat","background-position":"center center","background-size":"auto","background-attachment":"scroll","background-type":"","background-media":"","overlay-type":"","overlay-color":"","overlay-opacity":"","overlay-gradient":""},"tablet":{"background-color":"","background-image":"","background-repeat":"repeat","background-position":"center center","background-size":"auto","background-attachment":"scroll","background-type":"","background-media":"","overlay-type":"","overlay-color":"","overlay-opacity":"","overlay-gradient":""},"mobile":{"background-color":"","background-image":"","background-repeat":"repeat","background-position":"center center","background-size":"auto","background-attachment":"scroll","background-type":"","background-media":"","overlay-type":"","overlay-color":"","overlay-opacity":"","overlay-gradient":""}},"ast-content-background-meta":{"desktop":{"background-color":"var(--ast-global-color-5)","background-image":"","background-repeat":"repeat","background-position":"center center","background-size":"auto","background-attachment":"scroll","background-type":"","background-media":"","overlay-type":"","overlay-color":"","overlay-opacity":"","overlay-gradient":""},"tablet":{"background-color":"var(--ast-global-color-5)","background-image":"","background-repeat":"repeat","background-position":"center center","background-size":"auto","background-attachment":"scroll","background-type":"","background-media":"","overlay-type":"","overlay-color":"","overlay-opacity":"","overlay-gradient":""},"mobile":{"background-color":"var(--ast-global-color-5)","background-image":"","background-repeat":"repeat","background-position":"center center","background-size":"auto","background-attachment":"scroll","background-type":"","background-media":"","overlay-type":"","overlay-color":"","overlay-opacity":"","overlay-gradient":""}},"footnotes":""},"class_list":["post-5151","page","type-page","status-publish","hentry"],"post_mailing_queue_ids":[],"_links":{"self":[{"href":"https:\/\/agora.xtec.cat\/escolapatufetsantjordi\/wp-json\/wp\/v2\/pages\/5151","targetHints":{"allow":["GET"]}}],"collection":[{"href":"https:\/\/agora.xtec.cat\/escolapatufetsantjordi\/wp-json\/wp\/v2\/pages"}],"about":[{"href":"https:\/\/agora.xtec.cat\/escolapatufetsantjordi\/wp-json\/wp\/v2\/types\/page"}],"author":[{"embeddable":true,"href":"https:\/\/agora.xtec.cat\/escolapatufetsantjordi\/wp-json\/wp\/v2\/users\/1"}],"replies":[{"embeddable":true,"href":"https:\/\/agora.xtec.cat\/escolapatufetsantjordi\/wp-json\/wp\/v2\/comments?post=5151"}],"version-history":[{"count":4,"href":"https:\/\/agora.xtec.cat\/escolapatufetsantjordi\/wp-json\/wp\/v2\/pages\/5151\/revisions"}],"predecessor-version":[{"id":6682,"href":"https:\/\/agora.xtec.cat\/escolapatufetsantjordi\/wp-json\/wp\/v2\/pages\/5151\/revisions\/6682"}],"up":[{"embeddable":true,"href":"https:\/\/agora.xtec.cat\/escolapatufetsantjordi\/wp-json\/wp\/v2\/pages\/5120"}],"wp:attachment":[{"href":"https:\/\/agora.xtec.cat\/escolapatufetsantjordi\/wp-json\/wp\/v2\/media?parent=5151"}],"curies":[{"name":"wp","href":"https:\/\/api.w.org\/{rel}","templated":true}]}}