{"id":5149,"date":"2022-08-19T18:03:04","date_gmt":"2022-08-19T16:03:04","guid":{"rendered":"https:\/\/agora.xtec.cat\/escolapatufetsantjordi\/?page_id=5149"},"modified":"2023-07-27T15:42:34","modified_gmt":"2023-07-27T13:42:34","slug":"psicomotricitat","status":"publish","type":"page","link":"https:\/\/agora.xtec.cat\/escolapatufetsantjordi\/projecte\/psicomotricitat\/","title":{"rendered":"Psicomotricitat"},"content":{"rendered":"<p><em><strong>La pr\u00e0ctica psicomotriu Aucouturier<\/strong><\/em><\/p>\n<p>La Pr\u00e0ctica Psicomotriu <span class=\"hiddenSpellError\">Aucouturier<\/span>\u00a0t\u00e9 com a objectiu el desenvolupament ps\u00edquic dels infants a trav\u00e9s del cos. Es refereix a una concepci\u00f3 unit\u00e0ria de la persona, la psique \u00e9s inseparable de les seves arrels corporals.<\/p>\n<p>En aquesta pr\u00e0ctica es treballa la unitat del plaer sensoriomotor com un factor que afavoreix el cos, el proc\u00e9s de simbolitzaci\u00f3 i l&#8217;acc\u00e9s a la representaci\u00f3.<\/p>\n<p>La pr\u00e0ctica t\u00e9 com a finalitat promoure l&#8217;expressi\u00f3 de totes les possibilitats motrius, emocionals, cognitives i relacionals de l&#8217;infant.<\/p>\n<p>L&#8217;expressivitat motriu de\u00a0<span class=\"hiddenSpellError\">Bernard<\/span>\u00a0<span class=\"hiddenSpellError\">Aucouturier<\/span>, \u00e9s la forma original en qu\u00e8 el nen manifesta els seus continguts de manera interna i inconscient, des de les primeres interaccions amb el m\u00f3n circumdant.<\/p>\n<p>En observar el nen en acci\u00f3, el\/la psicomotricista descobreix i compr\u00e8n el significat de la seva motivaci\u00f3 expressiva, el seu desig de concentrar-se, de separar, de ser un mateix.<br \/>\nEl psicomotricista est\u00e0 disposat a complir, acceptar, donar suport, comprendre el motiu expressiu per a proporcionar al nen les respostes adequades a les seves necessitats, les seves peticions, els desitjos m\u00e9s o menys conscients.<\/p>\n<p><em><strong>Les sessions de psicomotricitat o com li diem nosaltres&#8230;&#8221;La Sala&#8221;<\/strong><\/em><\/p>\n<p>L&#8217;objectiu general de la Psicomotricitat \u00e9s afavorir el desenvolupament global i harm\u00f2nic dels infants; per\u00f2, aquest objectiu es concreta en d&#8217;altres de m\u00e9s espec\u00edfics, tal com diu\u00a0<span class=\"hiddenSpellError\">Aucouturier<\/span>\u00a0(2007):<\/p>\n<p>Afavorir el desenvolupament de la funci\u00f3 simb\u00f2lica.<br \/>\nAfavorir el desenvolupament dels processos d&#8217;asseguraci\u00f3.<br \/>\nAfavorir el desenvolupament del proc\u00e9s de descentrament.<br \/>\nLa funci\u00f3 simb\u00f2lica \u00e9s la capacitat per utilitzar s\u00edmbols per a representar quelcom. Es tracta d&#8217;una representaci\u00f3 mental a la qual una persona li assigna un significat. El s\u00edmbol m\u00e9s com\u00fa \u00e9s la paraula parlada o escrita. Saber els s\u00edmbols de les coses ajuda a pensar-hi i en les seves qualitats, a recordar i a parlar sobre elles sense necessitat de tenir-les davant nostre, per tant, els nens i nenes d&#8217;aquesta edat poden aprendre mitjan\u00e7ant el pensament simb\u00f2lic (no nom\u00e9s mitjan\u00e7ant els sentits). Aquesta funci\u00f3 simb\u00f2lica es presenta de diferents maneres com, per exemple, en el joc simb\u00f2lic i en el llenguatge.<\/p>\n<p>Quan es parla de processos d&#8217;asseguraci\u00f3 es fa refer\u00e8ncia a les accions i els jocs que realitzen els infants una vegada i una altra davant de les angoixes de p\u00e8rdua que es puguin generar. En s\u00f3n un exemple els jocs de seguretat profunda en els quals els infants destrueixen, s&#8217;embolcallen, s&#8217;amaguen, s&#8217;identifiquen amb l&#8217;agressor&#8230; Aquests jocs tenen la funci\u00f3 d&#8217;assegurar una i una altra vegada a l&#8217;infant davant la p\u00e8rdua origin\u00e0ria de si mateix i de l&#8217;objecte- mare. Aquests jocs universals fan refer\u00e8ncia a tenir i no tenir, com a accions simb\u00f2liques tant per assegurar la continu\u00eftat de l&#8217;objecte com per a diferenciar-se d&#8217;ell i ser un mateix.<\/p>\n<p>Pel que fa al descentrament, segons Piaget, l&#8217;egocentrisme \u00e9s l&#8217;aspecte fonamental del pensament dels infants de 2 a 6 anys. L&#8217;educaci\u00f3 no ha de pretendre &#8220;alliberar&#8221; als infants d&#8217;aquest egocentrisme, ans al contrari, ha de permetre viure&#8217;l i, sobretot superar-lo, per\u00f2 mai negar-lo, ja que ajuda a estructurar el pensament. L&#8217;acci\u00f3 educativa mitjan\u00e7ant el descentrament ha d&#8217;ajudar als infants a sortir d&#8217;aquest sistema de refer\u00e8ncia basat en un mateix i en els\u00a0<span class=\"hiddenGrammarError\" style=\"padding-bottom: 2px; background-image: url('..\/..\/..\/..\/..\/images\/squiggle.png'); background-repeat: repeat-x; background-position: left bottom; cursor: default; color: #000000; font-family: 'Open Sans', Helvetica, Arial, sans-serif; font-size: 16px; font-style: normal; font-variant-ligatures: normal; font-variant-caps: normal; font-weight: 300; letter-spacing: normal; orphans: 2; text-align: start; text-indent: 0px; text-transform: none; white-space: normal; widows: 2; word-spacing: 0px; -webkit-text-stroke-width: 0px; text-decoration-thickness: initial; text-decoration-style: initial; text-decoration-color: initial;\">propis<\/span>\u00a0sentiments per aconseguir descentrar-se, \u00e9s a dir, per a diferenciar all\u00f2 que \u00e9s seu d&#8217;all\u00f2 que pertany al seu entorn.<\/p>\n<p><a href=\"https:\/\/agora.xtec.cat\/escolapatufetsantjordi\/wp-content\/uploads\/usu2284\/2022\/12\/IMG_20190211_100655844-1-scaled.jpg\"><img loading=\"lazy\" decoding=\"async\" class=\"alignnone wp-image-5471\" src=\"https:\/\/agora.xtec.cat\/escolapatufetsantjordi\/wp-content\/uploads\/usu2284\/2022\/12\/IMG_20190211_100655844-1-scaled.jpg\" alt=\"\" width=\"300\" height=\"169\" srcset=\"https:\/\/agora.xtec.cat\/escolapatufetsantjordi\/wp-content\/uploads\/usu2284\/2022\/12\/IMG_20190211_100655844-1-scaled.jpg 2560w, https:\/\/agora.xtec.cat\/escolapatufetsantjordi\/wp-content\/uploads\/usu2284\/2022\/12\/IMG_20190211_100655844-1-300x169.jpg 300w, https:\/\/agora.xtec.cat\/escolapatufetsantjordi\/wp-content\/uploads\/usu2284\/2022\/12\/IMG_20190211_100655844-1-1024x576.jpg 1024w, https:\/\/agora.xtec.cat\/escolapatufetsantjordi\/wp-content\/uploads\/usu2284\/2022\/12\/IMG_20190211_100655844-1-768x432.jpg 768w, https:\/\/agora.xtec.cat\/escolapatufetsantjordi\/wp-content\/uploads\/usu2284\/2022\/12\/IMG_20190211_100655844-1-1536x864.jpg 1536w, https:\/\/agora.xtec.cat\/escolapatufetsantjordi\/wp-content\/uploads\/usu2284\/2022\/12\/IMG_20190211_100655844-1-2048x1152.jpg 2048w\" sizes=\"auto, (max-width: 300px) 100vw, 300px\" \/>\u00a0<\/a><a href=\"https:\/\/agora.xtec.cat\/escolapatufetsantjordi\/wp-content\/uploads\/usu2284\/2022\/12\/IMG_20190121_114725953-scaled.jpg\"><img loading=\"lazy\" decoding=\"async\" class=\"alignnone wp-image-5469\" src=\"https:\/\/agora.xtec.cat\/escolapatufetsantjordi\/wp-content\/uploads\/usu2284\/2022\/12\/IMG_20190121_114725953-scaled.jpg\" alt=\"\" width=\"96\" height=\"171\" srcset=\"https:\/\/agora.xtec.cat\/escolapatufetsantjordi\/wp-content\/uploads\/usu2284\/2022\/12\/IMG_20190121_114725953-scaled.jpg 1440w, https:\/\/agora.xtec.cat\/escolapatufetsantjordi\/wp-content\/uploads\/usu2284\/2022\/12\/IMG_20190121_114725953-169x300.jpg 169w, https:\/\/agora.xtec.cat\/escolapatufetsantjordi\/wp-content\/uploads\/usu2284\/2022\/12\/IMG_20190121_114725953-576x1024.jpg 576w, https:\/\/agora.xtec.cat\/escolapatufetsantjordi\/wp-content\/uploads\/usu2284\/2022\/12\/IMG_20190121_114725953-768x1365.jpg 768w, https:\/\/agora.xtec.cat\/escolapatufetsantjordi\/wp-content\/uploads\/usu2284\/2022\/12\/IMG_20190121_114725953-864x1536.jpg 864w, https:\/\/agora.xtec.cat\/escolapatufetsantjordi\/wp-content\/uploads\/usu2284\/2022\/12\/IMG_20190121_114725953-1152x2048.jpg 1152w\" sizes=\"auto, (max-width: 96px) 100vw, 96px\" \/><\/a> <a href=\"https:\/\/agora.xtec.cat\/escolapatufetsantjordi\/wp-content\/uploads\/usu2284\/2022\/12\/IMG_20190520_112632559-scaled.jpg\"><img loading=\"lazy\" decoding=\"async\" class=\"wp-image-5474 alignnone\" src=\"https:\/\/agora.xtec.cat\/escolapatufetsantjordi\/wp-content\/uploads\/usu2284\/2022\/12\/IMG_20190520_112632559-scaled.jpg\" alt=\"\" width=\"307\" height=\"172\" srcset=\"https:\/\/agora.xtec.cat\/escolapatufetsantjordi\/wp-content\/uploads\/usu2284\/2022\/12\/IMG_20190520_112632559-scaled.jpg 2560w, https:\/\/agora.xtec.cat\/escolapatufetsantjordi\/wp-content\/uploads\/usu2284\/2022\/12\/IMG_20190520_112632559-300x169.jpg 300w, https:\/\/agora.xtec.cat\/escolapatufetsantjordi\/wp-content\/uploads\/usu2284\/2022\/12\/IMG_20190520_112632559-1024x576.jpg 1024w, https:\/\/agora.xtec.cat\/escolapatufetsantjordi\/wp-content\/uploads\/usu2284\/2022\/12\/IMG_20190520_112632559-768x432.jpg 768w, https:\/\/agora.xtec.cat\/escolapatufetsantjordi\/wp-content\/uploads\/usu2284\/2022\/12\/IMG_20190520_112632559-1536x864.jpg 1536w, https:\/\/agora.xtec.cat\/escolapatufetsantjordi\/wp-content\/uploads\/usu2284\/2022\/12\/IMG_20190520_112632559-2048x1152.jpg 2048w\" sizes=\"auto, (max-width: 307px) 100vw, 307px\" \/><\/a><\/p>\n","protected":false},"excerpt":{"rendered":"<p>La pr\u00e0ctica psicomotriu Aucouturier La Pr\u00e0ctica Psicomotriu Aucouturier\u00a0t\u00e9 com a objectiu el desenvolupament ps\u00edquic dels infants a trav\u00e9s del cos. Es refereix a una concepci\u00f3 unit\u00e0ria de la persona, la psique \u00e9s inseparable de les seves arrels corporals. En aquesta pr\u00e0ctica es treballa la unitat del plaer sensoriomotor com un factor que afavoreix el cos, [&hellip;]<\/p>\n","protected":false},"author":1,"featured_media":0,"parent":5120,"menu_order":30,"comment_status":"closed","ping_status":"closed","template":"page-templates\/side-menu.php","meta":{"_bbp_topic_count":0,"_bbp_reply_count":0,"_bbp_total_topic_count":0,"_bbp_total_reply_count":0,"_bbp_voice_count":0,"_bbp_anonymous_reply_count":0,"_bbp_topic_count_hidden":0,"_bbp_reply_count_hidden":0,"_bbp_forum_subforum_count":0,"site-sidebar-layout":"default","site-content-layout":"","ast-site-content-layout":"","site-content-style":"default","site-sidebar-style":"default","ast-global-header-display":"","ast-banner-title-visibility":"","ast-main-header-display":"","ast-hfb-above-header-display":"","ast-hfb-below-header-display":"","ast-hfb-mobile-header-display":"","site-post-title":"","ast-breadcrumbs-content":"","ast-featured-img":"","footer-sml-layout":"","theme-transparent-header-meta":"","adv-header-id-meta":"","stick-header-meta":"","header-above-stick-meta":"","header-main-stick-meta":"","header-below-stick-meta":"","astra-migrate-meta-layouts":"default","ast-page-background-enabled":"default","ast-page-background-meta":{"desktop":{"background-color":"var(--ast-global-color-4)","background-image":"","background-repeat":"repeat","background-position":"center center","background-size":"auto","background-attachment":"scroll","background-type":"","background-media":"","overlay-type":"","overlay-color":"","overlay-opacity":"","overlay-gradient":""},"tablet":{"background-color":"","background-image":"","background-repeat":"repeat","background-position":"center center","background-size":"auto","background-attachment":"scroll","background-type":"","background-media":"","overlay-type":"","overlay-color":"","overlay-opacity":"","overlay-gradient":""},"mobile":{"background-color":"","background-image":"","background-repeat":"repeat","background-position":"center center","background-size":"auto","background-attachment":"scroll","background-type":"","background-media":"","overlay-type":"","overlay-color":"","overlay-opacity":"","overlay-gradient":""}},"ast-content-background-meta":{"desktop":{"background-color":"var(--ast-global-color-5)","background-image":"","background-repeat":"repeat","background-position":"center center","background-size":"auto","background-attachment":"scroll","background-type":"","background-media":"","overlay-type":"","overlay-color":"","overlay-opacity":"","overlay-gradient":""},"tablet":{"background-color":"var(--ast-global-color-5)","background-image":"","background-repeat":"repeat","background-position":"center center","background-size":"auto","background-attachment":"scroll","background-type":"","background-media":"","overlay-type":"","overlay-color":"","overlay-opacity":"","overlay-gradient":""},"mobile":{"background-color":"var(--ast-global-color-5)","background-image":"","background-repeat":"repeat","background-position":"center center","background-size":"auto","background-attachment":"scroll","background-type":"","background-media":"","overlay-type":"","overlay-color":"","overlay-opacity":"","overlay-gradient":""}},"footnotes":""},"class_list":["post-5149","page","type-page","status-publish","hentry"],"post_mailing_queue_ids":[],"_links":{"self":[{"href":"https:\/\/agora.xtec.cat\/escolapatufetsantjordi\/wp-json\/wp\/v2\/pages\/5149","targetHints":{"allow":["GET"]}}],"collection":[{"href":"https:\/\/agora.xtec.cat\/escolapatufetsantjordi\/wp-json\/wp\/v2\/pages"}],"about":[{"href":"https:\/\/agora.xtec.cat\/escolapatufetsantjordi\/wp-json\/wp\/v2\/types\/page"}],"author":[{"embeddable":true,"href":"https:\/\/agora.xtec.cat\/escolapatufetsantjordi\/wp-json\/wp\/v2\/users\/1"}],"replies":[{"embeddable":true,"href":"https:\/\/agora.xtec.cat\/escolapatufetsantjordi\/wp-json\/wp\/v2\/comments?post=5149"}],"version-history":[{"count":3,"href":"https:\/\/agora.xtec.cat\/escolapatufetsantjordi\/wp-json\/wp\/v2\/pages\/5149\/revisions"}],"predecessor-version":[{"id":6360,"href":"https:\/\/agora.xtec.cat\/escolapatufetsantjordi\/wp-json\/wp\/v2\/pages\/5149\/revisions\/6360"}],"up":[{"embeddable":true,"href":"https:\/\/agora.xtec.cat\/escolapatufetsantjordi\/wp-json\/wp\/v2\/pages\/5120"}],"wp:attachment":[{"href":"https:\/\/agora.xtec.cat\/escolapatufetsantjordi\/wp-json\/wp\/v2\/media?parent=5149"}],"curies":[{"name":"wp","href":"https:\/\/api.w.org\/{rel}","templated":true}]}}