{"id":5147,"date":"2022-08-19T17:57:26","date_gmt":"2022-08-19T15:57:26","guid":{"rendered":"https:\/\/agora.xtec.cat\/escolapatufetsantjordi\/?page_id=5147"},"modified":"2024-04-13T12:41:31","modified_gmt":"2024-04-13T10:41:31","slug":"preguntes","status":"publish","type":"page","link":"https:\/\/agora.xtec.cat\/escolapatufetsantjordi\/projecte\/preguntes\/","title":{"rendered":"Preguntes"},"content":{"rendered":"<p>L&#8217;estrat\u00e8gia de les preguntes es duu a terme en el Cicle dels Grans i consisteix en l&#8217;aprenentatge i interrelaci\u00f3 entre iguals obrint l&#8217;edat d&#8217;aquest igual entre els 9 i els 12 anys. Les Preguntes <strong>sorgeixen de les inquietuds, interessos, necessitats&#8230;,\u00a0dels mateixos infants<\/strong>.<br \/>\nAlgunes caracter\u00edstiques d&#8217;aquesta estrat\u00e8gia s\u00f3n el <strong>treball cooperatiu, el treball globalitzat i integral (interdisciplinarietat), la complexitat i el m\u00e8tode cient\u00edfic<\/strong> entre d&#8217;altres.<\/p>\n<p>Cal destacar que durant el desenvolupament d&#8217;aquesta hi ha una obertura de mires, \u00e9s a dir, el cam\u00ed no est\u00e0 tra\u00e7at sin\u00f3 que s\u00f3n els alumnes qui el va definint i la mestra acompanya, ajuda a fer possible&#8230; D&#8217;aquesta manera vetllem per un aprenentatge molt m\u00e9s competencial.<\/p>\n<p>En la darrera part de cada tongada fem una exposici\u00f3 que ens permet <strong>compartir entre iguals els aprenentatges realitzats<\/strong>.<\/p>\n<p><a href=\"https:\/\/agora.xtec.cat\/escolapatufetsantjordi\/wp-content\/uploads\/usu2284\/2022\/12\/IMG_9328.jpg\"><img loading=\"lazy\" decoding=\"async\" class=\"alignnone wp-image-5524\" src=\"https:\/\/agora.xtec.cat\/escolapatufetsantjordi\/wp-content\/uploads\/usu2284\/2022\/12\/IMG_9328.jpg\" alt=\"\" width=\"214\" height=\"161\" srcset=\"https:\/\/agora.xtec.cat\/escolapatufetsantjordi\/wp-content\/uploads\/usu2284\/2022\/12\/IMG_9328.jpg 1104w, https:\/\/agora.xtec.cat\/escolapatufetsantjordi\/wp-content\/uploads\/usu2284\/2022\/12\/IMG_9328-300x225.jpg 300w, https:\/\/agora.xtec.cat\/escolapatufetsantjordi\/wp-content\/uploads\/usu2284\/2022\/12\/IMG_9328-1024x768.jpg 1024w, https:\/\/agora.xtec.cat\/escolapatufetsantjordi\/wp-content\/uploads\/usu2284\/2022\/12\/IMG_9328-768x576.jpg 768w, https:\/\/agora.xtec.cat\/escolapatufetsantjordi\/wp-content\/uploads\/usu2284\/2022\/12\/IMG_9328-200x150.jpg 200w\" sizes=\"auto, (max-width: 214px) 100vw, 214px\" \/><\/a> <a href=\"https:\/\/agora.xtec.cat\/escolapatufetsantjordi\/wp-content\/uploads\/usu2284\/2022\/12\/20221110_095338.jpg\"><img loading=\"lazy\" decoding=\"async\" class=\"alignnone wp-image-5525\" src=\"https:\/\/agora.xtec.cat\/escolapatufetsantjordi\/wp-content\/uploads\/usu2284\/2022\/12\/20221110_095338.jpg\" alt=\"\" width=\"286\" height=\"161\" srcset=\"https:\/\/agora.xtec.cat\/escolapatufetsantjordi\/wp-content\/uploads\/usu2284\/2022\/12\/20221110_095338.jpg 1472w, https:\/\/agora.xtec.cat\/escolapatufetsantjordi\/wp-content\/uploads\/usu2284\/2022\/12\/20221110_095338-300x169.jpg 300w, https:\/\/agora.xtec.cat\/escolapatufetsantjordi\/wp-content\/uploads\/usu2284\/2022\/12\/20221110_095338-1024x576.jpg 1024w, https:\/\/agora.xtec.cat\/escolapatufetsantjordi\/wp-content\/uploads\/usu2284\/2022\/12\/20221110_095338-768x432.jpg 768w\" sizes=\"auto, (max-width: 286px) 100vw, 286px\" \/><\/a> <a href=\"https:\/\/agora.xtec.cat\/escolapatufetsantjordi\/wp-content\/uploads\/usu2284\/2022\/12\/2EDA2231-FE67-4355-8F76-26B260B0EB64.jpeg\"><img loading=\"lazy\" decoding=\"async\" class=\"alignnone wp-image-5523\" src=\"https:\/\/agora.xtec.cat\/escolapatufetsantjordi\/wp-content\/uploads\/usu2284\/2022\/12\/2EDA2231-FE67-4355-8F76-26B260B0EB64.jpeg\" alt=\"\" width=\"217\" height=\"163\" srcset=\"https:\/\/agora.xtec.cat\/escolapatufetsantjordi\/wp-content\/uploads\/usu2284\/2022\/12\/2EDA2231-FE67-4355-8F76-26B260B0EB64.jpeg 1104w, https:\/\/agora.xtec.cat\/escolapatufetsantjordi\/wp-content\/uploads\/usu2284\/2022\/12\/2EDA2231-FE67-4355-8F76-26B260B0EB64-300x225.jpeg 300w, https:\/\/agora.xtec.cat\/escolapatufetsantjordi\/wp-content\/uploads\/usu2284\/2022\/12\/2EDA2231-FE67-4355-8F76-26B260B0EB64-1024x768.jpeg 1024w, https:\/\/agora.xtec.cat\/escolapatufetsantjordi\/wp-content\/uploads\/usu2284\/2022\/12\/2EDA2231-FE67-4355-8F76-26B260B0EB64-768x576.jpeg 768w, https:\/\/agora.xtec.cat\/escolapatufetsantjordi\/wp-content\/uploads\/usu2284\/2022\/12\/2EDA2231-FE67-4355-8F76-26B260B0EB64-200x150.jpeg 200w\" sizes=\"auto, (max-width: 217px) 100vw, 217px\" \/><\/a><\/p>\n","protected":false},"excerpt":{"rendered":"<p>L&#8217;estrat\u00e8gia de les preguntes es duu a terme en el Cicle dels Grans i consisteix en l&#8217;aprenentatge i interrelaci\u00f3 entre iguals obrint l&#8217;edat d&#8217;aquest igual entre els 9 i els 12 anys. Les Preguntes sorgeixen de les inquietuds, interessos, necessitats&#8230;,\u00a0dels mateixos infants. Algunes caracter\u00edstiques d&#8217;aquesta estrat\u00e8gia s\u00f3n el treball cooperatiu, el treball globalitzat i integral [&hellip;]<\/p>\n","protected":false},"author":1,"featured_media":0,"parent":5120,"menu_order":20,"comment_status":"closed","ping_status":"closed","template":"page-templates\/side-menu.php","meta":{"_bbp_topic_count":0,"_bbp_reply_count":0,"_bbp_total_topic_count":0,"_bbp_total_reply_count":0,"_bbp_voice_count":0,"_bbp_anonymous_reply_count":0,"_bbp_topic_count_hidden":0,"_bbp_reply_count_hidden":0,"_bbp_forum_subforum_count":0,"site-sidebar-layout":"default","site-content-layout":"","ast-site-content-layout":"","site-content-style":"default","site-sidebar-style":"default","ast-global-header-display":"","ast-banner-title-visibility":"","ast-main-header-display":"","ast-hfb-above-header-display":"","ast-hfb-below-header-display":"","ast-hfb-mobile-header-display":"","site-post-title":"","ast-breadcrumbs-content":"","ast-featured-img":"","footer-sml-layout":"","theme-transparent-header-meta":"","adv-header-id-meta":"","stick-header-meta":"","header-above-stick-meta":"","header-main-stick-meta":"","header-below-stick-meta":"","astra-migrate-meta-layouts":"default","ast-page-background-enabled":"default","ast-page-background-meta":{"desktop":{"background-color":"var(--ast-global-color-4)","background-image":"","background-repeat":"repeat","background-position":"center center","background-size":"auto","background-attachment":"scroll","background-type":"","background-media":"","overlay-type":"","overlay-color":"","overlay-opacity":"","overlay-gradient":""},"tablet":{"background-color":"","background-image":"","background-repeat":"repeat","background-position":"center center","background-size":"auto","background-attachment":"scroll","background-type":"","background-media":"","overlay-type":"","overlay-color":"","overlay-opacity":"","overlay-gradient":""},"mobile":{"background-color":"","background-image":"","background-repeat":"repeat","background-position":"center center","background-size":"auto","background-attachment":"scroll","background-type":"","background-media":"","overlay-type":"","overlay-color":"","overlay-opacity":"","overlay-gradient":""}},"ast-content-background-meta":{"desktop":{"background-color":"var(--ast-global-color-5)","background-image":"","background-repeat":"repeat","background-position":"center center","background-size":"auto","background-attachment":"scroll","background-type":"","background-media":"","overlay-type":"","overlay-color":"","overlay-opacity":"","overlay-gradient":""},"tablet":{"background-color":"var(--ast-global-color-5)","background-image":"","background-repeat":"repeat","background-position":"center center","background-size":"auto","background-attachment":"scroll","background-type":"","background-media":"","overlay-type":"","overlay-color":"","overlay-opacity":"","overlay-gradient":""},"mobile":{"background-color":"var(--ast-global-color-5)","background-image":"","background-repeat":"repeat","background-position":"center center","background-size":"auto","background-attachment":"scroll","background-type":"","background-media":"","overlay-type":"","overlay-color":"","overlay-opacity":"","overlay-gradient":""}},"footnotes":""},"class_list":["post-5147","page","type-page","status-publish","hentry"],"post_mailing_queue_ids":[],"_links":{"self":[{"href":"https:\/\/agora.xtec.cat\/escolapatufetsantjordi\/wp-json\/wp\/v2\/pages\/5147","targetHints":{"allow":["GET"]}}],"collection":[{"href":"https:\/\/agora.xtec.cat\/escolapatufetsantjordi\/wp-json\/wp\/v2\/pages"}],"about":[{"href":"https:\/\/agora.xtec.cat\/escolapatufetsantjordi\/wp-json\/wp\/v2\/types\/page"}],"author":[{"embeddable":true,"href":"https:\/\/agora.xtec.cat\/escolapatufetsantjordi\/wp-json\/wp\/v2\/users\/1"}],"replies":[{"embeddable":true,"href":"https:\/\/agora.xtec.cat\/escolapatufetsantjordi\/wp-json\/wp\/v2\/comments?post=5147"}],"version-history":[{"count":4,"href":"https:\/\/agora.xtec.cat\/escolapatufetsantjordi\/wp-json\/wp\/v2\/pages\/5147\/revisions"}],"predecessor-version":[{"id":6689,"href":"https:\/\/agora.xtec.cat\/escolapatufetsantjordi\/wp-json\/wp\/v2\/pages\/5147\/revisions\/6689"}],"up":[{"embeddable":true,"href":"https:\/\/agora.xtec.cat\/escolapatufetsantjordi\/wp-json\/wp\/v2\/pages\/5120"}],"wp:attachment":[{"href":"https:\/\/agora.xtec.cat\/escolapatufetsantjordi\/wp-json\/wp\/v2\/media?parent=5147"}],"curies":[{"name":"wp","href":"https:\/\/api.w.org\/{rel}","templated":true}]}}