{"id":5143,"date":"2022-08-19T17:55:26","date_gmt":"2022-08-19T15:55:26","guid":{"rendered":"https:\/\/agora.xtec.cat\/escolapatufetsantjordi\/?page_id=5143"},"modified":"2024-04-13T12:24:23","modified_gmt":"2024-04-13T10:24:23","slug":"racons","status":"publish","type":"page","link":"https:\/\/agora.xtec.cat\/escolapatufetsantjordi\/projecte\/racons\/","title":{"rendered":"Racons"},"content":{"rendered":"<p><span style=\"font-weight: 400;\">L\u2019organitzaci\u00f3 de la classe per racons respon a la necessitat d\u2019atendre la diversitat de ritmes maduratius i d\u2019aprenentatge, aix\u00ed com les diferents capacitats dels nens i de les nenes. S\u2019ofereixen espais ambientats amb una intenci\u00f3 concreta, materials diversos propers a la realitat i adequats als nens i les nenes i es fan propostes d\u2019 activitats que possibiliten la participaci\u00f3 activa en la construcci\u00f3 del seu pensament.\u00a0<\/span><\/p>\n<p><span style=\"font-weight: 400;\">Els racons s\u00f3n espais de creixement que faciliten als infants la possibilitat de fer coses i inciten a la reflexi\u00f3 sobre qu\u00e8 estan fent: es juga, s\u2019investiga, s\u2019explora, \u00e9s possible tafanejar, provar i tornar a provar, cercar solucions, concentrar-se, actuar amb calma sense l\u2019obsessi\u00f3 d\u2019obtenir resultats immediats. (M\u00aa Jos\u00e9 Lagu\u00eda, 2009).<\/span><\/p>\n<p><b>Les caracter\u00edstiques espec\u00edfiques dels racons s\u00f3n<\/b><\/p>\n<ul>\n<li><span style=\"font-weight: 400;\">\u00a0S\u2019ofereix una diversitat de propostes de manera simult\u00e0nia, en un mateix espai (en el marc del cicle).<\/span><\/li>\n<li><span style=\"font-weight: 400;\">\u00a0Totes les propostes persegueixen objectius de car\u00e0cter curricular.<\/span><\/li>\n<li><span style=\"font-weight: 400;\">\u00a0Dins de cada rac\u00f3 hi ha d\u2019haver diferents graus de complexitat i de propostes per tal que tots els nens i nenes puguin trobar la proposta que s\u2019adiu al seu nivell.<\/span><\/li>\n<li><span style=\"font-weight: 400;\">De manera peri\u00f2dica les propostes de cada rac\u00f3 es van renovant, afegint-ne de noves i retirant aquelles que ja no motiven als infants .<\/span><\/li>\n<li><span style=\"font-weight: 400;\">Les propostes han de ser el m\u00e9s aut\u00f2nomes possible.<\/span><\/li>\n<li><span style=\"font-weight: 400;\">La tria d\u2019una activitat \u00e9s lliure; el mestre ha de procurar que els infants coneguin totes les possibilitats que se\u2019ls ofereix\u00a0 i vagin passant per tots els racons que se\u2019ls ofereix.\u00a0<\/span><\/li>\n<li><span style=\"font-weight: 400;\">Es tracta d\u2019una proposta que pot generar una activitat de car\u00e0cter individual o b\u00e9 de petit grup; en aquest cas ha de possibilitar que es pugui cooperar, coordinar-se, treballar conjuntament,&#8230;<\/span><\/li>\n<li><span style=\"font-weight: 400;\">Els racons els tenim plantejats com una activitat internivell.<\/span><\/li>\n<\/ul>\n<p><a href=\"https:\/\/agora.xtec.cat\/escolapatufetsantjordi\/wp-content\/uploads\/usu2284\/2024\/04\/IMG_4195.jpg\"><img loading=\"lazy\" decoding=\"async\" class=\"alignleft wp-image-6655 size-medium\" src=\"https:\/\/agora.xtec.cat\/escolapatufetsantjordi\/wp-content\/uploads\/usu2284\/2024\/04\/IMG_4195-e1713003830836-300x225.jpg\" alt=\"\" width=\"300\" height=\"225\" srcset=\"https:\/\/agora.xtec.cat\/escolapatufetsantjordi\/wp-content\/uploads\/usu2284\/2024\/04\/IMG_4195-e1713003830836-300x225.jpg 300w, https:\/\/agora.xtec.cat\/escolapatufetsantjordi\/wp-content\/uploads\/usu2284\/2024\/04\/IMG_4195-e1713003830836-1024x768.jpg 1024w, https:\/\/agora.xtec.cat\/escolapatufetsantjordi\/wp-content\/uploads\/usu2284\/2024\/04\/IMG_4195-e1713003830836-768x576.jpg 768w, https:\/\/agora.xtec.cat\/escolapatufetsantjordi\/wp-content\/uploads\/usu2284\/2024\/04\/IMG_4195-e1713003830836-200x150.jpg 200w, https:\/\/agora.xtec.cat\/escolapatufetsantjordi\/wp-content\/uploads\/usu2284\/2024\/04\/IMG_4195-e1713003830836.jpg 1365w\" sizes=\"auto, (max-width: 300px) 100vw, 300px\" \/><\/a><\/p>\n<p><a href=\"https:\/\/agora.xtec.cat\/escolapatufetsantjordi\/wp-content\/uploads\/usu2284\/2024\/04\/IMG_4175-scaled.jpg\"><img loading=\"lazy\" decoding=\"async\" class=\"wp-image-6640 size-medium alignleft\" src=\"https:\/\/agora.xtec.cat\/escolapatufetsantjordi\/wp-content\/uploads\/usu2284\/2024\/04\/IMG_4175-300x225.jpg\" alt=\"\" width=\"300\" height=\"225\" srcset=\"https:\/\/agora.xtec.cat\/escolapatufetsantjordi\/wp-content\/uploads\/usu2284\/2024\/04\/IMG_4175-300x225.jpg 300w, https:\/\/agora.xtec.cat\/escolapatufetsantjordi\/wp-content\/uploads\/usu2284\/2024\/04\/IMG_4175-1024x768.jpg 1024w, https:\/\/agora.xtec.cat\/escolapatufetsantjordi\/wp-content\/uploads\/usu2284\/2024\/04\/IMG_4175-768x576.jpg 768w, https:\/\/agora.xtec.cat\/escolapatufetsantjordi\/wp-content\/uploads\/usu2284\/2024\/04\/IMG_4175-1536x1152.jpg 1536w, https:\/\/agora.xtec.cat\/escolapatufetsantjordi\/wp-content\/uploads\/usu2284\/2024\/04\/IMG_4175-2048x1536.jpg 2048w, https:\/\/agora.xtec.cat\/escolapatufetsantjordi\/wp-content\/uploads\/usu2284\/2024\/04\/IMG_4175-200x150.jpg 200w\" sizes=\"auto, (max-width: 300px) 100vw, 300px\" \/><\/a><\/p>\n","protected":false},"excerpt":{"rendered":"<p>L\u2019organitzaci\u00f3 de la classe per racons respon a la necessitat d\u2019atendre la diversitat de ritmes maduratius i d\u2019aprenentatge, aix\u00ed com les diferents capacitats dels nens i de les nenes. S\u2019ofereixen espais ambientats amb una intenci\u00f3 concreta, materials diversos propers a la realitat i adequats als nens i les nenes i es fan propostes d\u2019 activitats [&hellip;]<\/p>\n","protected":false},"author":1,"featured_media":0,"parent":5120,"menu_order":10,"comment_status":"closed","ping_status":"closed","template":"page-templates\/side-menu.php","meta":{"_bbp_topic_count":0,"_bbp_reply_count":0,"_bbp_total_topic_count":0,"_bbp_total_reply_count":0,"_bbp_voice_count":0,"_bbp_anonymous_reply_count":0,"_bbp_topic_count_hidden":0,"_bbp_reply_count_hidden":0,"_bbp_forum_subforum_count":0,"site-sidebar-layout":"default","site-content-layout":"","ast-site-content-layout":"","site-content-style":"default","site-sidebar-style":"default","ast-global-header-display":"","ast-banner-title-visibility":"","ast-main-header-display":"","ast-hfb-above-header-display":"","ast-hfb-below-header-display":"","ast-hfb-mobile-header-display":"","site-post-title":"","ast-breadcrumbs-content":"","ast-featured-img":"","footer-sml-layout":"","theme-transparent-header-meta":"","adv-header-id-meta":"","stick-header-meta":"","header-above-stick-meta":"","header-main-stick-meta":"","header-below-stick-meta":"","astra-migrate-meta-layouts":"default","ast-page-background-enabled":"default","ast-page-background-meta":{"desktop":{"background-color":"var(--ast-global-color-4)","background-image":"","background-repeat":"repeat","background-position":"center center","background-size":"auto","background-attachment":"scroll","background-type":"","background-media":"","overlay-type":"","overlay-color":"","overlay-opacity":"","overlay-gradient":""},"tablet":{"background-color":"","background-image":"","background-repeat":"repeat","background-position":"center center","background-size":"auto","background-attachment":"scroll","background-type":"","background-media":"","overlay-type":"","overlay-color":"","overlay-opacity":"","overlay-gradient":""},"mobile":{"background-color":"","background-image":"","background-repeat":"repeat","background-position":"center center","background-size":"auto","background-attachment":"scroll","background-type":"","background-media":"","overlay-type":"","overlay-color":"","overlay-opacity":"","overlay-gradient":""}},"ast-content-background-meta":{"desktop":{"background-color":"var(--ast-global-color-5)","background-image":"","background-repeat":"repeat","background-position":"center center","background-size":"auto","background-attachment":"scroll","background-type":"","background-media":"","overlay-type":"","overlay-color":"","overlay-opacity":"","overlay-gradient":""},"tablet":{"background-color":"var(--ast-global-color-5)","background-image":"","background-repeat":"repeat","background-position":"center center","background-size":"auto","background-attachment":"scroll","background-type":"","background-media":"","overlay-type":"","overlay-color":"","overlay-opacity":"","overlay-gradient":""},"mobile":{"background-color":"var(--ast-global-color-5)","background-image":"","background-repeat":"repeat","background-position":"center center","background-size":"auto","background-attachment":"scroll","background-type":"","background-media":"","overlay-type":"","overlay-color":"","overlay-opacity":"","overlay-gradient":""}},"footnotes":""},"class_list":["post-5143","page","type-page","status-publish","hentry"],"post_mailing_queue_ids":[],"_links":{"self":[{"href":"https:\/\/agora.xtec.cat\/escolapatufetsantjordi\/wp-json\/wp\/v2\/pages\/5143","targetHints":{"allow":["GET"]}}],"collection":[{"href":"https:\/\/agora.xtec.cat\/escolapatufetsantjordi\/wp-json\/wp\/v2\/pages"}],"about":[{"href":"https:\/\/agora.xtec.cat\/escolapatufetsantjordi\/wp-json\/wp\/v2\/types\/page"}],"author":[{"embeddable":true,"href":"https:\/\/agora.xtec.cat\/escolapatufetsantjordi\/wp-json\/wp\/v2\/users\/1"}],"replies":[{"embeddable":true,"href":"https:\/\/agora.xtec.cat\/escolapatufetsantjordi\/wp-json\/wp\/v2\/comments?post=5143"}],"version-history":[{"count":4,"href":"https:\/\/agora.xtec.cat\/escolapatufetsantjordi\/wp-json\/wp\/v2\/pages\/5143\/revisions"}],"predecessor-version":[{"id":6681,"href":"https:\/\/agora.xtec.cat\/escolapatufetsantjordi\/wp-json\/wp\/v2\/pages\/5143\/revisions\/6681"}],"up":[{"embeddable":true,"href":"https:\/\/agora.xtec.cat\/escolapatufetsantjordi\/wp-json\/wp\/v2\/pages\/5120"}],"wp:attachment":[{"href":"https:\/\/agora.xtec.cat\/escolapatufetsantjordi\/wp-json\/wp\/v2\/media?parent=5143"}],"curies":[{"name":"wp","href":"https:\/\/api.w.org\/{rel}","templated":true}]}}