{"id":5126,"date":"2022-08-18T18:57:13","date_gmt":"2022-08-18T16:57:13","guid":{"rendered":"https:\/\/agora.xtec.cat\/escolapatufetsantjordi\/?page_id=5126"},"modified":"2023-11-07T17:23:54","modified_gmt":"2023-11-07T16:23:54","slug":"afa","status":"publish","type":"page","link":"https:\/\/agora.xtec.cat\/escolapatufetsantjordi\/afa\/","title":{"rendered":"AFA"},"content":{"rendered":"<p>L\u2019AFA \u00e9s l\u2019associaci\u00f3 de fam\u00edlies de l\u2019escola que t\u00e9 com a principal objectiu promoure la participaci\u00f3 de les fam\u00edlies en els diferents afers de l\u2019escola amb la il\u00b7lusi\u00f3 d\u2019assolir el millor grau d\u2019educaci\u00f3 i conviv\u00e8ncia possible durant l\u2019escolaritzaci\u00f3 del nostre alumnat en el Patufet.<\/p>\n<p>No tenim \u00e0nim de lucre i el nostre funcionament \u00e9s assembleari. La nostra Junta Directiva exerceix les funcions delegades de l\u2019assemblea gestionant el dia a dia de l\u2019AFA.<\/p>\n<p>Aqu\u00ed pots accedir als nostres <a href=\"https:\/\/agora.xtec.cat\/escolapatufetsantjordi\/wp-content\/uploads\/usu2284\/2023\/10\/AFA-_ESTATUTS.pdf\" target=\"_blank\" rel=\"noopener\">Estatuts<\/a>*<\/p>\n<p>Si teniu dubtes, ens podeu escriure a <a href=\"mailto:afa@patufet.cat\">afa@patufet.cat<\/a><a href=\"https:\/\/agora.xtec.cat\/escolapatufetsantjordi\/wp-content\/uploads\/usu2284\/2022\/08\/Captura-de-pantalla-2022-07-11-a-las-16.18.42.png\"><img loading=\"lazy\" decoding=\"async\" class=\"wp-image-5058 aligncenter\" src=\"https:\/\/agora.xtec.cat\/escolapatufetsantjordi\/wp-content\/uploads\/usu2284\/2022\/08\/Captura-de-pantalla-2022-07-11-a-las-16.18.42-300x283.png\" alt=\"\" width=\"260\" height=\"246\" srcset=\"https:\/\/agora.xtec.cat\/escolapatufetsantjordi\/wp-content\/uploads\/usu2284\/2022\/08\/Captura-de-pantalla-2022-07-11-a-las-16.18.42-300x283.png 300w, https:\/\/agora.xtec.cat\/escolapatufetsantjordi\/wp-content\/uploads\/usu2284\/2022\/08\/Captura-de-pantalla-2022-07-11-a-las-16.18.42.png 579w\" sizes=\"auto, (max-width: 260px) 100vw, 260px\" \/><\/a><\/p>\n<p>*Estatuts en proc\u00e9s de ser registrats<\/p>\n","protected":false},"excerpt":{"rendered":"<p>L\u2019AFA \u00e9s l\u2019associaci\u00f3 de fam\u00edlies de l\u2019escola que t\u00e9 com a principal objectiu promoure la participaci\u00f3 de les fam\u00edlies en els diferents afers de l\u2019escola amb la il\u00b7lusi\u00f3 d\u2019assolir el millor grau d\u2019educaci\u00f3 i conviv\u00e8ncia possible durant l\u2019escolaritzaci\u00f3 del nostre alumnat en el Patufet. No tenim \u00e0nim de lucre i el nostre funcionament \u00e9s assembleari. [&hellip;]<\/p>\n","protected":false},"author":1,"featured_media":0,"parent":0,"menu_order":0,"comment_status":"closed","ping_status":"closed","template":"page-templates\/side-menu.php","meta":{"_bbp_topic_count":0,"_bbp_reply_count":0,"_bbp_total_topic_count":0,"_bbp_total_reply_count":0,"_bbp_voice_count":0,"_bbp_anonymous_reply_count":0,"_bbp_topic_count_hidden":0,"_bbp_reply_count_hidden":0,"_bbp_forum_subforum_count":0,"site-sidebar-layout":"default","site-content-layout":"","ast-site-content-layout":"","site-content-style":"default","site-sidebar-style":"default","ast-global-header-display":"","ast-banner-title-visibility":"","ast-main-header-display":"","ast-hfb-above-header-display":"","ast-hfb-below-header-display":"","ast-hfb-mobile-header-display":"","site-post-title":"","ast-breadcrumbs-content":"","ast-featured-img":"","footer-sml-layout":"","theme-transparent-header-meta":"","adv-header-id-meta":"","stick-header-meta":"","header-above-stick-meta":"","header-main-stick-meta":"","header-below-stick-meta":"","astra-migrate-meta-layouts":"default","ast-page-background-enabled":"default","ast-page-background-meta":{"desktop":{"background-color":"var(--ast-global-color-4)","background-image":"","background-repeat":"repeat","background-position":"center center","background-size":"auto","background-attachment":"scroll","background-type":"","background-media":"","overlay-type":"","overlay-color":"","overlay-opacity":"","overlay-gradient":""},"tablet":{"background-color":"","background-image":"","background-repeat":"repeat","background-position":"center center","background-size":"auto","background-attachment":"scroll","background-type":"","background-media":"","overlay-type":"","overlay-color":"","overlay-opacity":"","overlay-gradient":""},"mobile":{"background-color":"","background-image":"","background-repeat":"repeat","background-position":"center center","background-size":"auto","background-attachment":"scroll","background-type":"","background-media":"","overlay-type":"","overlay-color":"","overlay-opacity":"","overlay-gradient":""}},"ast-content-background-meta":{"desktop":{"background-color":"var(--ast-global-color-5)","background-image":"","background-repeat":"repeat","background-position":"center center","background-size":"auto","background-attachment":"scroll","background-type":"","background-media":"","overlay-type":"","overlay-color":"","overlay-opacity":"","overlay-gradient":""},"tablet":{"background-color":"var(--ast-global-color-5)","background-image":"","background-repeat":"repeat","background-position":"center center","background-size":"auto","background-attachment":"scroll","background-type":"","background-media":"","overlay-type":"","overlay-color":"","overlay-opacity":"","overlay-gradient":""},"mobile":{"background-color":"var(--ast-global-color-5)","background-image":"","background-repeat":"repeat","background-position":"center center","background-size":"auto","background-attachment":"scroll","background-type":"","background-media":"","overlay-type":"","overlay-color":"","overlay-opacity":"","overlay-gradient":""}},"footnotes":""},"class_list":["post-5126","page","type-page","status-publish","hentry"],"post_mailing_queue_ids":[],"_links":{"self":[{"href":"https:\/\/agora.xtec.cat\/escolapatufetsantjordi\/wp-json\/wp\/v2\/pages\/5126","targetHints":{"allow":["GET"]}}],"collection":[{"href":"https:\/\/agora.xtec.cat\/escolapatufetsantjordi\/wp-json\/wp\/v2\/pages"}],"about":[{"href":"https:\/\/agora.xtec.cat\/escolapatufetsantjordi\/wp-json\/wp\/v2\/types\/page"}],"author":[{"embeddable":true,"href":"https:\/\/agora.xtec.cat\/escolapatufetsantjordi\/wp-json\/wp\/v2\/users\/1"}],"replies":[{"embeddable":true,"href":"https:\/\/agora.xtec.cat\/escolapatufetsantjordi\/wp-json\/wp\/v2\/comments?post=5126"}],"version-history":[{"count":5,"href":"https:\/\/agora.xtec.cat\/escolapatufetsantjordi\/wp-json\/wp\/v2\/pages\/5126\/revisions"}],"predecessor-version":[{"id":6460,"href":"https:\/\/agora.xtec.cat\/escolapatufetsantjordi\/wp-json\/wp\/v2\/pages\/5126\/revisions\/6460"}],"wp:attachment":[{"href":"https:\/\/agora.xtec.cat\/escolapatufetsantjordi\/wp-json\/wp\/v2\/media?parent=5126"}],"curies":[{"name":"wp","href":"https:\/\/api.w.org\/{rel}","templated":true}]}}