{"id":5113,"date":"2022-08-18T18:54:12","date_gmt":"2022-08-18T16:54:12","guid":{"rendered":"https:\/\/agora.xtec.cat\/escolapatufetsantjordi\/?page_id=5113"},"modified":"2025-07-10T21:38:31","modified_gmt":"2025-07-10T19:38:31","slug":"documents-de-centre","status":"publish","type":"page","link":"https:\/\/agora.xtec.cat\/escolapatufetsantjordi\/escola-9\/documents-de-centre\/","title":{"rendered":"Documents de centre"},"content":{"rendered":"<p>A continuaci\u00f3 podeu accedir als seg\u00fcents documents del nostre centre:<\/p>\n<ul>\n<li><a href=\"https:\/\/agora.xtec.cat\/escolapatufetsantjordi\/wp-content\/uploads\/usu2284\/2024\/03\/PEC.pdf\">Projecte Educatiu de Centre (PEC)<\/a><\/li>\n<li><a href=\"https:\/\/agora.xtec.cat\/escolapatufetsantjordi\/wp-content\/uploads\/usu2284\/2024\/02\/NOFC-JUNY-2023-WEB.pdf\">Normes d&#8217;Organitzaci\u00f3 i Funcionament (NOFC) <\/a><\/li>\n<li><a href=\"https:\/\/agora.xtec.cat\/escolapatufetsantjordi\/wp-content\/uploads\/usu2284\/2024\/03\/PROJECTE-DE-CONVIVENCIA-.pdf\">Projecte de Conviv\u00e8ncia<\/a><\/li>\n<li><a href=\"https:\/\/agora.xtec.cat\/escolapatufetsantjordi\/wp-content\/uploads\/usu2284\/2024\/03\/Projecte-Linguistic-de-centre-23-24.docx-Documents-de-Google.pdf\">Projecte Ling\u00fc\u00edstic<\/a><\/li>\n<li><a href=\"https:\/\/sites.google.com\/xtec.cat\/edc-escolapatufet?usp=sharing\">Estrat\u00e8gia Digital de Centre (EDC)<\/a><\/li>\n<li><a href=\"https:\/\/agora.xtec.cat\/escolapatufetsantjordi\/wp-content\/uploads\/usu2284\/2025\/07\/Pla-de-comunicacio-PATUFET.docx-1.pdf\">Pla de Comunicaci\u00f3<\/a><\/li>\n<\/ul>\n<p><a href=\"https:\/\/agora.xtec.cat\/escolapatufetsantjordi\/wp-content\/uploads\/usu2284\/2024\/04\/IMG_4467.jpg\"><img loading=\"lazy\" decoding=\"async\" class=\"aligncenter wp-image-6659 size-full\" src=\"https:\/\/agora.xtec.cat\/escolapatufetsantjordi\/wp-content\/uploads\/usu2284\/2024\/04\/IMG_4467-e1713004566945.jpg\" alt=\"\" width=\"1024\" height=\"631\" srcset=\"https:\/\/agora.xtec.cat\/escolapatufetsantjordi\/wp-content\/uploads\/usu2284\/2024\/04\/IMG_4467-e1713004566945.jpg 1024w, https:\/\/agora.xtec.cat\/escolapatufetsantjordi\/wp-content\/uploads\/usu2284\/2024\/04\/IMG_4467-e1713004566945-300x185.jpg 300w, https:\/\/agora.xtec.cat\/escolapatufetsantjordi\/wp-content\/uploads\/usu2284\/2024\/04\/IMG_4467-e1713004566945-768x473.jpg 768w\" sizes=\"auto, (max-width: 1024px) 100vw, 1024px\" \/><\/a><\/p>\n","protected":false},"excerpt":{"rendered":"<p>A continuaci\u00f3 podeu accedir als seg\u00fcents documents del nostre centre: Projecte Educatiu de Centre (PEC) Normes d&#8217;Organitzaci\u00f3 i Funcionament (NOFC) Projecte de Conviv\u00e8ncia Projecte Ling\u00fc\u00edstic Estrat\u00e8gia Digital de Centre (EDC) Pla de Comunicaci\u00f3<\/p>\n","protected":false},"author":1,"featured_media":0,"parent":5071,"menu_order":50,"comment_status":"closed","ping_status":"closed","template":"","meta":{"_bbp_topic_count":0,"_bbp_reply_count":0,"_bbp_total_topic_count":0,"_bbp_total_reply_count":0,"_bbp_voice_count":0,"_bbp_anonymous_reply_count":0,"_bbp_topic_count_hidden":0,"_bbp_reply_count_hidden":0,"_bbp_forum_subforum_count":0,"site-sidebar-layout":"default","site-content-layout":"","ast-site-content-layout":"default","site-content-style":"default","site-sidebar-style":"default","ast-global-header-display":"","ast-banner-title-visibility":"","ast-main-header-display":"","ast-hfb-above-header-display":"","ast-hfb-below-header-display":"","ast-hfb-mobile-header-display":"","site-post-title":"","ast-breadcrumbs-content":"","ast-featured-img":"","footer-sml-layout":"","theme-transparent-header-meta":"default","adv-header-id-meta":"","stick-header-meta":"","header-above-stick-meta":"","header-main-stick-meta":"","header-below-stick-meta":"","astra-migrate-meta-layouts":"set","ast-page-background-enabled":"default","ast-page-background-meta":{"desktop":{"background-color":"var(--ast-global-color-4)","background-image":"","background-repeat":"repeat","background-position":"center center","background-size":"auto","background-attachment":"scroll","background-type":"","background-media":"","overlay-type":"","overlay-color":"","overlay-opacity":"","overlay-gradient":""},"tablet":{"background-color":"","background-image":"","background-repeat":"repeat","background-position":"center center","background-size":"auto","background-attachment":"scroll","background-type":"","background-media":"","overlay-type":"","overlay-color":"","overlay-opacity":"","overlay-gradient":""},"mobile":{"background-color":"","background-image":"","background-repeat":"repeat","background-position":"center center","background-size":"auto","background-attachment":"scroll","background-type":"","background-media":"","overlay-type":"","overlay-color":"","overlay-opacity":"","overlay-gradient":""}},"ast-content-background-meta":{"desktop":{"background-color":"var(--ast-global-color-5)","background-image":"","background-repeat":"repeat","background-position":"center center","background-size":"auto","background-attachment":"scroll","background-type":"","background-media":"","overlay-type":"","overlay-color":"","overlay-opacity":"","overlay-gradient":""},"tablet":{"background-color":"var(--ast-global-color-5)","background-image":"","background-repeat":"repeat","background-position":"center center","background-size":"auto","background-attachment":"scroll","background-type":"","background-media":"","overlay-type":"","overlay-color":"","overlay-opacity":"","overlay-gradient":""},"mobile":{"background-color":"var(--ast-global-color-5)","background-image":"","background-repeat":"repeat","background-position":"center center","background-size":"auto","background-attachment":"scroll","background-type":"","background-media":"","overlay-type":"","overlay-color":"","overlay-opacity":"","overlay-gradient":""}},"footnotes":""},"class_list":["post-5113","page","type-page","status-publish","hentry"],"post_mailing_queue_ids":[],"_links":{"self":[{"href":"https:\/\/agora.xtec.cat\/escolapatufetsantjordi\/wp-json\/wp\/v2\/pages\/5113","targetHints":{"allow":["GET"]}}],"collection":[{"href":"https:\/\/agora.xtec.cat\/escolapatufetsantjordi\/wp-json\/wp\/v2\/pages"}],"about":[{"href":"https:\/\/agora.xtec.cat\/escolapatufetsantjordi\/wp-json\/wp\/v2\/types\/page"}],"author":[{"embeddable":true,"href":"https:\/\/agora.xtec.cat\/escolapatufetsantjordi\/wp-json\/wp\/v2\/users\/1"}],"replies":[{"embeddable":true,"href":"https:\/\/agora.xtec.cat\/escolapatufetsantjordi\/wp-json\/wp\/v2\/comments?post=5113"}],"version-history":[{"count":6,"href":"https:\/\/agora.xtec.cat\/escolapatufetsantjordi\/wp-json\/wp\/v2\/pages\/5113\/revisions"}],"predecessor-version":[{"id":7135,"href":"https:\/\/agora.xtec.cat\/escolapatufetsantjordi\/wp-json\/wp\/v2\/pages\/5113\/revisions\/7135"}],"up":[{"embeddable":true,"href":"https:\/\/agora.xtec.cat\/escolapatufetsantjordi\/wp-json\/wp\/v2\/pages\/5071"}],"wp:attachment":[{"href":"https:\/\/agora.xtec.cat\/escolapatufetsantjordi\/wp-json\/wp\/v2\/media?parent=5113"}],"curies":[{"name":"wp","href":"https:\/\/api.w.org\/{rel}","templated":true}]}}