{"id":5109,"date":"2022-08-18T18:48:36","date_gmt":"2022-08-18T16:48:36","guid":{"rendered":"https:\/\/agora.xtec.cat\/escolapatufetsantjordi\/?page_id=5109"},"modified":"2024-02-07T15:24:01","modified_gmt":"2024-02-07T14:24:01","slug":"comissions-ce","status":"publish","type":"page","link":"https:\/\/agora.xtec.cat\/escolapatufetsantjordi\/escola-9\/consell-escolar\/comissions-ce\/","title":{"rendered":"Comissions"},"content":{"rendered":"<p><em><strong>COMISSIONS<\/strong><\/em><\/p>\n<p>Totes les comissions delegades pel Consell d&#8217;Escola compten amb la participaci\u00f3 mixta de fam\u00edlies i mestres que estaran representats en elles. Les diferents comissions actuals s\u00f3n:<\/p>\n<p><strong>Comissi\u00f3 Econ\u00f2mica:<\/strong> L&#8217;objectiu d&#8217;aquesta comissi\u00f3 \u00e9s vetllar per la bona gesti\u00f3 dels recursos econ\u00f2mics de l&#8217;escola.<\/p>\n<p><strong>Comissi\u00f3 de Conviv\u00e8ncia:<\/strong> L&#8217;objectiu d&#8217;aquesta comissi\u00f3 \u00e9s reflexionar sobre quins criteris han de prevaldre, planificar les actuacions adients, impulsar-les i dinamitzar-les, i finalment avaluar-les per con\u00e8ixer l&#8217;aven\u00e7 realitzat o els ajustos que calen.<\/p>\n<p><strong>Consell Petit:<\/strong> per tractar temes urgents (modificacions parcials de la Programaci\u00f3 General Anual del Centre, per exemple) i, si s&#8217;escau, solucionar-los i informar de les decisions preses al Consell Escolar.<\/p>\n<p><strong>Comissi\u00f3 Coeducaci\u00f3:<\/strong> comissi\u00f3 mixta que promou, vetlla i proposa activitats, espais, formacions, materials&#8230; que promoguin la inclusi\u00f3 i la igualtat de g\u00e8nere al centre.<\/p>\n<p><a href=\"https:\/\/agora.xtec.cat\/escolapatufetsantjordi\/escola-9\/consell-escolar\/comissions-ce\/patulila\/\"><img loading=\"lazy\" decoding=\"async\" class=\"aligncenter wp-image-5683\" src=\"https:\/\/agora.xtec.cat\/escolapatufetsantjordi\/wp-content\/uploads\/usu2284\/2023\/01\/pATULILA-RODO-300x300.png\" alt=\"\" width=\"157\" height=\"157\" srcset=\"https:\/\/agora.xtec.cat\/escolapatufetsantjordi\/wp-content\/uploads\/usu2284\/2023\/01\/pATULILA-RODO-300x300.png 300w, https:\/\/agora.xtec.cat\/escolapatufetsantjordi\/wp-content\/uploads\/usu2284\/2023\/01\/pATULILA-RODO-150x150.png 150w, https:\/\/agora.xtec.cat\/escolapatufetsantjordi\/wp-content\/uploads\/usu2284\/2023\/01\/pATULILA-RODO.png 600w\" sizes=\"auto, (max-width: 157px) 100vw, 157px\" \/><\/a><\/p>\n<p><strong>Comissi\u00f3 Sostenibilitat:<\/strong> Comissi\u00f3 mixta que promou l&#8217;aplicaci\u00f3 de mesures que afavoreixin la m\u00e0xima sostenibilitat de l&#8217;escola, efic\u00e0cia energ\u00e8tica, aix\u00ed com de la difusi\u00f3 entre alumnat, mestres i fam\u00edlies, d&#8217;aquelles pr\u00e0ctiques que la poden afavorir. En formen part els\/les mestres i les fam\u00edlies que vulguin participar.<\/p>\n<p>&nbsp;<\/p>\n<p><a href=\"https:\/\/agora.xtec.cat\/escolapatufetsantjordi\/comissions\/patu-sostenible\/\"><img loading=\"lazy\" decoding=\"async\" class=\"aligncenter wp-image-5865\" src=\"https:\/\/agora.xtec.cat\/escolapatufetsantjordi\/wp-content\/uploads\/usu2284\/2023\/01\/patu-sostenible-color-petit-300x217.png\" alt=\"\" width=\"227\" height=\"164\" srcset=\"https:\/\/agora.xtec.cat\/escolapatufetsantjordi\/wp-content\/uploads\/usu2284\/2023\/01\/patu-sostenible-color-petit-300x217.png 300w, https:\/\/agora.xtec.cat\/escolapatufetsantjordi\/wp-content\/uploads\/usu2284\/2023\/01\/patu-sostenible-color-petit-1024x741.png 1024w, https:\/\/agora.xtec.cat\/escolapatufetsantjordi\/wp-content\/uploads\/usu2284\/2023\/01\/patu-sostenible-color-petit-768x556.png 768w, https:\/\/agora.xtec.cat\/escolapatufetsantjordi\/wp-content\/uploads\/usu2284\/2023\/01\/patu-sostenible-color-petit-1536x1112.png 1536w, https:\/\/agora.xtec.cat\/escolapatufetsantjordi\/wp-content\/uploads\/usu2284\/2023\/01\/patu-sostenible-color-petit-2048x1483.png 2048w\" sizes=\"auto, (max-width: 227px) 100vw, 227px\" \/><\/a><\/p>\n<p><strong>Comissi\u00f3 Cop d&#8217;Ull:<\/strong> \u00c9s una revista pensada pels adults i per als infants, que vol recollir els neguits educatius des de la perspectiva de fam\u00edlies i tamb\u00e9 donar una visi\u00f3 de l&#8217;escola des de la dels mestres. Els grans continguts de la 6 revista s\u00f3n, per un costat, fer-se ress\u00f2 d&#8217;aquells temes educatius que creiem m\u00e9s candents i, per l&#8217;altre, explicar qu\u00e8 fem i com ho fem. A m\u00e9s sempre hi ha espai per altres apartats que\u00a0poden anar des d&#8217;una entrevista a alg\u00fa de l&#8217;escola fins a una recomanaci\u00f3.<\/p>\n<p><a href=\"https:\/\/agora.xtec.cat\/escolapatufetsantjordi\/cop-dull\/\"><img loading=\"lazy\" decoding=\"async\" class=\"aligncenter wp-image-6097\" src=\"https:\/\/agora.xtec.cat\/escolapatufetsantjordi\/wp-content\/uploads\/usu2284\/2023\/02\/logo-rodo-cop-dull-300x300.png\" alt=\"\" width=\"179\" height=\"179\" srcset=\"https:\/\/agora.xtec.cat\/escolapatufetsantjordi\/wp-content\/uploads\/usu2284\/2023\/02\/logo-rodo-cop-dull-300x300.png 300w, https:\/\/agora.xtec.cat\/escolapatufetsantjordi\/wp-content\/uploads\/usu2284\/2023\/02\/logo-rodo-cop-dull-150x150.png 150w, https:\/\/agora.xtec.cat\/escolapatufetsantjordi\/wp-content\/uploads\/usu2284\/2023\/02\/logo-rodo-cop-dull.png 600w\" sizes=\"auto, (max-width: 179px) 100vw, 179px\" \/><\/a><\/p>\n<p><strong>Comissi\u00f3 Estona del Migdia:<\/strong> Coordina les activitats de l&#8217;estona de migdia i vetlla perqu\u00e8 aquestes s&#8217;adiguin amb el PEC.<\/p>\n","protected":false},"excerpt":{"rendered":"<p>COMISSIONS Totes les comissions delegades pel Consell d&#8217;Escola compten amb la participaci\u00f3 mixta de fam\u00edlies i mestres que estaran representats en elles. Les diferents comissions actuals s\u00f3n: Comissi\u00f3 Econ\u00f2mica: L&#8217;objectiu d&#8217;aquesta comissi\u00f3 \u00e9s vetllar per la bona gesti\u00f3 dels recursos econ\u00f2mics de l&#8217;escola. Comissi\u00f3 de Conviv\u00e8ncia: L&#8217;objectiu d&#8217;aquesta comissi\u00f3 \u00e9s reflexionar sobre quins criteris han [&hellip;]<\/p>\n","protected":false},"author":1,"featured_media":0,"parent":5102,"menu_order":20,"comment_status":"closed","ping_status":"closed","template":"page-templates\/side-menu.php","meta":{"_bbp_topic_count":0,"_bbp_reply_count":0,"_bbp_total_topic_count":0,"_bbp_total_reply_count":0,"_bbp_voice_count":0,"_bbp_anonymous_reply_count":0,"_bbp_topic_count_hidden":0,"_bbp_reply_count_hidden":0,"_bbp_forum_subforum_count":0,"site-sidebar-layout":"default","site-content-layout":"","ast-site-content-layout":"","site-content-style":"default","site-sidebar-style":"default","ast-global-header-display":"","ast-banner-title-visibility":"","ast-main-header-display":"","ast-hfb-above-header-display":"","ast-hfb-below-header-display":"","ast-hfb-mobile-header-display":"","site-post-title":"","ast-breadcrumbs-content":"","ast-featured-img":"","footer-sml-layout":"","theme-transparent-header-meta":"","adv-header-id-meta":"","stick-header-meta":"","header-above-stick-meta":"","header-main-stick-meta":"","header-below-stick-meta":"","astra-migrate-meta-layouts":"default","ast-page-background-enabled":"default","ast-page-background-meta":{"desktop":{"background-color":"var(--ast-global-color-4)","background-image":"","background-repeat":"repeat","background-position":"center center","background-size":"auto","background-attachment":"scroll","background-type":"","background-media":"","overlay-type":"","overlay-color":"","overlay-opacity":"","overlay-gradient":""},"tablet":{"background-color":"","background-image":"","background-repeat":"repeat","background-position":"center center","background-size":"auto","background-attachment":"scroll","background-type":"","background-media":"","overlay-type":"","overlay-color":"","overlay-opacity":"","overlay-gradient":""},"mobile":{"background-color":"","background-image":"","background-repeat":"repeat","background-position":"center center","background-size":"auto","background-attachment":"scroll","background-type":"","background-media":"","overlay-type":"","overlay-color":"","overlay-opacity":"","overlay-gradient":""}},"ast-content-background-meta":{"desktop":{"background-color":"var(--ast-global-color-5)","background-image":"","background-repeat":"repeat","background-position":"center center","background-size":"auto","background-attachment":"scroll","background-type":"","background-media":"","overlay-type":"","overlay-color":"","overlay-opacity":"","overlay-gradient":""},"tablet":{"background-color":"var(--ast-global-color-5)","background-image":"","background-repeat":"repeat","background-position":"center center","background-size":"auto","background-attachment":"scroll","background-type":"","background-media":"","overlay-type":"","overlay-color":"","overlay-opacity":"","overlay-gradient":""},"mobile":{"background-color":"var(--ast-global-color-5)","background-image":"","background-repeat":"repeat","background-position":"center center","background-size":"auto","background-attachment":"scroll","background-type":"","background-media":"","overlay-type":"","overlay-color":"","overlay-opacity":"","overlay-gradient":""}},"footnotes":""},"class_list":["post-5109","page","type-page","status-publish","hentry"],"post_mailing_queue_ids":[],"_links":{"self":[{"href":"https:\/\/agora.xtec.cat\/escolapatufetsantjordi\/wp-json\/wp\/v2\/pages\/5109","targetHints":{"allow":["GET"]}}],"collection":[{"href":"https:\/\/agora.xtec.cat\/escolapatufetsantjordi\/wp-json\/wp\/v2\/pages"}],"about":[{"href":"https:\/\/agora.xtec.cat\/escolapatufetsantjordi\/wp-json\/wp\/v2\/types\/page"}],"author":[{"embeddable":true,"href":"https:\/\/agora.xtec.cat\/escolapatufetsantjordi\/wp-json\/wp\/v2\/users\/1"}],"replies":[{"embeddable":true,"href":"https:\/\/agora.xtec.cat\/escolapatufetsantjordi\/wp-json\/wp\/v2\/comments?post=5109"}],"version-history":[{"count":4,"href":"https:\/\/agora.xtec.cat\/escolapatufetsantjordi\/wp-json\/wp\/v2\/pages\/5109\/revisions"}],"predecessor-version":[{"id":6562,"href":"https:\/\/agora.xtec.cat\/escolapatufetsantjordi\/wp-json\/wp\/v2\/pages\/5109\/revisions\/6562"}],"up":[{"embeddable":true,"href":"https:\/\/agora.xtec.cat\/escolapatufetsantjordi\/wp-json\/wp\/v2\/pages\/5102"}],"wp:attachment":[{"href":"https:\/\/agora.xtec.cat\/escolapatufetsantjordi\/wp-json\/wp\/v2\/media?parent=5109"}],"curies":[{"name":"wp","href":"https:\/\/api.w.org\/{rel}","templated":true}]}}