{"id":5102,"date":"2022-08-18T18:32:43","date_gmt":"2022-08-18T16:32:43","guid":{"rendered":"https:\/\/agora.xtec.cat\/escolapatufetsantjordi\/?page_id=5102"},"modified":"2022-11-25T23:58:56","modified_gmt":"2022-11-25T22:58:56","slug":"consell-escolar","status":"publish","type":"page","link":"https:\/\/agora.xtec.cat\/escolapatufetsantjordi\/escola-9\/consell-escolar\/","title":{"rendered":"Consell Escolar"},"content":{"rendered":"<p><strong><em>Definici\u00f3<\/em><\/strong><\/p>\n<p>El Consell Escolar \u00e9s l&#8217;\u00f2rgan de participaci\u00f3 i el m\u00e0xim \u00f2rgan de govern col\u00b7legiat de tots els estaments que formen la comunitat educativa.<\/p>\n<p>El Consell Escolar, d&#8217;acord amb la legislaci\u00f3 vigent, est\u00e0 format per:<\/p>\n<ul>\n<li style=\"list-style-type: none;\">\n<ul>\n<li>La direcci\u00f3 del centre, sobre qui recau la presid\u00e8ncia del Consell<\/li>\n<li>El\/la cap d&#8217;estudis<\/li>\n<li>1 regidor o representant de l&#8217;Ajuntament de l&#8217;Hospitalet<\/li>\n<li>6 mestres elegits entre l&#8217;equip d&#8217;escola<\/li>\n<li>5 representants de les fam\u00edlies d&#8217;alumnes: 4 elegits per votaci\u00f3 entre aquestes i 1 designat directament per l&#8217;AFA<\/li>\n<li>1 representant del personal d&#8217;administraci\u00f3 i serveis (PAS)<\/li>\n<li>1 representant del personal d&#8217;administraci\u00f3 i educaci\u00f3 (<span class=\"hiddenSpellError\" style=\"padding-bottom: 2px; background-image: url('..\/..\/..\/..\/..\/images\/squiggle_red.png'); background-repeat: repeat-x; background-position: left bottom; cursor: default; color: #000000; font-family: 'Open Sans', Helvetica, Arial, sans-serif; font-size: 16px; font-style: normal; font-variant-ligatures: normal; font-variant-caps: normal; font-weight: 300; letter-spacing: normal; orphans: 2; text-align: start; text-indent: 0px; text-transform: none; white-space: normal; widows: 2; word-spacing: 0px; -webkit-text-stroke-width: 0px; text-decoration-thickness: initial; text-decoration-style: initial; text-decoration-color: initial;\">PAE<\/span>)<\/li>\n<li>El secretari de l&#8217;escola que ho \u00e9s del Consell amb veu per\u00f2 sense vot<\/li>\n<li>En el cas de l&#8217;escola, i atesa la import\u00e0ncia d&#8217;aquest servei, tamb\u00e9 hi participaran, amb veu per\u00f2 sense vot, 2 representants del personal de serveis de cuina-menjador.<\/li>\n<\/ul>\n<\/li>\n<\/ul>\n<p>Donada la quantitat de membres que componen el Consell Escolar, i per garantir la seva funcionalitat, es decideix fer delegaci\u00f3 d&#8217;algunes de les seves funcions en diferents comissions.<\/p>\n<h4><em>Compet\u00e8ncies<\/em><\/h4>\n<p>El Consell d\u2019escola \u00e9s l\u2019\u00f2rgan de representaci\u00f3 i participaci\u00f3 de tots els que formen la comunitat educativa i sobre ell recau la programaci\u00f3, seguiment i avaluaci\u00f3 generals de les seves activitats. Algunes de les seves funcions s\u00f3n:<\/p>\n<ul>\n<li style=\"list-style-type: none;\">\n<ul>\n<li>Aprovar el PEC, les NOFC i tots els documents oficials que generi l\u2019escola (Pla General Anual, Mem\u00f2ria\u2026) aix\u00ed com les seves modificacions.<\/li>\n<li>Resoldre conflictes de disciplina dels alumnes.<\/li>\n<li>Aprovar el pressupost anual, fer-ne el seguiment i aprovar-ne la liquidaci\u00f3.<\/li>\n<li>Con\u00e8ixer el balan\u00e7 de comptes de l\u2019AFA i de la Colla de Diables.<\/li>\n<li>Elaborar les directrius i aprovar la programaci\u00f3 de les activitats escolars complement\u00e0ries, extraescolars i dels serveis.<\/li>\n<li>Avaluar i aprovar la programaci\u00f3 general del centre de car\u00e0cter anual.<\/li>\n<li>Establir criteris de participaci\u00f3 en activitats culturals, esportives o d\u2019altres.<\/li>\n<li>Establir les relacions de col\u00b7laboraci\u00f3 amb els altres centres.<\/li>\n<li>Promoure l\u2019optimitzaci\u00f3 de l\u2019\u00fas de les instal\u00b7lacions, material escolar, renovaci\u00f3 i conservaci\u00f3.<\/li>\n<li>Analitzar i valorar el funcionament general del centre.<\/li>\n<li>Aprovar i avaluar la programaci\u00f3 d\u2019activitats complement\u00e0ries, sortides, excursions, col\u00f2nies i festes.<\/li>\n<li>Aprovar i avaluar la proposta d\u2019activitats extraescolars organitzades per l\u2019AFA i elaborades en les diferents comissions.<\/li>\n<li>Aprovar l\u2019\u00fas de les instal\u00b7lacions escolars per a usos externs.<\/li>\n<li>Vetllar perqu\u00e8 els serveis que s\u2019ofereixen a l\u2019escola (menjador i estona de migdia, activitats extraescolars, acollida\u2026) s\u2019adiguin amb el Projecte d\u2019Escola.<\/li>\n<\/ul>\n<\/li>\n<\/ul>\n<p><em><strong>Pla de treball<\/strong><\/em><\/p>\n<p>A l&#8217;inici de cada curs, i segons la normativa vigent, l&#8217;Equip de Gesti\u00f3 presentar\u00e0 al Consell la Programaci\u00f3 General Anual (<span class=\"hiddenSpellError\">PGA<\/span>) per a la seva aprovaci\u00f3.<\/p>\n<p>Tamb\u00e9 a l&#8217;inici de cada curs, cada estament presentar\u00e0 al Consell el seu Pla de Treball d&#8217;aquest curs. El Consell ser\u00e0 qui ratificar\u00e0 aquests diferents plans i els coordinar\u00e0 dins el Pla Anual.<\/p>\n<p>Aix\u00ed mateix, a l&#8217;inici de cada curs l&#8217;AFA presentar\u00e0 al Consell el seu Pla Anual per tal d&#8217;integrar-lo dins la <span class=\"hiddenSpellError\">PGA<\/span>. Tamb\u00e9 la Colla de Diables presentar\u00e0 el seu Pla Anual.<\/p>\n<p>Al final de cada curs, cada estament haur\u00e0 d&#8217;elaborar una mem\u00f2ria referida a l&#8217;estat dels diferents plans de treball duts a terme.<\/p>\n<p>&nbsp;<\/p>\n","protected":false},"excerpt":{"rendered":"<p>Definici\u00f3 El Consell Escolar \u00e9s l&#8217;\u00f2rgan de participaci\u00f3 i el m\u00e0xim \u00f2rgan de govern col\u00b7legiat de tots els estaments que formen la comunitat educativa. El Consell Escolar, d&#8217;acord amb la legislaci\u00f3 vigent, est\u00e0 format per: La direcci\u00f3 del centre, sobre qui recau la presid\u00e8ncia del Consell El\/la cap d&#8217;estudis 1 regidor o representant de l&#8217;Ajuntament [&hellip;]<\/p>\n","protected":false},"author":1,"featured_media":0,"parent":5071,"menu_order":40,"comment_status":"closed","ping_status":"closed","template":"page-templates\/side-menu.php","meta":{"_bbp_topic_count":0,"_bbp_reply_count":0,"_bbp_total_topic_count":0,"_bbp_total_reply_count":0,"_bbp_voice_count":0,"_bbp_anonymous_reply_count":0,"_bbp_topic_count_hidden":0,"_bbp_reply_count_hidden":0,"_bbp_forum_subforum_count":0,"site-sidebar-layout":"default","site-content-layout":"","ast-site-content-layout":"","site-content-style":"default","site-sidebar-style":"default","ast-global-header-display":"","ast-banner-title-visibility":"","ast-main-header-display":"","ast-hfb-above-header-display":"","ast-hfb-below-header-display":"","ast-hfb-mobile-header-display":"","site-post-title":"","ast-breadcrumbs-content":"","ast-featured-img":"","footer-sml-layout":"","theme-transparent-header-meta":"","adv-header-id-meta":"","stick-header-meta":"","header-above-stick-meta":"","header-main-stick-meta":"","header-below-stick-meta":"","astra-migrate-meta-layouts":"default","ast-page-background-enabled":"default","ast-page-background-meta":{"desktop":{"background-color":"var(--ast-global-color-4)","background-image":"","background-repeat":"repeat","background-position":"center center","background-size":"auto","background-attachment":"scroll","background-type":"","background-media":"","overlay-type":"","overlay-color":"","overlay-opacity":"","overlay-gradient":""},"tablet":{"background-color":"","background-image":"","background-repeat":"repeat","background-position":"center center","background-size":"auto","background-attachment":"scroll","background-type":"","background-media":"","overlay-type":"","overlay-color":"","overlay-opacity":"","overlay-gradient":""},"mobile":{"background-color":"","background-image":"","background-repeat":"repeat","background-position":"center center","background-size":"auto","background-attachment":"scroll","background-type":"","background-media":"","overlay-type":"","overlay-color":"","overlay-opacity":"","overlay-gradient":""}},"ast-content-background-meta":{"desktop":{"background-color":"var(--ast-global-color-5)","background-image":"","background-repeat":"repeat","background-position":"center center","background-size":"auto","background-attachment":"scroll","background-type":"","background-media":"","overlay-type":"","overlay-color":"","overlay-opacity":"","overlay-gradient":""},"tablet":{"background-color":"var(--ast-global-color-5)","background-image":"","background-repeat":"repeat","background-position":"center center","background-size":"auto","background-attachment":"scroll","background-type":"","background-media":"","overlay-type":"","overlay-color":"","overlay-opacity":"","overlay-gradient":""},"mobile":{"background-color":"var(--ast-global-color-5)","background-image":"","background-repeat":"repeat","background-position":"center center","background-size":"auto","background-attachment":"scroll","background-type":"","background-media":"","overlay-type":"","overlay-color":"","overlay-opacity":"","overlay-gradient":""}},"footnotes":""},"class_list":["post-5102","page","type-page","status-publish","hentry"],"post_mailing_queue_ids":[],"_links":{"self":[{"href":"https:\/\/agora.xtec.cat\/escolapatufetsantjordi\/wp-json\/wp\/v2\/pages\/5102","targetHints":{"allow":["GET"]}}],"collection":[{"href":"https:\/\/agora.xtec.cat\/escolapatufetsantjordi\/wp-json\/wp\/v2\/pages"}],"about":[{"href":"https:\/\/agora.xtec.cat\/escolapatufetsantjordi\/wp-json\/wp\/v2\/types\/page"}],"author":[{"embeddable":true,"href":"https:\/\/agora.xtec.cat\/escolapatufetsantjordi\/wp-json\/wp\/v2\/users\/1"}],"replies":[{"embeddable":true,"href":"https:\/\/agora.xtec.cat\/escolapatufetsantjordi\/wp-json\/wp\/v2\/comments?post=5102"}],"version-history":[{"count":3,"href":"https:\/\/agora.xtec.cat\/escolapatufetsantjordi\/wp-json\/wp\/v2\/pages\/5102\/revisions"}],"predecessor-version":[{"id":5348,"href":"https:\/\/agora.xtec.cat\/escolapatufetsantjordi\/wp-json\/wp\/v2\/pages\/5102\/revisions\/5348"}],"up":[{"embeddable":true,"href":"https:\/\/agora.xtec.cat\/escolapatufetsantjordi\/wp-json\/wp\/v2\/pages\/5071"}],"wp:attachment":[{"href":"https:\/\/agora.xtec.cat\/escolapatufetsantjordi\/wp-json\/wp\/v2\/media?parent=5102"}],"curies":[{"name":"wp","href":"https:\/\/api.w.org\/{rel}","templated":true}]}}