{"id":5089,"date":"2022-08-18T18:19:10","date_gmt":"2022-08-18T16:19:10","guid":{"rendered":"https:\/\/agora.xtec.cat\/escolapatufetsantjordi\/?page_id=5089"},"modified":"2025-07-09T19:14:14","modified_gmt":"2025-07-09T17:14:14","slug":"families","status":"publish","type":"page","link":"https:\/\/agora.xtec.cat\/escolapatufetsantjordi\/escola-9\/comunitat-educativa\/families\/","title":{"rendered":"Fam\u00edlies"},"content":{"rendered":"<p>Donant suport al projecte, el treball dels mestres i amb la pres\u00e8ncia activa al Consell Escolar, les comissions de treball i les <a href=\"https:\/\/agora.xtec.cat\/escolapatufetsantjordi\/comissions\/\">comissions mixtes<\/a>, les fam\u00edlies esdevenen un dels pilars b\u00e0sics de la nostra comunitat que ens permet continuar pel cam\u00ed iniciat fa anys, i que ens han perm\u00e8s ser l&#8217;escola que som, amb un ampli bagatge d&#8217;experi\u00e8ncies pedag\u00f2giques i associatives que han anat definint el nostre model d&#8217;Escola.<\/p>\n<p>La nostra voluntat topa sovint amb les limitacions que imposa la realitat de l&#8217;escola p\u00fablica la qual, ara per ara, encara no assumeix dins de la gratu\u00eftat alguns <strong>serveis pedag\u00f2gics<\/strong> que nosaltres considerem irrenunciables, tals com la nataci\u00f3 a l&#8217;Educaci\u00f3 Infantil, els tallers, les excursions, les col\u00f2nies&#8230; \u00c9s per aix\u00f2 que, els pares i mares, i els treballadors\/es ens hem constitu\u00eft en Cooperativa, garantint la seva gesti\u00f3 i finan\u00e7ament a trav\u00e9s d&#8217;una quota addicional, que tamb\u00e9 inclou el pressupost de material per a tots els nens i nenes.<\/p>\n<p>Tamb\u00e9 pel mateix procediment (i amb conson\u00e0ncia amb els criteris pedag\u00f2gics de l&#8217;escola) podem oferir a totes les fam\u00edlies que s&#8217;hi poden acollir les <strong>activitats extraescolars<\/strong> <strong>a prim\u00e0ria<\/strong> i el <strong>casal d&#8217;estiu<\/strong> durant el mes de juliol. Els <strong>serveis d&#8217;acollida al mat\u00ed<\/strong> i el de <strong>migdia<\/strong>, amb activitats i menjador amb cuina pr\u00f2pia, que com a objectiu t\u00e9 en compte tant una alimentaci\u00f3 adequada com una bona educaci\u00f3 dels h\u00e0bits i de la conviv\u00e8ncia.<\/p>\n<p>Per acabar, tamb\u00e9 oferim la possibilitat \u2013 per a nosaltres una necessitat \u2013 d&#8217;afegir-se activament a la reivindicaci\u00f3 constant de la millora de la qualitat de l&#8217;ensenyament, a fi que els conceptes d&#8217;escola catalana, activa i participativa, siguin part integrant de tota l&#8217;escola p\u00fablica.<\/p>\n","protected":false},"excerpt":{"rendered":"<p>Donant suport al projecte, el treball dels mestres i amb la pres\u00e8ncia activa al Consell Escolar, les comissions de treball i les comissions mixtes, les fam\u00edlies esdevenen un dels pilars b\u00e0sics de la nostra comunitat que ens permet continuar pel cam\u00ed iniciat fa anys, i que ens han perm\u00e8s ser l&#8217;escola que som, amb un [&hellip;]<\/p>\n","protected":false},"author":1,"featured_media":0,"parent":5083,"menu_order":0,"comment_status":"closed","ping_status":"closed","template":"","meta":{"_bbp_topic_count":0,"_bbp_reply_count":0,"_bbp_total_topic_count":0,"_bbp_total_reply_count":0,"_bbp_voice_count":0,"_bbp_anonymous_reply_count":0,"_bbp_topic_count_hidden":0,"_bbp_reply_count_hidden":0,"_bbp_forum_subforum_count":0,"site-sidebar-layout":"default","site-content-layout":"","ast-site-content-layout":"default","site-content-style":"default","site-sidebar-style":"default","ast-global-header-display":"","ast-banner-title-visibility":"","ast-main-header-display":"","ast-hfb-above-header-display":"","ast-hfb-below-header-display":"","ast-hfb-mobile-header-display":"","site-post-title":"","ast-breadcrumbs-content":"","ast-featured-img":"","footer-sml-layout":"","theme-transparent-header-meta":"default","adv-header-id-meta":"","stick-header-meta":"","header-above-stick-meta":"","header-main-stick-meta":"","header-below-stick-meta":"","astra-migrate-meta-layouts":"set","ast-page-background-enabled":"default","ast-page-background-meta":{"desktop":{"background-color":"var(--ast-global-color-4)","background-image":"","background-repeat":"repeat","background-position":"center center","background-size":"auto","background-attachment":"scroll","background-type":"","background-media":"","overlay-type":"","overlay-color":"","overlay-opacity":"","overlay-gradient":""},"tablet":{"background-color":"","background-image":"","background-repeat":"repeat","background-position":"center center","background-size":"auto","background-attachment":"scroll","background-type":"","background-media":"","overlay-type":"","overlay-color":"","overlay-opacity":"","overlay-gradient":""},"mobile":{"background-color":"","background-image":"","background-repeat":"repeat","background-position":"center center","background-size":"auto","background-attachment":"scroll","background-type":"","background-media":"","overlay-type":"","overlay-color":"","overlay-opacity":"","overlay-gradient":""}},"ast-content-background-meta":{"desktop":{"background-color":"var(--ast-global-color-5)","background-image":"","background-repeat":"repeat","background-position":"center center","background-size":"auto","background-attachment":"scroll","background-type":"","background-media":"","overlay-type":"","overlay-color":"","overlay-opacity":"","overlay-gradient":""},"tablet":{"background-color":"var(--ast-global-color-5)","background-image":"","background-repeat":"repeat","background-position":"center center","background-size":"auto","background-attachment":"scroll","background-type":"","background-media":"","overlay-type":"","overlay-color":"","overlay-opacity":"","overlay-gradient":""},"mobile":{"background-color":"var(--ast-global-color-5)","background-image":"","background-repeat":"repeat","background-position":"center center","background-size":"auto","background-attachment":"scroll","background-type":"","background-media":"","overlay-type":"","overlay-color":"","overlay-opacity":"","overlay-gradient":""}},"footnotes":""},"class_list":["post-5089","page","type-page","status-publish","hentry"],"post_mailing_queue_ids":[],"_links":{"self":[{"href":"https:\/\/agora.xtec.cat\/escolapatufetsantjordi\/wp-json\/wp\/v2\/pages\/5089","targetHints":{"allow":["GET"]}}],"collection":[{"href":"https:\/\/agora.xtec.cat\/escolapatufetsantjordi\/wp-json\/wp\/v2\/pages"}],"about":[{"href":"https:\/\/agora.xtec.cat\/escolapatufetsantjordi\/wp-json\/wp\/v2\/types\/page"}],"author":[{"embeddable":true,"href":"https:\/\/agora.xtec.cat\/escolapatufetsantjordi\/wp-json\/wp\/v2\/users\/1"}],"replies":[{"embeddable":true,"href":"https:\/\/agora.xtec.cat\/escolapatufetsantjordi\/wp-json\/wp\/v2\/comments?post=5089"}],"version-history":[{"count":5,"href":"https:\/\/agora.xtec.cat\/escolapatufetsantjordi\/wp-json\/wp\/v2\/pages\/5089\/revisions"}],"predecessor-version":[{"id":7115,"href":"https:\/\/agora.xtec.cat\/escolapatufetsantjordi\/wp-json\/wp\/v2\/pages\/5089\/revisions\/7115"}],"up":[{"embeddable":true,"href":"https:\/\/agora.xtec.cat\/escolapatufetsantjordi\/wp-json\/wp\/v2\/pages\/5083"}],"wp:attachment":[{"href":"https:\/\/agora.xtec.cat\/escolapatufetsantjordi\/wp-json\/wp\/v2\/media?parent=5089"}],"curies":[{"name":"wp","href":"https:\/\/api.w.org\/{rel}","templated":true}]}}