{"id":5083,"date":"2022-08-18T17:51:55","date_gmt":"2022-08-18T15:51:55","guid":{"rendered":"https:\/\/agora.xtec.cat\/escolapatufetsantjordi\/?page_id=5083"},"modified":"2024-04-13T12:32:53","modified_gmt":"2024-04-13T10:32:53","slug":"comunitat-educativa","status":"publish","type":"page","link":"https:\/\/agora.xtec.cat\/escolapatufetsantjordi\/escola-9\/comunitat-educativa\/","title":{"rendered":"Comunitat educativa"},"content":{"rendered":"<p>En el nucli de la nostra escola, rau la for\u00e7a d&#8217;una comunitat educativa que abasta tot. Cada una de nosaltres en forma part, aportant una <strong>contribuci\u00f3 \u00fanica i essencial.<\/strong> Tanmateix, s\u00f3n els <strong>infants<\/strong> els veritables protagonistes d&#8217;aquesta hist\u00f2ria.<\/p>\n<p>El triangle format per l&#8217;<strong>equip de treballadors de l&#8217;escola<\/strong>, les <strong>fam\u00edlies<\/strong> i l&#8217;equip de la <strong>cooperativa<\/strong> \u00e9s la clau que ens permet fer realitat, dia rere dia, el projecte de l&#8217;escola Patufet\u00a0 Sant Jordi i acompanyar als infants en el seu creixement i aprenentatge al llarg del temps que passen amb nosaltres.<\/p>\n<p>Els mestres, amb la seva dedicaci\u00f3 i coneixement, guien i inspiren els nostres petits, brindant-los oportunitats per cr\u00e9ixer en cada pas que donen. Les fam\u00edlies, amb el seu amor i suport incondicional, s\u00f3n un pilar fonamental que refor\u00e7a els somnis que els infants poden assolir. I la cooperativa, amb la seva col\u00b7laboraci\u00f3 i visi\u00f3 compartida, \u00e9s el motor que mant\u00e9 en marxa tota la maquin\u00e0ria educativa.<\/p>\n<p>La nostra comunitat educativa \u00e9s m\u00e9s que la suma de les seves parts; \u00e9s un teixit viu d&#8217;idees i valors compartits.<\/p>\n<p><a href=\"https:\/\/agora.xtec.cat\/escolapatufetsantjordi\/wp-content\/uploads\/usu2284\/2024\/04\/IMG_5901.jpg\"><img loading=\"lazy\" decoding=\"async\" class=\"aligncenter size-full wp-image-6671\" src=\"https:\/\/agora.xtec.cat\/escolapatufetsantjordi\/wp-content\/uploads\/usu2284\/2024\/04\/IMG_5901.jpg\" alt=\"\" width=\"1024\" height=\"768\" srcset=\"https:\/\/agora.xtec.cat\/escolapatufetsantjordi\/wp-content\/uploads\/usu2284\/2024\/04\/IMG_5901.jpg 1024w, https:\/\/agora.xtec.cat\/escolapatufetsantjordi\/wp-content\/uploads\/usu2284\/2024\/04\/IMG_5901-300x225.jpg 300w, https:\/\/agora.xtec.cat\/escolapatufetsantjordi\/wp-content\/uploads\/usu2284\/2024\/04\/IMG_5901-768x576.jpg 768w, https:\/\/agora.xtec.cat\/escolapatufetsantjordi\/wp-content\/uploads\/usu2284\/2024\/04\/IMG_5901-200x150.jpg 200w\" sizes=\"auto, (max-width: 1024px) 100vw, 1024px\" \/><\/a><\/p>\n","protected":false},"excerpt":{"rendered":"<p>En el nucli de la nostra escola, rau la for\u00e7a d&#8217;una comunitat educativa que abasta tot. Cada una de nosaltres en forma part, aportant una contribuci\u00f3 \u00fanica i essencial. Tanmateix, s\u00f3n els infants els veritables protagonistes d&#8217;aquesta hist\u00f2ria. El triangle format per l&#8217;equip de treballadors de l&#8217;escola, les fam\u00edlies i l&#8217;equip de la cooperativa \u00e9s [&hellip;]<\/p>\n","protected":false},"author":1,"featured_media":0,"parent":5071,"menu_order":10,"comment_status":"closed","ping_status":"closed","template":"page-templates\/side-menu.php","meta":{"_bbp_topic_count":0,"_bbp_reply_count":0,"_bbp_total_topic_count":0,"_bbp_total_reply_count":0,"_bbp_voice_count":0,"_bbp_anonymous_reply_count":0,"_bbp_topic_count_hidden":0,"_bbp_reply_count_hidden":0,"_bbp_forum_subforum_count":0,"site-sidebar-layout":"default","site-content-layout":"","ast-site-content-layout":"","site-content-style":"default","site-sidebar-style":"default","ast-global-header-display":"","ast-banner-title-visibility":"","ast-main-header-display":"","ast-hfb-above-header-display":"","ast-hfb-below-header-display":"","ast-hfb-mobile-header-display":"","site-post-title":"","ast-breadcrumbs-content":"","ast-featured-img":"","footer-sml-layout":"","theme-transparent-header-meta":"","adv-header-id-meta":"","stick-header-meta":"","header-above-stick-meta":"","header-main-stick-meta":"","header-below-stick-meta":"","astra-migrate-meta-layouts":"default","ast-page-background-enabled":"default","ast-page-background-meta":{"desktop":{"background-color":"var(--ast-global-color-4)","background-image":"","background-repeat":"repeat","background-position":"center center","background-size":"auto","background-attachment":"scroll","background-type":"","background-media":"","overlay-type":"","overlay-color":"","overlay-opacity":"","overlay-gradient":""},"tablet":{"background-color":"","background-image":"","background-repeat":"repeat","background-position":"center center","background-size":"auto","background-attachment":"scroll","background-type":"","background-media":"","overlay-type":"","overlay-color":"","overlay-opacity":"","overlay-gradient":""},"mobile":{"background-color":"","background-image":"","background-repeat":"repeat","background-position":"center center","background-size":"auto","background-attachment":"scroll","background-type":"","background-media":"","overlay-type":"","overlay-color":"","overlay-opacity":"","overlay-gradient":""}},"ast-content-background-meta":{"desktop":{"background-color":"var(--ast-global-color-5)","background-image":"","background-repeat":"repeat","background-position":"center center","background-size":"auto","background-attachment":"scroll","background-type":"","background-media":"","overlay-type":"","overlay-color":"","overlay-opacity":"","overlay-gradient":""},"tablet":{"background-color":"var(--ast-global-color-5)","background-image":"","background-repeat":"repeat","background-position":"center center","background-size":"auto","background-attachment":"scroll","background-type":"","background-media":"","overlay-type":"","overlay-color":"","overlay-opacity":"","overlay-gradient":""},"mobile":{"background-color":"var(--ast-global-color-5)","background-image":"","background-repeat":"repeat","background-position":"center center","background-size":"auto","background-attachment":"scroll","background-type":"","background-media":"","overlay-type":"","overlay-color":"","overlay-opacity":"","overlay-gradient":""}},"footnotes":""},"class_list":["post-5083","page","type-page","status-publish","hentry"],"post_mailing_queue_ids":[],"_links":{"self":[{"href":"https:\/\/agora.xtec.cat\/escolapatufetsantjordi\/wp-json\/wp\/v2\/pages\/5083","targetHints":{"allow":["GET"]}}],"collection":[{"href":"https:\/\/agora.xtec.cat\/escolapatufetsantjordi\/wp-json\/wp\/v2\/pages"}],"about":[{"href":"https:\/\/agora.xtec.cat\/escolapatufetsantjordi\/wp-json\/wp\/v2\/types\/page"}],"author":[{"embeddable":true,"href":"https:\/\/agora.xtec.cat\/escolapatufetsantjordi\/wp-json\/wp\/v2\/users\/1"}],"replies":[{"embeddable":true,"href":"https:\/\/agora.xtec.cat\/escolapatufetsantjordi\/wp-json\/wp\/v2\/comments?post=5083"}],"version-history":[{"count":5,"href":"https:\/\/agora.xtec.cat\/escolapatufetsantjordi\/wp-json\/wp\/v2\/pages\/5083\/revisions"}],"predecessor-version":[{"id":6685,"href":"https:\/\/agora.xtec.cat\/escolapatufetsantjordi\/wp-json\/wp\/v2\/pages\/5083\/revisions\/6685"}],"up":[{"embeddable":true,"href":"https:\/\/agora.xtec.cat\/escolapatufetsantjordi\/wp-json\/wp\/v2\/pages\/5071"}],"wp:attachment":[{"href":"https:\/\/agora.xtec.cat\/escolapatufetsantjordi\/wp-json\/wp\/v2\/media?parent=5083"}],"curies":[{"name":"wp","href":"https:\/\/api.w.org\/{rel}","templated":true}]}}