{"id":5079,"date":"2022-08-18T17:45:48","date_gmt":"2022-08-18T15:45:48","guid":{"rendered":"https:\/\/agora.xtec.cat\/escolapatufetsantjordi\/?page_id=5079"},"modified":"2026-02-04T16:00:27","modified_gmt":"2026-02-04T15:00:27","slug":"trets-didentitat","status":"publish","type":"page","link":"https:\/\/agora.xtec.cat\/escolapatufetsantjordi\/escola-9\/trets-didentitat\/","title":{"rendered":"Trets d&#8217;identitat"},"content":{"rendered":"<p>Som una <strong>ESCOLA CATALANA<\/strong> i aix\u00f2 vol dir no nom\u00e9s que la llengua de l&#8217;escola \u00e9s el catal\u00e0, sin\u00f3 que el nostre patrimoni cultural (festes, tradicions, hist\u00f2ria&#8230;) forma part de la nostra vida escolar.<\/p>\n<p>Aix\u00ed mateix, creiem que els nens i les nenes han d&#8217;estar en contacte amb el medi social i natural a trav\u00e9s de sortides, excursions i col\u00f2nies. Tots aquests aspectes els entenem com els factors necessaris per a la integraci\u00f3 a la cultura del pa\u00eds.<\/p>\n<p>Som una escola que considerem que el proc\u00e9s d&#8217;<strong>EDUCACI\u00d3 \u00e9s GLOBAL<\/strong> i no sols ha de tenir en compte els aspectes d&#8217;aprenentatge, sin\u00f3 tamb\u00e9 tot el que fa refer\u00e8ncia a l&#8217;educaci\u00f3 de la personalitat i dels h\u00e0bits.<\/p>\n<p>L&#8217;educaci\u00f3 per la sensibilitat, l&#8217;expressi\u00f3 (f\u00edsica, musical i pl\u00e0stica) i la creativitat. L&#8217;educaci\u00f3 dels valors de respecte, solidaritat, llibertat, sentit cr\u00edtic. Som una escola que parteix de les necessitats del nen i de la nena, de la seva pr\u00f2pia activitat i de la seva motivaci\u00f3. Aquests s\u00f3n els elements i eixos de l&#8217;aprenentatge.<\/p>\n<p>Som una escola <strong>PLURAL<\/strong>, que no estableix difer\u00e8ncies per q\u00fcestions ideol\u00f2giques, religioses,\u00a0<span class=\"hiddenGrammarError\" style=\"padding-bottom: 2px; background-image: url('..\/..\/..\/..\/..\/images\/squiggle.png'); background-repeat: repeat-x; background-position: left bottom; cursor: default; color: #000000; font-family: 'Open Sans', Helvetica, Arial, sans-serif; font-size: 16px; font-style: normal; font-variant-ligatures: normal; font-variant-caps: normal; font-weight: 300; letter-spacing: normal; orphans: 2; text-align: start; text-indent: 0px; text-transform: none; white-space: normal; widows: 2; word-spacing: 0px; -webkit-text-stroke-width: 0px; text-decoration-thickness: initial; text-decoration-style: initial; text-decoration-color: initial;\">etc<\/span>, <strong>LAICA<\/strong> i oberta a tots els nens i nenes. Som una escola <strong>INTEGRADORA<\/strong> i atenem la diversitat siguin quines siguin les seves caracter\u00edstiques personals i evolutives. Alhora assumim els principis de coeducaci\u00f3, en el sentit de garantir el respecte en la difer\u00e8ncia\u00a0<span class=\"hiddenGrammarError\">i i<\/span>\u00a0igualtat de tots dos sexes.<\/p>\n<p>Som una escola amb alguns aspectes organitzatius que cal remarcar i que es troben en funci\u00f3 del Projecte Educatiu:<\/p>\n<p>\u2013 El material escolar \u00e9s col\u00b7lectiu<br \/>\n\u2013 Una \u00e0mplia biblioteca-mediateca, que possibilita que nom\u00e9s s&#8217;utilitzin els llibres de text com un altre element de material de consulta que pot trobar-se a l&#8217;escola<br \/>\n\u2013 Les sortides freq\u00fcents de l&#8217;escola amb motiu del treball de classe<br \/>\n\u2013 Les col\u00f2nies des dels\u00a0<span class=\"hiddenGreenError\" style=\"padding-bottom: 2px; background-image: url('..\/..\/..\/..\/..\/images\/squiggle_green.png'); background-repeat: repeat-x; background-position: left bottom; cursor: default; color: #000000; font-family: 'Open Sans', Helvetica, Arial, sans-serif; font-size: 16px; font-style: normal; font-variant-ligatures: normal; font-variant-caps: normal; font-weight: 300; letter-spacing: normal; orphans: 2; text-align: start; text-indent: 0px; text-transform: none; white-space: normal; widows: 2; word-spacing: 0px; -webkit-text-stroke-width: 0px; text-decoration-thickness: initial; text-decoration-style: initial; text-decoration-color: initial;\">3<\/span>\u00a0anys fins a 6\u00e8<br \/>\n\u2013 L&#8217;\u00fas de suport TIC-TAC per fomentar compet\u00e8ncies digitals<br \/>\n\u2013 L&#8217;activitat de psicomotricitat des d&#8217;I3 anys fins a 2n<br \/>\n\u2013 La nataci\u00f3 a l&#8217;Educaci\u00f3 Infantil inclosa dins l&#8217;horari escolar<br \/>\n\u2013 El treball en grups redu\u00efts (racons, tallers, grups flexibles) segons les edats dels alumnes<\/p>\n<p>El treball conjunt de fam\u00edlies i mestres \u00e9s fonamental i es garanteix a trav\u00e9s de les reunions de classe, comissions mixtes, reuni\u00f3 i coordinaci\u00f3 amb delegats i delegades de grup, reunions d&#8217;inici i tancament de curs i les entrevistes personals.<\/p>\n<p>Vols saber-ne m\u00e9s? Una mica m\u00e9s sobre els nostres trets d&#8217;<a href=\"https:\/\/agora.xtec.cat\/escolapatufetsantjordi\/wp-content\/uploads\/usu2284\/2013\/04\/identitat.pdf\">identitat<\/a>!<\/p>\n<p>El nostre projecte educatiu es complementa i \u00e9s possible gr\u00e0cies al suport i valor de la cooperativa de l&#8217;escola i que dona suport i aporta un valor afegit a tot el projecte.<\/p>\n<p><a href=\"https:\/\/agora.xtec.cat\/escolapatufetsantjordi\/wp-content\/uploads\/usu2284\/2024\/04\/IMG_3586.jpg\"><img loading=\"lazy\" decoding=\"async\" class=\"aligncenter size-full wp-image-6652\" src=\"https:\/\/agora.xtec.cat\/escolapatufetsantjordi\/wp-content\/uploads\/usu2284\/2024\/04\/IMG_3586.jpg\" alt=\"\" width=\"1024\" height=\"768\" srcset=\"https:\/\/agora.xtec.cat\/escolapatufetsantjordi\/wp-content\/uploads\/usu2284\/2024\/04\/IMG_3586.jpg 1024w, https:\/\/agora.xtec.cat\/escolapatufetsantjordi\/wp-content\/uploads\/usu2284\/2024\/04\/IMG_3586-300x225.jpg 300w, https:\/\/agora.xtec.cat\/escolapatufetsantjordi\/wp-content\/uploads\/usu2284\/2024\/04\/IMG_3586-768x576.jpg 768w, https:\/\/agora.xtec.cat\/escolapatufetsantjordi\/wp-content\/uploads\/usu2284\/2024\/04\/IMG_3586-200x150.jpg 200w\" sizes=\"auto, (max-width: 1024px) 100vw, 1024px\" \/><\/a><\/p>\n","protected":false},"excerpt":{"rendered":"<p>Som una ESCOLA CATALANA i aix\u00f2 vol dir no nom\u00e9s que la llengua de l&#8217;escola \u00e9s el catal\u00e0, sin\u00f3 que el nostre patrimoni cultural (festes, tradicions, hist\u00f2ria&#8230;) forma part de la nostra vida escolar. Aix\u00ed mateix, creiem que els nens i les nenes han d&#8217;estar en contacte amb el medi social i natural a trav\u00e9s [&hellip;]<\/p>\n","protected":false},"author":1,"featured_media":0,"parent":5071,"menu_order":10,"comment_status":"closed","ping_status":"closed","template":"","meta":{"_bbp_topic_count":0,"_bbp_reply_count":0,"_bbp_total_topic_count":0,"_bbp_total_reply_count":0,"_bbp_voice_count":0,"_bbp_anonymous_reply_count":0,"_bbp_topic_count_hidden":0,"_bbp_reply_count_hidden":0,"_bbp_forum_subforum_count":0,"site-sidebar-layout":"default","site-content-layout":"","ast-site-content-layout":"default","site-content-style":"default","site-sidebar-style":"default","ast-global-header-display":"","ast-banner-title-visibility":"","ast-main-header-display":"","ast-hfb-above-header-display":"","ast-hfb-below-header-display":"","ast-hfb-mobile-header-display":"","site-post-title":"","ast-breadcrumbs-content":"","ast-featured-img":"","footer-sml-layout":"","theme-transparent-header-meta":"default","adv-header-id-meta":"","stick-header-meta":"","header-above-stick-meta":"","header-main-stick-meta":"","header-below-stick-meta":"","astra-migrate-meta-layouts":"set","ast-page-background-enabled":"default","ast-page-background-meta":{"desktop":{"background-color":"var(--ast-global-color-4)","background-image":"","background-repeat":"repeat","background-position":"center center","background-size":"auto","background-attachment":"scroll","background-type":"","background-media":"","overlay-type":"","overlay-color":"","overlay-opacity":"","overlay-gradient":""},"tablet":{"background-color":"","background-image":"","background-repeat":"repeat","background-position":"center center","background-size":"auto","background-attachment":"scroll","background-type":"","background-media":"","overlay-type":"","overlay-color":"","overlay-opacity":"","overlay-gradient":""},"mobile":{"background-color":"","background-image":"","background-repeat":"repeat","background-position":"center center","background-size":"auto","background-attachment":"scroll","background-type":"","background-media":"","overlay-type":"","overlay-color":"","overlay-opacity":"","overlay-gradient":""}},"ast-content-background-meta":{"desktop":{"background-color":"var(--ast-global-color-5)","background-image":"","background-repeat":"repeat","background-position":"center center","background-size":"auto","background-attachment":"scroll","background-type":"","background-media":"","overlay-type":"","overlay-color":"","overlay-opacity":"","overlay-gradient":""},"tablet":{"background-color":"var(--ast-global-color-5)","background-image":"","background-repeat":"repeat","background-position":"center center","background-size":"auto","background-attachment":"scroll","background-type":"","background-media":"","overlay-type":"","overlay-color":"","overlay-opacity":"","overlay-gradient":""},"mobile":{"background-color":"var(--ast-global-color-5)","background-image":"","background-repeat":"repeat","background-position":"center center","background-size":"auto","background-attachment":"scroll","background-type":"","background-media":"","overlay-type":"","overlay-color":"","overlay-opacity":"","overlay-gradient":""}},"footnotes":""},"class_list":["post-5079","page","type-page","status-publish","hentry"],"post_mailing_queue_ids":[],"_links":{"self":[{"href":"https:\/\/agora.xtec.cat\/escolapatufetsantjordi\/wp-json\/wp\/v2\/pages\/5079","targetHints":{"allow":["GET"]}}],"collection":[{"href":"https:\/\/agora.xtec.cat\/escolapatufetsantjordi\/wp-json\/wp\/v2\/pages"}],"about":[{"href":"https:\/\/agora.xtec.cat\/escolapatufetsantjordi\/wp-json\/wp\/v2\/types\/page"}],"author":[{"embeddable":true,"href":"https:\/\/agora.xtec.cat\/escolapatufetsantjordi\/wp-json\/wp\/v2\/users\/1"}],"replies":[{"embeddable":true,"href":"https:\/\/agora.xtec.cat\/escolapatufetsantjordi\/wp-json\/wp\/v2\/comments?post=5079"}],"version-history":[{"count":6,"href":"https:\/\/agora.xtec.cat\/escolapatufetsantjordi\/wp-json\/wp\/v2\/pages\/5079\/revisions"}],"predecessor-version":[{"id":7235,"href":"https:\/\/agora.xtec.cat\/escolapatufetsantjordi\/wp-json\/wp\/v2\/pages\/5079\/revisions\/7235"}],"up":[{"embeddable":true,"href":"https:\/\/agora.xtec.cat\/escolapatufetsantjordi\/wp-json\/wp\/v2\/pages\/5071"}],"wp:attachment":[{"href":"https:\/\/agora.xtec.cat\/escolapatufetsantjordi\/wp-json\/wp\/v2\/media?parent=5079"}],"curies":[{"name":"wp","href":"https:\/\/api.w.org\/{rel}","templated":true}]}}