{"id":5071,"date":"2022-08-18T17:23:14","date_gmt":"2022-08-18T15:23:14","guid":{"rendered":"https:\/\/agora.xtec.cat\/escolapatufetsantjordi\/?page_id=5071"},"modified":"2025-07-09T19:05:28","modified_gmt":"2025-07-09T17:05:28","slug":"escola-9","status":"publish","type":"page","link":"https:\/\/agora.xtec.cat\/escolapatufetsantjordi\/escola-9\/","title":{"rendered":"Escola"},"content":{"rendered":"<p>L\u2019escola, que al llarg de la seva traject\u00f2ria ha lluitat per un ensenyament p\u00fablic de qualitat, continua amb el comprom\u00eds de garantir la coher\u00e8ncia pedag\u00f2gica\u00a0i fa tot el necessari per assegurar una l\u00ednia de continu\u00eftat entre els cicles d\u2019Educaci\u00f3 Infantil, Prim\u00e0ria i l\u2019Educaci\u00f3 Secund\u00e0ria Obligat\u00f2ria.<\/p>\n<p>Segons l\u2019actual ordenaci\u00f3 educativa, la nostra escola est\u00e0 configurada com un\u00a0<strong>Centre d\u2019Educaci\u00f3 Infantil i Prim\u00e0ria<\/strong> (3-12 anys)\u00a0i de <strong>doble l\u00ednia<\/strong>. \u00c9s a dir, disposem de dues aules per nivell (d&#8217;I3 a 6\u00e8) de 25 places cada una. A m\u00e9s a m\u00e9s, som <strong>escola d\u2019agrupament de nens i nenes amb dificultats auditives<\/strong> i, des del 2016, <strong>escola SIEI<\/strong>.<\/p>\n<p>Vols fer una passejada virtual? Te l&#8217;<a href=\"https:\/\/youtu.be\/MoAWVKCnC7Y\">ensenyem<\/a>!<\/p>\n<p>Si teniu dubtes, ens podeu escriure a <a href=\"mailto:escolapatufetsantjordi@xtec.cat\">escolapatufetsantjordi@xtec.cat<\/a> o truca&#8217;ns al 933372535<\/p>\n<p style=\"text-align: center;\"><a href=\"https:\/\/agora.xtec.cat\/escolapatufetsantjordi\/wp-content\/uploads\/usu2284\/2022\/10\/EPSJFBA-COLOR-e1672784593514.png\"><img loading=\"lazy\" decoding=\"async\" class=\"aligncenter wp-image-5243 size-medium\" src=\"https:\/\/agora.xtec.cat\/escolapatufetsantjordi\/wp-content\/uploads\/usu2284\/2022\/10\/EPSJFBA-COLOR-e1672784593514-300x238.png\" alt=\"\" width=\"300\" height=\"238\" srcset=\"https:\/\/agora.xtec.cat\/escolapatufetsantjordi\/wp-content\/uploads\/usu2284\/2022\/10\/EPSJFBA-COLOR-e1672784593514-300x238.png 300w, https:\/\/agora.xtec.cat\/escolapatufetsantjordi\/wp-content\/uploads\/usu2284\/2022\/10\/EPSJFBA-COLOR-e1672784593514.png 592w\" sizes=\"auto, (max-width: 300px) 100vw, 300px\" \/><\/a><\/p>\n","protected":false},"excerpt":{"rendered":"<p>L\u2019escola, que al llarg de la seva traject\u00f2ria ha lluitat per un ensenyament p\u00fablic de qualitat, continua amb el comprom\u00eds de garantir la coher\u00e8ncia pedag\u00f2gica\u00a0i fa tot el necessari per assegurar una l\u00ednia de continu\u00eftat entre els cicles d\u2019Educaci\u00f3 Infantil, Prim\u00e0ria i l\u2019Educaci\u00f3 Secund\u00e0ria Obligat\u00f2ria. Segons l\u2019actual ordenaci\u00f3 educativa, la nostra escola est\u00e0 configurada com [&hellip;]<\/p>\n","protected":false},"author":1,"featured_media":0,"parent":0,"menu_order":0,"comment_status":"closed","ping_status":"closed","template":"","meta":{"_bbp_topic_count":0,"_bbp_reply_count":0,"_bbp_total_topic_count":0,"_bbp_total_reply_count":0,"_bbp_voice_count":0,"_bbp_anonymous_reply_count":0,"_bbp_topic_count_hidden":0,"_bbp_reply_count_hidden":0,"_bbp_forum_subforum_count":0,"site-sidebar-layout":"default","site-content-layout":"","ast-site-content-layout":"default","site-content-style":"default","site-sidebar-style":"default","ast-global-header-display":"","ast-banner-title-visibility":"","ast-main-header-display":"","ast-hfb-above-header-display":"","ast-hfb-below-header-display":"","ast-hfb-mobile-header-display":"","site-post-title":"","ast-breadcrumbs-content":"","ast-featured-img":"","footer-sml-layout":"","theme-transparent-header-meta":"default","adv-header-id-meta":"","stick-header-meta":"","header-above-stick-meta":"","header-main-stick-meta":"","header-below-stick-meta":"","astra-migrate-meta-layouts":"set","ast-page-background-enabled":"default","ast-page-background-meta":{"desktop":{"background-color":"var(--ast-global-color-4)","background-image":"","background-repeat":"repeat","background-position":"center center","background-size":"auto","background-attachment":"scroll","background-type":"","background-media":"","overlay-type":"","overlay-color":"","overlay-opacity":"","overlay-gradient":""},"tablet":{"background-color":"","background-image":"","background-repeat":"repeat","background-position":"center center","background-size":"auto","background-attachment":"scroll","background-type":"","background-media":"","overlay-type":"","overlay-color":"","overlay-opacity":"","overlay-gradient":""},"mobile":{"background-color":"","background-image":"","background-repeat":"repeat","background-position":"center center","background-size":"auto","background-attachment":"scroll","background-type":"","background-media":"","overlay-type":"","overlay-color":"","overlay-opacity":"","overlay-gradient":""}},"ast-content-background-meta":{"desktop":{"background-color":"var(--ast-global-color-5)","background-image":"","background-repeat":"repeat","background-position":"center center","background-size":"auto","background-attachment":"scroll","background-type":"","background-media":"","overlay-type":"","overlay-color":"","overlay-opacity":"","overlay-gradient":""},"tablet":{"background-color":"var(--ast-global-color-5)","background-image":"","background-repeat":"repeat","background-position":"center center","background-size":"auto","background-attachment":"scroll","background-type":"","background-media":"","overlay-type":"","overlay-color":"","overlay-opacity":"","overlay-gradient":""},"mobile":{"background-color":"var(--ast-global-color-5)","background-image":"","background-repeat":"repeat","background-position":"center center","background-size":"auto","background-attachment":"scroll","background-type":"","background-media":"","overlay-type":"","overlay-color":"","overlay-opacity":"","overlay-gradient":""}},"footnotes":""},"class_list":["post-5071","page","type-page","status-publish","hentry"],"post_mailing_queue_ids":[],"_links":{"self":[{"href":"https:\/\/agora.xtec.cat\/escolapatufetsantjordi\/wp-json\/wp\/v2\/pages\/5071","targetHints":{"allow":["GET"]}}],"collection":[{"href":"https:\/\/agora.xtec.cat\/escolapatufetsantjordi\/wp-json\/wp\/v2\/pages"}],"about":[{"href":"https:\/\/agora.xtec.cat\/escolapatufetsantjordi\/wp-json\/wp\/v2\/types\/page"}],"author":[{"embeddable":true,"href":"https:\/\/agora.xtec.cat\/escolapatufetsantjordi\/wp-json\/wp\/v2\/users\/1"}],"replies":[{"embeddable":true,"href":"https:\/\/agora.xtec.cat\/escolapatufetsantjordi\/wp-json\/wp\/v2\/comments?post=5071"}],"version-history":[{"count":5,"href":"https:\/\/agora.xtec.cat\/escolapatufetsantjordi\/wp-json\/wp\/v2\/pages\/5071\/revisions"}],"predecessor-version":[{"id":7112,"href":"https:\/\/agora.xtec.cat\/escolapatufetsantjordi\/wp-json\/wp\/v2\/pages\/5071\/revisions\/7112"}],"wp:attachment":[{"href":"https:\/\/agora.xtec.cat\/escolapatufetsantjordi\/wp-json\/wp\/v2\/media?parent=5071"}],"curies":[{"name":"wp","href":"https:\/\/api.w.org\/{rel}","templated":true}]}}