{"id":3534,"date":"2020-09-06T15:22:48","date_gmt":"2020-09-06T15:22:48","guid":{"rendered":"http:\/\/www.patufet.cat\/?page_id=3534"},"modified":"2023-11-07T17:23:54","modified_gmt":"2023-11-07T16:23:54","slug":"50e-aniversari","status":"publish","type":"page","link":"https:\/\/agora.xtec.cat\/escolapatufetsantjordi\/50e-aniversari\/","title":{"rendered":"50\u00e8 aniversari, curs 18 &#8211; 19"},"content":{"rendered":"\r\n<h1 class=\"wp-block-heading\">DARRER ACTE DE CELEBRACI\u00d3<\/h1>\r\n\r\n\r\n\r\n<p>Compartim amb vosaltres algunes fotografies del que va ser l\u2019\u00faltim acte per celebrar l\u2019aniversari de l\u2019escola, on es va presentar la publicaci\u00f3 \u201c50 anys de triple revoluci\u00f3\u201d.<\/p>\r\n\r\n\r\n\r\n<figure class=\"wp-block-image size-large\"><img loading=\"lazy\" decoding=\"async\" width=\"1024\" height=\"768\" class=\"wp-image-3064\" src=\"https:\/\/agora.xtec.cat\/escolapatufetsantjordi\/wp-content\/uploads\/usu2284\/2020\/01\/PHOTO-2019-12-15-08-01-46-1024x768.jpg\" alt=\"\" srcset=\"https:\/\/agora.xtec.cat\/escolapatufetsantjordi\/wp-content\/uploads\/usu2284\/2020\/01\/PHOTO-2019-12-15-08-01-46-1024x768.jpg 1024w, https:\/\/agora.xtec.cat\/escolapatufetsantjordi\/wp-content\/uploads\/usu2284\/2020\/01\/PHOTO-2019-12-15-08-01-46-300x225.jpg 300w, https:\/\/agora.xtec.cat\/escolapatufetsantjordi\/wp-content\/uploads\/usu2284\/2020\/01\/PHOTO-2019-12-15-08-01-46-768x576.jpg 768w, https:\/\/agora.xtec.cat\/escolapatufetsantjordi\/wp-content\/uploads\/usu2284\/2020\/01\/PHOTO-2019-12-15-08-01-46-1536x1152.jpg 1536w, https:\/\/agora.xtec.cat\/escolapatufetsantjordi\/wp-content\/uploads\/usu2284\/2020\/01\/PHOTO-2019-12-15-08-01-46-200x150.jpg 200w, https:\/\/agora.xtec.cat\/escolapatufetsantjordi\/wp-content\/uploads\/usu2284\/2020\/01\/PHOTO-2019-12-15-08-01-46.jpg 2048w\" sizes=\"auto, (max-width: 1024px) 100vw, 1024px\" \/><\/figure>\r\n\r\n\r\n\r\n<figure class=\"wp-block-image size-large is-resized\"><img loading=\"lazy\" decoding=\"async\" class=\"wp-image-3065\" src=\"https:\/\/agora.xtec.cat\/escolapatufetsantjordi\/wp-content\/uploads\/usu2284\/2020\/01\/PHOTO-2019-12-15-08-01-46_1-1024x768.jpg\" alt=\"\" width=\"580\" height=\"435\" srcset=\"https:\/\/agora.xtec.cat\/escolapatufetsantjordi\/wp-content\/uploads\/usu2284\/2020\/01\/PHOTO-2019-12-15-08-01-46_1-1024x768.jpg 1024w, https:\/\/agora.xtec.cat\/escolapatufetsantjordi\/wp-content\/uploads\/usu2284\/2020\/01\/PHOTO-2019-12-15-08-01-46_1-300x225.jpg 300w, https:\/\/agora.xtec.cat\/escolapatufetsantjordi\/wp-content\/uploads\/usu2284\/2020\/01\/PHOTO-2019-12-15-08-01-46_1-768x576.jpg 768w, https:\/\/agora.xtec.cat\/escolapatufetsantjordi\/wp-content\/uploads\/usu2284\/2020\/01\/PHOTO-2019-12-15-08-01-46_1-1536x1152.jpg 1536w, https:\/\/agora.xtec.cat\/escolapatufetsantjordi\/wp-content\/uploads\/usu2284\/2020\/01\/PHOTO-2019-12-15-08-01-46_1-200x150.jpg 200w, https:\/\/agora.xtec.cat\/escolapatufetsantjordi\/wp-content\/uploads\/usu2284\/2020\/01\/PHOTO-2019-12-15-08-01-46_1.jpg 2048w\" sizes=\"auto, (max-width: 580px) 100vw, 580px\" \/><\/figure>\r\n\r\n\r\n\r\n<figure class=\"wp-block-image size-large\"><img loading=\"lazy\" decoding=\"async\" width=\"1024\" height=\"768\" class=\"wp-image-3066\" src=\"https:\/\/agora.xtec.cat\/escolapatufetsantjordi\/wp-content\/uploads\/usu2284\/2020\/01\/PHOTO-2019-12-15-08-01-46_2-1024x768.jpg\" alt=\"\" srcset=\"https:\/\/agora.xtec.cat\/escolapatufetsantjordi\/wp-content\/uploads\/usu2284\/2020\/01\/PHOTO-2019-12-15-08-01-46_2-1024x768.jpg 1024w, https:\/\/agora.xtec.cat\/escolapatufetsantjordi\/wp-content\/uploads\/usu2284\/2020\/01\/PHOTO-2019-12-15-08-01-46_2-300x225.jpg 300w, https:\/\/agora.xtec.cat\/escolapatufetsantjordi\/wp-content\/uploads\/usu2284\/2020\/01\/PHOTO-2019-12-15-08-01-46_2-768x576.jpg 768w, https:\/\/agora.xtec.cat\/escolapatufetsantjordi\/wp-content\/uploads\/usu2284\/2020\/01\/PHOTO-2019-12-15-08-01-46_2-1536x1152.jpg 1536w, https:\/\/agora.xtec.cat\/escolapatufetsantjordi\/wp-content\/uploads\/usu2284\/2020\/01\/PHOTO-2019-12-15-08-01-46_2-200x150.jpg 200w, https:\/\/agora.xtec.cat\/escolapatufetsantjordi\/wp-content\/uploads\/usu2284\/2020\/01\/PHOTO-2019-12-15-08-01-46_2.jpg 2048w\" sizes=\"auto, (max-width: 1024px) 100vw, 1024px\" \/><\/figure>\r\n\r\n\r\n\r\n<h1 class=\"wp-block-heading\">________________________________<\/h1>\r\n\r\n\r\n\r\n<h1 class=\"wp-block-heading\">ACTE\u00a0 \u00a0DE\u00a0 \u00a0CLOENDA<\/h1>\r\n\r\n\r\n\r\n<p><strong><em>Benvolguts i benvolgudes,\u00a0<\/em><\/strong><\/p>\r\n\r\n\r\n\r\n<p>Ens complau comunicar-vos que el\u00a0<strong>proper dissabte, 14 de desembre\u00a0<\/strong>de 2019,\u00a0<strong>a les 12:00h<\/strong>\u00a0del migdia, celebrarem la\u00a0<strong>presentaci\u00f3 del llibre:<\/strong><\/p>\r\n\r\n\r\n\r\n<p>\u00a0 \u00a0 \u00a0 \u00a0 \u00a0 \u00a0 \u00a0 \u00a0 \u00a0 \u00a0 \u00a0 \u00a0 \u00a0 \u00a0 \u00a0 \u00a0 \u00a0 \u00a0 \u00a0 \u00a0\u201cL\u2019Escola Patufet,\u00a0 50 anys d\u2019hist\u00f2ria de l\u2019Hospitalet\u201d<\/p>\r\n\r\n\r\n\r\n<p>L\u2019autor \u00e9s en Jordi Albesa i Colomer, mestre jubilat \u00a0de l\u2019escola\u00a0 i editat pel Museu d\u2019hist\u00f2ria de la nostra ciutat.<\/p>\r\n\r\n\r\n\r\n<p>L\u2019acte es realitzar\u00e0 a l\u2019edifici \u00a0\u201cl\u2019Harmonia\u201d, seu del Museu d\u2019hist\u00f2ria de l\u2019Hospitalet de Llobregat.<\/p>\r\n\r\n\r\n\r\n<p>I, amb aquest acte, clourem la celebraci\u00f3 dels 50 anys del Patufet.<\/p>\r\n\r\n\r\n\r\n<p><em>Us convidem a totes i tots a ser-hi. Estem segurs que us agradar\u00e0 molt.\u00a0<\/em><\/p>\r\n\r\n\r\n\r\n<p><em>I us agrairem\u00a0que ho feu c\u00f3rrer per mail, whats, instagram, \u2026 Moltes gr\u00e0cies a l\u2019avan\u00e7ada\u2026!<\/em><\/p>\r\n\r\n\r\n\r\n<p><strong>JUNTS SOM I FEM PATUFET\u2026!!!<\/strong><\/p>\r\n\r\n\r\n\r\n<p><em>Comissi\u00f3 general dels 50 anys del Patufet\u00a0<\/em>\u00a0<\/p>\r\n\r\n\r\n\r\n<h1 class=\"wp-block-heading\">_______________________________<\/h1>\r\n\r\n\r\n\r\n<h1 class=\"wp-block-heading\"><strong>SOPAR FINAL DE FESTA\u00a0DE LA CELEBRACI\u00d3 DEL 50\u00e8 ANIVERSARI DE L\u2019ESCOLA<\/strong><\/h1>\r\n\r\n\r\n\r\n<h1 class=\"has-text-align-center wp-block-heading\"><em>1 DE JUNY\u00a0 \u00a0 \u00a0<\/em><\/h1>\r\n\r\n\r\n\r\n<h1 class=\"wp-block-heading\">________________________________<\/h1>\r\n\r\n\r\n\r\n<h1 class=\"wp-block-heading\">ACTE DE RECONEIXEMENT<\/h1>\r\n\r\n\r\n\r\n<p>Ahir, dimarts 5 de mar\u00e7, a les 19h vam viure com a escola un emotiu homenatge a l\u2019escola al ple de l\u2019Ajuntament.<\/p>\r\n\r\n\r\n\r\n<h4 class=\"wp-block-heading\">Moltes gr\u00e0cies a totes les fam\u00edlies assistents. Moltes gr\u00e0cies a tots els i les treballadores que hi van anar. Moltes gr\u00e0cies als ex treballadors, ex fam\u00edlies i antics alumnes que es van apropar a viure aquest moment amb l\u2019escola . Moltes gr\u00e0cies a les persones que van preparar unes paraules i les van dedicar a l\u2019escola i a la comunitat que entre tots hem anat construint.<\/h4>\r\n\r\n\r\n\r\n<div class=\"wp-block-image\">\r\n<figure class=\"aligncenter\"><img decoding=\"async\" class=\"wp-image-2839\" src=\"http:\/\/www.patufet.cat\/wp-content\/uploads\/2019\/03\/73ce4351-63f7-4999-971b-150bddd2de6d-1024x768.jpg\" alt=\"\" \/><\/figure>\r\n<\/div>\r\n\r\n\r\n\r\n<div class=\"wp-block-image\">\r\n<figure class=\"aligncenter\"><img decoding=\"async\" class=\"wp-image-2840\" src=\"http:\/\/www.patufet.cat\/wp-content\/uploads\/2019\/03\/a6cd0b2f-2a52-407d-b933-4423654584c5-1024x768.jpg\" alt=\"\" \/><\/figure>\r\n<\/div>\r\n\r\n\r\n\r\n<div class=\"wp-block-image\">\r\n<figure class=\"aligncenter\"><img loading=\"lazy\" decoding=\"async\" width=\"1024\" height=\"768\" class=\"wp-image-2841\" src=\"https:\/\/agora.xtec.cat\/escolapatufetsantjordi\/wp-content\/uploads\/usu2284\/2019\/03\/IMG_9355-1024x768.jpg\" alt=\"\" srcset=\"https:\/\/agora.xtec.cat\/escolapatufetsantjordi\/wp-content\/uploads\/usu2284\/2019\/03\/IMG_9355-1024x768.jpg 1024w, https:\/\/agora.xtec.cat\/escolapatufetsantjordi\/wp-content\/uploads\/usu2284\/2019\/03\/IMG_9355-300x225.jpg 300w, https:\/\/agora.xtec.cat\/escolapatufetsantjordi\/wp-content\/uploads\/usu2284\/2019\/03\/IMG_9355-768x576.jpg 768w, https:\/\/agora.xtec.cat\/escolapatufetsantjordi\/wp-content\/uploads\/usu2284\/2019\/03\/IMG_9355-1536x1152.jpg 1536w, https:\/\/agora.xtec.cat\/escolapatufetsantjordi\/wp-content\/uploads\/usu2284\/2019\/03\/IMG_9355-200x150.jpg 200w, https:\/\/agora.xtec.cat\/escolapatufetsantjordi\/wp-content\/uploads\/usu2284\/2019\/03\/IMG_9355.jpg 2016w\" sizes=\"auto, (max-width: 1024px) 100vw, 1024px\" \/><\/figure>\r\n<\/div>\r\n\r\n\r\n\r\n<h1 class=\"wp-block-heading\">________________________________<\/h1>\r\n\r\n\r\n\r\n<h1 class=\"wp-block-heading\">\u00a0<\/h1>\r\n\r\n\r\n\r\n<h1 class=\"wp-block-heading\">V\u00cdDEOS CONCERT D\u2019ANIVERSARI\u00a0\u00a050 ANYS PATUFET<\/h1>\r\n\r\n\r\n\r\n<figure><iframe loading=\"lazy\" src=\"https:\/\/www.youtube.com\/embed\/Lvi7a5ojMso\" width=\"560\" height=\"315\" allowfullscreen=\"allowfullscreen\"><\/iframe><\/figure>\r\n\r\n\r\n\r\n<figure><iframe loading=\"lazy\" src=\"https:\/\/www.youtube.com\/embed\/tuBrrqu_Qr4\" width=\"560\" height=\"315\" allowfullscreen=\"allowfullscreen\"><\/iframe><\/figure>\r\n\r\n\r\n\r\n<p><strong>__________________________________________<\/strong><\/p>\r\n\r\n\r\n\r\n<h1 class=\"wp-block-heading\">ACTE INAUGURAL<\/h1>\r\n\r\n\r\n\r\n<p><strong>Aqu\u00ed teniu el video publicat a la televisi\u00f3 d\u2019Hospitalet sobre l\u2019acte inaugural d\u2019aquest curs commemoraci\u00f3 del 50\u00e8 aniversari de l\u2019escola.<\/strong><\/p>\r\n\r\n\r\n\r\n<figure><iframe loading=\"lazy\" src=\"https:\/\/player.vimeo.com\/video\/301638888\" width=\"640\" height=\"352\" allowfullscreen=\"allowfullscreen\"><\/iframe><\/figure>\r\n\r\n\r\n\r\n<p><a href=\"https:\/\/vimeo.com\/301638888\">L\u2019Escola Patufet-Sant Jordi inicia la commemoraci\u00f3 del seu 50\u00e8 aniversari<\/a>\u00a0from\u00a0<a href=\"https:\/\/vimeo.com\/user88496710\">Televisi\u00f3 de L\u2019Hospitalet<\/a>\u00a0on\u00a0<a href=\"https:\/\/vimeo.com\/\">Vimeo<\/a>.<\/p>\r\n\r\n\r\n\r\n<h2 class=\"wp-block-heading\">_________________________<\/h2>\r\n\r\n\r\n\r\n<h1 class=\"wp-block-heading\"><strong>ACTES\u00a0 PROGRAMATS\u00a0 PEL\u00a0 50\u00e8\u00a0 ANIVERSARI<\/strong><\/h1>\r\n\r\n\r\n\r\n<p><strong>Acte obertura aniversari \u2013\u00a0<\/strong>Auditori Barrades \u00a0el dissabte 17\/11\/2018 a les 11 h.<\/p>\r\n\r\n\r\n\r\n<ul class=\"wp-block-list\">\r\n<li>Preg\u00f3<\/li>\r\n<li>Presentaci\u00f3 de la imatge de la celebraci\u00f3 a c\u00e0rrec de l\u2019escola Serra i Abella de l\u2019Hospitalet<\/li>\r\n<li>Taula Rodona \u201c El Patufet ara, 50 anys despr\u00e9s\u201d<\/li>\r\n<\/ul>\r\n\r\n\r\n\r\n<p>Formaran part de la taula: Francesc Batall\u00e9, Santi Barba, M\u00aa Rosa Climent, Xavi Tejedor, Ricard Padr\u00f3s i Merc\u00e8 Cam\u00f3s.<\/p>\r\n\r\n\r\n\r\n<p>Per a tothom que vulgui venir fins a omplir aforament.<\/p>\r\n\r\n\r\n\r\n<p><strong>Concert especial de Nadal \u2013\u00a0<\/strong>Auditori de Cornell\u00e0 el dimarts 18\/12\/2018 a les 16h i a les 18h.<\/p>\r\n\r\n\r\n\r\n<ul class=\"wp-block-list\">\r\n<li>Cantaran tots els nens i nenes de l\u2019escola acompanyats d\u2019una banda de m\u00fasics professionals.<\/li>\r\n<li>Presentaci\u00f3 de l\u2019Orquestra ORFF (projecte TANDEM).<\/li>\r\n<\/ul>\r\n\r\n\r\n\r\n<p>Per a totes les fam\u00edlies de l\u2019escola i tots aquells que vulguin gaudir-lo.<\/p>\r\n\r\n\r\n\r\n<p><strong>Exposici\u00f3 : \u201c 50 anys, ens separen o ens uneixen ?\u201d-\u00a0<\/strong>Museu d\u2019Hist\u00f2ria de la ciutat el dissabte 16\/03\/2019.<\/p>\r\n\r\n\r\n\r\n<p>Per a tothom que vulgui veure una exposici\u00f3 gens nost\u00e0lgica, que busca les arrels , que analitza el present \u00a0per a \u00a0projectar un futur.<\/p>\r\n\r\n\r\n\r\n<p><strong>Acte principal. Festa de l\u2019Escola-\u00a0<\/strong>El dissabte 11\/05\/2019<\/p>\r\n\r\n\r\n\r\n<ul class=\"wp-block-list\">\r\n<li>Veure programa<\/li>\r\n<\/ul>\r\n\r\n\r\n\r\n<p>Festa per a tothom: nens, nenes, treballadors i treballadores,\u00a0 fam\u00edlies, exalumnes, expares i exmares, extreballadors, \u2026..<\/p>\r\n\r\n\r\n\r\n<p><strong>Jocs Florals 2019 \u2013\u00a0\u00a0<\/strong>Teatre Joventut de l\u2019Hospitalet el dimarts 16\/05\/2019 a les 17:15 h.<\/p>\r\n\r\n\r\n\r\n<ul class=\"wp-block-list\">\r\n<li>Entrega de premis i espectacle dram\u00e0tic-musical creat a partir dels textos publicats.<\/li>\r\n<\/ul>\r\n\r\n\r\n\r\n<p>Per a totes les fam\u00edlies dels alumnes de 3r, 4r, 5\u00e8 i 6\u00e8, exmestres \u00a0i resta d\u2019interessats fins a omplir aforament.<\/p>\r\n\r\n\r\n\r\n<p><strong>Sopar a la fresca \u2013\u00a0<\/strong>Pati de l\u2019escola el \u00a0dissabte 08\/06\/2019 a partir de les 20 h.<\/p>\r\n\r\n\r\n\r\n<ul class=\"wp-block-list\">\r\n<li>Sopar<\/li>\r\n<li>M\u00fasica en directe a c\u00e0rrec d\u2019una banda de l\u2019EMCA de l\u2019Hospitalet<\/li>\r\n<li>M\u00fasica enllaunada a c\u00e0rrec d\u2019un DJ per aquells\/es que vulguin ballar.<\/li>\r\n<li>Espai per xerrar i retrobar-se.<\/li>\r\n<\/ul>\r\n\r\n\r\n\r\n<p>Pels exalumnes, exmestres i tots aquells que vulguin gaudir d\u2019un agradable sopar a la fresca.<\/p>\r\n\r\n\r\n\r\n<p>Pots descarregar el programa:\u00a0<a href=\"http:\/\/www.patufet.cat\/wp-content\/uploads\/2018\/09\/ACTES-PROGRAMATS-PEL-50%C3%A8-ANIVERSARI.pdf\">ACTES PROGRAMATS PEL 50\u00e8 ANIVERSARI<\/a><\/p>\r\n","protected":false},"excerpt":{"rendered":"<p>DARRER ACTE DE CELEBRACI\u00d3 Compartim amb vosaltres algunes fotografies del que va ser l\u2019\u00faltim acte per celebrar l\u2019aniversari de l\u2019escola, on es va presentar la publicaci\u00f3 \u201c50 anys de triple revoluci\u00f3\u201d. ________________________________ ACTE\u00a0 \u00a0DE\u00a0 \u00a0CLOENDA Benvolguts i benvolgudes,\u00a0 Ens complau comunicar-vos que el\u00a0proper dissabte, 14 de desembre\u00a0de 2019,\u00a0a les 12:00h\u00a0del migdia, celebrarem la\u00a0presentaci\u00f3 del llibre: [&hellip;]<\/p>\n","protected":false},"author":6,"featured_media":0,"parent":0,"menu_order":0,"comment_status":"closed","ping_status":"closed","template":"page-templates\/front-page.php","meta":{"_bbp_topic_count":0,"_bbp_reply_count":0,"_bbp_total_topic_count":0,"_bbp_total_reply_count":0,"_bbp_voice_count":0,"_bbp_anonymous_reply_count":0,"_bbp_topic_count_hidden":0,"_bbp_reply_count_hidden":0,"_bbp_forum_subforum_count":0,"site-sidebar-layout":"default","site-content-layout":"","ast-site-content-layout":"","site-content-style":"default","site-sidebar-style":"default","ast-global-header-display":"","ast-banner-title-visibility":"","ast-main-header-display":"","ast-hfb-above-header-display":"","ast-hfb-below-header-display":"","ast-hfb-mobile-header-display":"","site-post-title":"","ast-breadcrumbs-content":"","ast-featured-img":"","footer-sml-layout":"","theme-transparent-header-meta":"","adv-header-id-meta":"","stick-header-meta":"","header-above-stick-meta":"","header-main-stick-meta":"","header-below-stick-meta":"","astra-migrate-meta-layouts":"default","ast-page-background-enabled":"default","ast-page-background-meta":{"desktop":{"background-color":"var(--ast-global-color-4)","background-image":"","background-repeat":"repeat","background-position":"center center","background-size":"auto","background-attachment":"scroll","background-type":"","background-media":"","overlay-type":"","overlay-color":"","overlay-opacity":"","overlay-gradient":""},"tablet":{"background-color":"","background-image":"","background-repeat":"repeat","background-position":"center center","background-size":"auto","background-attachment":"scroll","background-type":"","background-media":"","overlay-type":"","overlay-color":"","overlay-opacity":"","overlay-gradient":""},"mobile":{"background-color":"","background-image":"","background-repeat":"repeat","background-position":"center center","background-size":"auto","background-attachment":"scroll","background-type":"","background-media":"","overlay-type":"","overlay-color":"","overlay-opacity":"","overlay-gradient":""}},"ast-content-background-meta":{"desktop":{"background-color":"var(--ast-global-color-5)","background-image":"","background-repeat":"repeat","background-position":"center center","background-size":"auto","background-attachment":"scroll","background-type":"","background-media":"","overlay-type":"","overlay-color":"","overlay-opacity":"","overlay-gradient":""},"tablet":{"background-color":"var(--ast-global-color-5)","background-image":"","background-repeat":"repeat","background-position":"center center","background-size":"auto","background-attachment":"scroll","background-type":"","background-media":"","overlay-type":"","overlay-color":"","overlay-opacity":"","overlay-gradient":""},"mobile":{"background-color":"var(--ast-global-color-5)","background-image":"","background-repeat":"repeat","background-position":"center center","background-size":"auto","background-attachment":"scroll","background-type":"","background-media":"","overlay-type":"","overlay-color":"","overlay-opacity":"","overlay-gradient":""}},"footnotes":""},"class_list":["post-3534","page","type-page","status-publish","hentry"],"post_mailing_queue_ids":[],"_links":{"self":[{"href":"https:\/\/agora.xtec.cat\/escolapatufetsantjordi\/wp-json\/wp\/v2\/pages\/3534","targetHints":{"allow":["GET"]}}],"collection":[{"href":"https:\/\/agora.xtec.cat\/escolapatufetsantjordi\/wp-json\/wp\/v2\/pages"}],"about":[{"href":"https:\/\/agora.xtec.cat\/escolapatufetsantjordi\/wp-json\/wp\/v2\/types\/page"}],"author":[{"embeddable":true,"href":"https:\/\/agora.xtec.cat\/escolapatufetsantjordi\/wp-json\/wp\/v2\/users\/6"}],"replies":[{"embeddable":true,"href":"https:\/\/agora.xtec.cat\/escolapatufetsantjordi\/wp-json\/wp\/v2\/comments?post=3534"}],"version-history":[{"count":2,"href":"https:\/\/agora.xtec.cat\/escolapatufetsantjordi\/wp-json\/wp\/v2\/pages\/3534\/revisions"}],"predecessor-version":[{"id":6220,"href":"https:\/\/agora.xtec.cat\/escolapatufetsantjordi\/wp-json\/wp\/v2\/pages\/3534\/revisions\/6220"}],"wp:attachment":[{"href":"https:\/\/agora.xtec.cat\/escolapatufetsantjordi\/wp-json\/wp\/v2\/media?parent=3534"}],"curies":[{"name":"wp","href":"https:\/\/api.w.org\/{rel}","templated":true}]}}