{"id":3417,"date":"2020-06-09T07:50:51","date_gmt":"2020-06-09T07:50:51","guid":{"rendered":"http:\/\/www.patufet.cat\/?page_id=3417"},"modified":"2023-11-07T17:23:54","modified_gmt":"2023-11-07T16:23:54","slug":"comissions","status":"publish","type":"page","link":"https:\/\/agora.xtec.cat\/escolapatufetsantjordi\/comissions\/","title":{"rendered":"Comissions"},"content":{"rendered":"\n<h4 class=\"wp-block-heading\">Totes les comissions delegades pel Consell d\u2019Escola compten amb la participaci\u00f3 mixta de fam\u00edlies i mestres que estaran representats en elles.<\/h4>\n\n\n\n<p>Les diferents comissions actuals s\u00f3n:<\/p>\n\n\n\n<p><strong>Comissi\u00f3 de Conviv\u00e8ncia:<\/strong> L\u2019objectiu d\u2019aquesta comissi\u00f3 \u00e9s reflexionar sobre quins criteris han de prevaldre, planificar les actuacions adients, impulsar-les i dinamitzar-les, i finalment avaluar-les per con\u00e8ixer l\u2019aven\u00e7 realitzat o els ajustos que calen. <\/p>\n\n\n\n<p><\/p>\n\n\n\n<p><strong>Consell Petit:<\/strong>  per tractar temes urgents (modificacions parcials de la Programaci\u00f3 General Anual del Centre, per exemple) i, si s&#8217;escau, solucionar-los i informar de les decisions preses al Consell Escolar.<\/p>\n\n\n\n<p><\/p>\n\n\n\n<p><strong>Comissi\u00f3 Sostenibilitat: <\/strong>Comissi\u00f3 mixta que promou l\u2019aplicaci\u00f3 de mesures que afavoreixin la m\u00e0xima sostenibilitat de l\u2019escola, efic\u00e0cia energ\u00e8tica, aix\u00ed com de la difusi\u00f3 entre alumnat, mestres i fam\u00edlies, d\u2019aquelles pr\u00e0ctiques que la poden afavorir. En formen part els\/les mestres i les fam\u00edlies que vulguin participar.<\/p>\n\n\n\n<p><\/p>\n\n\n\n<p><strong>Comissi\u00f3 Estona del Migdia:<\/strong>  Coordina les activitats de l\u2019estona de migdia i vetlla perqu\u00e8 aquestes s\u2019adiguin amb el PEC.  <\/p>\n\n\n\n<p><\/p>\n\n\n\n<p><strong>Comissi\u00f3 Cop d&#8217;Ull:<\/strong>  \u00c9s una revista pensada pels adults i per als infants, que vol recollir els neguits educatius des de la perspectiva de fam\u00edlies i tamb\u00e9 donar una visi\u00f3 de l&#8217;escola des de la dels mestres. Els grans continguts de la de la 6 revista s\u00f3n, per un costat, fer-se ress\u00f2 d&#8217;aquells temes educatius que creiem m\u00e9s candents i, per l&#8217;altre, explicar qu\u00e8 fem i com ho fem. A m\u00e9s sempre hi ha espai per altres apartats quer poden anar des d&#8217;una entrevista a alg\u00fa de l&#8217;escola fins a una recomanaci\u00f3.<\/p>\n\n\n\n<p><\/p>\n\n\n\n<p><strong>Comissi\u00f3 Coeducaci\u00f3:<\/strong>  comissi\u00f3 mixta que promou, vetlla i proposa activitats, espais, formacions, materials&#8230; que promoguin la inclusi\u00f3 i la igualtat de g\u00e8nere al centre.  <\/p>\n","protected":false},"excerpt":{"rendered":"<p>Totes les comissions delegades pel Consell d\u2019Escola compten amb la participaci\u00f3 mixta de fam\u00edlies i mestres que estaran representats en elles. Les diferents comissions actuals s\u00f3n: Comissi\u00f3 de Conviv\u00e8ncia: L\u2019objectiu d\u2019aquesta comissi\u00f3 \u00e9s reflexionar sobre quins criteris han de prevaldre, planificar les actuacions adients, impulsar-les i dinamitzar-les, i finalment avaluar-les per con\u00e8ixer l\u2019aven\u00e7 realitzat o [&hellip;]<\/p>\n","protected":false},"author":6,"featured_media":0,"parent":0,"menu_order":0,"comment_status":"closed","ping_status":"closed","template":"","meta":{"_bbp_topic_count":0,"_bbp_reply_count":0,"_bbp_total_topic_count":0,"_bbp_total_reply_count":0,"_bbp_voice_count":0,"_bbp_anonymous_reply_count":0,"_bbp_topic_count_hidden":0,"_bbp_reply_count_hidden":0,"_bbp_forum_subforum_count":0,"site-sidebar-layout":"default","site-content-layout":"","ast-site-content-layout":"","site-content-style":"default","site-sidebar-style":"default","ast-global-header-display":"","ast-banner-title-visibility":"","ast-main-header-display":"","ast-hfb-above-header-display":"","ast-hfb-below-header-display":"","ast-hfb-mobile-header-display":"","site-post-title":"","ast-breadcrumbs-content":"","ast-featured-img":"","footer-sml-layout":"","theme-transparent-header-meta":"","adv-header-id-meta":"","stick-header-meta":"","header-above-stick-meta":"","header-main-stick-meta":"","header-below-stick-meta":"","astra-migrate-meta-layouts":"default","ast-page-background-enabled":"default","ast-page-background-meta":{"desktop":{"background-color":"var(--ast-global-color-4)","background-image":"","background-repeat":"repeat","background-position":"center center","background-size":"auto","background-attachment":"scroll","background-type":"","background-media":"","overlay-type":"","overlay-color":"","overlay-opacity":"","overlay-gradient":""},"tablet":{"background-color":"","background-image":"","background-repeat":"repeat","background-position":"center center","background-size":"auto","background-attachment":"scroll","background-type":"","background-media":"","overlay-type":"","overlay-color":"","overlay-opacity":"","overlay-gradient":""},"mobile":{"background-color":"","background-image":"","background-repeat":"repeat","background-position":"center center","background-size":"auto","background-attachment":"scroll","background-type":"","background-media":"","overlay-type":"","overlay-color":"","overlay-opacity":"","overlay-gradient":""}},"ast-content-background-meta":{"desktop":{"background-color":"var(--ast-global-color-5)","background-image":"","background-repeat":"repeat","background-position":"center center","background-size":"auto","background-attachment":"scroll","background-type":"","background-media":"","overlay-type":"","overlay-color":"","overlay-opacity":"","overlay-gradient":""},"tablet":{"background-color":"var(--ast-global-color-5)","background-image":"","background-repeat":"repeat","background-position":"center center","background-size":"auto","background-attachment":"scroll","background-type":"","background-media":"","overlay-type":"","overlay-color":"","overlay-opacity":"","overlay-gradient":""},"mobile":{"background-color":"var(--ast-global-color-5)","background-image":"","background-repeat":"repeat","background-position":"center center","background-size":"auto","background-attachment":"scroll","background-type":"","background-media":"","overlay-type":"","overlay-color":"","overlay-opacity":"","overlay-gradient":""}},"footnotes":""},"class_list":["post-3417","page","type-page","status-publish","hentry"],"post_mailing_queue_ids":[],"_links":{"self":[{"href":"https:\/\/agora.xtec.cat\/escolapatufetsantjordi\/wp-json\/wp\/v2\/pages\/3417","targetHints":{"allow":["GET"]}}],"collection":[{"href":"https:\/\/agora.xtec.cat\/escolapatufetsantjordi\/wp-json\/wp\/v2\/pages"}],"about":[{"href":"https:\/\/agora.xtec.cat\/escolapatufetsantjordi\/wp-json\/wp\/v2\/types\/page"}],"author":[{"embeddable":true,"href":"https:\/\/agora.xtec.cat\/escolapatufetsantjordi\/wp-json\/wp\/v2\/users\/6"}],"replies":[{"embeddable":true,"href":"https:\/\/agora.xtec.cat\/escolapatufetsantjordi\/wp-json\/wp\/v2\/comments?post=3417"}],"version-history":[{"count":1,"href":"https:\/\/agora.xtec.cat\/escolapatufetsantjordi\/wp-json\/wp\/v2\/pages\/3417\/revisions"}],"predecessor-version":[{"id":6482,"href":"https:\/\/agora.xtec.cat\/escolapatufetsantjordi\/wp-json\/wp\/v2\/pages\/3417\/revisions\/6482"}],"wp:attachment":[{"href":"https:\/\/agora.xtec.cat\/escolapatufetsantjordi\/wp-json\/wp\/v2\/media?parent=3417"}],"curies":[{"name":"wp","href":"https:\/\/api.w.org\/{rel}","templated":true}]}}