{"id":3180,"date":"2020-03-19T11:56:27","date_gmt":"2020-03-19T11:56:27","guid":{"rendered":"http:\/\/www.patufet.cat\/?page_id=3180"},"modified":"2026-01-09T09:35:42","modified_gmt":"2026-01-09T08:35:42","slug":"informacions","status":"publish","type":"page","link":"https:\/\/agora.xtec.cat\/escolapatufetsantjordi\/cooperativa-3\/menjador-escolar\/informacions\/","title":{"rendered":"Informacions"},"content":{"rendered":"<p><strong>HORARI<\/strong><\/p>\n<p>De 12,30 a 15 h.<\/p>\n<p><strong>QUOTES<\/strong><\/p>\n<p>Els costos fixos es repartiran de tal manera que repercuteixin en tots els usuaris. Aix\u00f2 vol dir que si, per exemple, alg\u00fa no es queda a dinar al setembre o juny, <strong>se li podr\u00e0 retornar nom\u00e9s l\u2019import corresponent a la mat\u00e8ria primera<\/strong>.<\/p>\n<p>Donat que les despeses es reparteixen pel nombre d\u2019usuaris, les baixes a mitjan curs podrien ocasionar una desviaci\u00f3 de la quota prevista per la resta de fam\u00edlies.<\/p>\n<p>Segons l\u2019acord del Consell Escolar del junt\/2008, per raons de responsabilitat, les fam\u00edlies que tinguin algun rebut pendent NO PODRAN UTILITZAR NI DE MANERA FIXA NI ESPOR\u00c0DICA ELS SERVEIS DE L&#8217;ESTONA DE MIGDIA I ACOLLIDA QUE OFEREIX LA COOPERATIVA.<\/p>\n<p>Al mes de setembre es cobra una quantitat a compte, que \u00e9s inferior a una mensualitat sencera. (<strong>100 \u20ac<\/strong>)<\/p>\n<p>L\u2019import de la quota del mes d\u2019octubre \u00e9s la mateixa que la del curs anterior i, un cop aprovats els pressupostos a l&#8217;Assemblea de la Cooperativa, el cost total es reajusta i es divideix entre els mesos restants. (<strong>136,90 \u20ac\/ mensuals &#8211; curs 25\/26<\/strong>). El preu del men\u00fa diari per un usuari fix \u00e9s de 7,48 \u20ac.<\/p>\n<p>&nbsp;<\/p>\n<p><strong>ABONAMENT DE DINARS<\/strong><\/p>\n<p>En cas de malaltia es comptar\u00e0 a partir del 3r dia d\u2019abs\u00e8ncia del nen o nena. Cal avisar, a secretaria, <strong>notificant el primer dia d\u2019abs\u00e8ncia i quan es torna a incorporar<\/strong>.<\/p>\n<p><strong>Es retornar\u00e0 la part corresponent a la mat\u00e8ria primera<\/strong> (1,70 \u20ac diari). Per recuperar l\u2019import d\u2019aquests dinars, poseu-vos en contacte amb secretaria.<\/p>\n<p>&nbsp;<\/p>\n<p><strong>SERVEI DE P\u00cdCNIC<\/strong><\/p>\n<p>Per als infants que s\u00f3n usuaris del servei de l&#8217;estona de migdia, quan fan una sortida de tot el dia, se\u2019ls prepara un p\u00edcnic.<br \/>\nEn cas de necessitar-ho algun infant que no \u00e9s usuari habitual de l&#8217;estona de migdia, cal dir-ho amb tres dies d\u2019antelaci\u00f3.<\/p>\n<p>&nbsp;<\/p>\n<p><strong>DINARS ESPOR\u00c0DICS<\/strong><\/p>\n<p>En cas de necessitat, es pot sol\u00b7licitar el servei per un dia concret, cal avisar a secretaria com a m\u00e0xim a primera hora del mat\u00ed.<\/p>\n<p>Es podr\u00e0 abonar a secretaria o carregar-ho al rebut del mes seg\u00fcent, excepte durant el mes de juny, que s&#8217;haur\u00e0 d&#8217;abonar a secretaria o abonar-ho mitjan\u00e7ant una transfer\u00e8ncia banc\u00e0ria.<\/p>\n<p>Els finals de trimestre i els dies que celebrem festes a l\u2019escola (Nadal, Carnestoltes, fi de curs\u2026) acostumen a utilitzar el servei de l&#8217;estona de migdia m\u00e9s infants dels usuals. \u00c9s per aix\u00f2 que cal fer una previsi\u00f3 i, per tant, en <strong>aquestes dates nom\u00e9s podran optar al dinar espor\u00e0dic,\u00a0els qui ho hagin notificat 3 dies d\u2019antelaci\u00f3.<\/strong><\/p>\n","protected":false},"excerpt":{"rendered":"<p>HORARI De 12,30 a 15 h. QUOTES Els costos fixos es repartiran de tal manera que repercuteixin en tots els usuaris. Aix\u00f2 vol dir que si, per exemple, alg\u00fa no es queda a dinar al setembre o juny, se li podr\u00e0 retornar nom\u00e9s l\u2019import corresponent a la mat\u00e8ria primera. Donat que les despeses es reparteixen [&hellip;]<\/p>\n","protected":false},"author":6,"featured_media":0,"parent":73,"menu_order":10,"comment_status":"closed","ping_status":"closed","template":"","meta":{"_bbp_topic_count":0,"_bbp_reply_count":0,"_bbp_total_topic_count":0,"_bbp_total_reply_count":0,"_bbp_voice_count":0,"_bbp_anonymous_reply_count":0,"_bbp_topic_count_hidden":0,"_bbp_reply_count_hidden":0,"_bbp_forum_subforum_count":0,"site-sidebar-layout":"default","site-content-layout":"","ast-site-content-layout":"default","site-content-style":"default","site-sidebar-style":"default","ast-global-header-display":"","ast-banner-title-visibility":"","ast-main-header-display":"","ast-hfb-above-header-display":"","ast-hfb-below-header-display":"","ast-hfb-mobile-header-display":"","site-post-title":"","ast-breadcrumbs-content":"","ast-featured-img":"","footer-sml-layout":"","theme-transparent-header-meta":"default","adv-header-id-meta":"","stick-header-meta":"","header-above-stick-meta":"","header-main-stick-meta":"","header-below-stick-meta":"","astra-migrate-meta-layouts":"set","ast-page-background-enabled":"default","ast-page-background-meta":{"desktop":{"background-color":"var(--ast-global-color-4)","background-image":"","background-repeat":"repeat","background-position":"center center","background-size":"auto","background-attachment":"scroll","background-type":"","background-media":"","overlay-type":"","overlay-color":"","overlay-opacity":"","overlay-gradient":""},"tablet":{"background-color":"","background-image":"","background-repeat":"repeat","background-position":"center center","background-size":"auto","background-attachment":"scroll","background-type":"","background-media":"","overlay-type":"","overlay-color":"","overlay-opacity":"","overlay-gradient":""},"mobile":{"background-color":"","background-image":"","background-repeat":"repeat","background-position":"center center","background-size":"auto","background-attachment":"scroll","background-type":"","background-media":"","overlay-type":"","overlay-color":"","overlay-opacity":"","overlay-gradient":""}},"ast-content-background-meta":{"desktop":{"background-color":"var(--ast-global-color-5)","background-image":"","background-repeat":"repeat","background-position":"center center","background-size":"auto","background-attachment":"scroll","background-type":"","background-media":"","overlay-type":"","overlay-color":"","overlay-opacity":"","overlay-gradient":""},"tablet":{"background-color":"var(--ast-global-color-5)","background-image":"","background-repeat":"repeat","background-position":"center center","background-size":"auto","background-attachment":"scroll","background-type":"","background-media":"","overlay-type":"","overlay-color":"","overlay-opacity":"","overlay-gradient":""},"mobile":{"background-color":"var(--ast-global-color-5)","background-image":"","background-repeat":"repeat","background-position":"center center","background-size":"auto","background-attachment":"scroll","background-type":"","background-media":"","overlay-type":"","overlay-color":"","overlay-opacity":"","overlay-gradient":""}},"footnotes":""},"class_list":["post-3180","page","type-page","status-publish","hentry"],"post_mailing_queue_ids":[],"_links":{"self":[{"href":"https:\/\/agora.xtec.cat\/escolapatufetsantjordi\/wp-json\/wp\/v2\/pages\/3180","targetHints":{"allow":["GET"]}}],"collection":[{"href":"https:\/\/agora.xtec.cat\/escolapatufetsantjordi\/wp-json\/wp\/v2\/pages"}],"about":[{"href":"https:\/\/agora.xtec.cat\/escolapatufetsantjordi\/wp-json\/wp\/v2\/types\/page"}],"author":[{"embeddable":true,"href":"https:\/\/agora.xtec.cat\/escolapatufetsantjordi\/wp-json\/wp\/v2\/users\/6"}],"replies":[{"embeddable":true,"href":"https:\/\/agora.xtec.cat\/escolapatufetsantjordi\/wp-json\/wp\/v2\/comments?post=3180"}],"version-history":[{"count":6,"href":"https:\/\/agora.xtec.cat\/escolapatufetsantjordi\/wp-json\/wp\/v2\/pages\/3180\/revisions"}],"predecessor-version":[{"id":5855,"href":"https:\/\/agora.xtec.cat\/escolapatufetsantjordi\/wp-json\/wp\/v2\/pages\/3180\/revisions\/5855"}],"up":[{"embeddable":true,"href":"https:\/\/agora.xtec.cat\/escolapatufetsantjordi\/wp-json\/wp\/v2\/pages\/73"}],"wp:attachment":[{"href":"https:\/\/agora.xtec.cat\/escolapatufetsantjordi\/wp-json\/wp\/v2\/media?parent=3180"}],"curies":[{"name":"wp","href":"https:\/\/api.w.org\/{rel}","templated":true}]}}