{"id":6325,"date":"2023-06-06T14:10:58","date_gmt":"2023-06-06T12:10:58","guid":{"rendered":"https:\/\/agora.xtec.cat\/escolaparcdelguinardo\/?page_id=6325"},"modified":"2023-06-26T12:12:24","modified_gmt":"2023-06-26T10:12:24","slug":"comunicacio-i-xarxes","status":"publish","type":"page","link":"https:\/\/agora.xtec.cat\/escolaparcdelguinardo\/edc-estrategia-digital-de-centre-en-preparacio-inici-maig-2022-enllestida-maig-2023\/cultura-digital-2\/comunicacio-i-xarxes\/","title":{"rendered":"Comunicaci\u00f3 i xarxes"},"content":{"rendered":"<p><span style=\"font-weight: 400;\">Les vies de comunicaci\u00f3 de l&#8217;escola en l&#8217;\u00e0mbit digital s\u00f3n diverses i tenen diferents objectius:<\/span><\/p>\n<ul>\n<li><span style=\"font-weight: 400;\">Aconseguir el seguiment de les fam\u00edlies de les diferents plataformes.<\/span><\/li>\n<li><span style=\"font-weight: 400;\">Donar a con\u00e8ixer la majoria de les activitats docents del centre a la comunitat<\/span><\/li>\n<li><span style=\"font-weight: 400;\">Fer arribar tots els avisos i informacions a les fam\u00edlies en format digital i tendir a la supressi\u00f3 del format paper.<\/span><\/li>\n<li><span style=\"font-weight: 400;\">Empoderar els alumnes en l&#8217;\u00fas de les eines digitals.<\/span><\/li>\n<\/ul>\n<p><span style=\"font-weight: 400;\"><a href=\"https:\/\/agora.xtec.cat\/escolaparcdelguinardo\/wp-content\/uploads\/usu1096\/2023\/06\/nodes-2.jpg\"><img loading=\"lazy\" decoding=\"async\" class=\" wp-image-6485 alignleft\" src=\"https:\/\/agora.xtec.cat\/escolaparcdelguinardo\/wp-content\/uploads\/usu1096\/2023\/06\/nodes-2.jpg\" alt=\"\" width=\"112\" height=\"112\" srcset=\"https:\/\/agora.xtec.cat\/escolaparcdelguinardo\/wp-content\/uploads\/usu1096\/2023\/06\/nodes-2.jpg 238w, https:\/\/agora.xtec.cat\/escolaparcdelguinardo\/wp-content\/uploads\/usu1096\/2023\/06\/nodes-2-150x150.jpg 150w\" sizes=\"auto, (max-width: 112px) 100vw, 112px\" \/><\/a>NODES: Es disposa d&#8217;una web p\u00fablica realitzada amb NODES amb tota la informaci\u00f3 detallada sobre calendari del curs, horari, equip hum\u00e0, projecte ling\u00fc\u00edstic, NOFC, PEC i consell escolar, projectes, AFA, menjador escolar&#8230; Aix\u00ed mateix s&#8217;exposen les diferents activitats que realitzen els infants en les diferents etapes educatives. Tota la informaci\u00f3 d&#8217;inter\u00e8s de la comunitat educativa est\u00e0 aglutinada en aquest espai.<\/span><\/p>\n<p>&nbsp;<\/p>\n<p><span style=\"font-weight: 400;\"><a href=\"https:\/\/agora.xtec.cat\/escolaparcdelguinardo\/wp-content\/uploads\/usu1096\/2023\/06\/youtube.jpg\"><img loading=\"lazy\" decoding=\"async\" class=\"wp-image-6486 alignleft\" src=\"https:\/\/agora.xtec.cat\/escolaparcdelguinardo\/wp-content\/uploads\/usu1096\/2023\/06\/youtube-300x208.jpg\" alt=\"\" width=\"117\" height=\"81\" srcset=\"https:\/\/agora.xtec.cat\/escolaparcdelguinardo\/wp-content\/uploads\/usu1096\/2023\/06\/youtube-300x208.jpg 300w, https:\/\/agora.xtec.cat\/escolaparcdelguinardo\/wp-content\/uploads\/usu1096\/2023\/06\/youtube.jpg 755w\" sizes=\"auto, (max-width: 117px) 100vw, 117px\" \/><\/a><\/span><\/p>\n<p><span style=\"font-weight: 400;\">YOUTUBE: Es disposa tamb\u00e9 d&#8217;un canal de youtube on es pengen els v\u00eddeos que posteriorment es col\u00b7locaran al nodes per completar un article o explicar alguna activitat realitzada. \u00c9s de domini p\u00fablic i nom\u00e9s hi apareixen els infants amb autoritzaci\u00f3 d&#8217;\u00fas d&#8217;imatges.<\/span><\/p>\n<p>&nbsp;<\/p>\n<p><span style=\"font-weight: 400;\"><a href=\"https:\/\/agora.xtec.cat\/escolaparcdelguinardo\/wp-content\/uploads\/usu1096\/2023\/06\/gmail-3.jpg\"><img loading=\"lazy\" decoding=\"async\" class=\" wp-image-6483 alignleft\" src=\"https:\/\/agora.xtec.cat\/escolaparcdelguinardo\/wp-content\/uploads\/usu1096\/2023\/06\/gmail-3-300x257.jpg\" alt=\"\" width=\"114\" height=\"97\" srcset=\"https:\/\/agora.xtec.cat\/escolaparcdelguinardo\/wp-content\/uploads\/usu1096\/2023\/06\/gmail-3-300x257.jpg 300w, https:\/\/agora.xtec.cat\/escolaparcdelguinardo\/wp-content\/uploads\/usu1096\/2023\/06\/gmail-3.jpg 601w\" sizes=\"auto, (max-width: 114px) 100vw, 114px\" \/><\/a><\/span><\/p>\n<p><span style=\"font-weight: 400;\">CORREU @EPDG: El correu intern s&#8217;utilitza per a la comunicaci\u00f3 entre tota la comunitat educativa. Tant entre els mestres, com mestres i fam\u00edlies com entre infants. El correu i la contrasenya s\u00f3n personalitzats, i s&#8217;esborren un cop acaba l&#8217;etapa escolar de l&#8217;infant o la mestra.<\/span><\/p>\n<p>&nbsp;<\/p>\n<p><span style=\"font-weight: 400;\"><a href=\"https:\/\/agora.xtec.cat\/escolaparcdelguinardo\/wp-content\/uploads\/usu1096\/2023\/06\/tellfy.jpg\"><img loading=\"lazy\" decoding=\"async\" class=\" wp-image-6479 alignleft\" src=\"https:\/\/agora.xtec.cat\/escolaparcdelguinardo\/wp-content\/uploads\/usu1096\/2023\/06\/tellfy-300x300.jpg\" alt=\"\" width=\"110\" height=\"110\" srcset=\"https:\/\/agora.xtec.cat\/escolaparcdelguinardo\/wp-content\/uploads\/usu1096\/2023\/06\/tellfy-300x300.jpg 300w, https:\/\/agora.xtec.cat\/escolaparcdelguinardo\/wp-content\/uploads\/usu1096\/2023\/06\/tellfy-150x150.jpg 150w, https:\/\/agora.xtec.cat\/escolaparcdelguinardo\/wp-content\/uploads\/usu1096\/2023\/06\/tellfy.jpg 409w\" sizes=\"auto, (max-width: 110px) 100vw, 110px\" \/><\/a>TELLFY: Es disposa d&#8217;una App de missatgeria m\u00f2bil com a canal de comunicaci\u00f3 principal entre fam\u00edlies i escola. Hi ha diversos grups. Alguns amb possibilitat de conversa i d&#8217;altres, de car\u00e0cter informatiu, que s\u00f3n unidireccionals.<\/span><\/p>\n","protected":false},"excerpt":{"rendered":"<p>Les vies de comunicaci\u00f3 de l&#8217;escola en l&#8217;\u00e0mbit digital s\u00f3n diverses i tenen diferents objectius:<\/p>\n<ul>\n<li>Aconseguir el seguiment de les fam\u00edlies de les diferents plataformes.<\/li>\n<li>Donar a con\u00e8ixer la majoria de les activitats docents del centre a la comunitat<\/li>\n<li>Fer arribar tots els avisos i informacions a les&hellip;  <a href=\"https:\/\/agora.xtec.cat\/escolaparcdelguinardo\/edc-estrategia-digital-de-centre-en-preparacio-inici-maig-2022-enllestida-maig-2023\/cultura-digital-2\/comunicacio-i-xarxes\/\" title=\"Read Comunicaci\u00f3 i xarxes\">Llegeix m\u00e9s\u00bb<\/a><br \/>\n","protected":false},"author":1,"featured_media":0,"parent":6175,"menu_order":0,"comment_status":"closed","ping_status":"closed","template":"page-templates\/side-menu.php","meta":{"_bbp_topic_count":0,"_bbp_reply_count":0,"_bbp_total_topic_count":0,"_bbp_total_reply_count":0,"_bbp_voice_count":0,"_bbp_anonymous_reply_count":0,"_bbp_topic_count_hidden":0,"_bbp_reply_count_hidden":0,"_bbp_forum_subforum_count":0,"footnotes":""},"class_list":["post-6325","page","type-page","status-publish","hentry"],"post_mailing_queue_ids":[],"_links":{"self":[{"href":"https:\/\/agora.xtec.cat\/escolaparcdelguinardo\/wp-json\/wp\/v2\/pages\/6325","targetHints":{"allow":["GET"]}}],"collection":[{"href":"https:\/\/agora.xtec.cat\/escolaparcdelguinardo\/wp-json\/wp\/v2\/pages"}],"about":[{"href":"https:\/\/agora.xtec.cat\/escolaparcdelguinardo\/wp-json\/wp\/v2\/types\/page"}],"author":[{"embeddable":true,"href":"https:\/\/agora.xtec.cat\/escolaparcdelguinardo\/wp-json\/wp\/v2\/users\/1"}],"replies":[{"embeddable":true,"href":"https:\/\/agora.xtec.cat\/escolaparcdelguinardo\/wp-json\/wp\/v2\/comments?post=6325"}],"version-history":[{"count":3,"href":"https:\/\/agora.xtec.cat\/escolaparcdelguinardo\/wp-json\/wp\/v2\/pages\/6325\/revisions"}],"predecessor-version":[{"id":6489,"href":"https:\/\/agora.xtec.cat\/escolaparcdelguinardo\/wp-json\/wp\/v2\/pages\/6325\/revisions\/6489"}],"up":[{"embeddable":true,"href":"https:\/\/agora.xtec.cat\/escolaparcdelguinardo\/wp-json\/wp\/v2\/pages\/6175"}],"wp:attachment":[{"href":"https:\/\/agora.xtec.cat\/escolaparcdelguinardo\/wp-json\/wp\/v2\/media?parent=6325"}],"curies":[{"name":"wp","href":"https:\/\/api.w.org\/{rel}","templated":true}]}}