{"id":6323,"date":"2023-06-06T14:10:33","date_gmt":"2023-06-06T12:10:33","guid":{"rendered":"https:\/\/agora.xtec.cat\/escolaparcdelguinardo\/?page_id=6323"},"modified":"2025-11-10T14:14:59","modified_gmt":"2025-11-10T13:14:59","slug":"acolliment-digital","status":"publish","type":"page","link":"https:\/\/agora.xtec.cat\/escolaparcdelguinardo\/edc-estrategia-digital-de-centre-en-preparacio-inici-maig-2022-enllestida-maig-2023\/cultura-digital-2\/acolliment-digital\/","title":{"rendered":"Acolliment digital"},"content":{"rendered":"<p><span style=\"font-weight: 400;\">L&#8217;acollida digital forma part de l&#8217;acolliment general de l&#8217;escola i, per tant, \u00e9s necessari tenir un protocol dirigit a les noves incorporacions a la comunitat educativa (infants, fam\u00edlies i mestres).<\/span><\/p>\n<h3 style=\"text-align: center;\"><strong>INFANTS<\/strong><\/h3>\n<ul>\n<li style=\"font-weight: 400;\" aria-level=\"1\"><span style=\"font-weight: 400;\">A l&#8217;inici de curs, les tutores explicaran la normativa digital a tot l&#8217;alumnat de prim\u00e0ria juntament amb el dec\u00e0leg de bon \u00fas digital. Aquest dec\u00e0leg quedar\u00e0 penjar f\u00edsicament a totes les aules, sala d&#8217;ordinadors i sala de tauletes.<\/span><\/li>\n<li style=\"font-weight: 400;\" aria-level=\"1\"><span style=\"font-weight: 400;\">Tots els infants tindran, pr\u00e8viament signada per les fam\u00edlies, l&#8217;autoritzaci\u00f3 de drets d&#8217;imatge que permetr\u00e0, o no, que l&#8217;infant pugui apar\u00e8ixer en les diferents xarxes de les quals disposa l&#8217;escola.<\/span><\/li>\n<li style=\"font-weight: 400;\" aria-level=\"1\"><span style=\"font-weight: 400;\">Un cop els alumnes arriben a 1r de prim\u00e0ria se&#8217;ls hi crea un correu electr\u00f2nic intern de l&#8217;escola @epdg.cat que els hi servir\u00e0 durant tota la seva estan\u00e7a a l&#8217;escola. Aquest correu \u00e9s d&#8217;\u00fas educatiu i no permet correspond\u00e8ncia amb correus externs per tal de protegir la privacitat dels infants.<\/span><\/li>\n<li style=\"font-weight: 400;\" aria-level=\"1\"><span style=\"font-weight: 400;\">Els alumnes de 5\u00e8 se&#8217;ls hi facilita un ordinador port\u00e0til el qual tindran fins a acabar el cicle superior. Als infants que cursen aquesta \u00faltima etapa, se&#8217;ls presenta l&#8217;eina de Classroom, on desenvoluparan gran part del seu treball digital.<\/span><\/li>\n<li style=\"font-weight: 400;\" aria-level=\"1\"><span style=\"font-weight: 400;\">Es presenten als alumnes els espais web del centre i els que serviran per al seu treball educatiu.<\/span><\/li>\n<li style=\"font-weight: 400;\" aria-level=\"1\"><span style=\"font-weight: 400;\">Tota la comunitat, vetlla pel bon funcionament dels suports i el material digital.<\/span><\/li>\n<\/ul>\n<h3 style=\"text-align: center;\"><strong>MESTRES<\/strong><\/h3>\n<ul>\n<li aria-level=\"1\"><span style=\"font-weight: 400;\">Quan un mestre\/a arriba nou al claustre se li proporciona un document d&#8217;Acollida Digital, amb tot el necessari per poder desenvolupar les seves tasques di\u00e0ries i entendre la cultura digital del centre.\u00a0<\/span><\/li>\n<li style=\"font-weight: 400;\" aria-level=\"1\"><span style=\"font-weight: 400;\">Se li facilita un correu intern @epdg.cat. Aix\u00ed mateix, han de tenir actiu el correu @xtec. Si no fos aix\u00ed, la direcci\u00f3 s&#8217;encarregaria de demanar-li al departament.<\/span><\/li>\n<li style=\"font-weight: 400;\" aria-level=\"1\"><span style=\"font-weight: 400;\">Es dona acc\u00e9s a la carpeta compartida del Drive on hi ha el recull de tota la documentaci\u00f3 de l&#8217;escola. Tamb\u00e9 es dona acc\u00e9s a la unitat (:P) dels ordinadors que tenim al centre, on hi ha carpetes compartides a escala interna).<\/span><\/li>\n<li style=\"font-weight: 400;\" aria-level=\"1\"><span style=\"font-weight: 400;\">Es donen les claus d&#8217;acc\u00e9s als ordinadors de sobretaula (3 perfils: ARGO, PROF i SUPER).<\/span><\/li>\n<li style=\"font-weight: 400;\" aria-level=\"1\"><span style=\"font-weight: 400;\">Se&#8217;ls hi dona un usuari i una contrasenya pel servei d&#8217;impressi\u00f3. Tamb\u00e9 se&#8217;ls assessora per com s&#8217;imprimeix des de qualsevol ordinador del centre i com funciona la impressora.<\/span><\/li>\n<li style=\"font-weight: 400;\" aria-level=\"1\"><span style=\"font-weight: 400;\">Se&#8217;ls hi explicar\u00e0 la normativa digital (incloses les NOFC digitals i l&#8217;estrat\u00e8gia digital de centre) i se&#8217;ls hi compartir\u00e0 el dec\u00e0leg del bon \u00fas.<\/span><\/li>\n<li style=\"font-weight: 400;\" aria-level=\"1\"><span style=\"font-weight: 400;\">Se&#8217;ls hi facilita un ordinador port\u00e0til registrat en el \u00edndic.<\/span><\/li>\n<li style=\"font-weight: 400;\" aria-level=\"1\"><span style=\"font-weight: 400;\">Se&#8217;ls hi dona acc\u00e9s al TELLFY -App de missatgeria instant\u00e0nia que fa servir l&#8217;escola amb les fam\u00edlies.<\/span><\/li>\n<li style=\"font-weight: 400;\" aria-level=\"1\"><span style=\"font-weight: 400;\">S&#8217;informa dels infants que no tenen drets d&#8217;imatge per tal de preservar la seva privacitat a l&#8217;hora de publicar articles a les xarxes.<\/span><\/li>\n<li style=\"font-weight: 400;\" aria-level=\"1\"><span style=\"font-weight: 400;\">Es posa a disposici\u00f3 de les necessitats del docent els recursos digitals disponibles en el centre per tal que pugui desenvolupar les seves tasques docents.<\/span><\/li>\n<li aria-level=\"1\"><a href=\"https:\/\/docs.google.com\/presentation\/d\/e\/2PACX-1vS1mwi01Y69jzH1WtNfKJmVPSS6ABYmoU-iWFtRhyEoBpQ4HM8qCIODE4o59yVVVjmXaxtutbz8UUeZ\/pub?start=false&amp;loop=false&amp;delayms=3000\">Acollida claustre<\/a><\/li>\n<\/ul>\n<h3 style=\"text-align: center;\"><strong>FAM\u00cdLIES\u00a0<\/strong><\/h3>\n<ul>\n<li style=\"font-weight: 400;\" aria-level=\"1\"><span style=\"font-weight: 400;\">Se\u2019ls hi explica les NOFC digitals acordades en Consell Escolar.\u00a0<\/span><\/li>\n<li style=\"font-weight: 400;\" aria-level=\"1\"><span style=\"font-weight: 400;\">A l\u2019inici de curs, se\u2019ls informar\u00e1 de la normativa digital i del dec\u00e0leg del bon \u00fas.<\/span><\/li>\n<li style=\"font-weight: 400;\" aria-level=\"1\"><span style=\"font-weight: 400;\">Se\u2019ls hi facilita l&#8217;acc\u00e9s al TELLFY de l\u2019escola com a canal de comunicaci\u00f3 de l\u2019escola amb les fam\u00edlies.\u00a0<\/span><\/li>\n<li style=\"font-weight: 400;\" aria-level=\"1\"><span style=\"font-weight: 400;\">Se\u2019ls hi proporciona les autoritzacions de drets d\u2019imatge per tal de que les signin.<\/span><\/li>\n<li style=\"font-weight: 400;\" aria-level=\"1\"><span style=\"font-weight: 400;\">Se\u2019ls hi facilita el correu electr\u00f2nic del centre dels mestres que hagin arribat nous.\u00a0<\/span><\/li>\n<\/ul>\n<p>&nbsp;<\/p>\n","protected":false},"excerpt":{"rendered":"<p>L&#8217;acollida digital forma part de l&#8217;acolliment general de l&#8217;escola i, per tant, \u00e9s necessari tenir un protocol dirigit a les noves incorporacions a la comunitat educativa (infants, fam\u00edlies i mestres).<br \/>\nINFANTS<\/p>\n<ul>\n<li style=\"font-weight: 400;\" aria-level=\"1\">A l&#8217;inici de curs, les tutores explicaran la normativa digital a tot l&#8217;alumnat&hellip;  <a href=\"https:\/\/agora.xtec.cat\/escolaparcdelguinardo\/edc-estrategia-digital-de-centre-en-preparacio-inici-maig-2022-enllestida-maig-2023\/cultura-digital-2\/acolliment-digital\/\" title=\"Read Acolliment digital\">Llegeix m\u00e9s\u00bb<\/a><br \/>\n","protected":false},"author":1,"featured_media":0,"parent":6175,"menu_order":0,"comment_status":"closed","ping_status":"closed","template":"page-templates\/side-menu.php","meta":{"_bbp_topic_count":0,"_bbp_reply_count":0,"_bbp_total_topic_count":0,"_bbp_total_reply_count":0,"_bbp_voice_count":0,"_bbp_anonymous_reply_count":0,"_bbp_topic_count_hidden":0,"_bbp_reply_count_hidden":0,"_bbp_forum_subforum_count":0,"footnotes":""},"class_list":["post-6323","page","type-page","status-publish","hentry"],"post_mailing_queue_ids":[],"_links":{"self":[{"href":"https:\/\/agora.xtec.cat\/escolaparcdelguinardo\/wp-json\/wp\/v2\/pages\/6323","targetHints":{"allow":["GET"]}}],"collection":[{"href":"https:\/\/agora.xtec.cat\/escolaparcdelguinardo\/wp-json\/wp\/v2\/pages"}],"about":[{"href":"https:\/\/agora.xtec.cat\/escolaparcdelguinardo\/wp-json\/wp\/v2\/types\/page"}],"author":[{"embeddable":true,"href":"https:\/\/agora.xtec.cat\/escolaparcdelguinardo\/wp-json\/wp\/v2\/users\/1"}],"replies":[{"embeddable":true,"href":"https:\/\/agora.xtec.cat\/escolaparcdelguinardo\/wp-json\/wp\/v2\/comments?post=6323"}],"version-history":[{"count":6,"href":"https:\/\/agora.xtec.cat\/escolaparcdelguinardo\/wp-json\/wp\/v2\/pages\/6323\/revisions"}],"predecessor-version":[{"id":8492,"href":"https:\/\/agora.xtec.cat\/escolaparcdelguinardo\/wp-json\/wp\/v2\/pages\/6323\/revisions\/8492"}],"up":[{"embeddable":true,"href":"https:\/\/agora.xtec.cat\/escolaparcdelguinardo\/wp-json\/wp\/v2\/pages\/6175"}],"wp:attachment":[{"href":"https:\/\/agora.xtec.cat\/escolaparcdelguinardo\/wp-json\/wp\/v2\/media?parent=6323"}],"curies":[{"name":"wp","href":"https:\/\/api.w.org\/{rel}","templated":true}]}}