{"id":6321,"date":"2023-06-06T14:10:09","date_gmt":"2023-06-06T12:10:09","guid":{"rendered":"https:\/\/agora.xtec.cat\/escolaparcdelguinardo\/?page_id=6321"},"modified":"2025-05-16T10:16:03","modified_gmt":"2025-05-16T08:16:03","slug":"serveis-i-recursos-digitals","status":"publish","type":"page","link":"https:\/\/agora.xtec.cat\/escolaparcdelguinardo\/edc-estrategia-digital-de-centre-en-preparacio-inici-maig-2022-enllestida-maig-2023\/cultura-digital-2\/serveis-i-recursos-digitals\/","title":{"rendered":"Serveis i recursos digitals"},"content":{"rendered":"<p>A la nostra escola disposem de diversos dispositius digitals que ens permet portar a terme la nostra tasca docent i desenvolupar la cultura digital dels nostres infants.<\/p>\n<p>El nostre centre disposa de diferents dispositius digitals. Uns s\u00f3n fixes a cada aula i altres s\u00f3n d\u2019\u00fas com\u00fa per a tota la comunitat educativa.<\/p>\n<ul>\n<li aria-level=\"1\">Ordinadors d\u2019aula fixes per fer \u00fas en el dia a dia.<\/li>\n<\/ul>\n<ul>\n<li aria-level=\"1\">Sala d\u2019atenci\u00f3 a diversitat equipada amb alguns ordinadors fixes amb auriculars.<\/li>\n<\/ul>\n<ul>\n<li aria-level=\"1\">Dotaci\u00f3 de port\u00e0tils per als docents i de t\u00e0ctils per als infants de Cicle Superior.<\/li>\n<\/ul>\n<ul>\n<li aria-level=\"1\">Pissarres digitals, PDI\u2019s a les aules.<\/li>\n<\/ul>\n<ul>\n<li aria-level=\"1\">Tauletes per als cursos de Prim\u00e0ria de 1r a 4t.<\/li>\n<\/ul>\n<ul>\n<li aria-level=\"1\">Rob\u00f2tica educativa: Bee-Bots, M-Tiny, Codey Rocky, Dash, Mircrobit i Lego Essential.<\/li>\n<\/ul>\n<ul>\n<li aria-level=\"1\">Impressora amb esc\u00e0ner a la sala de mestres i a direcci\u00f3.<\/li>\n<\/ul>\n<ul>\n<li aria-level=\"1\">Port\u00e0tils a la sala de mestres a disposici\u00f3 de l\u2019equip docent.<\/li>\n<\/ul>\n<p><b>\u00a0<\/b><\/p>\n","protected":false},"excerpt":{"rendered":"<p>A la nostra escola disposem de diversos dispositius digitals que ens permet portar a terme la nostra tasca docent i desenvolupar la cultura digital dels nostres infants.<br \/>\nEl nostre centre disposa de diferents dispositius digitals. Uns s\u00f3n fixes a cada aula i altres s\u00f3n d\u2019\u00fas com\u00fa&hellip;  <a href=\"https:\/\/agora.xtec.cat\/escolaparcdelguinardo\/edc-estrategia-digital-de-centre-en-preparacio-inici-maig-2022-enllestida-maig-2023\/cultura-digital-2\/serveis-i-recursos-digitals\/\" title=\"Read Serveis i recursos digitals\">Llegeix m\u00e9s\u00bb<\/a><\/p>\n","protected":false},"author":1,"featured_media":0,"parent":6175,"menu_order":0,"comment_status":"closed","ping_status":"closed","template":"page-templates\/side-menu.php","meta":{"_bbp_topic_count":0,"_bbp_reply_count":0,"_bbp_total_topic_count":0,"_bbp_total_reply_count":0,"_bbp_voice_count":0,"_bbp_anonymous_reply_count":0,"_bbp_topic_count_hidden":0,"_bbp_reply_count_hidden":0,"_bbp_forum_subforum_count":0,"footnotes":""},"class_list":["post-6321","page","type-page","status-publish","hentry"],"post_mailing_queue_ids":[],"_links":{"self":[{"href":"https:\/\/agora.xtec.cat\/escolaparcdelguinardo\/wp-json\/wp\/v2\/pages\/6321","targetHints":{"allow":["GET"]}}],"collection":[{"href":"https:\/\/agora.xtec.cat\/escolaparcdelguinardo\/wp-json\/wp\/v2\/pages"}],"about":[{"href":"https:\/\/agora.xtec.cat\/escolaparcdelguinardo\/wp-json\/wp\/v2\/types\/page"}],"author":[{"embeddable":true,"href":"https:\/\/agora.xtec.cat\/escolaparcdelguinardo\/wp-json\/wp\/v2\/users\/1"}],"replies":[{"embeddable":true,"href":"https:\/\/agora.xtec.cat\/escolaparcdelguinardo\/wp-json\/wp\/v2\/comments?post=6321"}],"version-history":[{"count":4,"href":"https:\/\/agora.xtec.cat\/escolaparcdelguinardo\/wp-json\/wp\/v2\/pages\/6321\/revisions"}],"predecessor-version":[{"id":8329,"href":"https:\/\/agora.xtec.cat\/escolaparcdelguinardo\/wp-json\/wp\/v2\/pages\/6321\/revisions\/8329"}],"up":[{"embeddable":true,"href":"https:\/\/agora.xtec.cat\/escolaparcdelguinardo\/wp-json\/wp\/v2\/pages\/6175"}],"wp:attachment":[{"href":"https:\/\/agora.xtec.cat\/escolaparcdelguinardo\/wp-json\/wp\/v2\/media?parent=6321"}],"curies":[{"name":"wp","href":"https:\/\/api.w.org\/{rel}","templated":true}]}}