{"id":6319,"date":"2023-06-06T14:08:03","date_gmt":"2023-06-06T12:08:03","guid":{"rendered":"https:\/\/agora.xtec.cat\/escolaparcdelguinardo\/?page_id=6319"},"modified":"2023-06-06T14:41:43","modified_gmt":"2023-06-06T12:41:43","slug":"documentacio","status":"publish","type":"page","link":"https:\/\/agora.xtec.cat\/escolaparcdelguinardo\/edc-estrategia-digital-de-centre-en-preparacio-inici-maig-2022-enllestida-maig-2023\/cultura-digital-2\/documentacio\/","title":{"rendered":"Documentaci\u00f3"},"content":{"rendered":"<p>Els documents oficials, com ara, el PEC, NOFC, PC, el PAC, entre d\u2019altres, com tamb\u00e9 altres documents que comporten privacitat del nostre alumnat (horaris, assist\u00e8ncia, informes d\u2019avaluaci\u00f3, etc\u2026), son classificats i ordenats en arxius compartits.\u00a0Gr\u00e0cies a aquesta manera d\u2019organitzar, cada grup opta a la informaci\u00f3 i documents que requereixen de forma exclusiva, fet pel qual es pot controlar qui ha tingut acc\u00e9s a la informaci\u00f3 i amb la seguretat de que tot l\u2019equip docent estar\u00e0 al corrent de les noves situacions que es puguin esdevenir del dia a dia en l\u2019escola i en relaci\u00f3 amb tota la comunitat educativa, sempre vetllant per la intimitat i salvaguardant la integritat dels infants i la pol\u00edtica del centre.<\/p>\n<div class=\"addtoany_share_save_container addtoany_content addtoany_content_bottom\">\n<div class=\"a2a_kit a2a_kit_size_32 addtoany_list\" data-a2a-url=\"https:\/\/agora.xtec.cat\/escolaparcdelguinardo\/edc-estrategia-digital-de-centre-en-preparacio-inici-maig-2022-enllestida-maig-2023\/cultura-digital-2\/\" data-a2a-title=\"CULTURA DIGITAL\"><\/div>\n<\/div>\n","protected":false},"excerpt":{"rendered":"<p>Els documents oficials, com ara, el PEC, NOFC, PC, el PAC, entre d\u2019altres, com tamb\u00e9 altres documents que comporten privacitat del nostre alumnat (horaris, assist\u00e8ncia, informes d\u2019avaluaci\u00f3, etc\u2026), son classificats i ordenats en arxius compartits.\u00a0Gr\u00e0cies a aquesta manera d\u2019organitzar, cada grup opta a la informaci\u00f3&hellip;  <a href=\"https:\/\/agora.xtec.cat\/escolaparcdelguinardo\/edc-estrategia-digital-de-centre-en-preparacio-inici-maig-2022-enllestida-maig-2023\/cultura-digital-2\/documentacio\/\" title=\"Read Documentaci\u00f3\">Llegeix m\u00e9s\u00bb<\/a><\/p>\n","protected":false},"author":1,"featured_media":0,"parent":6175,"menu_order":0,"comment_status":"closed","ping_status":"closed","template":"page-templates\/side-menu.php","meta":{"_bbp_topic_count":0,"_bbp_reply_count":0,"_bbp_total_topic_count":0,"_bbp_total_reply_count":0,"_bbp_voice_count":0,"_bbp_anonymous_reply_count":0,"_bbp_topic_count_hidden":0,"_bbp_reply_count_hidden":0,"_bbp_forum_subforum_count":0,"footnotes":""},"class_list":["post-6319","page","type-page","status-publish","hentry"],"post_mailing_queue_ids":[],"_links":{"self":[{"href":"https:\/\/agora.xtec.cat\/escolaparcdelguinardo\/wp-json\/wp\/v2\/pages\/6319","targetHints":{"allow":["GET"]}}],"collection":[{"href":"https:\/\/agora.xtec.cat\/escolaparcdelguinardo\/wp-json\/wp\/v2\/pages"}],"about":[{"href":"https:\/\/agora.xtec.cat\/escolaparcdelguinardo\/wp-json\/wp\/v2\/types\/page"}],"author":[{"embeddable":true,"href":"https:\/\/agora.xtec.cat\/escolaparcdelguinardo\/wp-json\/wp\/v2\/users\/1"}],"replies":[{"embeddable":true,"href":"https:\/\/agora.xtec.cat\/escolaparcdelguinardo\/wp-json\/wp\/v2\/comments?post=6319"}],"version-history":[{"count":2,"href":"https:\/\/agora.xtec.cat\/escolaparcdelguinardo\/wp-json\/wp\/v2\/pages\/6319\/revisions"}],"predecessor-version":[{"id":6348,"href":"https:\/\/agora.xtec.cat\/escolaparcdelguinardo\/wp-json\/wp\/v2\/pages\/6319\/revisions\/6348"}],"up":[{"embeddable":true,"href":"https:\/\/agora.xtec.cat\/escolaparcdelguinardo\/wp-json\/wp\/v2\/pages\/6175"}],"wp:attachment":[{"href":"https:\/\/agora.xtec.cat\/escolaparcdelguinardo\/wp-json\/wp\/v2\/media?parent=6319"}],"curies":[{"name":"wp","href":"https:\/\/api.w.org\/{rel}","templated":true}]}}