{"id":579,"date":"2016-04-12T12:49:01","date_gmt":"2016-04-12T11:49:01","guid":{"rendered":"http:\/\/agora.xtec.cat\/escolaparcdelguinardo\/?page_id=579"},"modified":"2025-09-18T17:55:33","modified_gmt":"2025-09-18T15:55:33","slug":"canals-de-comunicacio","status":"publish","type":"page","link":"https:\/\/agora.xtec.cat\/escolaparcdelguinardo\/familia-escola\/canals-de-comunicacio\/","title":{"rendered":"Canals de comunicaci\u00f3"},"content":{"rendered":"<h5>L\u2019escola contempla uns canals de comunicaci\u00f3 amb les fam\u00edlies.<\/h5>\n<p><strong>Aplicaci\u00f3\u00a0<span class=\"hiddenSpellError\">Tellfy<\/span><\/strong><\/p>\n<p>Des de comen\u00e7aments d&#8217;any hem implementat aquest canal de comunicaci\u00f3 amb la Comunitat Educativa de l&#8217;escola. Es tracta d&#8217;una aplicaci\u00f3 que es descarrega\u00a0gratu\u00eftament\u00a0al m\u00f2bil i ens permet comunicar-nos amb total seguretat i privadesa.<br \/>\nEnviem informaci\u00f3 general del centre, fotos, convoquem esdeveniments i\u00a0 autoritzacions per a diferents activitats de l&#8217;escola i tamb\u00e9 les espec\u00edfiques de cada grup classe. En entrar en un grup de <span class=\"hiddenSpellError\">Tellfy<\/span> tindr\u00e0s acc\u00e9s a totes les comunicacions publicades anteriorment.<\/p>\n<p><strong>La figura del tutor\/a. <\/strong><\/p>\n<p>La figura del tutor\/a \u00e9s la persona de refer\u00e8ncia tant pels vostres fills\/es com per a vosaltres. \u00c9s a qui heu de rec\u00f3rrer per qualsevol dubte, problema, consulta, etc. perqu\u00e8 \u00e9s ell\/a qui est\u00e0 al corrent del que passa en tot moment a l\u2019aula.<\/p>\n<p><strong>Reunions informatives per nivells i entrevistes.<\/strong><\/p>\n<p>A principis de curs es realitza una reuni\u00f3 amb les fam\u00edlies de cada grup-classe amb una pr\u00e8via presentaci\u00f3 de tots els mestres de l&#8217;escola i dels objectius proposats pel nou curs per part de l\u2019Equip Directiu. Cada classe escull un pare o mare responsable de la comunicaci\u00f3 entre l\u2019 escola, l\u2019AMPA i les altres fam\u00edlies de la classe, \u00e9s la figura de l\u2019 enlla\u00e7. Aquest enlla\u00e7 s\u2019ha d\u2019escollir a les reunions de principi de curs. Hi ha tamb\u00e9 un coordinador\/a d\u2019enlla\u00e7os per fer m\u00e9s \u00e0gils aquestes comunicacions.<\/p>\n<p>Cada tutor o tutora t\u00e9 assignada una hora per atendre a les fam\u00edlies. Les entrevistes poden ser sol\u00b7licitades per qualsevol de les dues parts (fam\u00edlia o escola) mitjan\u00e7ant un correu o una nota escrita a l\u2019agenda escolar. La tutora ser\u00e0 qui convoqui l&#8217;entrevista un cop prioritzades les necessitats del grup classe. Aquestes entrevistes s\u00f3n necess\u00e0ries per a un bon seguiment de \u00a0l\u2019evoluci\u00f3 dels nens i nenes i sempre \u00e9s millor l\u2019assist\u00e8ncia del pare i la mare o tutors.<\/p>\n<p>&nbsp;<\/p>\n","protected":false},"excerpt":{"rendered":"<p>L\u2019escola contempla uns canals de comunicaci\u00f3 amb les fam\u00edlies.<br \/>\nAplicaci\u00f3\u00a0Tellfy<br \/>\nDes de comen\u00e7aments d&#8217;any hem implementat aquest canal de comunicaci\u00f3 amb la Comunitat Educativa de l&#8217;escola. Es tracta d&#8217;una aplicaci\u00f3 que es descarrega\u00a0gratu\u00eftament\u00a0al m\u00f2bil i ens permet comunicar-nos amb total seguretat i privadesa.<br \/>\nEnviem informaci\u00f3 general del centre,&hellip;  <a href=\"https:\/\/agora.xtec.cat\/escolaparcdelguinardo\/familia-escola\/canals-de-comunicacio\/\" title=\"Read Canals de comunicaci\u00f3\">Llegeix m\u00e9s\u00bb<\/a><\/p>\n","protected":false},"author":1,"featured_media":0,"parent":577,"menu_order":0,"comment_status":"closed","ping_status":"closed","template":"","meta":{"_bbp_topic_count":0,"_bbp_reply_count":0,"_bbp_total_topic_count":0,"_bbp_total_reply_count":0,"_bbp_voice_count":0,"_bbp_anonymous_reply_count":0,"_bbp_topic_count_hidden":0,"_bbp_reply_count_hidden":0,"_bbp_forum_subforum_count":0,"footnotes":""},"class_list":["post-579","page","type-page","status-publish","hentry"],"post_mailing_queue_ids":[],"_links":{"self":[{"href":"https:\/\/agora.xtec.cat\/escolaparcdelguinardo\/wp-json\/wp\/v2\/pages\/579","targetHints":{"allow":["GET"]}}],"collection":[{"href":"https:\/\/agora.xtec.cat\/escolaparcdelguinardo\/wp-json\/wp\/v2\/pages"}],"about":[{"href":"https:\/\/agora.xtec.cat\/escolaparcdelguinardo\/wp-json\/wp\/v2\/types\/page"}],"author":[{"embeddable":true,"href":"https:\/\/agora.xtec.cat\/escolaparcdelguinardo\/wp-json\/wp\/v2\/users\/1"}],"replies":[{"embeddable":true,"href":"https:\/\/agora.xtec.cat\/escolaparcdelguinardo\/wp-json\/wp\/v2\/comments?post=579"}],"version-history":[{"count":4,"href":"https:\/\/agora.xtec.cat\/escolaparcdelguinardo\/wp-json\/wp\/v2\/pages\/579\/revisions"}],"predecessor-version":[{"id":8434,"href":"https:\/\/agora.xtec.cat\/escolaparcdelguinardo\/wp-json\/wp\/v2\/pages\/579\/revisions\/8434"}],"up":[{"embeddable":true,"href":"https:\/\/agora.xtec.cat\/escolaparcdelguinardo\/wp-json\/wp\/v2\/pages\/577"}],"wp:attachment":[{"href":"https:\/\/agora.xtec.cat\/escolaparcdelguinardo\/wp-json\/wp\/v2\/media?parent=579"}],"curies":[{"name":"wp","href":"https:\/\/api.w.org\/{rel}","templated":true}]}}