{"id":567,"date":"2016-04-12T12:47:26","date_gmt":"2016-04-12T11:47:26","guid":{"rendered":"http:\/\/agora.xtec.cat\/escolaparcdelguinardo\/?page_id=567"},"modified":"2025-09-25T12:58:47","modified_gmt":"2025-09-25T10:58:47","slug":"personal-de-temps-de-migdia","status":"publish","type":"page","link":"https:\/\/agora.xtec.cat\/escolaparcdelguinardo\/temps-de-migdia\/personal-de-temps-de-migdia\/","title":{"rendered":"Personal de migdia"},"content":{"rendered":"<p><span lang=\"CA\"><b><span style=\"color: #800000;\">Personal de cuina:<\/span> <\/b><b>\u00a0\u00a0\u00a0<\/b>\u00a0\u00a0\u00a0\u00a0 Loli Rodr\u00edguez<\/span><span lang=\"CA\">, Lolita Rodr\u00edguez, Rosa Cant\u00f3n i <\/span>M\u00aa Angeles S\u00e1nchez.<\/p>\n<p><span style=\"color: #800080;\"><b><span lang=\"CA\">Equip de monitors:<\/span><\/b><\/span><span lang=\"CA\"><span style=\"color: #800080;\">\u00a0\u00a0<\/span>\u00a0\u00a0\u00a0 <\/span><\/p>\n<p><span lang=\"CA\"><strong><span style=\"color: #008000;\">Coordinaci\u00f3:<\/span><\/strong> \u00a0 <strong>Esther Costoso\u00a0<\/strong><br \/>\n<\/span><\/p>\n<p><strong><span style=\"color: #008000;\">Monitors:<\/span><\/strong><\/p>\n<table style=\"height: 155px; width: 861px;\" width=\"413\">\n<tbody>\n<tr>\n<td style=\"width: 306.667px; text-align: left;\">\n<h5><span style=\"font-size: 16px;\"><strong>I3: Iria i Laia<\/strong><\/span><\/h5>\n<h5><span style=\"font-size: 16px;\"><strong>I4:<\/strong> Merche<\/span><\/h5>\n<h5><span style=\"font-size: 16px;\"><strong>I5: Jana\u00a0<\/strong><\/span><\/h5>\n<h5>Refor\u00e7: Iulia<\/h5>\n<\/td>\n<td style=\"width: 290px; text-align: left;\">\n<h5><span style=\"font-size: 16px;\"><strong>1r: <\/strong><\/span><span style=\"font-size: 16px;\">Mireia<\/span><\/h5>\n<h5><span style=\"font-size: 16px;\"><strong>2n: <\/strong><\/span><span style=\"font-size: 16px;\">Albert\u00a0<\/span><\/h5>\n<h5><span style=\"font-family: inherit; font-size: 1em;\"><strong>3r: Xavi<\/strong><\/span><\/h5>\n<\/td>\n<td style=\"width: 256.667px; text-align: left;\">\n<h5><span style=\"font-size: 16px;\">\u00a0<strong>4t:<\/strong> Aina<\/span><\/h5>\n<h5><strong><span style=\"font-family: inherit; font-size: 1em;\">\u00a05\u00e8: <\/span><\/strong>Oriol<\/h5>\n<h5><span style=\"font-family: inherit; font-size: 1em;\"><strong>\u00a06\u00e8: <\/strong><\/span><span style=\"font-family: inherit; font-size: 1em;\">Eva<\/span><\/h5>\n<\/td>\n<\/tr>\n<\/tbody>\n<\/table>\n<p><span style=\"font-family: inherit; font-size: 1em;\">\u00a0 \u00a0 \u00a0 \u00a0 \u00a0 \u00a0<\/span><\/p>\n<p><span style=\"font-family: inherit; font-size: 1em;\">\u00a0 \u00a0 \u00a0 \u00a0 \u00a0 \u00a0 \u00a0\u00a0<\/span><\/p>\n<p><span style=\"font-family: inherit; font-size: 1em;\">\u00a0 \u00a0 \u00a0 \u00a0 \u00a0 \u00a0 \u00a0 \u00a0 \u00a0 \u00a0 \u00a0 \u00a0 \u00a0<\/span><\/p>\n<p><span style=\"font-family: inherit; font-size: 1em;\">\u00a0 \u00a0 \u00a0 \u00a0 \u00a0 \u00a0 \u00a0 \u00a0 \u00a0 \u00a0 \u00a0 \u00a0 \u00a0 \u00a0 \u00a0 \u00a0 \u00a0 \u00a0 \u00a0 \u00a0 \u00a0 \u00a0 \u00a0 \u00a0 \u00a0 \u00a0 \u00a0 \u00a0 \u00a0 \u00a0 \u00a0 \u00a0 \u00a0 \u00a0 \u00a0 \u00a0<\/span><\/p>\n<p>&nbsp;<\/p>\n<p>&nbsp;<\/p>\n","protected":false},"excerpt":{"rendered":"<p>Personal de cuina: \u00a0\u00a0\u00a0\u00a0\u00a0\u00a0\u00a0 Loli Rodr\u00edguez, Lolita Rodr\u00edguez, Rosa Cant\u00f3n i M\u00aa Angeles S\u00e1nchez.<br \/>\nEquip de monitors:\u00a0\u00a0\u00a0\u00a0\u00a0<br \/>\nCoordinaci\u00f3: \u00a0 Esther Costoso\u00a0<\/p>\n<p>Monitors:<\/p>\n<p>I3: Iria i Laia<br \/>\nI4: Merche<br \/>\nI5: Jana\u00a0<br \/>\nRefor\u00e7: Iulia<\/p>\n<p>1r: Mireia<br \/>\n2n: Albert\u00a0<br \/>\n3r: Xavi<\/p>\n<p>\u00a04t: Aina<br \/>\n\u00a05\u00e8: Oriol<br \/>\n\u00a06\u00e8: Eva<\/p>\n<p>\u00a0 \u00a0 \u00a0 \u00a0 \u00a0 \u00a0<br \/>\n\u00a0 \u00a0 \u00a0 \u00a0 \u00a0 \u00a0 \u00a0\u00a0<br \/>\n\u00a0 \u00a0 \u00a0&hellip;  <a href=\"https:\/\/agora.xtec.cat\/escolaparcdelguinardo\/temps-de-migdia\/personal-de-temps-de-migdia\/\" title=\"Read Personal de migdia\">Llegeix m\u00e9s\u00bb<\/a><\/p>\n","protected":false},"author":1,"featured_media":0,"parent":565,"menu_order":0,"comment_status":"closed","ping_status":"closed","template":"","meta":{"_bbp_topic_count":0,"_bbp_reply_count":0,"_bbp_total_topic_count":0,"_bbp_total_reply_count":0,"_bbp_voice_count":0,"_bbp_anonymous_reply_count":0,"_bbp_topic_count_hidden":0,"_bbp_reply_count_hidden":0,"_bbp_forum_subforum_count":0,"footnotes":""},"class_list":["post-567","page","type-page","status-publish","hentry"],"post_mailing_queue_ids":[],"_links":{"self":[{"href":"https:\/\/agora.xtec.cat\/escolaparcdelguinardo\/wp-json\/wp\/v2\/pages\/567","targetHints":{"allow":["GET"]}}],"collection":[{"href":"https:\/\/agora.xtec.cat\/escolaparcdelguinardo\/wp-json\/wp\/v2\/pages"}],"about":[{"href":"https:\/\/agora.xtec.cat\/escolaparcdelguinardo\/wp-json\/wp\/v2\/types\/page"}],"author":[{"embeddable":true,"href":"https:\/\/agora.xtec.cat\/escolaparcdelguinardo\/wp-json\/wp\/v2\/users\/1"}],"replies":[{"embeddable":true,"href":"https:\/\/agora.xtec.cat\/escolaparcdelguinardo\/wp-json\/wp\/v2\/comments?post=567"}],"version-history":[{"count":6,"href":"https:\/\/agora.xtec.cat\/escolaparcdelguinardo\/wp-json\/wp\/v2\/pages\/567\/revisions"}],"predecessor-version":[{"id":8440,"href":"https:\/\/agora.xtec.cat\/escolaparcdelguinardo\/wp-json\/wp\/v2\/pages\/567\/revisions\/8440"}],"up":[{"embeddable":true,"href":"https:\/\/agora.xtec.cat\/escolaparcdelguinardo\/wp-json\/wp\/v2\/pages\/565"}],"wp:attachment":[{"href":"https:\/\/agora.xtec.cat\/escolaparcdelguinardo\/wp-json\/wp\/v2\/media?parent=567"}],"curies":[{"name":"wp","href":"https:\/\/api.w.org\/{rel}","templated":true}]}}