{"id":555,"date":"2016-04-12T12:45:58","date_gmt":"2016-04-12T11:45:58","guid":{"rendered":"http:\/\/agora.xtec.cat\/escolaparcdelguinardo\/?page_id=555"},"modified":"2025-09-18T17:41:06","modified_gmt":"2025-09-18T15:41:06","slug":"equip-de-lescola","status":"publish","type":"page","link":"https:\/\/agora.xtec.cat\/escolaparcdelguinardo\/el-curs\/equip-de-lescola\/","title":{"rendered":"Equip de l&#8217;escola"},"content":{"rendered":"<p><span style=\"font-size: medium;\">\u00a0 \u00a0 \u00a0 \u00a0 \u00a0 \u00a0 \u00a0<\/span><\/p>\n<table style=\"width: 79.4528%; height: 504px;\">\n<tbody>\n<tr style=\"height: 10px;\">\n<td style=\"width: 34.9957%; text-align: center; height: 10px;\">\n<h6><span style=\"color: #008000;\"><strong style=\"background-color: #f9f9f9;\">EQUIP DIRECTIU<\/strong><strong><br \/>\n<\/strong><\/span><\/h6>\n<\/td>\n<td style=\"width: 113.535%; text-align: center; height: 10px;\" colspan=\"2\">\n<h6><span style=\"color: #008000;\"><strong style=\"background-color: #f9f9f9;\">ADMINISTRACI\u00d3 I CONSERGERIA<\/strong><strong><br \/>\n<\/strong><\/span><\/h6>\n<\/td>\n<\/tr>\n<tr style=\"height: 155px;\">\n<td style=\"width: 34.9957%; height: 126px;\"><span style=\"color: #339966;\"><strong>Directora <span style=\"color: #000000;\">&#8211;<\/span> <\/strong><\/span><span style=\"color: #000000;\"><strong>Marta Ruiz\u00a0<\/strong><\/span><\/p>\n<p><span style=\"color: #000000;\"><strong><span style=\"color: #339966;\">Cap d\u2019estudis<\/span> &#8211; Valeria Villar\u00a0<\/strong><\/span><\/p>\n<p><span style=\"color: #000000;\"><strong><span style=\"color: #339966;\">Secret\u00e0ria acad\u00e8mica <span style=\"color: #000000;\">&#8211; <\/span><\/span>Laia Arqu\u00e9s<\/strong><\/span><\/td>\n<td style=\"height: 126px; width: 113.535%;\" colspan=\"2\"><span style=\"color: #000000;\"><strong><span style=\"color: #339966;\">Administratiu <span style=\"color: #000000;\">&#8211;<\/span><\/span> Albert Pe\u00f1a<\/strong><\/span><\/p>\n<p><span style=\"color: #000000;\"><strong><span style=\"color: #339966;\">Conserge <span style=\"color: #000000;\">&#8211;<\/span><\/span><span style=\"color: #000000;\">\u00a0<\/span>\u00c1ngel G\u00e1zquez<\/strong><\/span><\/td>\n<\/tr>\n<tr style=\"height: 10px;\">\n<td style=\"width: 34.9957%; height: 10px;\">\n<h6 style=\"text-align: center;\"><span style=\"color: #008000;\"><strong>EDUCACI\u00d3 INFANTIL<br \/>\n<\/strong><\/span><\/h6>\n<\/td>\n<td style=\"height: 10px; width: 113.535%;\" colspan=\"2\">\n<h6 style=\"text-align: center;\"><span style=\"color: #008000;\"><strong>EDUCACI\u00d3 PRIM\u00c0RIA<br \/>\n<\/strong><\/span><\/h6>\n<\/td>\n<\/tr>\n<tr style=\"height: 18px;\">\n<td style=\"width: 34.9957%; height: 10px;\">\n<h6 style=\"text-align: center;\"><span style=\"color: #008000;\"><strong>Cicle de Petits<\/strong><\/span><\/h6>\n<\/td>\n<td style=\"width: 34.7111%; height: 10px;\">\n<h6 style=\"text-align: center;\"><span style=\"color: #008000;\"><strong>Cicle de Mitjans<br \/>\n<\/strong><\/span><\/h6>\n<\/td>\n<td style=\"width: 78.8243%; height: 10px;\">\n<h6 style=\"text-align: center;\"><span style=\"color: #008000;\"><strong>Cicle de Grans<br \/>\n<\/strong><\/span><\/h6>\n<\/td>\n<\/tr>\n<tr style=\"height: 183px;\">\n<td style=\"width: 34.9957%; height: 149px;\"><span style=\"color: #000000;\"><strong><span style=\"color: #339966;\">I3<\/span> &#8211;\u00a0 Andrea Moreno \/ Sandra Susany<\/strong><\/span><\/p>\n<p><span style=\"color: #000000;\"><strong><span style=\"color: #339966;\">I4<\/span> &#8211;\u00a0 Cira Diakhaby<\/strong><\/span><\/p>\n<p><span style=\"color: #000000;\"><strong><span style=\"color: #339966;\">I5<\/span> &#8211;\u00a0 L\u00eddia Bigas<\/strong><\/span><\/p>\n<p><span style=\"color: #000000;\"><strong><span style=\"color: #339966;\">4ta<\/span> &#8211; Eul\u00e0lia Barcel\u00f3<\/strong><\/span><\/p>\n<p><span style=\"color: #000000;\"><strong><span style=\"color: #339966;\">TEI<\/span> &#8211; Paqui Mar\u00edn<\/strong><\/span><\/td>\n<td style=\"width: 34.7111%; height: 149px;\"><span style=\"color: #000000;\"><strong><span style=\"color: #339966;\">1r<\/span> &#8211; Lara Chumillas\u00a0<\/strong><\/span><\/p>\n<p><span style=\"color: #000000;\"><strong><span style=\"color: #339966;\">2n <\/span>&#8211; Maite Galef\u00a0<\/strong><\/span><\/p>\n<p><span style=\"color: #000000;\"><strong><span style=\"color: #339966;\">3r<\/span> &#8211; Iris L\u00f3pez<\/strong><\/span><\/p>\n<p>&nbsp;<\/td>\n<td style=\"width: 78.8243%; height: 149px;\">\n<p style=\"text-align: justify;\"><span style=\"color: #000000;\"><strong><span style=\"color: #339966;\">4rt<\/span> &#8211; Esther Luis<\/strong><\/span><\/p>\n<p style=\"text-align: justify;\"><span style=\"color: #000000;\"><strong><span style=\"color: #339966;\">5\u00e8<\/span> &#8211;\u00a0 Mireia Crespo<\/strong><\/span><\/p>\n<p style=\"text-align: justify;\"><span style=\"color: #000000;\"><strong><span style=\"color: #339966;\">6\u00e8<\/span> &#8211; Laia Arqu\u00e9s<\/strong><\/span><\/p>\n<\/td>\n<\/tr>\n<tr style=\"height: 23px;\">\n<td style=\"width: 148.531%; height: 10px; text-align: center; vertical-align: middle;\" colspan=\"3\"><span style=\"color: #000000;\"><span style=\"color: #008000;\"><strong style=\"background-color: #f9f9f9;\">MESTRES ESPECIALISTES<\/strong><\/span><strong><br \/>\n<\/strong><\/span><\/td>\n<\/tr>\n<tr style=\"height: 313px;\">\n<td style=\"height: 189px; width: 148.531%;\" colspan=\"3\"><span style=\"color: #000000;\"><strong><span style=\"color: #339966;\">Angl\u00e8s<\/span> &#8211; Maria Bernat<\/strong><\/span><\/p>\n<p><span style=\"color: #000000;\"><strong><span style=\"color: #339966;\">M\u00fasica<\/span> &#8211;\u00a0 Laia Garc\u00eda\u00a0<\/strong><\/span><\/p>\n<p><strong><span style=\"color: #339966;\">Pl\u00e0stica i\u00a0 entorn<\/span> <\/strong>&#8211; <strong>Esther P\u00e9rez\u00a0<\/strong><\/p>\n<p><span style=\"color: #000000;\"><strong><span style=\"color: #339966;\">Educaci\u00f3 F\u00edsica i expressi\u00f3<\/span> &#8211;\u00a0 Adri\u00e0 Cabrerizo\u00a0<\/strong><\/span><\/p>\n<p><span style=\"color: #000000;\"><span style=\"color: #339966;\"><b>Atenci\u00f3 a la diversitat<\/b><\/span><b style=\"color: #000000;\">\u00a0&#8211;\u00a0 Daniel Olmedillas\u00a0<\/b><\/span><\/p>\n<p><span style=\"color: #000000;\"><span style=\"color: #339966;\"><b>Aula d&#8217;acollida <\/b><\/span><b style=\"color: #000000;\">&#8211;\u00a0 Elisabeth Akbarkhanzadeh\u00a0<\/b><\/span><\/p>\n<p><span style=\"color: #000000;\"><span style=\"color: #339966;\"><b>Suport i acompanyament proc\u00e9s lector <\/b><\/span><b style=\"color: #000000;\">&#8211;\u00a0 Loida Campmany\/Anna Sagrist\u00e0<\/b><\/span><\/p>\n<p><span style=\"color: #000000;\"><strong><span style=\"color: #339966;\">Suport intensiu <\/span><span style=\"color: #000000;\">&#8211;\u00a0 Anna Bass\u00f3<\/span><\/strong><\/span><\/p>\n<p><span style=\"color: #000000;\"><strong><span style=\"color: #339966;\">Psicopedagoga de l&#8217;EAP<\/span>&#8211;\u00a0 Nati Ruiz<\/strong><\/span><\/p>\n<p><span style=\"color: #000000;\"><strong><span style=\"color: #339966;\">Referent logop\u00e8dia <\/span>&#8211; N\u00faria Carb\u00f3<\/strong><\/span><\/td>\n<\/tr>\n<\/tbody>\n<\/table>\n<p><span style=\"font-size: medium;\"><br \/>\n<\/span><span style=\"font-size: medium;\"><span style=\"font-size: medium;\">\u00a0\u00a0\u00a0\u00a0\u00a0\u00a0\u00a0\u00a0\u00a0\u00a0\u00a0\u00a0\u00a0\u00a0\u00a0\u00a0\u00a0\u00a0\u00a0\u00a0\u00a0\u00a0\u00a0\u00a0\u00a0\u00a0\u00a0\u00a0\u00a0\u00a0 \u00a0 \u00a0\u00a0\u00a0\u00a0\u00a0\u00a0\u00a0\u00a0\u00a0\u00a0\u00a0\u00a0\u00a0\u00a0\u00a0\u00a0\u00a0\u00a0\u00a0\u00a0\u00a0\u00a0\u00a0\u00a0\u00a0\u00a0\u00a0\u00a0\u00a0\u00a0\u00a0\u00a0\u00a0\u00a0\u00a0\u00a0\u00a0\u00a0\u00a0\u00a0\u00a0\u00a0\u00a0\u00a0\u00a0\u00a0\u00a0\u00a0\u00a0\u00a0\u00a0\u00a0\u00a0\u00a0\u00a0\u00a0\u00a0\u00a0\u00a0\u00a0\u00a0\u00a0\u00a0\u00a0\u00a0\u00a0\u00a0\u00a0 \u00a0 \u00a0\u00a0 \u00a0\u00a0 <\/span><br \/>\n<\/span><\/p>\n","protected":false},"excerpt":{"rendered":"<p>\u00a0 \u00a0 \u00a0 \u00a0 \u00a0 \u00a0 \u00a0<\/p>\n<p>EQUIP DIRECTIU<\/p>\n<p>ADMINISTRACI\u00d3 I CONSERGERIA<\/p>\n<p>Directora &#8211; Marta Ruiz\u00a0<br \/>\nCap d\u2019estudis &#8211; Valeria Villar\u00a0<br \/>\nSecret\u00e0ria acad\u00e8mica &#8211; Laia Arqu\u00e9s<br \/>\nAdministratiu &#8211; Albert Pe\u00f1a<br \/>\nConserge &#8211;\u00a0\u00c1ngel G\u00e1zquez<\/p>\n<p>EDUCACI\u00d3 INFANTIL<\/p>\n<p>EDUCACI\u00d3 PRIM\u00c0RIA<\/p>\n<p>Cicle de Petits<\/p>\n<p>Cicle de Mitjans<\/p>\n<p>Cicle de Grans<\/p>\n<p>I3 &#8211;\u00a0 Andrea Moreno \/ Sandra Susany<br \/>\nI4 &#8211;\u00a0 Cira Diakhaby<br \/>\nI5 &#8211;\u00a0 L\u00eddia&hellip;  <a href=\"https:\/\/agora.xtec.cat\/escolaparcdelguinardo\/el-curs\/equip-de-lescola\/\" title=\"Read Equip de l&#8217;escola\">Llegeix m\u00e9s\u00bb<\/a><\/p>\n","protected":false},"author":1,"featured_media":0,"parent":551,"menu_order":0,"comment_status":"closed","ping_status":"closed","template":"","meta":{"_bbp_topic_count":0,"_bbp_reply_count":0,"_bbp_total_topic_count":0,"_bbp_total_reply_count":0,"_bbp_voice_count":0,"_bbp_anonymous_reply_count":0,"_bbp_topic_count_hidden":0,"_bbp_reply_count_hidden":0,"_bbp_forum_subforum_count":0,"footnotes":""},"class_list":["post-555","page","type-page","status-publish","hentry"],"post_mailing_queue_ids":[],"_links":{"self":[{"href":"https:\/\/agora.xtec.cat\/escolaparcdelguinardo\/wp-json\/wp\/v2\/pages\/555","targetHints":{"allow":["GET"]}}],"collection":[{"href":"https:\/\/agora.xtec.cat\/escolaparcdelguinardo\/wp-json\/wp\/v2\/pages"}],"about":[{"href":"https:\/\/agora.xtec.cat\/escolaparcdelguinardo\/wp-json\/wp\/v2\/types\/page"}],"author":[{"embeddable":true,"href":"https:\/\/agora.xtec.cat\/escolaparcdelguinardo\/wp-json\/wp\/v2\/users\/1"}],"replies":[{"embeddable":true,"href":"https:\/\/agora.xtec.cat\/escolaparcdelguinardo\/wp-json\/wp\/v2\/comments?post=555"}],"version-history":[{"count":6,"href":"https:\/\/agora.xtec.cat\/escolaparcdelguinardo\/wp-json\/wp\/v2\/pages\/555\/revisions"}],"predecessor-version":[{"id":8430,"href":"https:\/\/agora.xtec.cat\/escolaparcdelguinardo\/wp-json\/wp\/v2\/pages\/555\/revisions\/8430"}],"up":[{"embeddable":true,"href":"https:\/\/agora.xtec.cat\/escolaparcdelguinardo\/wp-json\/wp\/v2\/pages\/551"}],"wp:attachment":[{"href":"https:\/\/agora.xtec.cat\/escolaparcdelguinardo\/wp-json\/wp\/v2\/media?parent=555"}],"curies":[{"name":"wp","href":"https:\/\/api.w.org\/{rel}","templated":true}]}}