{"id":537,"date":"2016-04-12T12:42:53","date_gmt":"2016-04-12T11:42:53","guid":{"rendered":"http:\/\/agora.xtec.cat\/escolaparcdelguinardo\/?page_id=537"},"modified":"2025-02-05T10:47:31","modified_gmt":"2025-02-05T09:47:31","slug":"instal%c2%b7lacions","status":"publish","type":"page","link":"https:\/\/agora.xtec.cat\/escolaparcdelguinardo\/lescola\/instal%c2%b7lacions\/","title":{"rendered":"Instal\u00b7lacions"},"content":{"rendered":"<p data-pm-slice=\"1 1 []\">La nostra escola \u00e9s una escola integrada al mig del parc i consta de diferents pavellons on s&#8217;ubiquen les diferents aules.<\/p>\n<p>Comptem amb aules especialitzades de m\u00fasica, angl\u00e8s, biblioteca, pl\u00e0stica i una petita aula polivalent. Tamb\u00e9 disposem d&#8217;un gimn\u00e0s cobert, d&#8217;una pista, d&#8217;un sorral i d&#8217;una terrassa. A banda tenim la gran sort de disposar d&#8217;una \u00e0mplia zona de bosc, on hi trobem un tobogan.<\/p>\n<p>&nbsp;<\/p>\n<p>&nbsp;<\/p>\n<h2 style=\"text-align: center;\"><\/h2>\n<h2><\/h2>\n","protected":false},"excerpt":{"rendered":"<p>La nostra escola \u00e9s una escola integrada al mig del parc i consta de diferents pavellons on s&#8217;ubiquen les diferents aules.<br \/>\nComptem amb aules especialitzades de m\u00fasica, angl\u00e8s, biblioteca, pl\u00e0stica i una petita aula polivalent. Tamb\u00e9 disposem d&#8217;un gimn\u00e0s cobert, d&#8217;una pista, d&#8217;un sorral i d&#8217;una&hellip;  <a href=\"https:\/\/agora.xtec.cat\/escolaparcdelguinardo\/lescola\/instal%c2%b7lacions\/\" title=\"Read Instal\u00b7lacions\">Llegeix m\u00e9s\u00bb<\/a><\/p>\n","protected":false},"author":1,"featured_media":0,"parent":529,"menu_order":0,"comment_status":"closed","ping_status":"closed","template":"","meta":{"_bbp_topic_count":0,"_bbp_reply_count":0,"_bbp_total_topic_count":0,"_bbp_total_reply_count":0,"_bbp_voice_count":0,"_bbp_anonymous_reply_count":0,"_bbp_topic_count_hidden":0,"_bbp_reply_count_hidden":0,"_bbp_forum_subforum_count":0,"footnotes":""},"class_list":["post-537","page","type-page","status-publish","hentry"],"post_mailing_queue_ids":[],"_links":{"self":[{"href":"https:\/\/agora.xtec.cat\/escolaparcdelguinardo\/wp-json\/wp\/v2\/pages\/537","targetHints":{"allow":["GET"]}}],"collection":[{"href":"https:\/\/agora.xtec.cat\/escolaparcdelguinardo\/wp-json\/wp\/v2\/pages"}],"about":[{"href":"https:\/\/agora.xtec.cat\/escolaparcdelguinardo\/wp-json\/wp\/v2\/types\/page"}],"author":[{"embeddable":true,"href":"https:\/\/agora.xtec.cat\/escolaparcdelguinardo\/wp-json\/wp\/v2\/users\/1"}],"replies":[{"embeddable":true,"href":"https:\/\/agora.xtec.cat\/escolaparcdelguinardo\/wp-json\/wp\/v2\/comments?post=537"}],"version-history":[{"count":5,"href":"https:\/\/agora.xtec.cat\/escolaparcdelguinardo\/wp-json\/wp\/v2\/pages\/537\/revisions"}],"predecessor-version":[{"id":7926,"href":"https:\/\/agora.xtec.cat\/escolaparcdelguinardo\/wp-json\/wp\/v2\/pages\/537\/revisions\/7926"}],"up":[{"embeddable":true,"href":"https:\/\/agora.xtec.cat\/escolaparcdelguinardo\/wp-json\/wp\/v2\/pages\/529"}],"wp:attachment":[{"href":"https:\/\/agora.xtec.cat\/escolaparcdelguinardo\/wp-json\/wp\/v2\/media?parent=537"}],"curies":[{"name":"wp","href":"https:\/\/api.w.org\/{rel}","templated":true}]}}