{"id":4955,"date":"2022-04-27T14:15:20","date_gmt":"2022-04-27T12:15:20","guid":{"rendered":"https:\/\/agora.xtec.cat\/escolaparcdelguinardo\/?page_id=4955"},"modified":"2025-05-14T08:55:54","modified_gmt":"2025-05-14T06:55:54","slug":"edc-estrategia-digital-de-centre-en-preparacio-inici-maig-2022-enllestida-maig-2023","status":"publish","type":"page","link":"https:\/\/agora.xtec.cat\/escolaparcdelguinardo\/edc-estrategia-digital-de-centre-en-preparacio-inici-maig-2022-enllestida-maig-2023\/","title":{"rendered":"ESTRAT\u00c8GIA DIGITAL DE CENTRE"},"content":{"rendered":"<p><strong>&#8220;En preparaci\u00f3&#8221;<\/strong><\/p>\n<p>L&#8217;EDC defineix i concreta les l\u00ednies d&#8217;actuaci\u00f3 d&#8217;un centre que fan possible que docents, alumnat i centre assoleixin la compet\u00e8ncia digital. <span style=\"font-family: inherit; font-size: 1em;\">Per aconseguir aquesta compet\u00e8ncia digital, l&#8217;EDC compr\u00e8n tots els \u00e0mbits del centre: organitzatius, metodol\u00f2gics, curriculars i comunicatius des d\u2019una perspectiva d&#8217;innovaci\u00f3 i de millora cont\u00ednua.<\/span><\/p>\n\r\n\t<div class=\"slideshow_container slideshow_container_style-light\" style=\"height: 300px; \" data-slideshow-id=\"5198\" data-style-name=\"style-light\" data-style-version=\"2.3.1\" >\r\n\r\n\t\t\t\t\t<div class=\"slideshow_loading_icon\"><\/div>\r\n\t\t\r\n\t\t<div class=\"slideshow_content\" style=\"display: none;\">\r\n\r\n\t\t\t<div class=\"slideshow_view\">\r\n\t<div class=\"slideshow_slide slideshow_slide_video\">\r\n\t\t<div class=\"slideshow_slide_video_id\" style=\"display: none;\" data-show-related-videos=\"0\">uS5UUZIYLPQ<\/div>\r\n\t<\/div>\r\n<div style=\"clear: both;\"><\/div><\/div>\r\n\t\t<\/div>\r\n\r\n\t\t<div class=\"slideshow_controlPanel slideshow_transparent\" style=\"display: none;\"><ul><li class=\"slideshow_togglePlay\" data-play-text=\"Visualitza\" data-pause-text=\"Pausa\"><\/li><\/ul><\/div>\r\n\r\n\t\t<div class=\"slideshow_button slideshow_previous slideshow_transparent\" role=\"button\" data-previous-text=\"Anterior\" style=\"display: none;\"><\/div>\r\n\t\t<div class=\"slideshow_button slideshow_next slideshow_transparent\" role=\"button\" data-next-text=\"Seg\u00fcent\" style=\"display: none;\"><\/div>\r\n\r\n\t\t<div class=\"slideshow_pagination\" style=\"display: none;\" data-go-to-text=\"V\u00e9s a la diapositiva\"><div class=\"slideshow_pagination_center\"><\/div><\/div>\r\n\r\n\t\t<!-- WordPress Slideshow Version 2.3.1 -->\r\n\r\n\t\t\t<\/div>\r\n\r\n\n<ul>\n<li><\/li>\n<\/ul>\n<p><a href=\"https:\/\/agora.xtec.cat\/escolaparcdelguinardo\/edc-estrategia-digital-de-centre-en-preparacio-inici-maig-2022-enllestida-maig-2023\/diagnosi\/\"><img loading=\"lazy\" decoding=\"async\" class=\"size-medium wp-image-6203 alignleft\" src=\"https:\/\/agora.xtec.cat\/escolaparcdelguinardo\/wp-content\/uploads\/usu1096\/2023\/05\/part-estrategica-298x300.jpg\" alt=\"\" width=\"298\" height=\"300\" srcset=\"https:\/\/agora.xtec.cat\/escolaparcdelguinardo\/wp-content\/uploads\/usu1096\/2023\/05\/part-estrategica-298x300.jpg 298w, https:\/\/agora.xtec.cat\/escolaparcdelguinardo\/wp-content\/uploads\/usu1096\/2023\/05\/part-estrategica-150x150.jpg 150w, https:\/\/agora.xtec.cat\/escolaparcdelguinardo\/wp-content\/uploads\/usu1096\/2023\/05\/part-estrategica.jpg 327w\" sizes=\"auto, (max-width: 298px) 100vw, 298px\" \/><\/a> <a href=\"https:\/\/agora.xtec.cat\/escolaparcdelguinardo\/edc-estrategia-digital-de-centre-en-preparacio-inici-maig-2022-enllestida-maig-2023\/cultura-digital-2\/\"><img loading=\"lazy\" decoding=\"async\" class=\"size-medium wp-image-6200 alignright\" src=\"https:\/\/agora.xtec.cat\/escolaparcdelguinardo\/wp-content\/uploads\/usu1096\/2023\/05\/cultura-digital-300x300.jpg\" alt=\"\" width=\"300\" height=\"300\" srcset=\"https:\/\/agora.xtec.cat\/escolaparcdelguinardo\/wp-content\/uploads\/usu1096\/2023\/05\/cultura-digital-300x300.jpg 300w, https:\/\/agora.xtec.cat\/escolaparcdelguinardo\/wp-content\/uploads\/usu1096\/2023\/05\/cultura-digital-150x150.jpg 150w, https:\/\/agora.xtec.cat\/escolaparcdelguinardo\/wp-content\/uploads\/usu1096\/2023\/05\/cultura-digital.jpg 328w\" sizes=\"auto, (max-width: 300px) 100vw, 300px\" \/><\/a><\/p>\n","protected":false},"excerpt":{"rendered":"<p>&#8220;En preparaci\u00f3&#8221;<br \/>\nL&#8217;EDC defineix i concreta les l\u00ednies d&#8217;actuaci\u00f3 d&#8217;un centre que fan possible que docents, alumnat i centre assoleixin la compet\u00e8ncia digital. Per aconseguir aquesta compet\u00e8ncia digital, l&#8217;EDC compr\u00e8n tots els \u00e0mbits del centre: organitzatius, metodol\u00f2gics, curriculars i comunicatius des d\u2019una perspectiva d&#8217;innovaci\u00f3 i de&hellip;  <a href=\"https:\/\/agora.xtec.cat\/escolaparcdelguinardo\/edc-estrategia-digital-de-centre-en-preparacio-inici-maig-2022-enllestida-maig-2023\/\" title=\"Read ESTRAT\u00c8GIA DIGITAL DE CENTRE\">Llegeix m\u00e9s\u00bb<\/a><\/p>\n","protected":false},"author":1,"featured_media":0,"parent":0,"menu_order":0,"comment_status":"closed","ping_status":"closed","template":"page-templates\/side-menu.php","meta":{"_bbp_topic_count":0,"_bbp_reply_count":0,"_bbp_total_topic_count":0,"_bbp_total_reply_count":0,"_bbp_voice_count":0,"_bbp_anonymous_reply_count":0,"_bbp_topic_count_hidden":0,"_bbp_reply_count_hidden":0,"_bbp_forum_subforum_count":0,"footnotes":""},"class_list":["post-4955","page","type-page","status-publish","hentry"],"post_mailing_queue_ids":[],"_links":{"self":[{"href":"https:\/\/agora.xtec.cat\/escolaparcdelguinardo\/wp-json\/wp\/v2\/pages\/4955","targetHints":{"allow":["GET"]}}],"collection":[{"href":"https:\/\/agora.xtec.cat\/escolaparcdelguinardo\/wp-json\/wp\/v2\/pages"}],"about":[{"href":"https:\/\/agora.xtec.cat\/escolaparcdelguinardo\/wp-json\/wp\/v2\/types\/page"}],"author":[{"embeddable":true,"href":"https:\/\/agora.xtec.cat\/escolaparcdelguinardo\/wp-json\/wp\/v2\/users\/1"}],"replies":[{"embeddable":true,"href":"https:\/\/agora.xtec.cat\/escolaparcdelguinardo\/wp-json\/wp\/v2\/comments?post=4955"}],"version-history":[{"count":4,"href":"https:\/\/agora.xtec.cat\/escolaparcdelguinardo\/wp-json\/wp\/v2\/pages\/4955\/revisions"}],"predecessor-version":[{"id":8327,"href":"https:\/\/agora.xtec.cat\/escolaparcdelguinardo\/wp-json\/wp\/v2\/pages\/4955\/revisions\/8327"}],"wp:attachment":[{"href":"https:\/\/agora.xtec.cat\/escolaparcdelguinardo\/wp-json\/wp\/v2\/media?parent=4955"}],"curies":[{"name":"wp","href":"https:\/\/api.w.org\/{rel}","templated":true}]}}