{"id":2599,"date":"2020-02-17T09:44:54","date_gmt":"2020-02-17T08:44:54","guid":{"rendered":"http:\/\/agora.xtec.cat\/escolaparcdelguinardo\/?page_id=2599"},"modified":"2025-01-29T09:53:48","modified_gmt":"2025-01-29T08:53:48","slug":"projecte-de-convivencia","status":"publish","type":"page","link":"https:\/\/agora.xtec.cat\/escolaparcdelguinardo\/model-educatiu\/projecte-de-convivencia\/","title":{"rendered":"Projecte de Conviv\u00e8ncia"},"content":{"rendered":"<p><a href=\"https:\/\/agora.xtec.cat\/escolaparcdelguinardo\/wp-content\/uploads\/usu1096\/2020\/02\/PROJECTE-DE-CONVIVENCIA-FINAL.pdf\" target=\"_blank\" rel=\"noopener noreferrer\"><img loading=\"lazy\" decoding=\"async\" class=\"alignleft wp-image-2602\" src=\"https:\/\/agora.xtec.cat\/escolaparcdelguinardo\/wp-content\/uploads\/usu1096\/2020\/02\/pc-300x192.jpg\" alt=\"\" width=\"385\" height=\"247\" srcset=\"https:\/\/agora.xtec.cat\/escolaparcdelguinardo\/wp-content\/uploads\/usu1096\/2020\/02\/pc-300x192.jpg 300w, https:\/\/agora.xtec.cat\/escolaparcdelguinardo\/wp-content\/uploads\/usu1096\/2020\/02\/pc-768x492.jpg 768w, https:\/\/agora.xtec.cat\/escolaparcdelguinardo\/wp-content\/uploads\/usu1096\/2020\/02\/pc-1024x656.jpg 1024w, https:\/\/agora.xtec.cat\/escolaparcdelguinardo\/wp-content\/uploads\/usu1096\/2020\/02\/pc.jpg 1537w\" sizes=\"auto, (max-width: 385px) 100vw, 385px\" \/><\/a><\/p>\n<p>El Projecte de conviv\u00e8ncia ha de reflectir les accions que el centre educatiu desenvolupi per capacitar tots els alumnes i la resta de la comunitat escolar per a la conviv\u00e8ncia i la gesti\u00f3 positiva dels conflictes.<\/p>\n<p>Les accions que s\u2019hi proposen poden ser abordades des de tres nivells diferents: valors i actituds, resoluci\u00f3 de conflictes i el marc organitzatiu. Aix\u00ed mateix, aquestes accions han d\u2019anar adre\u00e7ades a la millora de la conviv\u00e8ncia en tres \u00e0mbits diferents, aula, centre i entorn, en el benent\u00e8s que la permeabilitat entre aquests tres \u00e0mbits d&#8217;intervenci\u00f3 afavoreix la transfer\u00e8ncia d&#8217;aprenentatges, valors, actituds i h\u00e0bits relacionals.<\/p>\n<p><a href=\"https:\/\/agora.xtec.cat\/escolaparcdelguinardo\/wp-content\/uploads\/usu1096\/2020\/02\/PROJECTE-DE-CONVIVENCIA-FINAL.pdf\" target=\"_blank\" rel=\"noopener noreferrer\">(Projecte de Conviv\u00e8ncia presentat en Consell Escolar en data 6 de febrer de 2020)<\/a><\/p>\n","protected":false},"excerpt":{"rendered":"<p><a href=\"https:\/\/agora.xtec.cat\/escolaparcdelguinardo\/wp-content\/uploads\/usu1096\/2020\/02\/PROJECTE-DE-CONVIVENCIA-FINAL.pdf\" target=\"_blank\" rel=\"noopener noreferrer\"><\/a><br \/>\nEl Projecte de conviv\u00e8ncia ha de reflectir les accions que el centre educatiu desenvolupi per capacitar tots els alumnes i la resta de la comunitat escolar per a la conviv\u00e8ncia i la gesti\u00f3 positiva dels conflictes.<br \/>\nLes accions que s\u2019hi proposen poden&hellip;  <a href=\"https:\/\/agora.xtec.cat\/escolaparcdelguinardo\/model-educatiu\/projecte-de-convivencia\/\" title=\"Read Projecte de Conviv\u00e8ncia\">Llegeix m\u00e9s\u00bb<\/a><\/p>\n","protected":false},"author":1,"featured_media":0,"parent":539,"menu_order":0,"comment_status":"closed","ping_status":"closed","template":"","meta":{"_bbp_topic_count":0,"_bbp_reply_count":0,"_bbp_total_topic_count":0,"_bbp_total_reply_count":0,"_bbp_voice_count":0,"_bbp_anonymous_reply_count":0,"_bbp_topic_count_hidden":0,"_bbp_reply_count_hidden":0,"_bbp_forum_subforum_count":0,"footnotes":""},"class_list":["post-2599","page","type-page","status-publish","hentry"],"post_mailing_queue_ids":[],"_links":{"self":[{"href":"https:\/\/agora.xtec.cat\/escolaparcdelguinardo\/wp-json\/wp\/v2\/pages\/2599","targetHints":{"allow":["GET"]}}],"collection":[{"href":"https:\/\/agora.xtec.cat\/escolaparcdelguinardo\/wp-json\/wp\/v2\/pages"}],"about":[{"href":"https:\/\/agora.xtec.cat\/escolaparcdelguinardo\/wp-json\/wp\/v2\/types\/page"}],"author":[{"embeddable":true,"href":"https:\/\/agora.xtec.cat\/escolaparcdelguinardo\/wp-json\/wp\/v2\/users\/1"}],"replies":[{"embeddable":true,"href":"https:\/\/agora.xtec.cat\/escolaparcdelguinardo\/wp-json\/wp\/v2\/comments?post=2599"}],"version-history":[{"count":4,"href":"https:\/\/agora.xtec.cat\/escolaparcdelguinardo\/wp-json\/wp\/v2\/pages\/2599\/revisions"}],"predecessor-version":[{"id":7834,"href":"https:\/\/agora.xtec.cat\/escolaparcdelguinardo\/wp-json\/wp\/v2\/pages\/2599\/revisions\/7834"}],"up":[{"embeddable":true,"href":"https:\/\/agora.xtec.cat\/escolaparcdelguinardo\/wp-json\/wp\/v2\/pages\/539"}],"wp:attachment":[{"href":"https:\/\/agora.xtec.cat\/escolaparcdelguinardo\/wp-json\/wp\/v2\/media?parent=2599"}],"curies":[{"name":"wp","href":"https:\/\/api.w.org\/{rel}","templated":true}]}}