{"id":1990,"date":"2019-10-03T13:18:51","date_gmt":"2019-10-03T11:18:51","guid":{"rendered":"http:\/\/agora.xtec.cat\/escolaparcdelguinardo\/?page_id=1990"},"modified":"2025-01-29T09:55:58","modified_gmt":"2025-01-29T08:55:58","slug":"projecte-linguistic-de-centre","status":"publish","type":"page","link":"https:\/\/agora.xtec.cat\/escolaparcdelguinardo\/model-educatiu\/projecte-linguistic-de-centre\/","title":{"rendered":"Projecte Ling\u00fc\u00edstic de Centre"},"content":{"rendered":"<p>El projecte ling\u00fc\u00edstic \u00e9s el document que recull els aspectes relatius a l&#8217;ensenyament i a l&#8217;\u00fas de les lleng\u00fces a l&#8217;escola i\u00a0forma part del projecte educatiu de centre.<\/p>\n<p><strong>Una mica de normativa:<\/strong><\/p>\n<p><em>La Llei 12\/2009, del 10 de juliol, d\u2019Educaci\u00f3, en el t\u00edtol II, del r\u00e8gim ling\u00fc\u00edstic del sistema educatiu de Catalunya, estableix el r\u00e8gim ling\u00fc\u00edstic del sistema educatiu i, a l\u2019article 14, determina que els centres p\u00fablics i els centres privats sostinguts amb fons p\u00fablics han d\u2019elaborar, com a part del projecte educatiu, un projecte ling\u00fc\u00edstic que emmarqui el tractament de les lleng\u00fces al centre.<\/em><\/p>\n<p><em>D\u2019acord amb l\u2019article 97 de la LEC (Llei 12\/2009, de 10 de juliol, d\u2019Educaci\u00f3), els Centres exerceixen l\u2019autonomia pedag\u00f2gica, a partir del marc curricular establert, i en poden concretar els objectius, les compet\u00e8ncies b\u00e0siques, els continguts, els m\u00e8todes pedag\u00f2gics i els criteris d\u2019avaluaci\u00f3.<\/em><\/p>\n<p><strong>En el nostre PLC quedar\u00e0 definit:<\/strong><\/p>\n<ol>\n<li>a) El tractament de la llengua catalana, com a vertebradora de l\u2019ensenyament, com a llengua vehicular i d\u2019aprenentatge, i com a llengua de l\u2019\u00e0mbit administratiu i de comunicaci\u00f3 del centre.<\/li>\n<li>b) El tractament global de les lleng\u00fces curriculars (catalana, castellana i anglesa) en els processos d\u2019ensenyament i aprenentatge amb l\u2019objectiu de propiciar-ne la coordinaci\u00f3 i la integraci\u00f3 per tal de millorar-ne els resultats, tant en el conjunt com en relaci\u00f3 a cada una.<\/li>\n<li>c) Els criteris generals per a les adequacions del proc\u00e9s d\u2019ensenyament de les lleng\u00fces a la realitat socioling\u00fc\u00edstica del centre amb l\u2019objectiu d\u2019assolir el compliment de la normativa referida a la normalitzaci\u00f3 ling\u00fc\u00edstica.<\/li>\n<li>d) Els criteris per a l\u2019atenci\u00f3 espec\u00edfica d\u2019alumnes d\u2019incorporaci\u00f3 tardana amb d\u00e8ficit de coneixement de la llengua catalana.<\/li>\n<\/ol>\n<p><strong>I volem que promogui entre tots\/es els nens i nenes:<\/strong><\/p>\n<p>&#8211; El respecte cap a totes les lleng\u00fces.<br \/>\n&#8211; La valoraci\u00f3 positiva de la diversitat ling\u00fc\u00edstica.<br \/>\n&#8211; La import\u00e0ncia de l\u2019aprenentatge d\u2019una o m\u00e9s lleng\u00fces noves.<\/p>\n<p>&nbsp;<\/p>\n<p><a href=\"https:\/\/agora.xtec.cat\/escolaparcdelguinardo\/wp-content\/uploads\/usu1096\/2022\/07\/Projecte-Linguistic-Escola-Parc-del-Guinardo.docx-1.pdf\">Projecte Ling\u00fc\u00edstic Escola Parc del Guinard\u00f3<\/a>\u00a0 (Aprovat en Consell Escolar el 29 de juny de 2022)<\/p>\n","protected":false},"excerpt":{"rendered":"<p>El projecte ling\u00fc\u00edstic \u00e9s el document que recull els aspectes relatius a l&#8217;ensenyament i a l&#8217;\u00fas de les lleng\u00fces a l&#8217;escola i\u00a0forma part del projecte educatiu de centre.<br \/>\nUna mica de normativa:<br \/>\nLa Llei 12\/2009, del 10 de juliol, d\u2019Educaci\u00f3, en el t\u00edtol II, del r\u00e8gim ling\u00fc\u00edstic&hellip;  <a href=\"https:\/\/agora.xtec.cat\/escolaparcdelguinardo\/model-educatiu\/projecte-linguistic-de-centre\/\" title=\"Read Projecte Ling\u00fc\u00edstic de Centre\">Llegeix m\u00e9s\u00bb<\/a><\/p>\n","protected":false},"author":1,"featured_media":0,"parent":539,"menu_order":0,"comment_status":"closed","ping_status":"closed","template":"","meta":{"_bbp_topic_count":0,"_bbp_reply_count":0,"_bbp_total_topic_count":0,"_bbp_total_reply_count":0,"_bbp_voice_count":0,"_bbp_anonymous_reply_count":0,"_bbp_topic_count_hidden":0,"_bbp_reply_count_hidden":0,"_bbp_forum_subforum_count":0,"footnotes":""},"class_list":["post-1990","page","type-page","status-publish","hentry"],"post_mailing_queue_ids":[],"_links":{"self":[{"href":"https:\/\/agora.xtec.cat\/escolaparcdelguinardo\/wp-json\/wp\/v2\/pages\/1990","targetHints":{"allow":["GET"]}}],"collection":[{"href":"https:\/\/agora.xtec.cat\/escolaparcdelguinardo\/wp-json\/wp\/v2\/pages"}],"about":[{"href":"https:\/\/agora.xtec.cat\/escolaparcdelguinardo\/wp-json\/wp\/v2\/types\/page"}],"author":[{"embeddable":true,"href":"https:\/\/agora.xtec.cat\/escolaparcdelguinardo\/wp-json\/wp\/v2\/users\/1"}],"replies":[{"embeddable":true,"href":"https:\/\/agora.xtec.cat\/escolaparcdelguinardo\/wp-json\/wp\/v2\/comments?post=1990"}],"version-history":[{"count":4,"href":"https:\/\/agora.xtec.cat\/escolaparcdelguinardo\/wp-json\/wp\/v2\/pages\/1990\/revisions"}],"predecessor-version":[{"id":7837,"href":"https:\/\/agora.xtec.cat\/escolaparcdelguinardo\/wp-json\/wp\/v2\/pages\/1990\/revisions\/7837"}],"up":[{"embeddable":true,"href":"https:\/\/agora.xtec.cat\/escolaparcdelguinardo\/wp-json\/wp\/v2\/pages\/539"}],"wp:attachment":[{"href":"https:\/\/agora.xtec.cat\/escolaparcdelguinardo\/wp-json\/wp\/v2\/media?parent=1990"}],"curies":[{"name":"wp","href":"https:\/\/api.w.org\/{rel}","templated":true}]}}