{"id":1390,"date":"2017-11-20T14:01:16","date_gmt":"2017-11-20T13:01:16","guid":{"rendered":"http:\/\/agora.xtec.cat\/escolaparcdelguinardo\/?page_id=1390"},"modified":"2017-11-20T14:15:33","modified_gmt":"2017-11-20T13:15:33","slug":"serveis-educatius-externs","status":"publish","type":"page","link":"https:\/\/agora.xtec.cat\/escolaparcdelguinardo\/lescola\/serveis-educatius-externs\/","title":{"rendered":"Serveis educatius externs"},"content":{"rendered":"<p>Els\u00a0serveis educatius del Departament d&#8217;Ensenyament s\u00f3n \u00f2rgans de suport a la tasca docent del professorat i, en alguns casos, d\u2019intervenci\u00f3 directa amb l\u2019alumnat o d\u2019assessorament a les fam\u00edlies.<\/p>\n<p>El <span style=\"text-decoration: underline;\"><a href=\"http:\/\/se-horta-guinardo.cat\/\">Servei Educatiu d&#8217;Horta-Guinard\u00f3<\/a><\/span> est\u00e0 format pels professionals dels equips de <span style=\"text-decoration: underline;\"><a href=\"http:\/\/se-horta-guinardo.cat\/index.php?option=com_content&amp;view=article&amp;id=195&amp;Itemid=149\">l&#8217;EAP<\/a><\/span> (equip d&#8217;assessorament i orientaci\u00f3 psicopedag\u00f2gica) de l<span style=\"text-decoration: underline;\"><a href=\"http:\/\/se-horta-guinardo.cat\/index.php?option=com_content&amp;view=article&amp;id=202&amp;Itemid=150\">&#8216;ELIC<\/a><\/span> (equip de llengua, interculturalitat i cohesi\u00f3 social) i del <span style=\"text-decoration: underline;\"><a href=\"http:\/\/se-horta-guinardo.cat\/index.php?option=com_content&amp;view=article&amp;id=201&amp;Itemid=151\">CRP<\/a><\/span> (centre de recursos pedag\u00f2gics).<\/p>\n<p>A la nostra escola l\u2019assessora psicopedag\u00f2gica (EAP) \u00e9s la Merc\u00e8 Medina que ve els dilluns de 9 a 14h per assessorar als\/les mestres i\/o fam\u00edlies, detectar necessitats espec\u00edfiques amb els alumnes i treballar amb els que ho necessitin.La\u00a0 treballadora social que dona servei a la nostra escola \u00e9s la Marisa P\u00e9rez que es reuneix amb l\u2019equip de direcci\u00f3 com a m\u00ednim tres vegades al curs per estudiar necessitats espec\u00edfiques de les fam\u00edlies o de l\u2019escola.<\/p>\n<p>La nostra logopeda es diu Mireia Sol\u00e9 i ve a l\u2019escola tres dies a la setmana. Fa reeducaci\u00f3 del llenguatge i logop\u00e8dia amb aquells nens i nenes que des de l\u2019EAP i\/o el <span style=\"text-decoration: underline;\"><a href=\"http:\/\/www.edubcn.cat\/ca\/centres_serveis_educatius\/serveis_educatius\/credac\">CREDA<\/a><\/span> ho consideren necessari.<\/p>\n<p>Tamb\u00e9 participem en el <span style=\"text-decoration: underline;\"><a href=\"http:\/\/www.edubcn.cat\/exit\/reforc_escolar\/durant_el_curs\">Programa \u00c8XIT<\/a><\/span> que \u00e9s un programa de car\u00e0cter preventiu que vol millorar els aprenentatges b\u00e0sics i acompanyar l\u2019alumnat en el pas a l\u2019ESO.<\/p>\n","protected":false},"excerpt":{"rendered":"<p>Els\u00a0serveis educatius del Departament d&#8217;Ensenyament s\u00f3n \u00f2rgans de suport a la tasca docent del professorat i, en alguns casos, d\u2019intervenci\u00f3 directa amb l\u2019alumnat o d\u2019assessorament a les fam\u00edlies.<br \/>\nEl <a href=\"http:\/\/se-horta-guinardo.cat\/\">Servei Educatiu d&#8217;Horta-Guinard\u00f3<\/a> est\u00e0 format pels professionals dels equips de <a href=\"http:\/\/se-horta-guinardo.cat\/index.php?option=com_content&amp;view=article&amp;id=195&amp;Itemid=149\">l&#8217;EAP<\/a> (equip d&#8217;assessorament i orientaci\u00f3&hellip;  <a href=\"https:\/\/agora.xtec.cat\/escolaparcdelguinardo\/lescola\/serveis-educatius-externs\/\" title=\"Read Serveis educatius externs\">Llegeix m\u00e9s\u00bb<\/a><\/p>\n","protected":false},"author":1,"featured_media":0,"parent":529,"menu_order":0,"comment_status":"closed","ping_status":"closed","template":"","meta":{"_bbp_topic_count":0,"_bbp_reply_count":0,"_bbp_total_topic_count":0,"_bbp_total_reply_count":0,"_bbp_voice_count":0,"_bbp_anonymous_reply_count":0,"_bbp_topic_count_hidden":0,"_bbp_reply_count_hidden":0,"_bbp_forum_subforum_count":0,"footnotes":""},"class_list":["post-1390","page","type-page","status-publish","hentry"],"post_mailing_queue_ids":[],"_links":{"self":[{"href":"https:\/\/agora.xtec.cat\/escolaparcdelguinardo\/wp-json\/wp\/v2\/pages\/1390","targetHints":{"allow":["GET"]}}],"collection":[{"href":"https:\/\/agora.xtec.cat\/escolaparcdelguinardo\/wp-json\/wp\/v2\/pages"}],"about":[{"href":"https:\/\/agora.xtec.cat\/escolaparcdelguinardo\/wp-json\/wp\/v2\/types\/page"}],"author":[{"embeddable":true,"href":"https:\/\/agora.xtec.cat\/escolaparcdelguinardo\/wp-json\/wp\/v2\/users\/1"}],"replies":[{"embeddable":true,"href":"https:\/\/agora.xtec.cat\/escolaparcdelguinardo\/wp-json\/wp\/v2\/comments?post=1390"}],"version-history":[{"count":3,"href":"https:\/\/agora.xtec.cat\/escolaparcdelguinardo\/wp-json\/wp\/v2\/pages\/1390\/revisions"}],"predecessor-version":[{"id":1401,"href":"https:\/\/agora.xtec.cat\/escolaparcdelguinardo\/wp-json\/wp\/v2\/pages\/1390\/revisions\/1401"}],"up":[{"embeddable":true,"href":"https:\/\/agora.xtec.cat\/escolaparcdelguinardo\/wp-json\/wp\/v2\/pages\/529"}],"wp:attachment":[{"href":"https:\/\/agora.xtec.cat\/escolaparcdelguinardo\/wp-json\/wp\/v2\/media?parent=1390"}],"curies":[{"name":"wp","href":"https:\/\/api.w.org\/{rel}","templated":true}]}}