{"id":38,"date":"2014-09-18T12:34:08","date_gmt":"2014-09-18T11:34:08","guid":{"rendered":"http:\/\/agora.xtec.cat\/escolaparcdelaciutadella\/?page_id=38"},"modified":"2026-04-21T15:30:32","modified_gmt":"2026-04-21T13:30:32","slug":"documents-descola","status":"publish","type":"page","link":"https:\/\/agora.xtec.cat\/escolaparcdelaciutadella\/lescola\/documents-descola\/","title":{"rendered":"Documents d&#8217;escola"},"content":{"rendered":"<p>&nbsp;<\/p>\r\n\r\n<figure class=\"wp-block-table alignleft\">\r\n<table>\r\n<tbody>\r\n<tr>\r\n<td><a href=\"https:\/\/agora.xtec.cat\/escolaparcdelaciutadella\/wp-content\/uploads\/usu3064\/2026\/01\/Projecte-Educatiu-Escola-Parc-de-la-Ciutadella-web.pdf\"><strong>PEC (<\/strong>en construcci\u00f3)<\/a><\/td>\r\n<\/tr>\r\n<tr>\r\n<td><a href=\"https:\/\/agora.xtec.cat\/escolaparcdelaciutadella\/wp-content\/uploads\/usu3064\/2025\/07\/25-26-DOSSIER-GENERAL-INICI-DE-CURS.docx.pdf\"><strong>Dossier d&#8217;inici de curs<\/strong><\/a><\/td>\r\n<\/tr>\r\n<tr>\r\n<td>\r\n<p><a href=\"https:\/\/sites.google.com\/escolaparcdelaciutadella.cat\/edcescolaparcdelaciutadella?usp=sharing\"><strong>EDC\u00a0<\/strong><\/a><\/p>\r\n<p><a href=\"https:\/\/sites.google.com\/escolaparcdelaciutadella.cat\/escolaparcdelaciutadella?usp=sharing\">Annex EDC 2026-2030 en construcci\u00f3<\/a><\/p>\r\n<\/td>\r\n<\/tr>\r\n<tr>\r\n<td><strong><a href=\"https:\/\/agora.xtec.cat\/escolaparcdelaciutadella\/wp-content\/uploads\/usu3064\/2024\/11\/NOFC-aprovades-el-04_09_2024-1.pdf\">NOFC<\/a><\/strong><\/td>\r\n<\/tr>\r\n<tr>\r\n<td><strong><a href=\"https:\/\/agora.xtec.cat\/escolaparcdelaciutadella\/wp-content\/uploads\/usu3064\/2024\/11\/carta-compromis-1.pdf\">Carta de comprom\u00eds Educatiu<\/a><\/strong><\/td>\r\n<\/tr>\r\n<tr>\r\n<td><strong><a href=\"https:\/\/agora.xtec.cat\/escolaparcdelaciutadella\/wp-content\/uploads\/usu3064\/2024\/11\/Pla-de-Convivencia-1-1.pdf\">Pla de conviv\u00e8ncia<\/a><\/strong><\/td>\r\n<\/tr>\r\n<tr>\r\n<td><strong><a href=\"https:\/\/agora.xtec.cat\/escolaparcdelaciutadella\/wp-content\/uploads\/usu3064\/2024\/11\/PROJECTE-LINGUISTIC-ESCOLA-PARC-DE-LA-CIUTADELLA-ELABORAT-2016-2020.pdf\">Projecte ling\u00fc\u00edstic<\/a><\/strong><\/td>\r\n<\/tr>\r\n<\/tbody>\r\n<\/table>\r\n<\/figure>\r\n\r\n\r\n","protected":false},"excerpt":{"rendered":"<p>&nbsp; PEC (en construcci\u00f3) Dossier d&#8217;inici de curs EDC\u00a0 Annex EDC 2026-2030 en construcci\u00f3 NOFC Carta de comprom\u00eds Educatiu Pla de conviv\u00e8ncia Projecte ling\u00fc\u00edstic<\/p>\n","protected":false},"author":1,"featured_media":0,"parent":22,"menu_order":80,"comment_status":"closed","ping_status":"closed","template":"","meta":{"site-sidebar-layout":"default","site-content-layout":"","ast-site-content-layout":"default","site-content-style":"default","site-sidebar-style":"default","ast-global-header-display":"","ast-banner-title-visibility":"","ast-main-header-display":"","ast-hfb-above-header-display":"","ast-hfb-below-header-display":"","ast-hfb-mobile-header-display":"","site-post-title":"","ast-breadcrumbs-content":"","ast-featured-img":"","footer-sml-layout":"","theme-transparent-header-meta":"default","adv-header-id-meta":"","stick-header-meta":"","header-above-stick-meta":"","header-main-stick-meta":"","header-below-stick-meta":"","astra-migrate-meta-layouts":"set","ast-page-background-enabled":"default","ast-page-background-meta":{"desktop":{"background-color":"var(--ast-global-color-4)","background-image":"","background-repeat":"repeat","background-position":"center center","background-size":"auto","background-attachment":"scroll","background-type":"","background-media":"","overlay-type":"","overlay-color":"","overlay-opacity":"","overlay-gradient":""},"tablet":{"background-color":"","background-image":"","background-repeat":"repeat","background-position":"center center","background-size":"auto","background-attachment":"scroll","background-type":"","background-media":"","overlay-type":"","overlay-color":"","overlay-opacity":"","overlay-gradient":""},"mobile":{"background-color":"","background-image":"","background-repeat":"repeat","background-position":"center center","background-size":"auto","background-attachment":"scroll","background-type":"","background-media":"","overlay-type":"","overlay-color":"","overlay-opacity":"","overlay-gradient":""}},"ast-content-background-meta":{"desktop":{"background-color":"var(--ast-global-color-5)","background-image":"","background-repeat":"repeat","background-position":"center center","background-size":"auto","background-attachment":"scroll","background-type":"","background-media":"","overlay-type":"","overlay-color":"","overlay-opacity":"","overlay-gradient":""},"tablet":{"background-color":"var(--ast-global-color-5)","background-image":"","background-repeat":"repeat","background-position":"center center","background-size":"auto","background-attachment":"scroll","background-type":"","background-media":"","overlay-type":"","overlay-color":"","overlay-opacity":"","overlay-gradient":""},"mobile":{"background-color":"var(--ast-global-color-5)","background-image":"","background-repeat":"repeat","background-position":"center center","background-size":"auto","background-attachment":"scroll","background-type":"","background-media":"","overlay-type":"","overlay-color":"","overlay-opacity":"","overlay-gradient":""}},"footnotes":""},"class_list":["post-38","page","type-page","status-publish","hentry"],"post_mailing_queue_ids":[],"_links":{"self":[{"href":"https:\/\/agora.xtec.cat\/escolaparcdelaciutadella\/wp-json\/wp\/v2\/pages\/38","targetHints":{"allow":["GET"]}}],"collection":[{"href":"https:\/\/agora.xtec.cat\/escolaparcdelaciutadella\/wp-json\/wp\/v2\/pages"}],"about":[{"href":"https:\/\/agora.xtec.cat\/escolaparcdelaciutadella\/wp-json\/wp\/v2\/types\/page"}],"author":[{"embeddable":true,"href":"https:\/\/agora.xtec.cat\/escolaparcdelaciutadella\/wp-json\/wp\/v2\/users\/1"}],"replies":[{"embeddable":true,"href":"https:\/\/agora.xtec.cat\/escolaparcdelaciutadella\/wp-json\/wp\/v2\/comments?post=38"}],"version-history":[{"count":6,"href":"https:\/\/agora.xtec.cat\/escolaparcdelaciutadella\/wp-json\/wp\/v2\/pages\/38\/revisions"}],"predecessor-version":[{"id":1475,"href":"https:\/\/agora.xtec.cat\/escolaparcdelaciutadella\/wp-json\/wp\/v2\/pages\/38\/revisions\/1475"}],"up":[{"embeddable":true,"href":"https:\/\/agora.xtec.cat\/escolaparcdelaciutadella\/wp-json\/wp\/v2\/pages\/22"}],"wp:attachment":[{"href":"https:\/\/agora.xtec.cat\/escolaparcdelaciutadella\/wp-json\/wp\/v2\/media?parent=38"}],"curies":[{"name":"wp","href":"https:\/\/api.w.org\/{rel}","templated":true}]}}