{"id":36,"date":"2014-09-18T12:33:11","date_gmt":"2014-09-18T11:33:11","guid":{"rendered":"http:\/\/agora.xtec.cat\/escolaparcdelaciutadella\/?page_id=36"},"modified":"2026-02-02T18:57:23","modified_gmt":"2026-02-02T17:57:23","slug":"material-escolar","status":"publish","type":"page","link":"https:\/\/agora.xtec.cat\/escolaparcdelaciutadella\/lescola\/material-escolar\/","title":{"rendered":"Suport Digital per a fam\u00edlies"},"content":{"rendered":"\r\n\r\n\r\n<p>Aquelles fam\u00edlies que necessitin ajuda i assessorament TAC (per exemple: activaci\u00f3 i configuraci\u00f3 dels usuaris \u201c@escolaparcdelaciutadella.cat\u201d dels alumnes, com utilitzar les diferents eines GSuite que ja fan servir els nens i nenes a l\u2019escola com Gmail, Classroom o Drive, com fer videotrucades amb Google Meet, etc\u2026).\u00a0Per poder donar-vos resposta, teniu m\u00faltiples opcions:<\/p>\r\n\r\n\r\n\r\n<h4 class=\"wp-block-heading\">1- Per tel\u00e8fon<\/h4>\r\n\r\n\r\n\r\n<p>&nbsp;<\/p>\r\n\r\n\r\n\r\n<p>Ens podeu trucar al tel\u00e8fon\u00a0<strong>de l\u2019escola\u00a0<\/strong><a href=\"https:\/\/www.bing.com\/ck\/a?!&amp;&amp;p=eef8fef3ab7934caJmltdHM9MTY2NTQ0NjQwMCZpZ3VpZD0yZWRiMGY0Ni02MGRjLTZiZjYtMDg5My0xZTMxNjE3NDZhNmQmaW5zaWQ9NTUzOQ&amp;ptn=3&amp;hsh=3&amp;fclid=2edb0f46-60dc-6bf6-0893-1e3161746a6d&amp;psq=escola+parc+de+la+ciutadella.cat&amp;u=a1dGVsOjkzMzE5NTg0Nw&amp;ntb=1\"><strong>933 19 58 47<\/strong><\/a><strong>\u00a0<\/strong>i us respondrem el m\u00e9s aviat possible.<\/p>\r\n\r\n\r\n\r\n<p>&nbsp;<\/p>\r\n\r\n\r\n\r\n<h4 class=\"wp-block-heading\">2- Per formulari<\/h4>\r\n\r\n\r\n\r\n<p>Demaneu un full d\u2019incid\u00e8ncies de suport TAC a consergeria i espereu la nostra trucada.<\/p>\r\n\r\n\r\n\r\n<h4 class=\"wp-block-heading\">3- Per mail<\/h4>\r\n\r\n\r\n\r\n<p>Ens podeu escriure al correu\u00a0<em>\u201cadmin@escolaparcdelaciutadella.cat\u201d<\/em>\u00a0i us respondrem tan aviat com puguem amb les possibles solucions.<\/p>\r\n\r\n\r\n\r\n<p>&nbsp;<\/p>\r\n\r\n\r\n\r\n<p>&nbsp;<\/p>\r\n","protected":false},"excerpt":{"rendered":"<p>Aquelles fam\u00edlies que necessitin ajuda i assessorament TAC (per exemple: activaci\u00f3 i configuraci\u00f3 dels usuaris \u201c@escolaparcdelaciutadella.cat\u201d dels alumnes, com utilitzar les diferents eines GSuite que ja fan servir els nens i nenes a l\u2019escola com Gmail, Classroom o Drive, com fer videotrucades amb Google Meet, etc\u2026).\u00a0Per poder donar-vos resposta, teniu m\u00faltiples opcions: 1- Per tel\u00e8fon [&hellip;]<\/p>\n","protected":false},"author":1,"featured_media":0,"parent":22,"menu_order":70,"comment_status":"closed","ping_status":"closed","template":"","meta":{"site-sidebar-layout":"default","site-content-layout":"","ast-site-content-layout":"default","site-content-style":"default","site-sidebar-style":"default","ast-global-header-display":"","ast-banner-title-visibility":"","ast-main-header-display":"","ast-hfb-above-header-display":"","ast-hfb-below-header-display":"","ast-hfb-mobile-header-display":"","site-post-title":"","ast-breadcrumbs-content":"","ast-featured-img":"","footer-sml-layout":"","theme-transparent-header-meta":"default","adv-header-id-meta":"","stick-header-meta":"","header-above-stick-meta":"","header-main-stick-meta":"","header-below-stick-meta":"","astra-migrate-meta-layouts":"set","ast-page-background-enabled":"default","ast-page-background-meta":{"desktop":{"background-color":"var(--ast-global-color-4)","background-image":"","background-repeat":"repeat","background-position":"center center","background-size":"auto","background-attachment":"scroll","background-type":"","background-media":"","overlay-type":"","overlay-color":"","overlay-opacity":"","overlay-gradient":""},"tablet":{"background-color":"","background-image":"","background-repeat":"repeat","background-position":"center center","background-size":"auto","background-attachment":"scroll","background-type":"","background-media":"","overlay-type":"","overlay-color":"","overlay-opacity":"","overlay-gradient":""},"mobile":{"background-color":"","background-image":"","background-repeat":"repeat","background-position":"center center","background-size":"auto","background-attachment":"scroll","background-type":"","background-media":"","overlay-type":"","overlay-color":"","overlay-opacity":"","overlay-gradient":""}},"ast-content-background-meta":{"desktop":{"background-color":"var(--ast-global-color-5)","background-image":"","background-repeat":"repeat","background-position":"center center","background-size":"auto","background-attachment":"scroll","background-type":"","background-media":"","overlay-type":"","overlay-color":"","overlay-opacity":"","overlay-gradient":""},"tablet":{"background-color":"var(--ast-global-color-5)","background-image":"","background-repeat":"repeat","background-position":"center center","background-size":"auto","background-attachment":"scroll","background-type":"","background-media":"","overlay-type":"","overlay-color":"","overlay-opacity":"","overlay-gradient":""},"mobile":{"background-color":"var(--ast-global-color-5)","background-image":"","background-repeat":"repeat","background-position":"center center","background-size":"auto","background-attachment":"scroll","background-type":"","background-media":"","overlay-type":"","overlay-color":"","overlay-opacity":"","overlay-gradient":""}},"footnotes":""},"class_list":["post-36","page","type-page","status-publish","hentry"],"post_mailing_queue_ids":[],"_links":{"self":[{"href":"https:\/\/agora.xtec.cat\/escolaparcdelaciutadella\/wp-json\/wp\/v2\/pages\/36","targetHints":{"allow":["GET"]}}],"collection":[{"href":"https:\/\/agora.xtec.cat\/escolaparcdelaciutadella\/wp-json\/wp\/v2\/pages"}],"about":[{"href":"https:\/\/agora.xtec.cat\/escolaparcdelaciutadella\/wp-json\/wp\/v2\/types\/page"}],"author":[{"embeddable":true,"href":"https:\/\/agora.xtec.cat\/escolaparcdelaciutadella\/wp-json\/wp\/v2\/users\/1"}],"replies":[{"embeddable":true,"href":"https:\/\/agora.xtec.cat\/escolaparcdelaciutadella\/wp-json\/wp\/v2\/comments?post=36"}],"version-history":[{"count":6,"href":"https:\/\/agora.xtec.cat\/escolaparcdelaciutadella\/wp-json\/wp\/v2\/pages\/36\/revisions"}],"predecessor-version":[{"id":1392,"href":"https:\/\/agora.xtec.cat\/escolaparcdelaciutadella\/wp-json\/wp\/v2\/pages\/36\/revisions\/1392"}],"up":[{"embeddable":true,"href":"https:\/\/agora.xtec.cat\/escolaparcdelaciutadella\/wp-json\/wp\/v2\/pages\/22"}],"wp:attachment":[{"href":"https:\/\/agora.xtec.cat\/escolaparcdelaciutadella\/wp-json\/wp\/v2\/media?parent=36"}],"curies":[{"name":"wp","href":"https:\/\/api.w.org\/{rel}","templated":true}]}}