{"id":22,"date":"2014-09-18T12:19:57","date_gmt":"2014-09-18T11:19:57","guid":{"rendered":"http:\/\/agora.xtec.cat\/escolaparcdelaciutadella\/?page_id=22"},"modified":"2026-03-16T13:34:52","modified_gmt":"2026-03-16T12:34:52","slug":"lescola","status":"publish","type":"page","link":"https:\/\/agora.xtec.cat\/escolaparcdelaciutadella\/lescola\/","title":{"rendered":"L&#8217;escola"},"content":{"rendered":"<p>&nbsp;<\/p>\n<p data-start=\"95\" data-end=\"353\"><span style=\"color: #000000;\">A la nostra escola treballem cada dia per ajudar cada infant a desenvolupar tot el seu potencial. Creiem que l\u2019aprenentatge \u00e9s un proc\u00e9s personal i compartit, i per aix\u00f2 oferim un entorn on els nens i nenes se senten a gust, segurs i motivats per aprendre.<\/span><\/p>\n<p data-start=\"360\" data-end=\"734\"><span style=\"color: #000000;\">Fomentem la curiositat com a motor de coneixement, aix\u00ed com la capacitat d\u2019esfor\u00e7 i la const\u00e0ncia. Donem valor tant al treball individual com al treball en equip, promovent la col\u00b7laboraci\u00f3, el respecte i l\u2019aprenentatge entre iguals. D\u2019aquesta manera, acompanyem els infants en el seu creixement intel\u00b7lectual i personal, ajudant-los a construir una base s\u00f2lida per al seu futur.<\/span><\/p>\n<p>&nbsp;<\/p>\n\r\n\t<div class=\"slideshow_container slideshow_container_style-light\" style=\"height: 300px; \" data-slideshow-id=\"1385\" data-style-name=\"style-light\" data-style-version=\"2.3.1\" >\r\n\r\n\t\t\t\t\t<div class=\"slideshow_loading_icon\"><\/div>\r\n\t\t\r\n\t\t<div class=\"slideshow_content\" style=\"display: none;\">\r\n\r\n\t\t\t<div class=\"slideshow_view\">\r\n\t\t\t\t<div class=\"slideshow_slide slideshow_slide_image\">\r\n\t\t\t\t\t\t\t\t\t\t\t<img src=\"https:\/\/agora.xtec.cat\/escolaparcdelaciutadella\/wp-content\/uploads\/usu3064\/2026\/01\/2.png\" alt=\"2\" width=\"802\" height=\"447\" \/>\r\n\t\t\t\t\t\t\t\t\t\t<div class=\"slideshow_description_box slideshow_transparent\">\r\n\t\t\t\t\t\t<div class=\"slideshow_title\">2<\/div>\t\t\t\t\t\t\t\t\t\t\t<\/div>\r\n\t\t\t\t<\/div>\r\n\r\n\t\t\t\t\t\t<div style=\"clear: both;\"><\/div><\/div><div class=\"slideshow_view\">\r\n\t\t\t\t<div class=\"slideshow_slide slideshow_slide_image\">\r\n\t\t\t\t\t\t\t\t\t\t\t<img src=\"https:\/\/agora.xtec.cat\/escolaparcdelaciutadella\/wp-content\/uploads\/usu3064\/2026\/01\/3.png\" alt=\"3\" width=\"822\" height=\"466\" \/>\r\n\t\t\t\t\t\t\t\t\t\t<div class=\"slideshow_description_box slideshow_transparent\">\r\n\t\t\t\t\t\t<div class=\"slideshow_title\">3<\/div>\t\t\t\t\t\t\t\t\t\t\t<\/div>\r\n\t\t\t\t<\/div>\r\n\r\n\t\t\t\t\t\t<div style=\"clear: both;\"><\/div><\/div><div class=\"slideshow_view\">\r\n\t\t\t\t<div class=\"slideshow_slide slideshow_slide_image\">\r\n\t\t\t\t\t\t\t\t\t\t\t<img src=\"https:\/\/agora.xtec.cat\/escolaparcdelaciutadella\/wp-content\/uploads\/usu3064\/2026\/01\/4.png\" alt=\"4\" width=\"835\" height=\"469\" \/>\r\n\t\t\t\t\t\t\t\t\t\t<div class=\"slideshow_description_box slideshow_transparent\">\r\n\t\t\t\t\t\t<div class=\"slideshow_title\">4<\/div>\t\t\t\t\t\t\t\t\t\t\t<\/div>\r\n\t\t\t\t<\/div>\r\n\r\n\t\t\t\t\t\t<div style=\"clear: both;\"><\/div><\/div><div class=\"slideshow_view\">\r\n\t\t\t\t<div class=\"slideshow_slide slideshow_slide_image\">\r\n\t\t\t\t\t\t\t\t\t\t\t<img src=\"https:\/\/agora.xtec.cat\/escolaparcdelaciutadella\/wp-content\/uploads\/usu3064\/2026\/01\/5.png\" alt=\"5\" width=\"826\" height=\"466\" \/>\r\n\t\t\t\t\t\t\t\t\t\t<div class=\"slideshow_description_box slideshow_transparent\">\r\n\t\t\t\t\t\t<div class=\"slideshow_title\">5<\/div>\t\t\t\t\t\t\t\t\t\t\t<\/div>\r\n\t\t\t\t<\/div>\r\n\r\n\t\t\t\t\t\t<div style=\"clear: both;\"><\/div><\/div><div class=\"slideshow_view\">\r\n\t\t\t\t<div class=\"slideshow_slide slideshow_slide_image\">\r\n\t\t\t\t\t\t\t\t\t\t\t<img src=\"https:\/\/agora.xtec.cat\/escolaparcdelaciutadella\/wp-content\/uploads\/usu3064\/2026\/01\/6.png\" alt=\"6\" width=\"838\" height=\"469\" \/>\r\n\t\t\t\t\t\t\t\t\t\t<div class=\"slideshow_description_box slideshow_transparent\">\r\n\t\t\t\t\t\t<div class=\"slideshow_title\">6<\/div>\t\t\t\t\t\t\t\t\t\t\t<\/div>\r\n\t\t\t\t<\/div>\r\n\r\n\t\t\t\t\t\t<div style=\"clear: both;\"><\/div><\/div><div class=\"slideshow_view\">\r\n\t\t\t\t<div class=\"slideshow_slide slideshow_slide_image\">\r\n\t\t\t\t\t\t\t\t\t\t\t<img src=\"https:\/\/agora.xtec.cat\/escolaparcdelaciutadella\/wp-content\/uploads\/usu3064\/2026\/01\/7.png\" alt=\"7\" width=\"841\" height=\"465\" \/>\r\n\t\t\t\t\t\t\t\t\t\t<div class=\"slideshow_description_box slideshow_transparent\">\r\n\t\t\t\t\t\t<div class=\"slideshow_title\">7<\/div>\t\t\t\t\t\t\t\t\t\t\t<\/div>\r\n\t\t\t\t<\/div>\r\n\r\n\t\t\t\t\t\t<div style=\"clear: both;\"><\/div><\/div><div class=\"slideshow_view\">\r\n\t\t\t\t<div class=\"slideshow_slide slideshow_slide_image\">\r\n\t\t\t\t\t\t\t\t\t\t\t<img src=\"https:\/\/agora.xtec.cat\/escolaparcdelaciutadella\/wp-content\/uploads\/usu3064\/2026\/01\/8.png\" alt=\"8\" width=\"835\" height=\"465\" \/>\r\n\t\t\t\t\t\t\t\t\t\t<div class=\"slideshow_description_box slideshow_transparent\">\r\n\t\t\t\t\t\t<div class=\"slideshow_title\">8<\/div>\t\t\t\t\t\t\t\t\t\t\t<\/div>\r\n\t\t\t\t<\/div>\r\n\r\n\t\t\t\t\t\t<div style=\"clear: both;\"><\/div><\/div><div class=\"slideshow_view\">\r\n\t\t\t\t<div class=\"slideshow_slide slideshow_slide_image\">\r\n\t\t\t\t\t\t\t\t\t\t\t<img src=\"https:\/\/agora.xtec.cat\/escolaparcdelaciutadella\/wp-content\/uploads\/usu3064\/2026\/01\/9.png\" alt=\"9\" width=\"828\" height=\"454\" \/>\r\n\t\t\t\t\t\t\t\t\t\t<div class=\"slideshow_description_box slideshow_transparent\">\r\n\t\t\t\t\t\t<div class=\"slideshow_title\">9<\/div>\t\t\t\t\t\t\t\t\t\t\t<\/div>\r\n\t\t\t\t<\/div>\r\n\r\n\t\t\t\t\t\t<div style=\"clear: both;\"><\/div><\/div><div class=\"slideshow_view\">\r\n\t\t\t\t<div class=\"slideshow_slide slideshow_slide_image\">\r\n\t\t\t\t\t\t\t\t\t\t\t<img src=\"https:\/\/agora.xtec.cat\/escolaparcdelaciutadella\/wp-content\/uploads\/usu3064\/2026\/01\/10.png\" alt=\"10\" width=\"840\" height=\"477\" \/>\r\n\t\t\t\t\t\t\t\t\t\t<div class=\"slideshow_description_box slideshow_transparent\">\r\n\t\t\t\t\t\t<div class=\"slideshow_title\">10<\/div>\t\t\t\t\t\t\t\t\t\t\t<\/div>\r\n\t\t\t\t<\/div>\r\n\r\n\t\t\t\t\t\t<div style=\"clear: both;\"><\/div><\/div>\r\n\t\t<\/div>\r\n\r\n\t\t<div class=\"slideshow_controlPanel slideshow_transparent\" style=\"display: none;\"><ul><li class=\"slideshow_togglePlay\" data-play-text=\"Visualitza\" data-pause-text=\"Pausa\"><\/li><\/ul><\/div>\r\n\r\n\t\t<div class=\"slideshow_button slideshow_previous slideshow_transparent\" role=\"button\" data-previous-text=\"Anterior\" style=\"display: none;\"><\/div>\r\n\t\t<div class=\"slideshow_button slideshow_next slideshow_transparent\" role=\"button\" data-next-text=\"Seg\u00fcent\" style=\"display: none;\"><\/div>\r\n\r\n\t\t<div class=\"slideshow_pagination\" style=\"display: none;\" data-go-to-text=\"V\u00e9s a la diapositiva\"><div class=\"slideshow_pagination_center\"><\/div><\/div>\r\n\r\n\t\t<!-- WordPress Slideshow Version 2.3.1 -->\r\n\r\n\t\t\t<\/div>\r\n\r\n\n<p>&nbsp;<\/p>\n<p style=\"text-align: center;\"><em>Per fer activitats de l&#8217;escola comptem amb<i>\u00a0el suport de l\u2019Ajuntament de Barcelona \u2013 Districte de Ciutat Vella<\/i><\/em><\/p>\n<p><a href=\"https:\/\/agora.xtec.cat\/escolaparcdelaciutadella\/wp-content\/uploads\/usu3064\/2026\/03\/AJBCN_Sign_Com_CiutatVella_Negre_Vermell-scaled.jpg\"><img loading=\"lazy\" decoding=\"async\" class=\"wp-image-1459 aligncenter\" src=\"https:\/\/agora.xtec.cat\/escolaparcdelaciutadella\/wp-content\/uploads\/usu3064\/2026\/03\/AJBCN_Sign_Com_CiutatVella_Negre_Vermell-1024x344.jpg\" alt=\"\" width=\"292\" height=\"98\" srcset=\"https:\/\/agora.xtec.cat\/escolaparcdelaciutadella\/wp-content\/uploads\/usu3064\/2026\/03\/AJBCN_Sign_Com_CiutatVella_Negre_Vermell-1024x344.jpg 1024w, https:\/\/agora.xtec.cat\/escolaparcdelaciutadella\/wp-content\/uploads\/usu3064\/2026\/03\/AJBCN_Sign_Com_CiutatVella_Negre_Vermell-300x101.jpg 300w, https:\/\/agora.xtec.cat\/escolaparcdelaciutadella\/wp-content\/uploads\/usu3064\/2026\/03\/AJBCN_Sign_Com_CiutatVella_Negre_Vermell-768x258.jpg 768w, https:\/\/agora.xtec.cat\/escolaparcdelaciutadella\/wp-content\/uploads\/usu3064\/2026\/03\/AJBCN_Sign_Com_CiutatVella_Negre_Vermell-1536x515.jpg 1536w, https:\/\/agora.xtec.cat\/escolaparcdelaciutadella\/wp-content\/uploads\/usu3064\/2026\/03\/AJBCN_Sign_Com_CiutatVella_Negre_Vermell-2048x687.jpg 2048w\" sizes=\"auto, (max-width: 292px) 100vw, 292px\" \/><\/a><\/p>\n<p style=\"text-align: left;\"><a href=\"https:\/\/agora.xtec.cat\/escolaparcdelaciutadella\/wp-content\/uploads\/usu3064\/2026\/03\/logo-consorci.png\"><img loading=\"lazy\" decoding=\"async\" class=\"wp-image-1462 aligncenter\" src=\"https:\/\/agora.xtec.cat\/escolaparcdelaciutadella\/wp-content\/uploads\/usu3064\/2026\/03\/logo-consorci.png\" alt=\"\" width=\"239\" height=\"74\" srcset=\"https:\/\/agora.xtec.cat\/escolaparcdelaciutadella\/wp-content\/uploads\/usu3064\/2026\/03\/logo-consorci.png 798w, https:\/\/agora.xtec.cat\/escolaparcdelaciutadella\/wp-content\/uploads\/usu3064\/2026\/03\/logo-consorci-300x93.png 300w, https:\/\/agora.xtec.cat\/escolaparcdelaciutadella\/wp-content\/uploads\/usu3064\/2026\/03\/logo-consorci-768x238.png 768w\" sizes=\"auto, (max-width: 239px) 100vw, 239px\" \/><\/a><\/p>\n","protected":false},"excerpt":{"rendered":"<p>&nbsp; A la nostra escola treballem cada dia per ajudar cada infant a desenvolupar tot el seu potencial. Creiem que l\u2019aprenentatge \u00e9s un proc\u00e9s personal i compartit, i per aix\u00f2 oferim un entorn on els nens i nenes se senten a gust, segurs i motivats per aprendre. Fomentem la curiositat com a motor de coneixement, [&hellip;]<\/p>\n","protected":false},"author":1,"featured_media":0,"parent":0,"menu_order":0,"comment_status":"closed","ping_status":"closed","template":"","meta":{"site-sidebar-layout":"default","site-content-layout":"","ast-site-content-layout":"default","site-content-style":"default","site-sidebar-style":"default","ast-global-header-display":"","ast-banner-title-visibility":"","ast-main-header-display":"","ast-hfb-above-header-display":"","ast-hfb-below-header-display":"","ast-hfb-mobile-header-display":"","site-post-title":"","ast-breadcrumbs-content":"","ast-featured-img":"","footer-sml-layout":"","theme-transparent-header-meta":"default","adv-header-id-meta":"","stick-header-meta":"","header-above-stick-meta":"","header-main-stick-meta":"","header-below-stick-meta":"","astra-migrate-meta-layouts":"set","ast-page-background-enabled":"default","ast-page-background-meta":{"desktop":{"background-color":"var(--ast-global-color-4)","background-image":"","background-repeat":"repeat","background-position":"center center","background-size":"auto","background-attachment":"scroll","background-type":"","background-media":"","overlay-type":"","overlay-color":"","overlay-opacity":"","overlay-gradient":""},"tablet":{"background-color":"","background-image":"","background-repeat":"repeat","background-position":"center center","background-size":"auto","background-attachment":"scroll","background-type":"","background-media":"","overlay-type":"","overlay-color":"","overlay-opacity":"","overlay-gradient":""},"mobile":{"background-color":"","background-image":"","background-repeat":"repeat","background-position":"center center","background-size":"auto","background-attachment":"scroll","background-type":"","background-media":"","overlay-type":"","overlay-color":"","overlay-opacity":"","overlay-gradient":""}},"ast-content-background-meta":{"desktop":{"background-color":"var(--ast-global-color-5)","background-image":"","background-repeat":"repeat","background-position":"center center","background-size":"auto","background-attachment":"scroll","background-type":"","background-media":"","overlay-type":"","overlay-color":"","overlay-opacity":"","overlay-gradient":""},"tablet":{"background-color":"var(--ast-global-color-5)","background-image":"","background-repeat":"repeat","background-position":"center center","background-size":"auto","background-attachment":"scroll","background-type":"","background-media":"","overlay-type":"","overlay-color":"","overlay-opacity":"","overlay-gradient":""},"mobile":{"background-color":"var(--ast-global-color-5)","background-image":"","background-repeat":"repeat","background-position":"center center","background-size":"auto","background-attachment":"scroll","background-type":"","background-media":"","overlay-type":"","overlay-color":"","overlay-opacity":"","overlay-gradient":""}},"footnotes":""},"class_list":["post-22","page","type-page","status-publish","hentry"],"post_mailing_queue_ids":[],"_links":{"self":[{"href":"https:\/\/agora.xtec.cat\/escolaparcdelaciutadella\/wp-json\/wp\/v2\/pages\/22","targetHints":{"allow":["GET"]}}],"collection":[{"href":"https:\/\/agora.xtec.cat\/escolaparcdelaciutadella\/wp-json\/wp\/v2\/pages"}],"about":[{"href":"https:\/\/agora.xtec.cat\/escolaparcdelaciutadella\/wp-json\/wp\/v2\/types\/page"}],"author":[{"embeddable":true,"href":"https:\/\/agora.xtec.cat\/escolaparcdelaciutadella\/wp-json\/wp\/v2\/users\/1"}],"replies":[{"embeddable":true,"href":"https:\/\/agora.xtec.cat\/escolaparcdelaciutadella\/wp-json\/wp\/v2\/comments?post=22"}],"version-history":[{"count":6,"href":"https:\/\/agora.xtec.cat\/escolaparcdelaciutadella\/wp-json\/wp\/v2\/pages\/22\/revisions"}],"predecessor-version":[{"id":1465,"href":"https:\/\/agora.xtec.cat\/escolaparcdelaciutadella\/wp-json\/wp\/v2\/pages\/22\/revisions\/1465"}],"wp:attachment":[{"href":"https:\/\/agora.xtec.cat\/escolaparcdelaciutadella\/wp-json\/wp\/v2\/media?parent=22"}],"curies":[{"name":"wp","href":"https:\/\/api.w.org\/{rel}","templated":true}]}}